{"id":588,"date":"2018-09-20T11:34:17","date_gmt":"2018-09-20T08:34:17","guid":{"rendered":"http:\/\/kalite.ebyu.edu.tr\/?page_id=588"},"modified":"2018-09-21T09:39:41","modified_gmt":"2018-09-21T06:39:41","slug":"etkinlikler","status":"publish","type":"page","link":"https:\/\/kalite.ebyu.edu.tr\/?page_id=588","title":{"rendered":"Etkinlikler"},"content":{"rendered":"<ul style=\"list-style-type: disc\">\n<li><a href=\"http:\/\/kalite.ebyu.edu.tr\/wp-content\/uploads\/2018\/09\/Birim-ve-B\u00f6l\u00fcm-E\u011fitimi-2017-12-04-1.pptx\">Birim ve B\u00f6l\u00fcm E\u011fitim Sunumu (04.12.2017)<\/a><\/li>\n<li><a href=\"http:\/\/kalite.ebyu.edu.tr\/wp-content\/uploads\/2018\/09\/EBYU-2018KDDR.pptx\">Strateji Geli\u015ftirme Kurulu Bilgilendirme Sunumu (18.09.2018)<\/a><\/li>\n<\/ul>\n","protected":false},"excerpt":{"rendered":"<p>Birim ve B\u00f6l\u00fcm E\u011fitim Sunumu (04.12.2017) Strateji Geli\u015ftirme Kurulu Bilgilendirme Sunumu (18.09.2018)<\/p>\n","protected":false},"author":14,"featured_media":0,"parent":4,"menu_order":0,"comment_status":"closed","ping_status":"closed","template":"","meta":{"footnotes":""},"class_list":["post-588","page","type-page","status-publish","hentry","entry"],"_links":{"self":[{"href":"https:\/\/kalite.ebyu.edu.tr\/index.php?rest_route=\/wp\/v2\/pages\/588","targetHints":{"allow":["GET"]}}],"collection":[{"href":"https:\/\/kalite.ebyu.edu.tr\/index.php?rest_route=\/wp\/v2\/pages"}],"about":[{"href":"https:\/\/kalite.ebyu.edu.tr\/index.php?rest_route=\/wp\/v2\/types\/page"}],"author":[{"embeddable":true,"href":"https:\/\/kalite.ebyu.edu.tr\/index.php?rest_route=\/wp\/v2\/users\/14"}],"replies":[{"embeddable":true,"href":"https:\/\/kalite.ebyu.edu.tr\/index.php?rest_route=%2Fwp%2Fv2%2Fcomments&post=588"}],"version-history":[{"count":8,"href":"https:\/\/kalite.ebyu.edu.tr\/index.php?rest_route=\/wp\/v2\/pages\/588\/revisions"}],"predecessor-version":[{"id":611,"href":"https:\/\/kalite.ebyu.edu.tr\/index.php?rest_route=\/wp\/v2\/pages\/588\/revisions\/611"}],"up":[{"embeddable":true,"href":"https:\/\/kalite.ebyu.edu.tr\/index.php?rest_route=\/wp\/v2\/pages\/4"}],"wp:attachment":[{"href":"https:\/\/kalite.ebyu.edu.tr\/index.php?rest_route=%2Fwp%2Fv2%2Fmedia&parent=588"}],"curies":[{"name":"wp","href":"https:\/\/api.w.org\/{rel}","templated":true}]}}