{"id":4333,"date":"2026-03-31T13:18:32","date_gmt":"2026-03-31T10:18:32","guid":{"rendered":"https:\/\/kalite.ebyu.edu.tr\/?page_id=4333"},"modified":"2026-04-09T14:08:22","modified_gmt":"2026-04-09T11:08:22","slug":"surec-yonetimi-ve-kalite-guvencesi-el-kitabi","status":"publish","type":"page","link":"https:\/\/kalite.ebyu.edu.tr\/?page_id=4333","title":{"rendered":"S\u00fcre\u00e7 Y\u00f6netimi ve Kalite G\u00fcvencesi El Kitab\u0131"},"content":{"rendered":"<table>\n<tbody>\n<tr>\n<td width=\"415\">S\u00fcre\u00e7 Y\u00f6netimi ve Kalite G\u00fcvencesi El Kitab\u0131<\/td>\n<td width=\"189\"><a href=\"https:\/\/kalite.ebyu.edu.tr\/wp-content\/uploads\/2026\/04\/EBYU-SUREC-YONETIMI-ve-KALITE-GUVENCESI-EL-KITABI.pdf\"><img decoding=\"async\" class=\"aligncenter wp-image-1101\" src=\"https:\/\/kalite.ebyu.edu.tr\/wp-content\/uploads\/2021\/03\/dddd.png\" alt=\"\" width=\"48\" height=\"60\" \/><\/a><\/td>\n<\/tr>\n<\/tbody>\n<\/table>\n","protected":false},"excerpt":{"rendered":"<p>S\u00fcre\u00e7 Y\u00f6netimi ve Kalite G\u00fcvencesi El Kitab\u0131<\/p>\n","protected":false},"author":13,"featured_media":0,"parent":0,"menu_order":0,"comment_status":"closed","ping_status":"closed","template":"","meta":{"footnotes":""},"class_list":["post-4333","page","type-page","status-publish","hentry","entry"],"a3_pvc":{"activated":false,"total_views":0,"today_views":0},"_links":{"self":[{"href":"https:\/\/kalite.ebyu.edu.tr\/index.php?rest_route=\/wp\/v2\/pages\/4333","targetHints":{"allow":["GET"]}}],"collection":[{"href":"https:\/\/kalite.ebyu.edu.tr\/index.php?rest_route=\/wp\/v2\/pages"}],"about":[{"href":"https:\/\/kalite.ebyu.edu.tr\/index.php?rest_route=\/wp\/v2\/types\/page"}],"author":[{"embeddable":true,"href":"https:\/\/kalite.ebyu.edu.tr\/index.php?rest_route=\/wp\/v2\/users\/13"}],"replies":[{"embeddable":true,"href":"https:\/\/kalite.ebyu.edu.tr\/index.php?rest_route=%2Fwp%2Fv2%2Fcomments&post=4333"}],"version-history":[{"count":3,"href":"https:\/\/kalite.ebyu.edu.tr\/index.php?rest_route=\/wp\/v2\/pages\/4333\/revisions"}],"predecessor-version":[{"id":4370,"href":"https:\/\/kalite.ebyu.edu.tr\/index.php?rest_route=\/wp\/v2\/pages\/4333\/revisions\/4370"}],"wp:attachment":[{"href":"https:\/\/kalite.ebyu.edu.tr\/index.php?rest_route=%2Fwp%2Fv2%2Fmedia&parent=4333"}],"curies":[{"name":"wp","href":"https:\/\/api.w.org\/{rel}","templated":true}]}}