{"id":4330,"date":"2026-03-31T13:15:50","date_gmt":"2026-03-31T10:15:50","guid":{"rendered":"https:\/\/kalite.ebyu.edu.tr\/?page_id=4330"},"modified":"2026-04-28T14:50:32","modified_gmt":"2026-04-28T11:50:32","slug":"kalite-ogrenci-toplulugu","status":"publish","type":"page","link":"https:\/\/kalite.ebyu.edu.tr\/?page_id=4330","title":{"rendered":"Kalite \u00d6\u011frenci Toplulu\u011fu"},"content":{"rendered":"<p><img fetchpriority=\"high\" decoding=\"async\" class=\"aligncenter wp-image-4424 size-large\" src=\"https:\/\/kalite.ebyu.edu.tr\/wp-content\/uploads\/2026\/04\/WhatsApp-Image-2022-04-18-at-14.33.06-1536x1152-1-1024x768.jpeg\" alt=\"\" width=\"750\" height=\"563\" srcset=\"https:\/\/kalite.ebyu.edu.tr\/wp-content\/uploads\/2026\/04\/WhatsApp-Image-2022-04-18-at-14.33.06-1536x1152-1-1024x768.jpeg 1024w, https:\/\/kalite.ebyu.edu.tr\/wp-content\/uploads\/2026\/04\/WhatsApp-Image-2022-04-18-at-14.33.06-1536x1152-1-300x225.jpeg 300w, https:\/\/kalite.ebyu.edu.tr\/wp-content\/uploads\/2026\/04\/WhatsApp-Image-2022-04-18-at-14.33.06-1536x1152-1-768x576.jpeg 768w, https:\/\/kalite.ebyu.edu.tr\/wp-content\/uploads\/2026\/04\/WhatsApp-Image-2022-04-18-at-14.33.06-1536x1152-1.jpeg 1536w\" sizes=\"(max-width: 750px) 100vw, 750px\" \/><\/p>\n<p>&nbsp;<\/p>\n<p>&nbsp;<\/p>\n<table>\n<tbody>\n<tr>\n<td width=\"415\">Kalite El\u00e7ileri Bilgilendirme Sunumu<\/td>\n<td width=\"189\"><a href=\"https:\/\/kalite.ebyu.edu.tr\/wp-content\/uploads\/2026\/04\/Kalite-Elcileri-Bilgilendirme-Sunumu.pdf\"><img decoding=\"async\" class=\"aligncenter wp-image-1101\" src=\"https:\/\/kalite.ebyu.edu.tr\/wp-content\/uploads\/2021\/03\/dddd.png\" alt=\"\" width=\"59\" height=\"75\" \/><\/a><\/td>\n<\/tr>\n<tr>\n<td width=\"415\">EBY\u00dc Kalite \u00d6\u011frenci Toplulu\u011fu Tan\u0131\u015fma Sunumu<\/td>\n<td width=\"189\"><a href=\"https:\/\/kalite.ebyu.edu.tr\/wp-content\/uploads\/2026\/04\/EBYU-Kalite-Ogrenci-Toplulugu-Sunum.pdf\"><img decoding=\"async\" class=\"aligncenter wp-image-1101\" src=\"https:\/\/kalite.ebyu.edu.tr\/wp-content\/uploads\/2021\/03\/dddd.png\" alt=\"\" width=\"59\" height=\"75\" \/><\/a><\/td>\n<\/tr>\n<\/tbody>\n<\/table>\n<p>&nbsp;<\/p>\n<p>&nbsp;<\/p>\n<p>&nbsp;<\/p>\n<table>\n<tbody>\n<tr>\n<td width=\"415\">2025 <span class=\"s2\"><span class=\"bumpedFont15\">\u00d6\u011frenci K<\/span><\/span><span class=\"s2\"><span class=\"bumpedFont15\">al<\/span><\/span><span class=\"s2\"><span class=\"bumpedFont15\">ite El\u00e7isi \u00d6d\u00fcl\u00fc<\/span><\/span><\/td>\n<td width=\"189\"><img decoding=\"async\" class=\"aligncenter wp-image-4435 size-medium\" src=\"https:\/\/kalite.ebyu.edu.tr\/wp-content\/uploads\/2026\/04\/WhatsApp-Image-2026-04-28-at-12.37.05-300x200.jpeg\" alt=\"\" width=\"300\" height=\"200\" srcset=\"https:\/\/kalite.ebyu.edu.tr\/wp-content\/uploads\/2026\/04\/WhatsApp-Image-2026-04-28-at-12.37.05-300x200.jpeg 300w, https:\/\/kalite.ebyu.edu.tr\/wp-content\/uploads\/2026\/04\/WhatsApp-Image-2026-04-28-at-12.37.05-1024x682.jpeg 1024w, https:\/\/kalite.ebyu.edu.tr\/wp-content\/uploads\/2026\/04\/WhatsApp-Image-2026-04-28-at-12.37.05-768x512.jpeg 768w, https:\/\/kalite.ebyu.edu.tr\/wp-content\/uploads\/2026\/04\/WhatsApp-Image-2026-04-28-at-12.37.05.jpeg 1280w\" sizes=\"(max-width: 300px) 100vw, 300px\" \/><\/td>\n<\/tr>\n<tr>\n<td width=\"415\">2024 <span class=\"s2\"><span class=\"bumpedFont15\">\u00d6\u011frenci K<\/span><\/span><span class=\"s2\"><span class=\"bumpedFont15\">al<\/span><\/span><span class=\"s2\"><span class=\"bumpedFont15\">ite El\u00e7isi \u00d6d\u00fcl\u00fc<\/span><\/span><\/td>\n<td width=\"189\"><img loading=\"lazy\" decoding=\"async\" class=\"aligncenter size-medium wp-image-4436\" src=\"https:\/\/kalite.ebyu.edu.tr\/wp-content\/uploads\/2026\/04\/WhatsApp-Image-2026-04-28-at-12.43.20-300x207.jpeg\" alt=\"\" width=\"300\" height=\"207\" srcset=\"https:\/\/kalite.ebyu.edu.tr\/wp-content\/uploads\/2026\/04\/WhatsApp-Image-2026-04-28-at-12.43.20-300x207.jpeg 300w, https:\/\/kalite.ebyu.edu.tr\/wp-content\/uploads\/2026\/04\/WhatsApp-Image-2026-04-28-at-12.43.20-1024x706.jpeg 1024w, https:\/\/kalite.ebyu.edu.tr\/wp-content\/uploads\/2026\/04\/WhatsApp-Image-2026-04-28-at-12.43.20-768x529.jpeg 768w, https:\/\/kalite.ebyu.edu.tr\/wp-content\/uploads\/2026\/04\/WhatsApp-Image-2026-04-28-at-12.43.20.jpeg 1280w\" sizes=\"(max-width: 300px) 100vw, 300px\" \/><\/td>\n<\/tr>\n<tr>\n<td width=\"415\"><span class=\"s2\"><span class=\"bumpedFont15\">2023 \u00d6\u011frenci K<\/span><\/span><span class=\"s2\"><span class=\"bumpedFont15\">al<\/span><\/span><span class=\"s2\"><span class=\"bumpedFont15\">ite El\u00e7isi \u00d6d\u00fcl\u00fc\u00a0<\/span><\/span><\/td>\n<td width=\"189\"><img loading=\"lazy\" decoding=\"async\" class=\"aligncenter size-medium wp-image-4434\" src=\"https:\/\/kalite.ebyu.edu.tr\/wp-content\/uploads\/2026\/04\/WhatsApp-Image-2026-04-28-at-12.31.09-300x200.jpeg\" alt=\"\" width=\"300\" height=\"200\" srcset=\"https:\/\/kalite.ebyu.edu.tr\/wp-content\/uploads\/2026\/04\/WhatsApp-Image-2026-04-28-at-12.31.09-300x200.jpeg 300w, https:\/\/kalite.ebyu.edu.tr\/wp-content\/uploads\/2026\/04\/WhatsApp-Image-2026-04-28-at-12.31.09-1024x682.jpeg 1024w, https:\/\/kalite.ebyu.edu.tr\/wp-content\/uploads\/2026\/04\/WhatsApp-Image-2026-04-28-at-12.31.09-768x512.jpeg 768w, https:\/\/kalite.ebyu.edu.tr\/wp-content\/uploads\/2026\/04\/WhatsApp-Image-2026-04-28-at-12.31.09.jpeg 1280w\" sizes=\"(max-width: 300px) 100vw, 300px\" \/><\/td>\n<\/tr>\n<\/tbody>\n<\/table>\n","protected":false},"excerpt":{"rendered":"<p>&nbsp; &nbsp; Kalite El\u00e7ileri Bilgilendirme Sunumu EBY\u00dc Kalite \u00d6\u011frenci Toplulu\u011fu Tan\u0131\u015fma Sunumu &nbsp; &nbsp; &nbsp; 2025 \u00d6\u011frenci Kalite El\u00e7isi \u00d6d\u00fcl\u00fc 2024 \u00d6\u011frenci Kalite El\u00e7isi \u00d6d\u00fcl\u00fc 2023 \u00d6\u011frenci Kalite El\u00e7isi \u00d6d\u00fcl\u00fc\u00a0<\/p>\n","protected":false},"author":13,"featured_media":0,"parent":0,"menu_order":0,"comment_status":"closed","ping_status":"closed","template":"","meta":{"footnotes":""},"class_list":["post-4330","page","type-page","status-publish","hentry","entry"],"a3_pvc":{"activated":false,"total_views":0,"today_views":0},"_links":{"self":[{"href":"https:\/\/kalite.ebyu.edu.tr\/index.php?rest_route=\/wp\/v2\/pages\/4330","targetHints":{"allow":["GET"]}}],"collection":[{"href":"https:\/\/kalite.ebyu.edu.tr\/index.php?rest_route=\/wp\/v2\/pages"}],"about":[{"href":"https:\/\/kalite.ebyu.edu.tr\/index.php?rest_route=\/wp\/v2\/types\/page"}],"author":[{"embeddable":true,"href":"https:\/\/kalite.ebyu.edu.tr\/index.php?rest_route=\/wp\/v2\/users\/13"}],"replies":[{"embeddable":true,"href":"https:\/\/kalite.ebyu.edu.tr\/index.php?rest_route=%2Fwp%2Fv2%2Fcomments&post=4330"}],"version-history":[{"count":4,"href":"https:\/\/kalite.ebyu.edu.tr\/index.php?rest_route=\/wp\/v2\/pages\/4330\/revisions"}],"predecessor-version":[{"id":4437,"href":"https:\/\/kalite.ebyu.edu.tr\/index.php?rest_route=\/wp\/v2\/pages\/4330\/revisions\/4437"}],"wp:attachment":[{"href":"https:\/\/kalite.ebyu.edu.tr\/index.php?rest_route=%2Fwp%2Fv2%2Fmedia&parent=4330"}],"curies":[{"name":"wp","href":"https:\/\/api.w.org\/{rel}","templated":true}]}}