{"id":43,"date":"2016-06-01T16:16:41","date_gmt":"2016-06-01T13:16:41","guid":{"rendered":"http:\/\/kalite.ebyu.edu.tr\/?page_id=43"},"modified":"2021-04-28T15:59:43","modified_gmt":"2021-04-28T12:59:43","slug":"iletisim","status":"publish","type":"page","link":"https:\/\/kalite.ebyu.edu.tr\/?page_id=43","title":{"rendered":"\u0130leti\u015fim"},"content":{"rendered":"<table>\n<tbody>\n<tr>\n<td colspan=\"2\" width=\"536\">\n<p style=\"text-align: center\"><strong>Erzincan Binali Y\u0131ld\u0131r\u0131m \u00dcniversitesi<\/strong><\/p>\n<p style=\"text-align: center\"><strong>\u00a0Kalite Koordinat\u00f6rl\u00fc\u011f\u00fc<\/strong><\/p>\n<\/td>\n<\/tr>\n<tr>\n<td width=\"64\">\n<p style=\"text-align: center\"><img decoding=\"async\" class=\"aligncenter wp-image-1028\" src=\"https:\/\/kalite.ebyu.edu.tr\/wp-content\/uploads\/2021\/03\/gggg.png\" alt=\"\" width=\"56\" height=\"54\" \/><\/p>\n<\/td>\n<td width=\"472\">EBY\u00dc Rekt\u00f6rl\u00fck, Yaln\u0131zba\u011f Yerle\u015fkesi,\u00a0 24002, Erzincan\/T\u00dcRK\u0130YE<\/td>\n<\/tr>\n<tr>\n<td width=\"64\"><img decoding=\"async\" class=\"aligncenter wp-image-1027\" src=\"https:\/\/kalite.ebyu.edu.tr\/wp-content\/uploads\/2021\/03\/whatsup.png\" alt=\"\" width=\"54\" height=\"54\" \/><\/td>\n<td width=\"472\">(0446) 226 66 61 &#8211; Dahili (101 52) &#8211; (101 53)<\/td>\n<\/tr>\n<tr>\n<td width=\"64\"><img decoding=\"async\" class=\"aligncenter wp-image-1026\" src=\"https:\/\/kalite.ebyu.edu.tr\/wp-content\/uploads\/2021\/03\/mektup.png\" alt=\"\" width=\"56\" height=\"52\" \/><\/td>\n<td width=\"472\">kalite@erzincan.edu.tr<\/td>\n<\/tr>\n<\/tbody>\n<\/table>\n","protected":false},"excerpt":{"rendered":"<p>Erzincan Binali Y\u0131ld\u0131r\u0131m \u00dcniversitesi \u00a0Kalite Koordinat\u00f6rl\u00fc\u011f\u00fc EBY\u00dc Rekt\u00f6rl\u00fck, Yaln\u0131zba\u011f Yerle\u015fkesi,\u00a0 24002, Erzincan\/T\u00dcRK\u0130YE (0446) 226 66 61 &#8211; Dahili (101 52) &#8211; (101 53) kalite@erzincan.edu.tr<\/p>\n","protected":false},"author":12,"featured_media":0,"parent":0,"menu_order":0,"comment_status":"closed","ping_status":"closed","template":"","meta":{"footnotes":""},"class_list":["post-43","page","type-page","status-publish","hentry","entry"],"_links":{"self":[{"href":"https:\/\/kalite.ebyu.edu.tr\/index.php?rest_route=\/wp\/v2\/pages\/43","targetHints":{"allow":["GET"]}}],"collection":[{"href":"https:\/\/kalite.ebyu.edu.tr\/index.php?rest_route=\/wp\/v2\/pages"}],"about":[{"href":"https:\/\/kalite.ebyu.edu.tr\/index.php?rest_route=\/wp\/v2\/types\/page"}],"author":[{"embeddable":true,"href":"https:\/\/kalite.ebyu.edu.tr\/index.php?rest_route=\/wp\/v2\/users\/12"}],"replies":[{"embeddable":true,"href":"https:\/\/kalite.ebyu.edu.tr\/index.php?rest_route=%2Fwp%2Fv2%2Fcomments&post=43"}],"version-history":[{"count":23,"href":"https:\/\/kalite.ebyu.edu.tr\/index.php?rest_route=\/wp\/v2\/pages\/43\/revisions"}],"predecessor-version":[{"id":1422,"href":"https:\/\/kalite.ebyu.edu.tr\/index.php?rest_route=\/wp\/v2\/pages\/43\/revisions\/1422"}],"wp:attachment":[{"href":"https:\/\/kalite.ebyu.edu.tr\/index.php?rest_route=%2Fwp%2Fv2%2Fmedia&parent=43"}],"curies":[{"name":"wp","href":"https:\/\/api.w.org\/{rel}","templated":true}]}}