{"id":4272,"date":"2026-03-12T15:04:16","date_gmt":"2026-03-12T12:04:16","guid":{"rendered":"https:\/\/kalite.ebyu.edu.tr\/?page_id=4272"},"modified":"2026-03-31T12:00:19","modified_gmt":"2026-03-31T09:00:19","slug":"akredite-programlar","status":"publish","type":"page","link":"https:\/\/kalite.ebyu.edu.tr\/?page_id=4272","title":{"rendered":"Akredite Programlar"},"content":{"rendered":"<table width=\"648\">\n<tbody>\n<tr>\n<td width=\"312\"><strong>AKRED\u0130TE PROGRAMLAR<\/strong><\/td>\n<td width=\"123\"><strong>AKRED\u0130TASYON KURULU\u015eU<\/strong><\/td>\n<td width=\"115\"><strong>BA\u015eLANGI\u00c7 TAR\u0130H\u0130<\/strong><\/td>\n<td width=\"98\"><strong>B\u0130T\u0130\u015e <\/strong><\/p>\n<p><strong>TAR\u0130H\u0130<\/strong><\/td>\n<\/tr>\n<tr>\n<td width=\"312\"><strong>E\u011e\u0130T\u0130M FAK\u00dcLTES\u0130<\/strong><\/td>\n<td width=\"123\">&nbsp;<\/td>\n<td width=\"115\">&nbsp;<\/td>\n<td width=\"98\">&nbsp;<\/td>\n<\/tr>\n<tr>\n<td width=\"312\">REHBERL\u0130K VE PS\u0130KOLOJ\u0130K DANI\u015eMANLIK<\/td>\n<td width=\"123\">EPDAD<\/td>\n<td width=\"115\">01.05.2023<\/td>\n<td width=\"98\">01.05.2026<\/td>\n<\/tr>\n<tr>\n<td width=\"312\">SINIF \u00d6\u011eRETMENL\u0130\u011e\u0130<\/td>\n<td width=\"123\">EPDAD<\/td>\n<td width=\"115\">01.05.2023<\/td>\n<td width=\"98\">01.05.2026<\/td>\n<\/tr>\n<tr>\n<td width=\"312\">SOSYAL B\u0130LG\u0130LER \u00d6\u011eRETMENL\u0130\u011e\u0130<\/td>\n<td width=\"123\">EPDAD<\/td>\n<td width=\"115\">01.05.2023<\/td>\n<td width=\"98\">01.05.2026<\/td>\n<\/tr>\n<tr>\n<td width=\"312\">\u0130LK\u00d6\u011eRET\u0130M MATEMAT\u0130K \u00d6\u011eRETMENL\u0130\u011e\u0130<\/td>\n<td width=\"123\">EPDAD<\/td>\n<td width=\"115\">01.05.2024<\/td>\n<td width=\"98\">01.05.2027<\/td>\n<\/tr>\n<tr>\n<td width=\"312\">T\u00dcRK\u00c7E \u00d6\u011eRETMENL\u0130\u011e\u0130<\/td>\n<td width=\"123\">EPDAD<\/td>\n<td width=\"115\">01.05.2024<\/td>\n<td width=\"98\">01.05.2027<\/td>\n<\/tr>\n<tr>\n<td width=\"312\">RES\u0130M-\u0130\u015e \u00d6\u011eRETMENL\u0130\u011e\u0130<\/td>\n<td width=\"123\">EPDAD<\/td>\n<td width=\"115\">01.05.2023<\/td>\n<td width=\"98\">01.05.2026<\/td>\n<\/tr>\n<tr>\n<td width=\"312\">\u0130NG\u0130L\u0130ZCE \u00d6\u011eRETMENL\u0130\u011e\u0130 (\u0130NG\u0130L\u0130ZCE)<\/td>\n<td width=\"123\">EPDAD<\/td>\n<td width=\"115\">01.05.2025<\/td>\n<td width=\"98\">01.05.2028<\/td>\n<\/tr>\n<tr>\n<td width=\"312\">FEN B\u0130LG\u0130S\u0130 \u00d6\u011eRETMENL\u0130\u011e\u0130<\/td>\n<td width=\"123\">EPDAD<\/td>\n<td width=\"115\">01.05.2024<\/td>\n<td width=\"98\">01.05.2027<\/td>\n<\/tr>\n<tr>\n<td width=\"312\">M\u00dcZ\u0130K \u00d6\u011eRETMENL\u0130\u011e\u0130<\/td>\n<td width=\"123\">EPDAD<\/td>\n<td width=\"115\">01.05.2025<\/td>\n<td width=\"98\">01.05.2027<\/td>\n<\/tr>\n<tr>\n<td width=\"312\">OKUL \u00d6NCES\u0130 \u00d6\u011eRETMEL\u0130\u011e\u0130<\/td>\n<td width=\"123\">EPDAD<\/td>\n<td width=\"115\">01.05.2025<\/td>\n<td width=\"98\">01.05.2028<\/td>\n<\/tr>\n<tr>\n<td width=\"312\"><strong>SA\u011eLIK B\u0130L\u0130MLER\u0130 FAK\u00dcLTES\u0130<\/strong><\/td>\n<td width=\"123\">&nbsp;<\/td>\n<td width=\"115\">&nbsp;<\/td>\n<td width=\"98\">&nbsp;<\/td>\n<\/tr>\n<tr>\n<td width=\"312\">HEM\u015e\u0130REL\u0130K<\/td>\n<td width=\"123\">HEPDAK<\/td>\n<td width=\"115\">07.04.2023<\/td>\n<td width=\"98\">30.09.2028<\/td>\n<\/tr>\n<tr>\n<td width=\"312\"><strong>ECZACILIK FAK\u00dcLTES\u0130<\/strong><\/td>\n<td width=\"123\">&nbsp;<\/td>\n<td width=\"115\">&nbsp;<\/td>\n<td width=\"98\">&nbsp;<\/td>\n<\/tr>\n<tr>\n<td width=\"312\">ECZACILIK<\/td>\n<td width=\"123\">ECZAKDER<\/td>\n<td width=\"115\">22.02.2025<\/td>\n<td width=\"98\">22.02.2031<\/td>\n<\/tr>\n<tr>\n<td width=\"312\"><strong>FEN EDEB\u0130YAT FAK\u00dcLTES\u0130<\/strong><\/td>\n<td width=\"123\">&nbsp;<\/td>\n<td width=\"115\">&nbsp;<\/td>\n<td width=\"98\">&nbsp;<\/td>\n<\/tr>\n<tr>\n<td width=\"312\">TAR\u0130H<\/td>\n<td width=\"123\">FEDEK<\/td>\n<td width=\"115\">09.01.2025<\/td>\n<td width=\"98\">30.09.2030<\/td>\n<\/tr>\n<tr>\n<td width=\"312\">SOSYOLOJ\u0130<\/td>\n<td width=\"123\">FEDEK<\/td>\n<td width=\"115\">09.01.2025<\/td>\n<td width=\"98\">30.09.2030<\/td>\n<\/tr>\n<tr>\n<td width=\"312\">T\u00dcRK D\u0130L\u0130 VE EDEB\u0130YATI<\/td>\n<td width=\"123\">FEDEK<\/td>\n<td width=\"115\">09.01.2025<\/td>\n<td width=\"98\">30.09.2030<\/td>\n<\/tr>\n<tr>\n<td width=\"312\">B\u0130YOLOJ\u0130<\/td>\n<td width=\"123\">FEDEK<\/td>\n<td width=\"115\">09.01.2025<\/td>\n<td width=\"98\">30.09.2030<\/td>\n<\/tr>\n<tr>\n<td width=\"312\">CO\u011eRAFYA<\/td>\n<td width=\"123\">FEDEK<\/td>\n<td width=\"115\">09.01.2025<\/td>\n<td width=\"98\">30.09.2030<\/td>\n<\/tr>\n<tr>\n<td width=\"312\">MATEMAT\u0130K<\/td>\n<td width=\"123\">FEDEK<\/td>\n<td width=\"115\">16.03.2026<\/td>\n<td width=\"98\">30.09.2031<\/td>\n<\/tr>\n<tr>\n<td width=\"312\"><strong>MESLEK Y\u00dcKSEKOKULU<\/strong><\/td>\n<td width=\"123\">&nbsp;<\/td>\n<td width=\"115\">&nbsp;<\/td>\n<td width=\"98\">&nbsp;<\/td>\n<\/tr>\n<tr>\n<td width=\"312\">B\u0130LG\u0130SAYAR PROGRAMCILI\u011eI<\/td>\n<td width=\"123\">MEDEK<\/td>\n<td width=\"115\">02.01.2026<\/td>\n<td width=\"98\">02.01.2028<\/td>\n<\/tr>\n<tr>\n<td width=\"312\">MUHASEBE VE VERG\u0130 UYGULAMALARI<\/td>\n<td width=\"123\">MEDEK<\/td>\n<td width=\"115\">02.01.2026<\/td>\n<td width=\"98\">02.01.2028<\/td>\n<\/tr>\n<tr>\n<td width=\"312\">S\u0130V\u0130L HAVA ULA\u015eTIRMA \u0130\u015eLETMEC\u0130L\u0130\u011e\u0130<\/td>\n<td width=\"123\">MEDEK<\/td>\n<td width=\"115\">02.01.2026<\/td>\n<td width=\"98\">02.01.2028<\/td>\n<\/tr>\n<\/tbody>\n<\/table>\n<p>&nbsp;<\/p>\n<p><strong>NOT:<\/strong> Ali Cavit \u00c7elebio\u011flu Sivil Havac\u0131l\u0131k Y\u00fcksekokulu\u2019nun Sivil Havac\u0131l\u0131k Genel M\u00fcd\u00fcrl\u00fc\u011f\u00fc taraf\u0131ndan verilen Bak\u0131m E\u011fitimi ve S\u0131nav Kurulu\u015fu Onay Sertifikas\u0131 bulunmaktad\u0131r.<\/p>\n","protected":false},"excerpt":{"rendered":"<p>AKRED\u0130TE PROGRAMLAR AKRED\u0130TASYON KURULU\u015eU BA\u015eLANGI\u00c7 TAR\u0130H\u0130 B\u0130T\u0130\u015e TAR\u0130H\u0130 E\u011e\u0130T\u0130M FAK\u00dcLTES\u0130 &nbsp; &nbsp; &nbsp; REHBERL\u0130K VE PS\u0130KOLOJ\u0130K DANI\u015eMANLIK EPDAD 01.05.2023 01.05.2026 SINIF \u00d6\u011eRETMENL\u0130\u011e\u0130 EPDAD 01.05.2023 01.05.2026 SOSYAL B\u0130LG\u0130LER \u00d6\u011eRETMENL\u0130\u011e\u0130 EPDAD 01.05.2023 01.05.2026 \u0130LK\u00d6\u011eRET\u0130M MATEMAT\u0130K \u00d6\u011eRETMENL\u0130\u011e\u0130 EPDAD 01.05.2024 01.05.2027 T\u00dcRK\u00c7E \u00d6\u011eRETMENL\u0130\u011e\u0130 EPDAD 01.05.2024 01.05.2027 RES\u0130M-\u0130\u015e \u00d6\u011eRETMENL\u0130\u011e\u0130 EPDAD 01.05.2023 01.05.2026 \u0130NG\u0130L\u0130ZCE \u00d6\u011eRETMENL\u0130\u011e\u0130 (\u0130NG\u0130L\u0130ZCE) EPDAD 01.05.2025 01.05.2028 FEN B\u0130LG\u0130S\u0130&hellip; <a class=\"more-link\" href=\"https:\/\/kalite.ebyu.edu.tr\/?page_id=4272\">Okumaya devam et <span class=\"screen-reader-text\">Akredite Programlar<\/span><\/a><\/p>\n","protected":false},"author":14,"featured_media":0,"parent":0,"menu_order":0,"comment_status":"closed","ping_status":"closed","template":"","meta":{"footnotes":""},"class_list":["post-4272","page","type-page","status-publish","hentry","entry"],"_links":{"self":[{"href":"https:\/\/kalite.ebyu.edu.tr\/index.php?rest_route=\/wp\/v2\/pages\/4272","targetHints":{"allow":["GET"]}}],"collection":[{"href":"https:\/\/kalite.ebyu.edu.tr\/index.php?rest_route=\/wp\/v2\/pages"}],"about":[{"href":"https:\/\/kalite.ebyu.edu.tr\/index.php?rest_route=\/wp\/v2\/types\/page"}],"author":[{"embeddable":true,"href":"https:\/\/kalite.ebyu.edu.tr\/index.php?rest_route=\/wp\/v2\/users\/14"}],"replies":[{"embeddable":true,"href":"https:\/\/kalite.ebyu.edu.tr\/index.php?rest_route=%2Fwp%2Fv2%2Fcomments&post=4272"}],"version-history":[{"count":3,"href":"https:\/\/kalite.ebyu.edu.tr\/index.php?rest_route=\/wp\/v2\/pages\/4272\/revisions"}],"predecessor-version":[{"id":4321,"href":"https:\/\/kalite.ebyu.edu.tr\/index.php?rest_route=\/wp\/v2\/pages\/4272\/revisions\/4321"}],"wp:attachment":[{"href":"https:\/\/kalite.ebyu.edu.tr\/index.php?rest_route=%2Fwp%2Fv2%2Fmedia&parent=4272"}],"curies":[{"name":"wp","href":"https:\/\/api.w.org\/{rel}","templated":true}]}}