{"id":4237,"date":"2026-03-12T14:29:47","date_gmt":"2026-03-12T11:29:47","guid":{"rendered":"https:\/\/kalite.ebyu.edu.tr\/?page_id=4237"},"modified":"2026-03-18T14:13:57","modified_gmt":"2026-03-18T11:13:57","slug":"kalite-ogrenci-toplulugu-yonergesi-2","status":"publish","type":"page","link":"https:\/\/kalite.ebyu.edu.tr\/?page_id=4237","title":{"rendered":"Kalite \u00d6\u011frenci Toplulu\u011fu Y\u00f6nergesi"},"content":{"rendered":"<table>\n<tbody>\n<tr>\n<td width=\"302\">Kalite \u00d6\u011frenci Toplulu\u011fu Y\u00f6nergesi<\/td>\n<td width=\"302\"><a href=\"https:\/\/kalite.ebyu.edu.tr\/wp-content\/uploads\/2022\/06\/ERZINCAN-BINALI-YILDIRIM-UNIVERSITESI-KALITE-OGRENCI-TOPLULUGU-YONERGESI.pdf\"><img decoding=\"async\" class=\"aligncenter wp-image-2313\" src=\"https:\/\/kalite.ebyu.edu.tr\/wp-content\/uploads\/2021\/08\/egitim-ve-ogretim-politikasi.png\" alt=\"\" width=\"78\" height=\"96\" \/><\/a><\/td>\n<\/tr>\n<\/tbody>\n<\/table>\n","protected":false},"excerpt":{"rendered":"<p>Kalite \u00d6\u011frenci Toplulu\u011fu Y\u00f6nergesi<\/p>\n","protected":false},"author":14,"featured_media":0,"parent":0,"menu_order":0,"comment_status":"closed","ping_status":"closed","template":"","meta":{"footnotes":""},"class_list":["post-4237","page","type-page","status-publish","hentry","entry"],"_links":{"self":[{"href":"https:\/\/kalite.ebyu.edu.tr\/index.php?rest_route=\/wp\/v2\/pages\/4237","targetHints":{"allow":["GET"]}}],"collection":[{"href":"https:\/\/kalite.ebyu.edu.tr\/index.php?rest_route=\/wp\/v2\/pages"}],"about":[{"href":"https:\/\/kalite.ebyu.edu.tr\/index.php?rest_route=\/wp\/v2\/types\/page"}],"author":[{"embeddable":true,"href":"https:\/\/kalite.ebyu.edu.tr\/index.php?rest_route=\/wp\/v2\/users\/14"}],"replies":[{"embeddable":true,"href":"https:\/\/kalite.ebyu.edu.tr\/index.php?rest_route=%2Fwp%2Fv2%2Fcomments&post=4237"}],"version-history":[{"count":4,"href":"https:\/\/kalite.ebyu.edu.tr\/index.php?rest_route=\/wp\/v2\/pages\/4237\/revisions"}],"predecessor-version":[{"id":4290,"href":"https:\/\/kalite.ebyu.edu.tr\/index.php?rest_route=\/wp\/v2\/pages\/4237\/revisions\/4290"}],"wp:attachment":[{"href":"https:\/\/kalite.ebyu.edu.tr\/index.php?rest_route=%2Fwp%2Fv2%2Fmedia&parent=4237"}],"curies":[{"name":"wp","href":"https:\/\/api.w.org\/{rel}","templated":true}]}}