{"id":3245,"date":"2023-10-04T11:21:21","date_gmt":"2023-10-04T08:21:21","guid":{"rendered":"https:\/\/kalite.ebyu.edu.tr\/?page_id=3245"},"modified":"2023-11-22T21:30:15","modified_gmt":"2023-11-22T18:30:15","slug":"dof-analiz","status":"publish","type":"page","link":"https:\/\/kalite.ebyu.edu.tr\/?page_id=3245","title":{"rendered":"D\u00d6F Analiz"},"content":{"rendered":"<p>&nbsp;<\/p>\n<table>\n<tbody>\n<tr>\n<td colspan=\"2\" width=\"580\">\n<p style=\"text-align: center\"><strong>D\u00dcZELT\u0130C\u0130 FAAL\u0130YET TAK\u0130P VE ANAL\u0130Z FORMLARI (2021)<\/strong><\/p>\n<\/td>\n<\/tr>\n<tr>\n<td width=\"290\">D\u00fczeltici Faaliyet Takip Formu<\/td>\n<td width=\"290\"><a href=\"https:\/\/kalite.ebyu.edu.tr\/wp-content\/uploads\/2023\/11\/2021-DUZELTICI-ONLEYICI-FAALIYET-TAKIP-FORMU.pdf\"><img decoding=\"async\" class=\"aligncenter wp-image-3077\" src=\"https:\/\/kalite.ebyu.edu.tr\/wp-content\/uploads\/2023\/07\/pdf-logo.png\" alt=\"\" width=\"60\" height=\"74\" \/><\/a><\/td>\n<\/tr>\n<tr>\n<td width=\"290\">D\u00fczeltici Faaliyet Analiz Formu<\/td>\n<td width=\"290\"><a href=\"https:\/\/kalite.ebyu.edu.tr\/wp-content\/uploads\/2023\/11\/2021-DUZELTICI-FAALIYET-ANALIZ-FORMU.pdf\"><img decoding=\"async\" class=\"aligncenter wp-image-3077\" src=\"https:\/\/kalite.ebyu.edu.tr\/wp-content\/uploads\/2023\/07\/pdf-logo.png\" alt=\"\" width=\"60\" height=\"74\" \/><\/a><\/td>\n<\/tr>\n<\/tbody>\n<\/table>\n<p>&nbsp;<\/p>\n<p>&nbsp;<\/p>\n<table>\n<tbody>\n<tr>\n<td colspan=\"2\" width=\"580\">\n<p style=\"text-align: center\"><strong>D\u00dcZELT\u0130C\u0130 FAAL\u0130YET TAK\u0130P VE ANAL\u0130Z FORMLARI (2022)<\/strong><\/p>\n<\/td>\n<\/tr>\n<tr>\n<td width=\"290\">D\u00fczeltici Faaliyet Takip Formu<\/td>\n<td width=\"290\"><a href=\"https:\/\/kalite.ebyu.edu.tr\/wp-content\/uploads\/2023\/11\/2022-DUZELTICI-ONLEYICI-FAALIYET-TAKIP-FORMU.pdf\"><img decoding=\"async\" class=\"aligncenter wp-image-3077\" src=\"https:\/\/kalite.ebyu.edu.tr\/wp-content\/uploads\/2023\/07\/pdf-logo.png\" alt=\"\" width=\"60\" height=\"74\" \/><\/a><\/td>\n<\/tr>\n<tr>\n<td width=\"290\">D\u00fczeltici Faaliyet Analiz Formu<\/td>\n<td width=\"290\"><a href=\"https:\/\/kalite.ebyu.edu.tr\/wp-content\/uploads\/2023\/11\/2022-DUZELTICI-FAALIYET-ANALIZ-FORMU.pdf\"><img decoding=\"async\" class=\"aligncenter wp-image-3077\" src=\"https:\/\/kalite.ebyu.edu.tr\/wp-content\/uploads\/2023\/07\/pdf-logo.png\" alt=\"\" width=\"60\" height=\"74\" \/><\/a><\/td>\n<\/tr>\n<\/tbody>\n<\/table>\n<p>&nbsp;<\/p>\n<p>&nbsp;<\/p>\n<table>\n<tbody>\n<tr>\n<td colspan=\"2\" width=\"580\">\n<p style=\"text-align: center\"><strong>D\u00dcZELT\u0130C\u0130 FAAL\u0130YET TAK\u0130P VE ANAL\u0130Z FORMLARI (2023)<\/strong><\/p>\n<\/td>\n<\/tr>\n<tr>\n<td width=\"290\">D\u00fczeltici Faaliyet Takip Formu<\/td>\n<td width=\"290\"><a href=\"https:\/\/kalite.ebyu.edu.tr\/wp-content\/uploads\/2023\/11\/2023-Duzeltici-Faaliyet-ve-iyilesme-takip-formu.pdf\"><img decoding=\"async\" class=\"aligncenter wp-image-3077\" src=\"https:\/\/kalite.ebyu.edu.tr\/wp-content\/uploads\/2023\/07\/pdf-logo.png\" alt=\"\" width=\"60\" height=\"74\" \/><\/a><\/td>\n<\/tr>\n<tr>\n<td width=\"290\">D\u00fczeltici Faaliyet Analiz Formu<\/td>\n<td width=\"290\"><a href=\"https:\/\/kalite.ebyu.edu.tr\/wp-content\/uploads\/2023\/11\/2023-Iyilesme-Raporu-Kapsaminda-DOF-ANALIZ-FORMU-1.pdf\"><img decoding=\"async\" class=\"aligncenter wp-image-3077\" src=\"https:\/\/kalite.ebyu.edu.tr\/wp-content\/uploads\/2023\/07\/pdf-logo.png\" alt=\"\" width=\"60\" height=\"74\" \/><\/a><\/td>\n<\/tr>\n<\/tbody>\n<\/table>\n<p>&nbsp;<\/p>\n","protected":false},"excerpt":{"rendered":"<p>&nbsp; D\u00dcZELT\u0130C\u0130 FAAL\u0130YET TAK\u0130P VE ANAL\u0130Z FORMLARI (2021) D\u00fczeltici Faaliyet Takip Formu D\u00fczeltici Faaliyet Analiz Formu &nbsp; &nbsp; D\u00dcZELT\u0130C\u0130 FAAL\u0130YET TAK\u0130P VE ANAL\u0130Z FORMLARI (2022) D\u00fczeltici Faaliyet Takip Formu D\u00fczeltici Faaliyet Analiz Formu &nbsp; &nbsp; D\u00dcZELT\u0130C\u0130 FAAL\u0130YET TAK\u0130P VE ANAL\u0130Z FORMLARI (2023) D\u00fczeltici Faaliyet Takip Formu D\u00fczeltici Faaliyet Analiz Formu &nbsp;<\/p>\n","protected":false},"author":17,"featured_media":0,"parent":0,"menu_order":0,"comment_status":"closed","ping_status":"closed","template":"","meta":{"footnotes":""},"class_list":["post-3245","page","type-page","status-publish","hentry","entry"],"_links":{"self":[{"href":"https:\/\/kalite.ebyu.edu.tr\/index.php?rest_route=\/wp\/v2\/pages\/3245","targetHints":{"allow":["GET"]}}],"collection":[{"href":"https:\/\/kalite.ebyu.edu.tr\/index.php?rest_route=\/wp\/v2\/pages"}],"about":[{"href":"https:\/\/kalite.ebyu.edu.tr\/index.php?rest_route=\/wp\/v2\/types\/page"}],"author":[{"embeddable":true,"href":"https:\/\/kalite.ebyu.edu.tr\/index.php?rest_route=\/wp\/v2\/users\/17"}],"replies":[{"embeddable":true,"href":"https:\/\/kalite.ebyu.edu.tr\/index.php?rest_route=%2Fwp%2Fv2%2Fcomments&post=3245"}],"version-history":[{"count":5,"href":"https:\/\/kalite.ebyu.edu.tr\/index.php?rest_route=\/wp\/v2\/pages\/3245\/revisions"}],"predecessor-version":[{"id":3528,"href":"https:\/\/kalite.ebyu.edu.tr\/index.php?rest_route=\/wp\/v2\/pages\/3245\/revisions\/3528"}],"wp:attachment":[{"href":"https:\/\/kalite.ebyu.edu.tr\/index.php?rest_route=%2Fwp%2Fv2%2Fmedia&parent=3245"}],"curies":[{"name":"wp","href":"https:\/\/api.w.org\/{rel}","templated":true}]}}