{"id":3232,"date":"2023-10-04T11:13:54","date_gmt":"2023-10-04T08:13:54","guid":{"rendered":"https:\/\/kalite.ebyu.edu.tr\/?page_id=3232"},"modified":"2023-11-09T17:43:12","modified_gmt":"2023-11-09T14:43:12","slug":"birim-danisma-kurullari","status":"publish","type":"page","link":"https:\/\/kalite.ebyu.edu.tr\/?page_id=3232","title":{"rendered":"Birim Dan\u0131\u015fma Kurullar\u0131"},"content":{"rendered":"<p>&nbsp;<\/p>\n<table>\n<tbody>\n<tr>\n<td colspan=\"2\" width=\"604\">\n<p style=\"text-align: center\"><strong>ENST\u0130T\u00dc DANI\u015eMA KURULLARI<\/strong><\/p>\n<\/td>\n<\/tr>\n<tr>\n<td width=\"302\">Fen Bilimleri Enstit\u00fcs\u00fc<\/td>\n<td width=\"302\"><a href=\"https:\/\/fenbilimleri.ebyu.edu.tr\/danisma-kurulu\/\"><img decoding=\"async\" class=\"aligncenter wp-image-3366\" src=\"https:\/\/kalite.ebyu.edu.tr\/wp-content\/uploads\/2023\/11\/web-ikon.png\" alt=\"\" width=\"60\" height=\"53\" srcset=\"https:\/\/kalite.ebyu.edu.tr\/wp-content\/uploads\/2023\/11\/web-ikon.png 561w, https:\/\/kalite.ebyu.edu.tr\/wp-content\/uploads\/2023\/11\/web-ikon-300x267.png 300w\" sizes=\"(max-width: 60px) 100vw, 60px\" \/><\/a><\/td>\n<\/tr>\n<tr>\n<td width=\"302\">Sa\u011fl\u0131k Bilimleri Enstit\u00fcs\u00fc<\/td>\n<td width=\"302\"><a href=\"https:\/\/saglikbilimleri.ebyu.edu.tr\/danisma-kurulu\/\"><img decoding=\"async\" class=\"aligncenter wp-image-3366\" src=\"https:\/\/kalite.ebyu.edu.tr\/wp-content\/uploads\/2023\/11\/web-ikon.png\" alt=\"\" width=\"60\" height=\"53\" srcset=\"https:\/\/kalite.ebyu.edu.tr\/wp-content\/uploads\/2023\/11\/web-ikon.png 561w, https:\/\/kalite.ebyu.edu.tr\/wp-content\/uploads\/2023\/11\/web-ikon-300x267.png 300w\" sizes=\"(max-width: 60px) 100vw, 60px\" \/><\/a><\/td>\n<\/tr>\n<tr>\n<td width=\"302\">Sosyal Bilimler Enstit\u00fcs\u00fc<\/td>\n<td width=\"302\"><a href=\"https:\/\/sosyalbilimler.ebyu.edu.tr\/danisma-kurulu-uyeleri\/\"><img decoding=\"async\" class=\"aligncenter wp-image-3366\" src=\"https:\/\/kalite.ebyu.edu.tr\/wp-content\/uploads\/2023\/11\/web-ikon.png\" alt=\"\" width=\"60\" height=\"53\" srcset=\"https:\/\/kalite.ebyu.edu.tr\/wp-content\/uploads\/2023\/11\/web-ikon.png 561w, https:\/\/kalite.ebyu.edu.tr\/wp-content\/uploads\/2023\/11\/web-ikon-300x267.png 300w\" sizes=\"(max-width: 60px) 100vw, 60px\" \/><\/a><\/td>\n<\/tr>\n<tr>\n<td width=\"302\">Deprem Teknolojileri Enstit\u00fcs\u00fc<\/td>\n<td width=\"302\"><a href=\"https:\/\/kalite.ebyu.edu.tr\/wp-content\/uploads\/2023\/11\/deprem-teknolojileri-enstitusu-danisma-kurulu.pdf\"><img decoding=\"async\" class=\"aligncenter wp-image-3366\" src=\"https:\/\/kalite.ebyu.edu.tr\/wp-content\/uploads\/2023\/11\/web-ikon.png\" alt=\"\" width=\"60\" height=\"53\" srcset=\"https:\/\/kalite.ebyu.edu.tr\/wp-content\/uploads\/2023\/11\/web-ikon.png 561w, https:\/\/kalite.ebyu.edu.tr\/wp-content\/uploads\/2023\/11\/web-ikon-300x267.png 300w\" sizes=\"(max-width: 60px) 100vw, 60px\" \/><\/a><\/td>\n<\/tr>\n<\/tbody>\n<\/table>\n<p>&nbsp;<\/p>\n<p>&nbsp;<\/p>\n<table>\n<tbody>\n<tr>\n<td colspan=\"2\" width=\"604\">\n<p style=\"text-align: center\"><strong>FAK\u00dcLTELER DANI\u015eMA KURULLARI<\/strong><\/p>\n<\/td>\n<\/tr>\n<tr>\n<td width=\"302\">Di\u015f Hekimli\u011fi Fak\u00fcltesi<\/td>\n<td width=\"302\"><a href=\"https:\/\/dishekimligi.ebyu.edu.tr\/danisma-kurulu\/\"><img decoding=\"async\" class=\"aligncenter wp-image-3366\" src=\"https:\/\/kalite.ebyu.edu.tr\/wp-content\/uploads\/2023\/11\/web-ikon.png\" alt=\"\" width=\"60\" height=\"53\" srcset=\"https:\/\/kalite.ebyu.edu.tr\/wp-content\/uploads\/2023\/11\/web-ikon.png 561w, https:\/\/kalite.ebyu.edu.tr\/wp-content\/uploads\/2023\/11\/web-ikon-300x267.png 300w\" sizes=\"(max-width: 60px) 100vw, 60px\" \/><\/a><\/td>\n<\/tr>\n<tr>\n<td width=\"302\">Eczac\u0131l\u0131k Fak\u00fcltesi<\/td>\n<td width=\"302\"><a href=\"https:\/\/eczacilik.ebyu.edu.tr\/paydaslarimiz\/\"><img decoding=\"async\" class=\"aligncenter wp-image-3366\" src=\"https:\/\/kalite.ebyu.edu.tr\/wp-content\/uploads\/2023\/11\/web-ikon.png\" alt=\"\" width=\"60\" height=\"53\" srcset=\"https:\/\/kalite.ebyu.edu.tr\/wp-content\/uploads\/2023\/11\/web-ikon.png 561w, https:\/\/kalite.ebyu.edu.tr\/wp-content\/uploads\/2023\/11\/web-ikon-300x267.png 300w\" sizes=\"(max-width: 60px) 100vw, 60px\" \/><\/a><\/td>\n<\/tr>\n<tr>\n<td width=\"302\">E\u011fitim Fak\u00fcltesi<\/td>\n<td width=\"302\"><a href=\"https:\/\/egitim.ebyu.edu.tr\/danisma-kurulu\/\"><img decoding=\"async\" class=\"aligncenter wp-image-3366\" src=\"https:\/\/kalite.ebyu.edu.tr\/wp-content\/uploads\/2023\/11\/web-ikon.png\" alt=\"\" width=\"60\" height=\"53\" srcset=\"https:\/\/kalite.ebyu.edu.tr\/wp-content\/uploads\/2023\/11\/web-ikon.png 561w, https:\/\/kalite.ebyu.edu.tr\/wp-content\/uploads\/2023\/11\/web-ikon-300x267.png 300w\" sizes=\"(max-width: 60px) 100vw, 60px\" \/><\/a><\/td>\n<\/tr>\n<tr>\n<td width=\"302\">Fen Edebiyat Fak\u00fcltesi<\/td>\n<td width=\"302\"><a href=\"https:\/\/fenedebiyat.ebyu.edu.tr\/danisma-kurulu\/\"><img decoding=\"async\" class=\"aligncenter wp-image-3366\" src=\"https:\/\/kalite.ebyu.edu.tr\/wp-content\/uploads\/2023\/11\/web-ikon.png\" alt=\"\" width=\"60\" height=\"53\" srcset=\"https:\/\/kalite.ebyu.edu.tr\/wp-content\/uploads\/2023\/11\/web-ikon.png 561w, https:\/\/kalite.ebyu.edu.tr\/wp-content\/uploads\/2023\/11\/web-ikon-300x267.png 300w\" sizes=\"(max-width: 60px) 100vw, 60px\" \/><\/a><\/td>\n<\/tr>\n<tr>\n<td width=\"302\">G\u00fczel Sanatlar Fak\u00fcltesi<\/td>\n<td width=\"302\"><a href=\"https:\/\/guzelsanatlar.ebyu.edu.tr\/fakulte-danisma-kurulu\/\"><img decoding=\"async\" class=\"aligncenter wp-image-3366\" src=\"https:\/\/kalite.ebyu.edu.tr\/wp-content\/uploads\/2023\/11\/web-ikon.png\" alt=\"\" width=\"60\" height=\"53\" srcset=\"https:\/\/kalite.ebyu.edu.tr\/wp-content\/uploads\/2023\/11\/web-ikon.png 561w, https:\/\/kalite.ebyu.edu.tr\/wp-content\/uploads\/2023\/11\/web-ikon-300x267.png 300w\" sizes=\"(max-width: 60px) 100vw, 60px\" \/><\/a><\/td>\n<\/tr>\n<tr>\n<td width=\"302\">Hukuk Fak\u00fcltesi<\/td>\n<td width=\"302\"><a href=\"https:\/\/hukuk.ebyu.edu.tr\/danisma-kurulu\/\"><img decoding=\"async\" class=\"aligncenter wp-image-3366\" src=\"https:\/\/kalite.ebyu.edu.tr\/wp-content\/uploads\/2023\/11\/web-ikon.png\" alt=\"\" width=\"60\" height=\"53\" srcset=\"https:\/\/kalite.ebyu.edu.tr\/wp-content\/uploads\/2023\/11\/web-ikon.png 561w, https:\/\/kalite.ebyu.edu.tr\/wp-content\/uploads\/2023\/11\/web-ikon-300x267.png 300w\" sizes=\"(max-width: 60px) 100vw, 60px\" \/><\/a><\/td>\n<\/tr>\n<tr>\n<td width=\"302\">\u0130ktisadi ve \u0130dari Bilimler Fak\u00fcltesi<\/td>\n<td width=\"302\"><a href=\"https:\/\/iibf.ebyu.edu.tr\/danisma-kurulu\/\"><img decoding=\"async\" class=\"aligncenter wp-image-3366\" src=\"https:\/\/kalite.ebyu.edu.tr\/wp-content\/uploads\/2023\/11\/web-ikon.png\" alt=\"\" width=\"60\" height=\"53\" srcset=\"https:\/\/kalite.ebyu.edu.tr\/wp-content\/uploads\/2023\/11\/web-ikon.png 561w, https:\/\/kalite.ebyu.edu.tr\/wp-content\/uploads\/2023\/11\/web-ikon-300x267.png 300w\" sizes=\"(max-width: 60px) 100vw, 60px\" \/><\/a><\/td>\n<\/tr>\n<tr>\n<td width=\"302\">\u0130lahiyat Fak\u00fcltesi<\/td>\n<td width=\"302\"><a href=\"https:\/\/ilahiyat.ebyu.edu.tr\/wp-content\/uploads\/2023\/09\/Danisma-Kurulu.pdf\"><img decoding=\"async\" class=\"aligncenter wp-image-3366\" src=\"https:\/\/kalite.ebyu.edu.tr\/wp-content\/uploads\/2023\/11\/web-ikon.png\" alt=\"\" width=\"60\" height=\"53\" srcset=\"https:\/\/kalite.ebyu.edu.tr\/wp-content\/uploads\/2023\/11\/web-ikon.png 561w, https:\/\/kalite.ebyu.edu.tr\/wp-content\/uploads\/2023\/11\/web-ikon-300x267.png 300w\" sizes=\"(max-width: 60px) 100vw, 60px\" \/><\/a><\/td>\n<\/tr>\n<tr>\n<td width=\"302\">M\u00fchendislik-Mimarl\u0131k Fak\u00fcltesi<\/td>\n<td width=\"302\"><a href=\"https:\/\/muhendislik.ebyu.edu.tr\/fakulte-danisma-kurulu\/\"><img decoding=\"async\" class=\"aligncenter wp-image-3366\" src=\"https:\/\/kalite.ebyu.edu.tr\/wp-content\/uploads\/2023\/11\/web-ikon.png\" alt=\"\" width=\"60\" height=\"53\" srcset=\"https:\/\/kalite.ebyu.edu.tr\/wp-content\/uploads\/2023\/11\/web-ikon.png 561w, https:\/\/kalite.ebyu.edu.tr\/wp-content\/uploads\/2023\/11\/web-ikon-300x267.png 300w\" sizes=\"(max-width: 60px) 100vw, 60px\" \/><\/a><\/td>\n<\/tr>\n<tr>\n<td width=\"302\">Sa\u011fl\u0131k Bilimleri Fak\u00fcltesi<\/td>\n<td width=\"302\"><a href=\"https:\/\/sbf.ebyu.edu.tr\/wp-content\/uploads\/2023\/08\/SAGLIK-BILIMLERI-FAKULTESI-DANISMA-KURULU-son.pdf\"><img decoding=\"async\" class=\"aligncenter wp-image-3366\" src=\"https:\/\/kalite.ebyu.edu.tr\/wp-content\/uploads\/2023\/11\/web-ikon.png\" alt=\"\" width=\"60\" height=\"53\" srcset=\"https:\/\/kalite.ebyu.edu.tr\/wp-content\/uploads\/2023\/11\/web-ikon.png 561w, https:\/\/kalite.ebyu.edu.tr\/wp-content\/uploads\/2023\/11\/web-ikon-300x267.png 300w\" sizes=\"(max-width: 60px) 100vw, 60px\" \/><\/a><\/td>\n<\/tr>\n<tr>\n<td width=\"302\">T\u0131p Fak\u00fcltesi<\/td>\n<td width=\"302\"><a href=\"https:\/\/tip.ebyu.edu.tr\/danisma-kurulu\/\"><img decoding=\"async\" class=\"aligncenter wp-image-3366\" src=\"https:\/\/kalite.ebyu.edu.tr\/wp-content\/uploads\/2023\/11\/web-ikon.png\" alt=\"\" width=\"60\" height=\"53\" srcset=\"https:\/\/kalite.ebyu.edu.tr\/wp-content\/uploads\/2023\/11\/web-ikon.png 561w, https:\/\/kalite.ebyu.edu.tr\/wp-content\/uploads\/2023\/11\/web-ikon-300x267.png 300w\" sizes=\"(max-width: 60px) 100vw, 60px\" \/><\/a><\/td>\n<\/tr>\n<tr>\n<td width=\"302\">Spor Bilimleri Fak\u00fcltesi<\/td>\n<td width=\"302\"><a href=\"https:\/\/sporbilimleri.ebyu.edu.tr\/ic-kontrol\/\"><img decoding=\"async\" class=\"aligncenter wp-image-3366\" src=\"https:\/\/kalite.ebyu.edu.tr\/wp-content\/uploads\/2023\/11\/web-ikon.png\" alt=\"\" width=\"60\" height=\"53\" srcset=\"https:\/\/kalite.ebyu.edu.tr\/wp-content\/uploads\/2023\/11\/web-ikon.png 561w, https:\/\/kalite.ebyu.edu.tr\/wp-content\/uploads\/2023\/11\/web-ikon-300x267.png 300w\" sizes=\"(max-width: 60px) 100vw, 60px\" \/><\/a><\/td>\n<\/tr>\n<\/tbody>\n<\/table>\n<p>&nbsp;<\/p>\n<p>&nbsp;<\/p>\n<table>\n<tbody>\n<tr>\n<td colspan=\"2\" width=\"604\">\n<p style=\"text-align: center\"><strong>Y\u00dcKSEKOKULLAR DANI\u015eMA KURULLARI<\/strong><\/p>\n<\/td>\n<\/tr>\n<tr>\n<td width=\"302\">Ali Cavit \u00c7elebio\u011flu. Sivil Havac\u0131l\u0131k Y\u00fcksekokulu<\/td>\n<td width=\"302\"><a href=\"https:\/\/shyo.ebyu.edu.tr\/wp-content\/uploads\/2023\/09\/Danisma-Kurullari-Listesi-2.pdf\"><img decoding=\"async\" class=\"aligncenter wp-image-3366\" src=\"https:\/\/kalite.ebyu.edu.tr\/wp-content\/uploads\/2023\/11\/web-ikon.png\" alt=\"\" width=\"60\" height=\"53\" srcset=\"https:\/\/kalite.ebyu.edu.tr\/wp-content\/uploads\/2023\/11\/web-ikon.png 561w, https:\/\/kalite.ebyu.edu.tr\/wp-content\/uploads\/2023\/11\/web-ikon-300x267.png 300w\" sizes=\"(max-width: 60px) 100vw, 60px\" \/><\/a><\/td>\n<\/tr>\n<tr>\n<td width=\"302\">Kemaliye Hac\u0131 Ali Ak\u0131n Uygulamal\u0131 Bilimler Y\u00fcksekokulu<\/td>\n<td width=\"302\"><a href=\"https:\/\/uygulamalibilimler.ebyu.edu.tr\/stratejik-plan\/\"><img decoding=\"async\" class=\"aligncenter wp-image-3366\" src=\"https:\/\/kalite.ebyu.edu.tr\/wp-content\/uploads\/2023\/11\/web-ikon.png\" alt=\"\" width=\"60\" height=\"53\" srcset=\"https:\/\/kalite.ebyu.edu.tr\/wp-content\/uploads\/2023\/11\/web-ikon.png 561w, https:\/\/kalite.ebyu.edu.tr\/wp-content\/uploads\/2023\/11\/web-ikon-300x267.png 300w\" sizes=\"(max-width: 60px) 100vw, 60px\" \/><\/a><\/td>\n<\/tr>\n<tr>\n<td width=\"302\">Yabanc\u0131 Diller Y\u00fcksekokulu<\/td>\n<td width=\"302\"><a href=\"https:\/\/yabancidiller.ebyu.edu.tr\/danisma-kurullari\/\"><img decoding=\"async\" class=\"aligncenter wp-image-3366\" src=\"https:\/\/kalite.ebyu.edu.tr\/wp-content\/uploads\/2023\/11\/web-ikon.png\" alt=\"\" width=\"60\" height=\"53\" srcset=\"https:\/\/kalite.ebyu.edu.tr\/wp-content\/uploads\/2023\/11\/web-ikon.png 561w, https:\/\/kalite.ebyu.edu.tr\/wp-content\/uploads\/2023\/11\/web-ikon-300x267.png 300w\" sizes=\"(max-width: 60px) 100vw, 60px\" \/><\/a><\/td>\n<\/tr>\n<\/tbody>\n<\/table>\n<p>&nbsp;<\/p>\n<p>&nbsp;<\/p>\n<table>\n<tbody>\n<tr>\n<td colspan=\"2\" width=\"604\">\n<p style=\"text-align: center\"><strong>MESLEK Y\u00dcKSEKOKULLARI DANI\u015eMA KURULLARI<\/strong><\/p>\n<\/td>\n<\/tr>\n<tr>\n<td width=\"302\">Adalet Meslek Y\u00fcksekokulu<\/td>\n<td width=\"302\"><a href=\"https:\/\/adaletmyo.ebyu.edu.tr\/ic-kontrol\/\"><img decoding=\"async\" class=\"aligncenter wp-image-3366\" src=\"https:\/\/kalite.ebyu.edu.tr\/wp-content\/uploads\/2023\/11\/web-ikon.png\" alt=\"\" width=\"60\" height=\"53\" srcset=\"https:\/\/kalite.ebyu.edu.tr\/wp-content\/uploads\/2023\/11\/web-ikon.png 561w, https:\/\/kalite.ebyu.edu.tr\/wp-content\/uploads\/2023\/11\/web-ikon-300x267.png 300w\" sizes=\"(max-width: 60px) 100vw, 60px\" \/><\/a><\/td>\n<\/tr>\n<tr>\n<td width=\"302\">\u00c7ay\u0131rl\u0131 Meslek Y\u00fcksekokulu<\/td>\n<td width=\"302\"><a href=\"https:\/\/cayirlimyo.ebyu.edu.tr\/danisma-kurullari\/\"><img decoding=\"async\" class=\"aligncenter wp-image-3366\" src=\"https:\/\/kalite.ebyu.edu.tr\/wp-content\/uploads\/2023\/11\/web-ikon.png\" alt=\"\" width=\"60\" height=\"53\" srcset=\"https:\/\/kalite.ebyu.edu.tr\/wp-content\/uploads\/2023\/11\/web-ikon.png 561w, https:\/\/kalite.ebyu.edu.tr\/wp-content\/uploads\/2023\/11\/web-ikon-300x267.png 300w\" sizes=\"(max-width: 60px) 100vw, 60px\" \/><\/a><\/td>\n<\/tr>\n<tr>\n<td width=\"302\">\u0130li\u00e7 Dursun Y\u0131ld\u0131r\u0131m Meslek Y\u00fcksekokulu<\/td>\n<td width=\"302\"><a href=\"https:\/\/ilicmyo.ebyu.edu.tr\/akademik-birim-kurulu\/\"><img decoding=\"async\" class=\"aligncenter wp-image-3366\" src=\"https:\/\/kalite.ebyu.edu.tr\/wp-content\/uploads\/2023\/11\/web-ikon.png\" alt=\"\" width=\"60\" height=\"53\" srcset=\"https:\/\/kalite.ebyu.edu.tr\/wp-content\/uploads\/2023\/11\/web-ikon.png 561w, https:\/\/kalite.ebyu.edu.tr\/wp-content\/uploads\/2023\/11\/web-ikon-300x267.png 300w\" sizes=\"(max-width: 60px) 100vw, 60px\" \/><\/a><\/td>\n<\/tr>\n<tr>\n<td width=\"302\">Kemah Meslek Y\u00fcksekokulu<\/td>\n<td width=\"302\"><a href=\"https:\/\/kalite.ebyu.edu.tr\/wp-content\/uploads\/2023\/11\/kemah-myo-dan-kur.pdf\"><img decoding=\"async\" class=\"aligncenter wp-image-3366\" src=\"https:\/\/kalite.ebyu.edu.tr\/wp-content\/uploads\/2023\/11\/web-ikon.png\" alt=\"\" width=\"60\" height=\"53\" srcset=\"https:\/\/kalite.ebyu.edu.tr\/wp-content\/uploads\/2023\/11\/web-ikon.png 561w, https:\/\/kalite.ebyu.edu.tr\/wp-content\/uploads\/2023\/11\/web-ikon-300x267.png 300w\" sizes=\"(max-width: 60px) 100vw, 60px\" \/><\/a><\/td>\n<\/tr>\n<tr>\n<td width=\"302\">Kemaliye Hac\u0131 Ali Ak\u0131n Meslek Y\u00fcksekokulu<\/td>\n<td width=\"302\"><a href=\"https:\/\/kemaliyemyo.ebyu.edu.tr\/stratejik-plan\/\"><img decoding=\"async\" class=\"aligncenter wp-image-3366\" src=\"https:\/\/kalite.ebyu.edu.tr\/wp-content\/uploads\/2023\/11\/web-ikon.png\" alt=\"\" width=\"60\" height=\"53\" srcset=\"https:\/\/kalite.ebyu.edu.tr\/wp-content\/uploads\/2023\/11\/web-ikon.png 561w, https:\/\/kalite.ebyu.edu.tr\/wp-content\/uploads\/2023\/11\/web-ikon-300x267.png 300w\" sizes=\"(max-width: 60px) 100vw, 60px\" \/><\/a><\/td>\n<\/tr>\n<tr>\n<td width=\"302\">Meslek Y\u00fcksekokulu<\/td>\n<td width=\"302\"><a href=\"https:\/\/myo.ebyu.edu.tr\/birim-danisma-kurulu\/\"><img decoding=\"async\" class=\"aligncenter wp-image-3366\" src=\"https:\/\/kalite.ebyu.edu.tr\/wp-content\/uploads\/2023\/11\/web-ikon.png\" alt=\"\" width=\"60\" height=\"53\" srcset=\"https:\/\/kalite.ebyu.edu.tr\/wp-content\/uploads\/2023\/11\/web-ikon.png 561w, https:\/\/kalite.ebyu.edu.tr\/wp-content\/uploads\/2023\/11\/web-ikon-300x267.png 300w\" sizes=\"(max-width: 60px) 100vw, 60px\" \/><\/a><\/td>\n<\/tr>\n<tr>\n<td width=\"302\">Refahiye Meslek Y\u00fcksekokulu<\/td>\n<td width=\"302\"><a href=\"https:\/\/refahiyemyo.ebyu.edu.tr\/danisma-kurullari-2\/\"><img decoding=\"async\" class=\"aligncenter wp-image-3366\" src=\"https:\/\/kalite.ebyu.edu.tr\/wp-content\/uploads\/2023\/11\/web-ikon.png\" alt=\"\" width=\"60\" height=\"53\" srcset=\"https:\/\/kalite.ebyu.edu.tr\/wp-content\/uploads\/2023\/11\/web-ikon.png 561w, https:\/\/kalite.ebyu.edu.tr\/wp-content\/uploads\/2023\/11\/web-ikon-300x267.png 300w\" sizes=\"(max-width: 60px) 100vw, 60px\" \/><\/a><\/td>\n<\/tr>\n<tr>\n<td width=\"302\">Refahiye Bahar Y\u0131ld\u0131r\u0131m Sa\u011fl\u0131k Hizmetleri Meslek Y\u00fcksekokulu<\/td>\n<td width=\"302\"><a href=\"https:\/\/refahiyeshmyo.ebyu.edu.tr\/danisma-kurullari-2\/\"><img decoding=\"async\" class=\"aligncenter wp-image-3366\" src=\"https:\/\/kalite.ebyu.edu.tr\/wp-content\/uploads\/2023\/11\/web-ikon.png\" alt=\"\" width=\"60\" height=\"53\" srcset=\"https:\/\/kalite.ebyu.edu.tr\/wp-content\/uploads\/2023\/11\/web-ikon.png 561w, https:\/\/kalite.ebyu.edu.tr\/wp-content\/uploads\/2023\/11\/web-ikon-300x267.png 300w\" sizes=\"(max-width: 60px) 100vw, 60px\" \/><\/a><\/td>\n<\/tr>\n<tr>\n<td width=\"302\">Sa\u011fl\u0131k Hizmetleri Meslek Y\u00fcksekokulu<\/td>\n<td width=\"302\"><a href=\"https:\/\/shmyo.ebyu.edu.tr\/paydaslarimiz\/\"><img decoding=\"async\" class=\"aligncenter wp-image-3366\" src=\"https:\/\/kalite.ebyu.edu.tr\/wp-content\/uploads\/2023\/11\/web-ikon.png\" alt=\"\" width=\"60\" height=\"53\" srcset=\"https:\/\/kalite.ebyu.edu.tr\/wp-content\/uploads\/2023\/11\/web-ikon.png 561w, https:\/\/kalite.ebyu.edu.tr\/wp-content\/uploads\/2023\/11\/web-ikon-300x267.png 300w\" sizes=\"(max-width: 60px) 100vw, 60px\" \/><\/a><\/td>\n<\/tr>\n<tr>\n<td width=\"302\">Tercan Meslek Y\u00fcksekokulu<\/td>\n<td width=\"302\"><img decoding=\"async\" class=\"aligncenter wp-image-3366\" src=\"https:\/\/kalite.ebyu.edu.tr\/wp-content\/uploads\/2023\/11\/web-ikon.png\" alt=\"\" width=\"60\" height=\"53\" srcset=\"https:\/\/kalite.ebyu.edu.tr\/wp-content\/uploads\/2023\/11\/web-ikon.png 561w, https:\/\/kalite.ebyu.edu.tr\/wp-content\/uploads\/2023\/11\/web-ikon-300x267.png 300w\" sizes=\"(max-width: 60px) 100vw, 60px\" \/><\/td>\n<\/tr>\n<tr>\n<td width=\"302\">Turizm ve Otelcilik Meslek Y\u00fcksekokulu<\/td>\n<td width=\"302\"><a href=\"https:\/\/turizmmyo.ebyu.edu.tr\/turizm-ve-otelcilik-meslek-yuksekokulu-birim-ve-bolum-danisma-kurullari\/\"><img decoding=\"async\" class=\"aligncenter wp-image-3366\" src=\"https:\/\/kalite.ebyu.edu.tr\/wp-content\/uploads\/2023\/11\/web-ikon.png\" alt=\"\" width=\"60\" height=\"53\" srcset=\"https:\/\/kalite.ebyu.edu.tr\/wp-content\/uploads\/2023\/11\/web-ikon.png 561w, https:\/\/kalite.ebyu.edu.tr\/wp-content\/uploads\/2023\/11\/web-ikon-300x267.png 300w\" sizes=\"(max-width: 60px) 100vw, 60px\" \/><\/a><\/td>\n<\/tr>\n<tr>\n<td width=\"302\">\u00dcz\u00fcml\u00fc Meslek Y\u00fcksekokulu<\/td>\n<td width=\"302\"><a href=\"https:\/\/uzumlumyo.ebyu.edu.tr\/danisma-kurulu\/\"><img decoding=\"async\" class=\"aligncenter wp-image-3366\" src=\"https:\/\/kalite.ebyu.edu.tr\/wp-content\/uploads\/2023\/11\/web-ikon.png\" alt=\"\" width=\"60\" height=\"53\" srcset=\"https:\/\/kalite.ebyu.edu.tr\/wp-content\/uploads\/2023\/11\/web-ikon.png 561w, https:\/\/kalite.ebyu.edu.tr\/wp-content\/uploads\/2023\/11\/web-ikon-300x267.png 300w\" sizes=\"(max-width: 60px) 100vw, 60px\" \/><\/a><\/td>\n<\/tr>\n<\/tbody>\n<\/table>\n<p>&nbsp;<\/p>\n<p>&nbsp;<\/p>\n<p>&nbsp;<\/p>\n","protected":false},"excerpt":{"rendered":"<p>&nbsp; ENST\u0130T\u00dc DANI\u015eMA KURULLARI Fen Bilimleri Enstit\u00fcs\u00fc Sa\u011fl\u0131k Bilimleri Enstit\u00fcs\u00fc Sosyal Bilimler Enstit\u00fcs\u00fc Deprem Teknolojileri Enstit\u00fcs\u00fc &nbsp; &nbsp; FAK\u00dcLTELER DANI\u015eMA KURULLARI Di\u015f Hekimli\u011fi Fak\u00fcltesi Eczac\u0131l\u0131k Fak\u00fcltesi E\u011fitim Fak\u00fcltesi Fen Edebiyat Fak\u00fcltesi G\u00fczel Sanatlar Fak\u00fcltesi Hukuk Fak\u00fcltesi \u0130ktisadi ve \u0130dari Bilimler Fak\u00fcltesi \u0130lahiyat Fak\u00fcltesi M\u00fchendislik-Mimarl\u0131k Fak\u00fcltesi Sa\u011fl\u0131k Bilimleri Fak\u00fcltesi T\u0131p Fak\u00fcltesi Spor Bilimleri Fak\u00fcltesi &nbsp; &nbsp;&hellip; <a class=\"more-link\" href=\"https:\/\/kalite.ebyu.edu.tr\/?page_id=3232\">Okumaya devam et <span class=\"screen-reader-text\">Birim Dan\u0131\u015fma Kurullar\u0131<\/span><\/a><\/p>\n","protected":false},"author":17,"featured_media":0,"parent":0,"menu_order":0,"comment_status":"closed","ping_status":"closed","template":"","meta":{"footnotes":""},"class_list":["post-3232","page","type-page","status-publish","hentry","entry"],"_links":{"self":[{"href":"https:\/\/kalite.ebyu.edu.tr\/index.php?rest_route=\/wp\/v2\/pages\/3232","targetHints":{"allow":["GET"]}}],"collection":[{"href":"https:\/\/kalite.ebyu.edu.tr\/index.php?rest_route=\/wp\/v2\/pages"}],"about":[{"href":"https:\/\/kalite.ebyu.edu.tr\/index.php?rest_route=\/wp\/v2\/types\/page"}],"author":[{"embeddable":true,"href":"https:\/\/kalite.ebyu.edu.tr\/index.php?rest_route=\/wp\/v2\/users\/17"}],"replies":[{"embeddable":true,"href":"https:\/\/kalite.ebyu.edu.tr\/index.php?rest_route=%2Fwp%2Fv2%2Fcomments&post=3232"}],"version-history":[{"count":28,"href":"https:\/\/kalite.ebyu.edu.tr\/index.php?rest_route=\/wp\/v2\/pages\/3232\/revisions"}],"predecessor-version":[{"id":3472,"href":"https:\/\/kalite.ebyu.edu.tr\/index.php?rest_route=\/wp\/v2\/pages\/3232\/revisions\/3472"}],"wp:attachment":[{"href":"https:\/\/kalite.ebyu.edu.tr\/index.php?rest_route=%2Fwp%2Fv2%2Fmedia&parent=3232"}],"curies":[{"name":"wp","href":"https:\/\/api.w.org\/{rel}","templated":true}]}}