{"id":3222,"date":"2023-10-04T11:10:32","date_gmt":"2023-10-04T08:10:32","guid":{"rendered":"https:\/\/kalite.ebyu.edu.tr\/?page_id=3222"},"modified":"2023-11-23T15:33:44","modified_gmt":"2023-11-23T12:33:44","slug":"etkinlik-degerlendirme-anketi-raporlari","status":"publish","type":"page","link":"https:\/\/kalite.ebyu.edu.tr\/?page_id=3222","title":{"rendered":"Etkinlik De\u011ferlendirme Anketi Raporlar\u0131"},"content":{"rendered":"<p>&nbsp;<\/p>\n<table>\n<tbody>\n<tr>\n<td width=\"302\">\n<h5>AKADEM\u0130K VE \u0130DAR\u0130 PERSONELE Y\u00d6NEL\u0130K D\u0130KS\u0130YON VE KURUMSAL \u0130LET\u0130\u015e\u0130M E\u011e\u0130T\u0130M\u0130<\/h5>\n<h5><\/h5>\n<\/td>\n<td width=\"302\">\n<h5><a href=\"https:\/\/kalite.ebyu.edu.tr\/wp-content\/uploads\/2023\/11\/DIKSIYON-VE-KURUMSAL-ILETISIM-HIZMET-ICI-EGITIMI-ANKETI-ozet-rapor.pdf\"><img decoding=\"async\" class=\"aligncenter wp-image-3077\" src=\"https:\/\/kalite.ebyu.edu.tr\/wp-content\/uploads\/2023\/07\/pdf-logo.png\" alt=\"\" width=\"60\" height=\"74\" \/><\/a><\/h5>\n<\/td>\n<\/tr>\n<tr>\n<td width=\"302\">\n<h5>\u00d6\u011eRENC\u0130LERE Y\u00d6NEL\u0130K D\u0130KS\u0130YON VE ETK\u0130L\u0130 \u0130LET\u0130\u015e\u0130M E\u011e\u0130T\u0130M\u0130<\/h5>\n<h5><\/h5>\n<\/td>\n<td width=\"302\">\n<h5><a href=\"https:\/\/kalite.ebyu.edu.tr\/wp-content\/uploads\/2023\/11\/Diksiyon-ve-Etkili-Iletisim-Egitimi-Etkinlik-Degerlendirme-Anketi-Raporu.pdf\"><img decoding=\"async\" class=\"aligncenter wp-image-3077\" src=\"https:\/\/kalite.ebyu.edu.tr\/wp-content\/uploads\/2023\/07\/pdf-logo.png\" alt=\"\" width=\"60\" height=\"74\" \/><\/a><\/h5>\n<\/td>\n<\/tr>\n<tr>\n<td width=\"302\">\n<h5>KURUMSAL \u0130LET\u0130\u015e\u0130M E\u011e\u0130T\u0130M\u0130<\/h5>\n<h4><\/h4>\n<\/td>\n<td width=\"302\"><a href=\"https:\/\/kalite.ebyu.edu.tr\/wp-content\/uploads\/2023\/11\/Kurumsal-Iletisim-Konferansi-Etkinlik-Degerlendirme-Anket-Raporu.pdf\"><img decoding=\"async\" class=\"aligncenter wp-image-3077\" src=\"https:\/\/kalite.ebyu.edu.tr\/wp-content\/uploads\/2023\/07\/pdf-logo.png\" alt=\"\" width=\"60\" height=\"74\" \/><\/a><\/td>\n<\/tr>\n<\/tbody>\n<\/table>\n<p>&nbsp;<\/p>\n","protected":false},"excerpt":{"rendered":"<p>&nbsp; AKADEM\u0130K VE \u0130DAR\u0130 PERSONELE Y\u00d6NEL\u0130K D\u0130KS\u0130YON VE KURUMSAL \u0130LET\u0130\u015e\u0130M E\u011e\u0130T\u0130M\u0130 \u00d6\u011eRENC\u0130LERE Y\u00d6NEL\u0130K D\u0130KS\u0130YON VE ETK\u0130L\u0130 \u0130LET\u0130\u015e\u0130M E\u011e\u0130T\u0130M\u0130 KURUMSAL \u0130LET\u0130\u015e\u0130M E\u011e\u0130T\u0130M\u0130 &nbsp;<\/p>\n","protected":false},"author":17,"featured_media":0,"parent":0,"menu_order":0,"comment_status":"closed","ping_status":"closed","template":"","meta":{"footnotes":""},"class_list":["post-3222","page","type-page","status-publish","hentry","entry"],"_links":{"self":[{"href":"https:\/\/kalite.ebyu.edu.tr\/index.php?rest_route=\/wp\/v2\/pages\/3222","targetHints":{"allow":["GET"]}}],"collection":[{"href":"https:\/\/kalite.ebyu.edu.tr\/index.php?rest_route=\/wp\/v2\/pages"}],"about":[{"href":"https:\/\/kalite.ebyu.edu.tr\/index.php?rest_route=\/wp\/v2\/types\/page"}],"author":[{"embeddable":true,"href":"https:\/\/kalite.ebyu.edu.tr\/index.php?rest_route=\/wp\/v2\/users\/17"}],"replies":[{"embeddable":true,"href":"https:\/\/kalite.ebyu.edu.tr\/index.php?rest_route=%2Fwp%2Fv2%2Fcomments&post=3222"}],"version-history":[{"count":6,"href":"https:\/\/kalite.ebyu.edu.tr\/index.php?rest_route=\/wp\/v2\/pages\/3222\/revisions"}],"predecessor-version":[{"id":3537,"href":"https:\/\/kalite.ebyu.edu.tr\/index.php?rest_route=\/wp\/v2\/pages\/3222\/revisions\/3537"}],"wp:attachment":[{"href":"https:\/\/kalite.ebyu.edu.tr\/index.php?rest_route=%2Fwp%2Fv2%2Fmedia&parent=3222"}],"curies":[{"name":"wp","href":"https:\/\/api.w.org\/{rel}","templated":true}]}}