{"id":3220,"date":"2023-10-04T11:10:10","date_gmt":"2023-10-04T08:10:10","guid":{"rendered":"https:\/\/kalite.ebyu.edu.tr\/?page_id=3220"},"modified":"2023-11-23T15:32:15","modified_gmt":"2023-11-23T12:32:15","slug":"dis-paydas-anketi-raporlari","status":"publish","type":"page","link":"https:\/\/kalite.ebyu.edu.tr\/?page_id=3220","title":{"rendered":"D\u0131\u015f Payda\u015f Anketi Raporlar\u0131"},"content":{"rendered":"<table>\n<tbody>\n<tr>\n<td width=\"302\">\u00a0<strong>2022-2023 E\u011e\u0130T\u0130M \u00d6\u011eRET\u0130M YILI <\/strong><strong>YEN\u0130 MEZUN MEMNUN\u0130YET ANKET\u0130<\/strong><\/td>\n<td width=\"302\"><a href=\"https:\/\/kalite.ebyu.edu.tr\/wp-content\/uploads\/2023\/11\/Yeni-Mezun-Memnuniyet-Anketi-Ozet-Raporu-2022-2023.pdf\"><img decoding=\"async\" class=\"aligncenter wp-image-3077\" src=\"https:\/\/kalite.ebyu.edu.tr\/wp-content\/uploads\/2023\/07\/pdf-logo.png\" alt=\"\" width=\"60\" height=\"74\" \/><\/a><\/td>\n<\/tr>\n<tr>\n<td width=\"302\">\u00a0<strong>2022-2023 E\u011e\u0130T\u0130M \u00d6\u011eRET\u0130M YILI<\/strong><strong>\u00a0MEZUN MEMNUN\u0130YET ANKET\u0130<\/strong><\/td>\n<td width=\"302\"><a href=\"https:\/\/kalite.ebyu.edu.tr\/wp-content\/uploads\/2023\/11\/Mezun-Memnuniyet-Anketi-Ozet-Raporu-2022-2023.pdf\"><img decoding=\"async\" class=\"aligncenter wp-image-3077\" src=\"https:\/\/kalite.ebyu.edu.tr\/wp-content\/uploads\/2023\/07\/pdf-logo.png\" alt=\"\" width=\"60\" height=\"74\" \/><\/a><\/td>\n<\/tr>\n<\/tbody>\n<\/table>\n","protected":false},"excerpt":{"rendered":"<p>\u00a02022-2023 E\u011e\u0130T\u0130M \u00d6\u011eRET\u0130M YILI YEN\u0130 MEZUN MEMNUN\u0130YET ANKET\u0130 \u00a02022-2023 E\u011e\u0130T\u0130M \u00d6\u011eRET\u0130M YILI\u00a0MEZUN MEMNUN\u0130YET ANKET\u0130<\/p>\n","protected":false},"author":17,"featured_media":0,"parent":0,"menu_order":0,"comment_status":"closed","ping_status":"closed","template":"","meta":{"footnotes":""},"class_list":["post-3220","page","type-page","status-publish","hentry","entry"],"_links":{"self":[{"href":"https:\/\/kalite.ebyu.edu.tr\/index.php?rest_route=\/wp\/v2\/pages\/3220","targetHints":{"allow":["GET"]}}],"collection":[{"href":"https:\/\/kalite.ebyu.edu.tr\/index.php?rest_route=\/wp\/v2\/pages"}],"about":[{"href":"https:\/\/kalite.ebyu.edu.tr\/index.php?rest_route=\/wp\/v2\/types\/page"}],"author":[{"embeddable":true,"href":"https:\/\/kalite.ebyu.edu.tr\/index.php?rest_route=\/wp\/v2\/users\/17"}],"replies":[{"embeddable":true,"href":"https:\/\/kalite.ebyu.edu.tr\/index.php?rest_route=%2Fwp%2Fv2%2Fcomments&post=3220"}],"version-history":[{"count":3,"href":"https:\/\/kalite.ebyu.edu.tr\/index.php?rest_route=\/wp\/v2\/pages\/3220\/revisions"}],"predecessor-version":[{"id":3536,"href":"https:\/\/kalite.ebyu.edu.tr\/index.php?rest_route=\/wp\/v2\/pages\/3220\/revisions\/3536"}],"wp:attachment":[{"href":"https:\/\/kalite.ebyu.edu.tr\/index.php?rest_route=%2Fwp%2Fv2%2Fmedia&parent=3220"}],"curies":[{"name":"wp","href":"https:\/\/api.w.org\/{rel}","templated":true}]}}