{"id":3218,"date":"2023-10-04T11:09:55","date_gmt":"2023-10-04T08:09:55","guid":{"rendered":"https:\/\/kalite.ebyu.edu.tr\/?page_id=3218"},"modified":"2025-08-14T12:09:09","modified_gmt":"2025-08-14T09:09:09","slug":"ic-paydas-anketi-raporlari","status":"publish","type":"page","link":"https:\/\/kalite.ebyu.edu.tr\/?page_id=3218","title":{"rendered":"\u0130\u00e7 Payda\u015f Anketi Raporlar\u0131"},"content":{"rendered":"<table>\n<tbody>\n<tr>\n<td colspan=\"2\" width=\"604\">\n<p style=\"text-align: center\"><strong>2024 &#8211; 2025 E\u011e\u0130T\u0130M \u00d6\u011eRET\u0130M YILI BAHAR D\u00d6NEM\u0130 MEMNUN\u0130YET ANKETLER\u0130 \u00d6ZET RAPORLARI<\/strong><\/p>\n<\/td>\n<\/tr>\n<tr>\n<td width=\"302\">AKADEM\u0130K PERSONEL MEMNUN\u0130YET ANKET\u0130<\/td>\n<td width=\"302\"><a href=\"https:\/\/kalite.ebyu.edu.tr\/wp-content\/uploads\/2025\/08\/EBYU-Akademik-Personel-Memnuniyet-Anketi-Raporu-2024-2025-Bahar.pdf\"><img decoding=\"async\" class=\"aligncenter wp-image-3077\" src=\"https:\/\/kalite.ebyu.edu.tr\/wp-content\/uploads\/2023\/07\/pdf-logo.png\" alt=\"\" width=\"60\" height=\"74\" \/><\/a><\/td>\n<\/tr>\n<tr>\n<td width=\"302\">\u0130DAR\u0130 PERSONEL MEMNUN\u0130YET ANKET\u0130<\/td>\n<td width=\"302\"><a href=\"https:\/\/kalite.ebyu.edu.tr\/wp-content\/uploads\/2025\/08\/EBYU-Idari-Personel-Memnuniyet-Anketi-Raporu-2024-2025-Bahar.pdf\"><img decoding=\"async\" class=\"aligncenter wp-image-3077\" src=\"https:\/\/kalite.ebyu.edu.tr\/wp-content\/uploads\/2023\/07\/pdf-logo.png\" alt=\"\" width=\"60\" height=\"74\" \/><\/a><\/td>\n<\/tr>\n<tr>\n<td width=\"302\">\u00d6\u011eRENC\u0130 MEMNUN\u0130YET ANKET\u0130<\/td>\n<td width=\"302\"><a href=\"https:\/\/kalite.ebyu.edu.tr\/wp-content\/uploads\/2025\/08\/EBYU-Ogrenci-Memnuniyet-Anketi-Raporu-2024-2025-Bahar.pdf\"><img decoding=\"async\" class=\"aligncenter wp-image-3077\" src=\"https:\/\/kalite.ebyu.edu.tr\/wp-content\/uploads\/2023\/07\/pdf-logo.png\" alt=\"\" width=\"60\" height=\"74\" \/><\/a><\/td>\n<\/tr>\n<\/tbody>\n<\/table>\n<p>&nbsp;<\/p>\n<p>&nbsp;<\/p>\n<table>\n<tbody>\n<tr>\n<td colspan=\"2\" width=\"604\">\n<p style=\"text-align: center\"><strong>2024 &#8211; 2025 E\u011e\u0130T\u0130M \u00d6\u011eRET\u0130M YILI G\u00dcZ D\u00d6NEM\u0130 MEMNUN\u0130YET ANKETLER\u0130 \u00d6ZET RAPORLARI<\/strong><\/p>\n<\/td>\n<\/tr>\n<tr>\n<td width=\"302\">AKADEM\u0130K PERSONEL MEMNUN\u0130YET ANKET\u0130<\/td>\n<td width=\"302\"><a href=\"https:\/\/kalite.ebyu.edu.tr\/wp-content\/uploads\/2025\/03\/EBYU-Akademik-Personel-Memnuniyet-Anketi-Raporu-2024-2025-Guz.pdf\"><img decoding=\"async\" class=\"aligncenter wp-image-3077\" src=\"https:\/\/kalite.ebyu.edu.tr\/wp-content\/uploads\/2023\/07\/pdf-logo.png\" alt=\"\" width=\"60\" height=\"74\" \/><\/a><\/td>\n<\/tr>\n<tr>\n<td width=\"302\">\u0130DAR\u0130 PERSONEL MEMNUN\u0130YET ANKET\u0130<\/td>\n<td width=\"302\"><a href=\"https:\/\/kalite.ebyu.edu.tr\/wp-content\/uploads\/2025\/03\/EBYU-Idari-Personel-Memnuniyet-Anketi-Raporu-2024-2025-Guz.pdf\"><img decoding=\"async\" class=\"aligncenter wp-image-3077\" src=\"https:\/\/kalite.ebyu.edu.tr\/wp-content\/uploads\/2023\/07\/pdf-logo.png\" alt=\"\" width=\"60\" height=\"74\" \/><\/a><\/td>\n<\/tr>\n<tr>\n<td width=\"302\">\u00d6\u011eRENC\u0130 MEMNUN\u0130YET ANKET\u0130<\/td>\n<td width=\"302\"><a href=\"https:\/\/kalite.ebyu.edu.tr\/wp-content\/uploads\/2025\/03\/EBYU-Ogrenci-Memnuniyet-Anketi-Raporu-2024-2025-Guz.pdf\"><img decoding=\"async\" class=\"aligncenter wp-image-3077\" src=\"https:\/\/kalite.ebyu.edu.tr\/wp-content\/uploads\/2023\/07\/pdf-logo.png\" alt=\"\" width=\"60\" height=\"74\" \/><\/a><\/td>\n<\/tr>\n<\/tbody>\n<\/table>\n<p>&nbsp;<\/p>\n<table>\n<tbody>\n<tr>\n<td colspan=\"2\" width=\"604\">\n<p style=\"text-align: center\"><strong>2023 &#8211; 2024 E\u011e\u0130T\u0130M \u00d6\u011eRET\u0130M YILI BAHAR D\u00d6NEM\u0130 MEMNUN\u0130YET ANKETLER\u0130 \u00d6ZET RAPORLARI<\/strong><\/p>\n<\/td>\n<\/tr>\n<tr>\n<td width=\"302\">AKADEM\u0130K PERSONEL MEMNUN\u0130YET ANKET\u0130<\/td>\n<td width=\"302\"><a href=\"https:\/\/kalite.ebyu.edu.tr\/wp-content\/uploads\/2024\/12\/Akademik-Personel-Memnuniyet-Anketi-Ozet-Raporu.pdf\"><img decoding=\"async\" class=\"aligncenter wp-image-3077\" src=\"https:\/\/kalite.ebyu.edu.tr\/wp-content\/uploads\/2023\/07\/pdf-logo.png\" alt=\"\" width=\"60\" height=\"74\" \/><\/a><\/td>\n<\/tr>\n<tr>\n<td width=\"302\">\u0130DAR\u0130 PERSONEL MEMNUN\u0130YET ANKET\u0130<\/td>\n<td width=\"302\"><a href=\"https:\/\/kalite.ebyu.edu.tr\/wp-content\/uploads\/2024\/12\/Idari-Personel-Memnuniyet-Anketi-Ozet-Raporu.pdf\"><img decoding=\"async\" class=\"aligncenter wp-image-3077\" src=\"https:\/\/kalite.ebyu.edu.tr\/wp-content\/uploads\/2023\/07\/pdf-logo.png\" alt=\"\" width=\"60\" height=\"74\" \/><\/a><\/td>\n<\/tr>\n<tr>\n<td width=\"302\">\u00d6\u011eRENC\u0130 MEMNUN\u0130YET ANKET\u0130<\/td>\n<td width=\"302\"><a href=\"https:\/\/kalite.ebyu.edu.tr\/wp-content\/uploads\/2024\/12\/Ogrenci-Memnuniyet-Anketi-Ozet-Raporu.pdf\"><img decoding=\"async\" class=\"aligncenter wp-image-3077\" src=\"https:\/\/kalite.ebyu.edu.tr\/wp-content\/uploads\/2023\/07\/pdf-logo.png\" alt=\"\" width=\"60\" height=\"74\" \/><\/a><\/td>\n<\/tr>\n<\/tbody>\n<\/table>\n<p>&nbsp;<\/p>\n<table>\n<tbody>\n<tr>\n<td colspan=\"2\" width=\"604\">\n<p style=\"text-align: center\"><strong>2023 &#8211; 2024 E\u011e\u0130T\u0130M \u00d6\u011eRET\u0130M YILI G\u00dcZ D\u00d6NEM\u0130 MEMNUN\u0130YET ANKETLER\u0130 \u00d6ZET RAPORLARI<\/strong><\/p>\n<\/td>\n<\/tr>\n<tr>\n<td width=\"302\">AKADEM\u0130K PERSONEL MEMNUN\u0130YET ANKET\u0130<\/td>\n<td width=\"302\"><a href=\"https:\/\/kalite.ebyu.edu.tr\/wp-content\/uploads\/2024\/03\/Universite-Geneli-Akademik-Memnuniyet-Anketi-2022-2023-guz-1.pdf\"><img decoding=\"async\" class=\"aligncenter wp-image-3077\" src=\"https:\/\/kalite.ebyu.edu.tr\/wp-content\/uploads\/2023\/07\/pdf-logo.png\" alt=\"\" width=\"60\" height=\"74\" \/><\/a><\/td>\n<\/tr>\n<tr>\n<td width=\"302\">\u0130DAR\u0130 PERSONEL MEMNUN\u0130YET ANKET\u0130<\/td>\n<td width=\"302\"><a href=\"https:\/\/kalite.ebyu.edu.tr\/wp-content\/uploads\/2024\/03\/Universite-Geneli-Idari-Memnuniyet-Anketi-2022-2023-guz-1.pdf\"><img decoding=\"async\" class=\"aligncenter wp-image-3077\" src=\"https:\/\/kalite.ebyu.edu.tr\/wp-content\/uploads\/2023\/07\/pdf-logo.png\" alt=\"\" width=\"60\" height=\"74\" \/><\/a><\/td>\n<\/tr>\n<tr>\n<td width=\"302\">\u00d6\u011eRENC\u0130 MEMNUN\u0130YET ANKET\u0130<\/td>\n<td width=\"302\"><a href=\"https:\/\/kalite.ebyu.edu.tr\/wp-content\/uploads\/2024\/03\/Universite-Geneli-Ogrenci-Memnuniyet-Anketi-2022-2023-guz-1.pdf\"><img decoding=\"async\" class=\"aligncenter wp-image-3077\" src=\"https:\/\/kalite.ebyu.edu.tr\/wp-content\/uploads\/2023\/07\/pdf-logo.png\" alt=\"\" width=\"60\" height=\"74\" \/><\/a><\/td>\n<\/tr>\n<\/tbody>\n<\/table>\n<p>&nbsp;<\/p>\n<table>\n<tbody>\n<tr>\n<td colspan=\"2\" width=\"604\">\n<p style=\"text-align: center\"><strong>2022 &#8211; 2023 E\u011e\u0130T\u0130M \u00d6\u011eRET\u0130M YILI BAHAR D\u00d6NEM\u0130 MEMNUN\u0130YET ANKETLER\u0130 DE\u011eERLEND\u0130RME RAPORLARI<\/strong><\/p>\n<\/td>\n<\/tr>\n<tr>\n<td width=\"302\">AKADEM\u0130K PERSONEL MEMNUN\u0130YET ANKET\u0130<\/td>\n<td width=\"302\"><a href=\"https:\/\/kalite.ebyu.edu.tr\/wp-content\/uploads\/2023\/11\/Akademik-Personel-Memnuniyet-Anket-Degerlendirme-Raporu-2022-2023-Bahar-Donemi.pdf\"><img decoding=\"async\" class=\"aligncenter wp-image-3077\" src=\"https:\/\/kalite.ebyu.edu.tr\/wp-content\/uploads\/2023\/07\/pdf-logo.png\" alt=\"\" width=\"60\" height=\"74\" \/><\/a><\/td>\n<\/tr>\n<tr>\n<td width=\"302\">\u0130DAR\u0130 PERSONEL MEMNUN\u0130YET ANKET\u0130<\/td>\n<td width=\"302\"><a href=\"https:\/\/kalite.ebyu.edu.tr\/wp-content\/uploads\/2023\/11\/Idari-Personel-Memnuniyet-Anketi-Degerlendirme-Raporu-2022-2023-Bahar-Donemi.pdf\"><img decoding=\"async\" class=\"aligncenter wp-image-3077\" src=\"https:\/\/kalite.ebyu.edu.tr\/wp-content\/uploads\/2023\/07\/pdf-logo.png\" alt=\"\" width=\"60\" height=\"74\" \/><\/a><\/td>\n<\/tr>\n<tr>\n<td width=\"302\">\u00d6\u011eRENC\u0130 MEMNUN\u0130YET ANKET\u0130<\/td>\n<td width=\"302\"><a href=\"https:\/\/kalite.ebyu.edu.tr\/wp-content\/uploads\/2023\/11\/Ogrenci-Memnuniyet-Anketi-Degerlendirme-Raporu-2022-2023-Bahar-Donemi.pdf\"><img decoding=\"async\" class=\"aligncenter wp-image-3077\" src=\"https:\/\/kalite.ebyu.edu.tr\/wp-content\/uploads\/2023\/07\/pdf-logo.png\" alt=\"\" width=\"60\" height=\"74\" \/><\/a><\/td>\n<\/tr>\n<\/tbody>\n<\/table>\n<p>&nbsp;<\/p>\n<table>\n<tbody>\n<tr>\n<td colspan=\"2\" width=\"604\">\n<p style=\"text-align: center\"><strong>2022 &#8211; 2023 E\u011e\u0130T\u0130M \u00d6\u011eRET\u0130M YILI BAHAR D\u00d6NEM\u0130 MEMNUN\u0130YET ANKETLER\u0130 \u00d6ZET RAPORLARI<\/strong><\/p>\n<\/td>\n<\/tr>\n<tr>\n<td width=\"302\">AKADEM\u0130K PERSONEL MEMNUN\u0130YET ANKET\u0130<\/td>\n<td width=\"302\"><a href=\"https:\/\/kalite.ebyu.edu.tr\/wp-content\/uploads\/2023\/09\/Akademik-Personel-Memnuniyet-Anketi-Ozet-Raporu-2022-2023-Bahar.pdf\"><img decoding=\"async\" class=\"aligncenter wp-image-3077\" src=\"https:\/\/kalite.ebyu.edu.tr\/wp-content\/uploads\/2023\/07\/pdf-logo.png\" alt=\"\" width=\"60\" height=\"74\" \/><\/a><\/td>\n<\/tr>\n<tr>\n<td width=\"302\">\u0130DAR\u0130 PERSONEL MEMNUN\u0130YET ANKET\u0130<\/td>\n<td width=\"302\"><a href=\"https:\/\/kalite.ebyu.edu.tr\/wp-content\/uploads\/2023\/09\/Idari-Personel-Memnuniyet-Anketi-Ozet-Raporu-2022-2023-Bahar.pdf\"><img decoding=\"async\" class=\"aligncenter wp-image-3077\" src=\"https:\/\/kalite.ebyu.edu.tr\/wp-content\/uploads\/2023\/07\/pdf-logo.png\" alt=\"\" width=\"60\" height=\"74\" \/><\/a><\/td>\n<\/tr>\n<tr>\n<td width=\"302\">\u00d6\u011eRENC\u0130 MEMNUN\u0130YET ANKET\u0130<\/td>\n<td width=\"302\"><a href=\"https:\/\/kalite.ebyu.edu.tr\/wp-content\/uploads\/2023\/09\/Ogrenci-Memnuniyet-Anketi-Ozet-Raporu-2022-2023-Bahar.pdf\"><img decoding=\"async\" class=\"aligncenter wp-image-3077\" src=\"https:\/\/kalite.ebyu.edu.tr\/wp-content\/uploads\/2023\/07\/pdf-logo.png\" alt=\"\" width=\"60\" height=\"74\" \/><\/a><\/td>\n<\/tr>\n<\/tbody>\n<\/table>\n<p>&nbsp;<\/p>\n<p>&nbsp;<\/p>\n<table>\n<tbody>\n<tr>\n<td colspan=\"2\" width=\"604\">\n<p style=\"text-align: center\"><strong>2022 &#8211; 2023 E\u011e\u0130T\u0130M \u00d6\u011eRET\u0130M YILI G\u00dcZ D\u00d6NEM\u0130 MEMNUN\u0130YET ANKETLER\u0130 \u00d6ZET RAPORLARI<\/strong><\/p>\n<\/td>\n<\/tr>\n<tr>\n<td width=\"302\">AKADEM\u0130K PERSONEL MEMNUN\u0130YET ANKET\u0130<\/td>\n<td width=\"302\"><a href=\"https:\/\/kalite.ebyu.edu.tr\/wp-content\/uploads\/2023\/03\/Akademik-Personel-Memnuniyet-Anketi-Ozet-Raporu-2022-2023-Guz.01.02.23PDF.pdf\"><img decoding=\"async\" class=\"aligncenter wp-image-3077\" src=\"https:\/\/kalite.ebyu.edu.tr\/wp-content\/uploads\/2023\/07\/pdf-logo.png\" alt=\"\" width=\"60\" height=\"74\" \/><\/a><\/td>\n<\/tr>\n<tr>\n<td width=\"302\">\u0130DAR\u0130 PERSONEL MEMNUN\u0130YET ANKET\u0130<\/td>\n<td width=\"302\"><a href=\"https:\/\/kalite.ebyu.edu.tr\/wp-content\/uploads\/2023\/03\/Idari-Personel-Memnuniyet-Anketi-Ozet-Raporu-2022-2023-Guz01.02.23PDF.pdf\"><img decoding=\"async\" class=\"aligncenter wp-image-3077\" src=\"https:\/\/kalite.ebyu.edu.tr\/wp-content\/uploads\/2023\/07\/pdf-logo.png\" alt=\"\" width=\"60\" height=\"74\" \/><\/a><\/td>\n<\/tr>\n<tr>\n<td width=\"302\">\u00d6\u011eRENC\u0130 MEMNUN\u0130YET ANKET\u0130<\/td>\n<td width=\"302\"><a href=\"https:\/\/kalite.ebyu.edu.tr\/wp-content\/uploads\/2023\/03\/Ogrenci-Memnuniyet-Anketi-Ozet-Raporu-2022-2023-Guz01.02.23PDF.pdf\"><img decoding=\"async\" class=\"aligncenter wp-image-3077\" src=\"https:\/\/kalite.ebyu.edu.tr\/wp-content\/uploads\/2023\/07\/pdf-logo.png\" alt=\"\" width=\"60\" height=\"74\" \/><\/a><\/td>\n<\/tr>\n<\/tbody>\n<\/table>\n<p>&nbsp;<\/p>\n<p>&nbsp;<\/p>\n<table>\n<tbody>\n<tr>\n<td colspan=\"2\" width=\"604\">\n<p style=\"text-align: center\"><strong>2021 &#8211; 2022\u00a0 E\u011e\u0130T\u0130M \u00d6\u011eRET\u0130M YILI MEMNUN\u0130YET ANKETLER\u0130 \u00d6ZET RAPORLARI<\/strong><\/p>\n<\/td>\n<\/tr>\n<tr>\n<td width=\"302\">AKADEM\u0130K PERSONEL MEMNUN\u0130YET ANKET\u0130<\/td>\n<td width=\"302\"><a href=\"https:\/\/kalite.ebyu.edu.tr\/wp-content\/uploads\/2022\/04\/Akademik-Personel-Memnuniyet-Anketi-Ozet-Raporu-2021.pdf\"><img decoding=\"async\" class=\"aligncenter wp-image-3077\" src=\"https:\/\/kalite.ebyu.edu.tr\/wp-content\/uploads\/2023\/07\/pdf-logo.png\" alt=\"\" width=\"60\" height=\"74\" \/><\/a><\/td>\n<\/tr>\n<tr>\n<td width=\"302\">\u0130DAR\u0130 PERSONEL MEMNUN\u0130YET ANKET\u0130<\/td>\n<td width=\"302\"><a href=\"https:\/\/kalite.ebyu.edu.tr\/wp-content\/uploads\/2022\/04\/Idari-Personel-Memnuniyet-Anketi-Ozet-Raporu-2021.pdf\"><img decoding=\"async\" class=\"aligncenter wp-image-3077\" src=\"https:\/\/kalite.ebyu.edu.tr\/wp-content\/uploads\/2023\/07\/pdf-logo.png\" alt=\"\" width=\"60\" height=\"74\" \/><\/a><\/td>\n<\/tr>\n<tr>\n<td width=\"302\">\u00d6\u011eRENC\u0130 MEMNUN\u0130YET ANKET\u0130<\/td>\n<td width=\"302\"><a href=\"https:\/\/kalite.ebyu.edu.tr\/wp-content\/uploads\/2022\/04\/Ogrenci-Memnuniyet-Anketi-Ozet-Raporu-2021.pdf\"><img decoding=\"async\" class=\"aligncenter wp-image-3077\" src=\"https:\/\/kalite.ebyu.edu.tr\/wp-content\/uploads\/2023\/07\/pdf-logo.png\" alt=\"\" width=\"60\" height=\"74\" \/><\/a><\/td>\n<\/tr>\n<\/tbody>\n<\/table>\n<p>&nbsp;<\/p>\n<p>&nbsp;<\/p>\n<table>\n<tbody>\n<tr>\n<td colspan=\"2\" width=\"604\">\n<p style=\"text-align: center\"><strong>2020 &#8211; 2021\u00a0 E\u011e\u0130T\u0130M \u00d6\u011eRET\u0130M YILI MEMNUN\u0130YET ANKETLER\u0130 \u00d6ZET RAPORLARI<\/strong><\/p>\n<\/td>\n<\/tr>\n<\/tbody>\n<\/table>\n<table>\n<tbody>\n<tr>\n<td width=\"302\">AKADEM\u0130K PERSONEL MEMNUN\u0130YET ANKET\u0130<\/td>\n<td width=\"302\"><a href=\"https:\/\/kalite.ebyu.edu.tr\/wp-content\/uploads\/2021\/04\/2020-2021-EGITIM-OGRETIM-DONEMI-AKADEMIK-PERSONEL-MEMNUNIYET-ANKETI-SONUCLARI.pdf\"><img decoding=\"async\" class=\"aligncenter wp-image-3077\" src=\"https:\/\/kalite.ebyu.edu.tr\/wp-content\/uploads\/2023\/07\/pdf-logo.png\" alt=\"\" width=\"60\" height=\"74\" \/><\/a><\/td>\n<\/tr>\n<tr>\n<td width=\"302\">\u0130DAR\u0130 PERSONEL MEMNUN\u0130YET ANKET\u0130<\/td>\n<td width=\"302\"><a href=\"https:\/\/kalite.ebyu.edu.tr\/wp-content\/uploads\/2021\/04\/2020-2021-EGITIM-OGRETIM-DONEMI-IDARI-PERSONEL-MEMNUNIYET-ANKETI-SONUCLARI.pdf\"><img decoding=\"async\" class=\"aligncenter wp-image-3077\" src=\"https:\/\/kalite.ebyu.edu.tr\/wp-content\/uploads\/2023\/07\/pdf-logo.png\" alt=\"\" width=\"60\" height=\"74\" \/><\/a><\/td>\n<\/tr>\n<tr>\n<td width=\"302\">\u00d6\u011eRENC\u0130 MEMNUN\u0130YET ANKET\u0130<\/td>\n<td width=\"302\"><a href=\"https:\/\/kalite.ebyu.edu.tr\/wp-content\/uploads\/2021\/04\/2020-2021-EGITIM-OGRETIM-DONEMI-OGRENCI-MEMNUNIYET-ANKETI-SONUCLARI.pdf\"><img decoding=\"async\" class=\"aligncenter wp-image-3077\" src=\"https:\/\/kalite.ebyu.edu.tr\/wp-content\/uploads\/2023\/07\/pdf-logo.png\" alt=\"\" width=\"60\" height=\"74\" \/><\/a><\/td>\n<\/tr>\n<\/tbody>\n<\/table>\n<p>&nbsp;<\/p>\n","protected":false},"excerpt":{"rendered":"<p>2024 &#8211; 2025 E\u011e\u0130T\u0130M \u00d6\u011eRET\u0130M YILI BAHAR D\u00d6NEM\u0130 MEMNUN\u0130YET ANKETLER\u0130 \u00d6ZET RAPORLARI AKADEM\u0130K PERSONEL MEMNUN\u0130YET ANKET\u0130 \u0130DAR\u0130 PERSONEL MEMNUN\u0130YET ANKET\u0130 \u00d6\u011eRENC\u0130 MEMNUN\u0130YET ANKET\u0130 &nbsp; &nbsp; 2024 &#8211; 2025 E\u011e\u0130T\u0130M \u00d6\u011eRET\u0130M YILI G\u00dcZ D\u00d6NEM\u0130 MEMNUN\u0130YET ANKETLER\u0130 \u00d6ZET RAPORLARI AKADEM\u0130K PERSONEL MEMNUN\u0130YET ANKET\u0130 \u0130DAR\u0130 PERSONEL MEMNUN\u0130YET ANKET\u0130 \u00d6\u011eRENC\u0130 MEMNUN\u0130YET ANKET\u0130 &nbsp; 2023 &#8211; 2024 E\u011e\u0130T\u0130M \u00d6\u011eRET\u0130M YILI&hellip; <a class=\"more-link\" href=\"https:\/\/kalite.ebyu.edu.tr\/?page_id=3218\">Okumaya devam et <span class=\"screen-reader-text\">\u0130\u00e7 Payda\u015f Anketi Raporlar\u0131<\/span><\/a><\/p>\n","protected":false},"author":17,"featured_media":0,"parent":0,"menu_order":0,"comment_status":"closed","ping_status":"closed","template":"","meta":{"footnotes":""},"class_list":["post-3218","page","type-page","status-publish","hentry","entry"],"_links":{"self":[{"href":"https:\/\/kalite.ebyu.edu.tr\/index.php?rest_route=\/wp\/v2\/pages\/3218","targetHints":{"allow":["GET"]}}],"collection":[{"href":"https:\/\/kalite.ebyu.edu.tr\/index.php?rest_route=\/wp\/v2\/pages"}],"about":[{"href":"https:\/\/kalite.ebyu.edu.tr\/index.php?rest_route=\/wp\/v2\/types\/page"}],"author":[{"embeddable":true,"href":"https:\/\/kalite.ebyu.edu.tr\/index.php?rest_route=\/wp\/v2\/users\/17"}],"replies":[{"embeddable":true,"href":"https:\/\/kalite.ebyu.edu.tr\/index.php?rest_route=%2Fwp%2Fv2%2Fcomments&post=3218"}],"version-history":[{"count":12,"href":"https:\/\/kalite.ebyu.edu.tr\/index.php?rest_route=\/wp\/v2\/pages\/3218\/revisions"}],"predecessor-version":[{"id":4014,"href":"https:\/\/kalite.ebyu.edu.tr\/index.php?rest_route=\/wp\/v2\/pages\/3218\/revisions\/4014"}],"wp:attachment":[{"href":"https:\/\/kalite.ebyu.edu.tr\/index.php?rest_route=%2Fwp%2Fv2%2Fmedia&parent=3218"}],"curies":[{"name":"wp","href":"https:\/\/api.w.org\/{rel}","templated":true}]}}