{"id":3207,"date":"2023-10-04T11:05:49","date_gmt":"2023-10-04T08:05:49","guid":{"rendered":"https:\/\/kalite.ebyu.edu.tr\/?page_id=3207"},"modified":"2026-04-09T14:57:17","modified_gmt":"2026-04-09T11:57:17","slug":"memnuniyet-anketleri","status":"publish","type":"page","link":"https:\/\/kalite.ebyu.edu.tr\/?page_id=3207","title":{"rendered":"Memnuniyet Anketleri"},"content":{"rendered":"<table>\n<tbody>\n<tr>\n<td width=\"302\">AKADEM\u0130K PERSONEL MEMNUN\u0130YET ANKET\u0130<\/td>\n<td width=\"302\"><a href=\"https:\/\/kalite.ebyu.edu.tr\/wp-content\/uploads\/2026\/04\/AKADEMIK-PERSEONEL-MEMNUNIYET-ANKETI.pdf\"><img decoding=\"async\" class=\"aligncenter wp-image-3077\" src=\"https:\/\/kalite.ebyu.edu.tr\/wp-content\/uploads\/2023\/07\/pdf-logo.png\" alt=\"\" width=\"60\" height=\"74\" \/><\/a><\/td>\n<\/tr>\n<tr>\n<td width=\"302\">\u0130DAR\u0130 PERSONEL MEMNUN\u0130YET ANKET\u0130<\/td>\n<td width=\"302\"><a href=\"https:\/\/kalite.ebyu.edu.tr\/wp-content\/uploads\/2026\/04\/IDARI-PERSONEL-MEMNUNIYET-ANKETI.pdf\"><img decoding=\"async\" class=\"aligncenter wp-image-3077\" src=\"https:\/\/kalite.ebyu.edu.tr\/wp-content\/uploads\/2023\/07\/pdf-logo.png\" alt=\"\" width=\"60\" height=\"74\" \/><\/a><\/td>\n<\/tr>\n<tr>\n<td width=\"302\">\u00d6\u011eRENC\u0130 MEMNUN\u0130YET ANKET\u0130<\/td>\n<td width=\"302\"><a href=\"https:\/\/kalite.ebyu.edu.tr\/wp-content\/uploads\/2026\/04\/OGRENCI-MEMNUNIYET-ANKETI.pdf\"><img decoding=\"async\" class=\"aligncenter wp-image-3077\" src=\"https:\/\/kalite.ebyu.edu.tr\/wp-content\/uploads\/2023\/07\/pdf-logo.png\" alt=\"\" width=\"60\" height=\"74\" \/><\/a><\/td>\n<\/tr>\n<tr>\n<td width=\"302\">\u00d6\u011eRET\u0130M S\u00dcREC\u0130 DE\u011eERLEND\u0130RME ANKET\u0130<\/td>\n<td width=\"302\"><a href=\"https:\/\/kalite.ebyu.edu.tr\/wp-content\/uploads\/2023\/11\/OGRETIM-SURECI-DEGERLENDIRME-ANKETI.pdf\"><img decoding=\"async\" class=\"aligncenter wp-image-3077\" src=\"https:\/\/kalite.ebyu.edu.tr\/wp-content\/uploads\/2023\/07\/pdf-logo.png\" alt=\"\" width=\"60\" height=\"74\" \/><\/a><\/td>\n<\/tr>\n<tr>\n<td width=\"302\">ETK\u0130NL\u0130K DE\u011eERLEND\u0130RME ANKET\u0130<\/td>\n<td width=\"302\"><a href=\"https:\/\/kalite.ebyu.edu.tr\/wp-content\/uploads\/2023\/11\/ETKINLIK-DEGERLENDIRME-ANKETI-BILIMSELETKINLIK-DEGERLENDIRME-ANKETI-KULTUREL-ETKINLIK-DEGERLENDIRME-ANKETI-SOSYAL-ETKINLIK-DEGERLENDIRME-ANKETI.pdf\"><img decoding=\"async\" class=\"aligncenter wp-image-3077\" src=\"https:\/\/kalite.ebyu.edu.tr\/wp-content\/uploads\/2023\/07\/pdf-logo.png\" alt=\"\" width=\"60\" height=\"74\" \/><\/a><\/td>\n<\/tr>\n<tr>\n<td width=\"302\">YEN\u0130 GELEN \u00d6\u011eRENC\u0130 ANKET\u0130<\/td>\n<td width=\"302\"><a href=\"https:\/\/kalite.ebyu.edu.tr\/wp-content\/uploads\/2023\/11\/YENI-GELEN-OGRENCI-ANKETI.pdf\"><img decoding=\"async\" class=\"aligncenter wp-image-3077\" src=\"https:\/\/kalite.ebyu.edu.tr\/wp-content\/uploads\/2023\/07\/pdf-logo.png\" alt=\"\" width=\"60\" height=\"74\" \/><\/a><\/td>\n<\/tr>\n<tr>\n<td width=\"302\">YABANCI UYRUKLU \u00d6\u011eRENC\u0130 MEMNUN\u0130YET ANKET\u0130<\/td>\n<td width=\"302\"><a href=\"https:\/\/kalite.ebyu.edu.tr\/wp-content\/uploads\/2023\/11\/YABANCI-UYRUKLU-OGRENCI-MEMNUNIYET-ANKETI.pdf\"><img decoding=\"async\" class=\"aligncenter wp-image-3077\" src=\"https:\/\/kalite.ebyu.edu.tr\/wp-content\/uploads\/2023\/07\/pdf-logo.png\" alt=\"\" width=\"60\" height=\"74\" \/><\/a><\/td>\n<\/tr>\n<tr>\n<td width=\"302\">K\u00dcT\u00dcPHANE MEMNUN\u0130YET ANKET\u0130<\/td>\n<td width=\"302\"><a href=\"https:\/\/kalite.ebyu.edu.tr\/wp-content\/uploads\/2023\/11\/KUTUPHANE-MEMNUNIYET-ANKETI.pdf\"><img decoding=\"async\" class=\"aligncenter wp-image-3077\" src=\"https:\/\/kalite.ebyu.edu.tr\/wp-content\/uploads\/2023\/07\/pdf-logo.png\" alt=\"\" width=\"60\" height=\"74\" \/><\/a><\/td>\n<\/tr>\n<tr>\n<td width=\"302\">YEMEKHANE MEMNUN\u0130YET ANKET\u0130<\/td>\n<td width=\"302\"><a href=\"https:\/\/kalite.ebyu.edu.tr\/wp-content\/uploads\/2023\/11\/YEMEKHANE-MEMNUNIYET-ANKETI.pdf\"><img decoding=\"async\" class=\"aligncenter wp-image-3077\" src=\"https:\/\/kalite.ebyu.edu.tr\/wp-content\/uploads\/2023\/07\/pdf-logo.png\" alt=\"\" width=\"60\" height=\"74\" \/><\/a><\/td>\n<\/tr>\n<tr>\n<td width=\"302\">ENGELL\u0130 \u00d6\u011eRENC\u0130 MEMNUN\u0130YET ANKET\u0130<\/td>\n<td width=\"302\"><a href=\"https:\/\/kalite.ebyu.edu.tr\/wp-content\/uploads\/2023\/11\/ENGELLI-OGRENCI-MEMNUNIYET-ANKETI.pdf\"><img decoding=\"async\" class=\"aligncenter wp-image-3077\" src=\"https:\/\/kalite.ebyu.edu.tr\/wp-content\/uploads\/2023\/07\/pdf-logo.png\" alt=\"\" width=\"60\" height=\"74\" \/><\/a><\/td>\n<\/tr>\n<tr>\n<td width=\"302\">DANI\u015eMA KURULU MEMNUN\u0130YET ANKET\u0130<\/td>\n<td width=\"302\"><a href=\"https:\/\/kalite.ebyu.edu.tr\/wp-content\/uploads\/2023\/11\/DANISMA-KURULU-ANKETI.pdf\"><img decoding=\"async\" class=\"aligncenter wp-image-3077\" src=\"https:\/\/kalite.ebyu.edu.tr\/wp-content\/uploads\/2023\/07\/pdf-logo.png\" alt=\"\" width=\"60\" height=\"74\" \/><\/a><\/td>\n<\/tr>\n<tr>\n<td width=\"302\">MEZUN MEMNUN\u0130YET ANKET\u0130<\/td>\n<td width=\"302\"><a href=\"https:\/\/kalite.ebyu.edu.tr\/wp-content\/uploads\/2023\/11\/MEZUN-MEMNUNIYET-ANKETI.pdf\"><img decoding=\"async\" class=\"aligncenter wp-image-3077\" src=\"https:\/\/kalite.ebyu.edu.tr\/wp-content\/uploads\/2023\/07\/pdf-logo.png\" alt=\"\" width=\"60\" height=\"74\" \/><\/a><\/td>\n<\/tr>\n<tr>\n<td width=\"302\">YEN\u0130 MEZUN MEMNUN\u0130YET ANKET\u0130<\/td>\n<td width=\"302\"><a href=\"https:\/\/kalite.ebyu.edu.tr\/wp-content\/uploads\/2023\/11\/YENI-MEZUN-MEMNUNIYET-ANKETI.pdf\"><img decoding=\"async\" class=\"aligncenter wp-image-3077\" src=\"https:\/\/kalite.ebyu.edu.tr\/wp-content\/uploads\/2023\/07\/pdf-logo.png\" alt=\"\" width=\"60\" height=\"74\" \/><\/a><\/td>\n<\/tr>\n<tr>\n<td width=\"302\">\u0130\u015eVERENLER\u0130N MEZUNLARIN YETERL\u0130L\u0130KLER\u0130 \u0130LE \u0130LG\u0130L\u0130 MEMNUN\u0130YET ANKET\u0130<\/td>\n<td width=\"302\"><a href=\"https:\/\/kalite.ebyu.edu.tr\/wp-content\/uploads\/2023\/11\/ISVERENLERIN-MEZUNLARIN-YETERLILIKLERI-ILE-ILGILI-MEMNUNIYET-ANKETI.pdf\"><img decoding=\"async\" class=\"aligncenter wp-image-3077\" src=\"https:\/\/kalite.ebyu.edu.tr\/wp-content\/uploads\/2023\/07\/pdf-logo.png\" alt=\"\" width=\"60\" height=\"74\" \/><\/a><\/td>\n<\/tr>\n<\/tbody>\n<\/table>\n","protected":false},"excerpt":{"rendered":"<p>AKADEM\u0130K PERSONEL MEMNUN\u0130YET ANKET\u0130 \u0130DAR\u0130 PERSONEL MEMNUN\u0130YET ANKET\u0130 \u00d6\u011eRENC\u0130 MEMNUN\u0130YET ANKET\u0130 \u00d6\u011eRET\u0130M S\u00dcREC\u0130 DE\u011eERLEND\u0130RME ANKET\u0130 ETK\u0130NL\u0130K DE\u011eERLEND\u0130RME ANKET\u0130 YEN\u0130 GELEN \u00d6\u011eRENC\u0130 ANKET\u0130 YABANCI UYRUKLU \u00d6\u011eRENC\u0130 MEMNUN\u0130YET ANKET\u0130 K\u00dcT\u00dcPHANE MEMNUN\u0130YET ANKET\u0130 YEMEKHANE MEMNUN\u0130YET ANKET\u0130 ENGELL\u0130 \u00d6\u011eRENC\u0130 MEMNUN\u0130YET ANKET\u0130 DANI\u015eMA KURULU MEMNUN\u0130YET ANKET\u0130 MEZUN MEMNUN\u0130YET ANKET\u0130 YEN\u0130 MEZUN MEMNUN\u0130YET ANKET\u0130 \u0130\u015eVERENLER\u0130N MEZUNLARIN YETERL\u0130L\u0130KLER\u0130 \u0130LE \u0130LG\u0130L\u0130 MEMNUN\u0130YET ANKET\u0130<\/p>\n","protected":false},"author":17,"featured_media":0,"parent":0,"menu_order":0,"comment_status":"closed","ping_status":"closed","template":"","meta":{"footnotes":""},"class_list":["post-3207","page","type-page","status-publish","hentry","entry"],"_links":{"self":[{"href":"https:\/\/kalite.ebyu.edu.tr\/index.php?rest_route=\/wp\/v2\/pages\/3207","targetHints":{"allow":["GET"]}}],"collection":[{"href":"https:\/\/kalite.ebyu.edu.tr\/index.php?rest_route=\/wp\/v2\/pages"}],"about":[{"href":"https:\/\/kalite.ebyu.edu.tr\/index.php?rest_route=\/wp\/v2\/types\/page"}],"author":[{"embeddable":true,"href":"https:\/\/kalite.ebyu.edu.tr\/index.php?rest_route=\/wp\/v2\/users\/17"}],"replies":[{"embeddable":true,"href":"https:\/\/kalite.ebyu.edu.tr\/index.php?rest_route=%2Fwp%2Fv2%2Fcomments&post=3207"}],"version-history":[{"count":13,"href":"https:\/\/kalite.ebyu.edu.tr\/index.php?rest_route=\/wp\/v2\/pages\/3207\/revisions"}],"predecessor-version":[{"id":4383,"href":"https:\/\/kalite.ebyu.edu.tr\/index.php?rest_route=\/wp\/v2\/pages\/3207\/revisions\/4383"}],"wp:attachment":[{"href":"https:\/\/kalite.ebyu.edu.tr\/index.php?rest_route=%2Fwp%2Fv2%2Fmedia&parent=3207"}],"curies":[{"name":"wp","href":"https:\/\/api.w.org\/{rel}","templated":true}]}}