{"id":300,"date":"2018-09-02T22:00:16","date_gmt":"2018-09-02T19:00:16","guid":{"rendered":"http:\/\/kalite.ebyu.edu.tr\/?page_id=300"},"modified":"2021-08-26T10:05:00","modified_gmt":"2021-08-26T07:05:00","slug":"kalite-politikasi","status":"publish","type":"page","link":"https:\/\/kalite.ebyu.edu.tr\/?page_id=300","title":{"rendered":"Kurumsal Politikalar"},"content":{"rendered":"<table>\n<tbody>\n<tr>\n<td width=\"415\">Kalite Politikas\u0131<\/td>\n<td width=\"189\"><a href=\"https:\/\/kalite.ebyu.edu.tr\/wp-content\/uploads\/2021\/08\/Kalite-Politikasi-Kurumsal-cerceveli.pdf\"><img decoding=\"async\" class=\"aligncenter wp-image-1101\" src=\"https:\/\/kalite.ebyu.edu.tr\/wp-content\/uploads\/2021\/03\/dddd.png\" alt=\"\" width=\"62\" height=\"76\" \/><\/a><\/td>\n<\/tr>\n<tr>\n<td width=\"415\">E\u011fitim ve \u00d6\u011fretim Politikas\u0131<\/td>\n<td width=\"189\"><a href=\"https:\/\/kalite.ebyu.edu.tr\/wp-content\/uploads\/2021\/04\/EBYU-Egitim-Ogretim-Politikasi-2.pdf\"><img decoding=\"async\" class=\"aligncenter wp-image-1101\" src=\"https:\/\/kalite.ebyu.edu.tr\/wp-content\/uploads\/2021\/03\/dddd.png\" alt=\"\" width=\"62\" height=\"76\" \/><\/a><\/td>\n<\/tr>\n<tr>\n<td width=\"415\">Ara\u015ft\u0131rma ve Geli\u015ftirme Politikas\u0131<\/td>\n<td width=\"189\"><a href=\"https:\/\/kalite.ebyu.edu.tr\/wp-content\/uploads\/2021\/04\/EBYU-Arastirma-Gelistirme-Politikasi-1.pdf\"><img decoding=\"async\" class=\"aligncenter wp-image-1101\" src=\"https:\/\/kalite.ebyu.edu.tr\/wp-content\/uploads\/2021\/03\/dddd.png\" alt=\"\" width=\"62\" height=\"76\" \/><\/a><\/td>\n<\/tr>\n<tr>\n<td width=\"415\">Toplumsal Katk\u0131 Politikas\u0131<\/td>\n<td width=\"189\"><a href=\"https:\/\/kalite.ebyu.edu.tr\/wp-content\/uploads\/2021\/04\/EBYU-Toplumsal-Katki-Politikasi-1.pdf\"><img decoding=\"async\" class=\"aligncenter wp-image-1101\" src=\"https:\/\/kalite.ebyu.edu.tr\/wp-content\/uploads\/2021\/03\/dddd.png\" alt=\"\" width=\"62\" height=\"76\" \/><\/a><\/td>\n<\/tr>\n<tr>\n<td width=\"415\">Y\u00f6netim Sistemi Politikas\u0131<\/td>\n<td width=\"189\"><a href=\"https:\/\/kalite.ebyu.edu.tr\/wp-content\/uploads\/2021\/04\/EBYU-Yonetim-Sistemi-Politikasi-2.pdf\"><img decoding=\"async\" class=\"aligncenter wp-image-1101\" src=\"https:\/\/kalite.ebyu.edu.tr\/wp-content\/uploads\/2021\/03\/dddd.png\" alt=\"\" width=\"62\" height=\"76\" \/><\/a><\/td>\n<\/tr>\n<tr>\n<td width=\"415\">Uluslararas\u0131la\u015fma Politikas\u0131<\/td>\n<td width=\"189\"><a href=\"https:\/\/kalite.ebyu.edu.tr\/wp-content\/uploads\/2021\/04\/EBYU-Uluslararasilasma-Politikasi-1.pdf\"><img decoding=\"async\" class=\"aligncenter wp-image-1101\" src=\"https:\/\/kalite.ebyu.edu.tr\/wp-content\/uploads\/2021\/03\/dddd.png\" alt=\"\" width=\"62\" height=\"76\" \/><\/a><\/td>\n<\/tr>\n<\/tbody>\n<\/table>\n<p>&nbsp;<\/p>\n<p><img fetchpriority=\"high\" decoding=\"async\" class=\"aligncenter size-full wp-image-2257\" src=\"https:\/\/kalite.ebyu.edu.tr\/wp-content\/uploads\/2021\/08\/Kalite-Politikasi-Kurumsal-cerceveli.jpeg\" alt=\"\" width=\"1119\" height=\"1600\" srcset=\"https:\/\/kalite.ebyu.edu.tr\/wp-content\/uploads\/2021\/08\/Kalite-Politikasi-Kurumsal-cerceveli.jpeg 1119w, https:\/\/kalite.ebyu.edu.tr\/wp-content\/uploads\/2021\/08\/Kalite-Politikasi-Kurumsal-cerceveli-210x300.jpeg 210w, https:\/\/kalite.ebyu.edu.tr\/wp-content\/uploads\/2021\/08\/Kalite-Politikasi-Kurumsal-cerceveli-716x1024.jpeg 716w, https:\/\/kalite.ebyu.edu.tr\/wp-content\/uploads\/2021\/08\/Kalite-Politikasi-Kurumsal-cerceveli-768x1098.jpeg 768w, https:\/\/kalite.ebyu.edu.tr\/wp-content\/uploads\/2021\/08\/Kalite-Politikasi-Kurumsal-cerceveli-1074x1536.jpeg 1074w\" sizes=\"(max-width: 1119px) 100vw, 1119px\" \/><\/p>\n","protected":false},"excerpt":{"rendered":"<p>Kalite Politikas\u0131 E\u011fitim ve \u00d6\u011fretim Politikas\u0131 Ara\u015ft\u0131rma ve Geli\u015ftirme Politikas\u0131 Toplumsal Katk\u0131 Politikas\u0131 Y\u00f6netim Sistemi Politikas\u0131 Uluslararas\u0131la\u015fma Politikas\u0131 &nbsp;<\/p>\n","protected":false},"author":14,"featured_media":0,"parent":0,"menu_order":0,"comment_status":"closed","ping_status":"closed","template":"","meta":{"footnotes":""},"class_list":["post-300","page","type-page","status-publish","hentry","entry"],"_links":{"self":[{"href":"https:\/\/kalite.ebyu.edu.tr\/index.php?rest_route=\/wp\/v2\/pages\/300","targetHints":{"allow":["GET"]}}],"collection":[{"href":"https:\/\/kalite.ebyu.edu.tr\/index.php?rest_route=\/wp\/v2\/pages"}],"about":[{"href":"https:\/\/kalite.ebyu.edu.tr\/index.php?rest_route=\/wp\/v2\/types\/page"}],"author":[{"embeddable":true,"href":"https:\/\/kalite.ebyu.edu.tr\/index.php?rest_route=\/wp\/v2\/users\/14"}],"replies":[{"embeddable":true,"href":"https:\/\/kalite.ebyu.edu.tr\/index.php?rest_route=%2Fwp%2Fv2%2Fcomments&post=300"}],"version-history":[{"count":32,"href":"https:\/\/kalite.ebyu.edu.tr\/index.php?rest_route=\/wp\/v2\/pages\/300\/revisions"}],"predecessor-version":[{"id":2262,"href":"https:\/\/kalite.ebyu.edu.tr\/index.php?rest_route=\/wp\/v2\/pages\/300\/revisions\/2262"}],"wp:attachment":[{"href":"https:\/\/kalite.ebyu.edu.tr\/index.php?rest_route=%2Fwp%2Fv2%2Fmedia&parent=300"}],"curies":[{"name":"wp","href":"https:\/\/api.w.org\/{rel}","templated":true}]}}