{"id":296,"date":"2018-09-02T21:58:05","date_gmt":"2018-09-02T18:58:05","guid":{"rendered":"http:\/\/kalite.ebyu.edu.tr\/?page_id=296"},"modified":"2021-06-23T16:06:24","modified_gmt":"2021-06-23T13:06:24","slug":"kurumsal-degerler-2","status":"publish","type":"page","link":"https:\/\/kalite.ebyu.edu.tr\/?page_id=296","title":{"rendered":"Kurumsal De\u011ferler"},"content":{"rendered":"<p style=\"text-align: left\"><strong>\u0130nsana sayg\u0131<\/strong><\/p>\n<p style=\"text-align: left\">Erzincan Binali Y\u0131ld\u0131r\u0131m \u00dcniversitesi payda\u015flar\u0131, birbirlerine ve hizmet sunduklar\u0131 t\u00fcm bireylere kar\u015f\u0131 insan merkezli olarak \u00e7al\u0131\u015fmay\u0131 kendilerine ilke edinirler.<\/p>\n<p>&nbsp;<\/p>\n<p style=\"text-align: left\"><strong>Toplumun sorunlar\u0131na duyarl\u0131l\u0131k<\/strong><\/p>\n<p style=\"text-align: left\">Erzincan Binali Y\u0131ld\u0131r\u0131m \u00dcniversitesi payda\u015flar\u0131, g\u00f6rev alanlar\u0131na g\u00f6re i\u00e7inde ya\u015fad\u0131\u011f\u0131 toplumun, b\u00f6lgenin ve \u00fclkenin toplumsal sorunlar\u0131na en \u00fcst d\u00fczeyde duyarl\u0131d\u0131rlar.<\/p>\n<p>&nbsp;<\/p>\n<p style=\"text-align: left\"><strong>Bilimsel \u00f6zg\u00fcnl\u00fck ve \u00f6zg\u00fcrl\u00fck<\/strong><\/p>\n<p style=\"text-align: left\">Erzincan Binali Y\u0131ld\u0131r\u0131m \u00dcniversitesinin bilim insanlar\u0131, her t\u00fcrl\u00fc akademik etkinliklerinde bilimsel eti\u011fe ba\u011fl\u0131 olarak \u00f6zg\u00fcr bir d\u00fc\u015f\u00fcnce ile b\u00f6lgenin, \u00fclkenin ve insanl\u0131\u011f\u0131n sorunlar\u0131n\u0131 \u00f6zg\u00fcn bir bak\u0131\u015f a\u00e7\u0131s\u0131 ile \u00e7\u00f6zmeyi ilke edinir.<\/p>\n<p>&nbsp;<\/p>\n<p style=\"text-align: left\"><strong>Adalet ve e\u015fitlik<\/strong><\/p>\n<p style=\"text-align: left\">Erzincan Binali Y\u0131ld\u0131r\u0131m \u00dcniversitesi payda\u015flar\u0131, sunduklar\u0131 hizmet alanlar\u0131nda adalet ve e\u015fitlik ilkesine ba\u011fl\u0131 olarak hareket ederler.<\/p>\n<p>&nbsp;<\/p>\n<p style=\"text-align: left\"><strong>M\u00fckemmeli aramak<\/strong><\/p>\n<p style=\"text-align: left\">Erzincan Binali Y\u0131ld\u0131r\u0131m \u00dcniversitesi toplumsal hizmette, bilimsel \u00e7al\u0131\u015fmalarda ve verdi\u011fi e\u011fitimde her zaman m\u00fckemmel olmay\u0131 ama\u00e7lar.<\/p>\n<p>&nbsp;<\/p>\n<p style=\"text-align: left\"><strong>Evrensellik<\/strong><\/p>\n<p style=\"text-align: left\">Erzincan Binali Y\u0131ld\u0131r\u0131m \u00dcniversitesi, \u00f6z\u00fclk\u00fcs\u00fcn\u00fcn bir gere\u011fi olarak bilimde, e\u011fitimde ve toplumsal hizmetlerde evrensel de\u011ferleri esas al\u0131r.<\/p>\n<p>&nbsp;<\/p>\n<p style=\"text-align: left\"><strong>\u00c7evre bilinci<\/strong><\/p>\n<p style=\"text-align: left\">Erzincan Binali Y\u0131ld\u0131r\u0131m \u00dcniversitesi \u00e7al\u0131\u015fanlar\u0131, \u00e7evre ve do\u011fal dengenin korunmas\u0131na y\u00f6nelik olarak \u00fcst d\u00fczeyde duyarl\u0131l\u0131k g\u00f6sterirler.<\/p>\n<p>&nbsp;<\/p>\n<p style=\"text-align: left\"><strong>\u015eeffafl\u0131k<\/strong><\/p>\n<p style=\"text-align: left\">Erzincan Binali Y\u0131ld\u0131r\u0131m \u00dcniversitesi, mevcut durum ve faaliyetleri ile bilginin ula\u015f\u0131labilir, somut ve anla\u015f\u0131labilir olabilmesi i\u00e7in en \u00fcst d\u00fczeyde \u015feffafl\u0131k ilkesine ba\u011fl\u0131 olarak hareket eder.<\/p>\n<p>&nbsp;<\/p>\n<p style=\"text-align: left\"><strong>Verimlilik<\/strong><\/p>\n<p style=\"text-align: left\">Erzincan Binali Y\u0131ld\u0131r\u0131m \u00dcniversitesi, mevcut kaynaklar\u0131n\u0131 \u00e7\u0131kt\u0131ya d\u00f6n\u00fc\u015ft\u00fcrmek i\u00e7in kaynaklar\u0131n\u0131 en uygun olarak kullanacak \u015fekilde maksimum \u00e7\u0131kt\u0131y\u0131 hedeflemektedir.<\/p>\n<p>&nbsp;<\/p>\n<p style=\"text-align: left\"><strong>Kat\u0131l\u0131mc\u0131l\u0131k<\/strong><\/p>\n<p style=\"text-align: left\">Erzincan Binali Y\u0131ld\u0131r\u0131m \u00dcniversitesi, payda\u015flar\u0131n\u0131n bireysel \u00f6zellik ve idealizmlerini koruyarak her kademede y\u00f6netim s\u00fcre\u00e7lerine kat\u0131l\u0131m anlay\u0131\u015f\u0131yla hareket etmektir.<\/p>\n<p style=\"text-align: left\">\n","protected":false},"excerpt":{"rendered":"<p>\u0130nsana sayg\u0131 Erzincan Binali Y\u0131ld\u0131r\u0131m \u00dcniversitesi payda\u015flar\u0131, birbirlerine ve hizmet sunduklar\u0131 t\u00fcm bireylere kar\u015f\u0131 insan merkezli olarak \u00e7al\u0131\u015fmay\u0131 kendilerine ilke edinirler. &nbsp; Toplumun sorunlar\u0131na duyarl\u0131l\u0131k Erzincan Binali Y\u0131ld\u0131r\u0131m \u00dcniversitesi payda\u015flar\u0131, g\u00f6rev alanlar\u0131na g\u00f6re i\u00e7inde ya\u015fad\u0131\u011f\u0131 toplumun, b\u00f6lgenin ve \u00fclkenin toplumsal sorunlar\u0131na en \u00fcst d\u00fczeyde duyarl\u0131d\u0131rlar. &nbsp; Bilimsel \u00f6zg\u00fcnl\u00fck ve \u00f6zg\u00fcrl\u00fck Erzincan Binali Y\u0131ld\u0131r\u0131m \u00dcniversitesinin bilim&hellip; <a class=\"more-link\" href=\"https:\/\/kalite.ebyu.edu.tr\/?page_id=296\">Okumaya devam et <span class=\"screen-reader-text\">Kurumsal De\u011ferler<\/span><\/a><\/p>\n","protected":false},"author":14,"featured_media":0,"parent":0,"menu_order":0,"comment_status":"closed","ping_status":"closed","template":"","meta":{"footnotes":""},"class_list":["post-296","page","type-page","status-publish","hentry","entry"],"_links":{"self":[{"href":"https:\/\/kalite.ebyu.edu.tr\/index.php?rest_route=\/wp\/v2\/pages\/296","targetHints":{"allow":["GET"]}}],"collection":[{"href":"https:\/\/kalite.ebyu.edu.tr\/index.php?rest_route=\/wp\/v2\/pages"}],"about":[{"href":"https:\/\/kalite.ebyu.edu.tr\/index.php?rest_route=\/wp\/v2\/types\/page"}],"author":[{"embeddable":true,"href":"https:\/\/kalite.ebyu.edu.tr\/index.php?rest_route=\/wp\/v2\/users\/14"}],"replies":[{"embeddable":true,"href":"https:\/\/kalite.ebyu.edu.tr\/index.php?rest_route=%2Fwp%2Fv2%2Fcomments&post=296"}],"version-history":[{"count":18,"href":"https:\/\/kalite.ebyu.edu.tr\/index.php?rest_route=\/wp\/v2\/pages\/296\/revisions"}],"predecessor-version":[{"id":1502,"href":"https:\/\/kalite.ebyu.edu.tr\/index.php?rest_route=\/wp\/v2\/pages\/296\/revisions\/1502"}],"wp:attachment":[{"href":"https:\/\/kalite.ebyu.edu.tr\/index.php?rest_route=%2Fwp%2Fv2%2Fmedia&parent=296"}],"curies":[{"name":"wp","href":"https:\/\/api.w.org\/{rel}","templated":true}]}}