{"id":2742,"date":"2022-06-23T12:08:37","date_gmt":"2022-06-23T09:08:37","guid":{"rendered":"https:\/\/kalite.ebyu.edu.tr\/?page_id=2742"},"modified":"2023-08-29T11:25:06","modified_gmt":"2023-08-29T08:25:06","slug":"egitimler","status":"publish","type":"page","link":"https:\/\/kalite.ebyu.edu.tr\/?page_id=2742","title":{"rendered":"E\u011fitimler"},"content":{"rendered":"<p>&nbsp;<\/p>\n<p>&nbsp;<\/p>\n<table>\n<tbody>\n<tr>\n<td width=\"755\"><strong><u><a href=\"https:\/\/semonline.ebyu.edu.tr\/\">Kalite Y\u00f6netim Sistemi E\u011fitimi<\/a><\/u><\/strong><\/td>\n<\/tr>\n<tr>\n<td width=\"755\"><strong><u><a href=\"https:\/\/kalite.ebyu.edu.tr\/?p=2392\">Kurumsal \u0130leti\u015fim E\u011fitimi<\/a><\/u><\/strong><\/td>\n<\/tr>\n<tr>\n<td width=\"755\"><strong><u><a href=\"https:\/\/kalite.ebyu.edu.tr\/?p=2873\">Diksiyon ve Etkili \u0130leti\u015fim E\u011fitimi<\/a><\/u><\/strong><\/td>\n<\/tr>\n<\/tbody>\n<\/table>\n<p>&nbsp;<\/p>\n","protected":false},"excerpt":{"rendered":"<p>&nbsp; &nbsp; Kalite Y\u00f6netim Sistemi E\u011fitimi Kurumsal \u0130leti\u015fim E\u011fitimi Diksiyon ve Etkili \u0130leti\u015fim E\u011fitimi &nbsp;<\/p>\n","protected":false},"author":13,"featured_media":0,"parent":0,"menu_order":0,"comment_status":"closed","ping_status":"closed","template":"","meta":{"footnotes":""},"class_list":["post-2742","page","type-page","status-publish","hentry","entry"],"_links":{"self":[{"href":"https:\/\/kalite.ebyu.edu.tr\/index.php?rest_route=\/wp\/v2\/pages\/2742","targetHints":{"allow":["GET"]}}],"collection":[{"href":"https:\/\/kalite.ebyu.edu.tr\/index.php?rest_route=\/wp\/v2\/pages"}],"about":[{"href":"https:\/\/kalite.ebyu.edu.tr\/index.php?rest_route=\/wp\/v2\/types\/page"}],"author":[{"embeddable":true,"href":"https:\/\/kalite.ebyu.edu.tr\/index.php?rest_route=\/wp\/v2\/users\/13"}],"replies":[{"embeddable":true,"href":"https:\/\/kalite.ebyu.edu.tr\/index.php?rest_route=%2Fwp%2Fv2%2Fcomments&post=2742"}],"version-history":[{"count":5,"href":"https:\/\/kalite.ebyu.edu.tr\/index.php?rest_route=\/wp\/v2\/pages\/2742\/revisions"}],"predecessor-version":[{"id":3172,"href":"https:\/\/kalite.ebyu.edu.tr\/index.php?rest_route=\/wp\/v2\/pages\/2742\/revisions\/3172"}],"wp:attachment":[{"href":"https:\/\/kalite.ebyu.edu.tr\/index.php?rest_route=%2Fwp%2Fv2%2Fmedia&parent=2742"}],"curies":[{"name":"wp","href":"https:\/\/api.w.org\/{rel}","templated":true}]}}