{"id":2634,"date":"2022-04-08T11:19:34","date_gmt":"2022-04-08T08:19:34","guid":{"rendered":"https:\/\/kalite.ebyu.edu.tr\/?page_id=2634"},"modified":"2022-11-21T11:31:07","modified_gmt":"2022-11-21T08:31:07","slug":"ic-paydas-anketi-degerlendirme-raporu-2021","status":"publish","type":"page","link":"https:\/\/kalite.ebyu.edu.tr\/?page_id=2634","title":{"rendered":"\u0130\u00e7 Payda\u015f Anketi De\u011ferlendirme Raporu 2021"},"content":{"rendered":"<table style=\"height: 354px\" width=\"877\">\n<tbody>\n<tr>\n<td width=\"415\">Akademik Personel Memnuniyet Anketi De\u011ferlendirme Raporu<\/td>\n<td width=\"189\"><a href=\"https:\/\/kalite.ebyu.edu.tr\/wp-content\/uploads\/2022\/11\/Akademik-Personel-Memnuniyet-Anket-Degerlendirme-Raporu2021-2022-Egitim-Ogretim-Donemi-1.pdf\"><img decoding=\"async\" class=\"aligncenter wp-image-1101\" src=\"https:\/\/kalite.ebyu.edu.tr\/wp-content\/uploads\/2021\/03\/dddd.png\" alt=\"\" width=\"60\" height=\"73\" \/><\/a><\/td>\n<\/tr>\n<tr>\n<td width=\"415\">\u0130dari Personel Memnuniyet Anketi De\u011ferlendirme Raporu<\/td>\n<td width=\"189\"><a href=\"https:\/\/kalite.ebyu.edu.tr\/wp-content\/uploads\/2022\/11\/Idari-Personel-Memnuniyet-Anketi-Degerlendirme-Raporu-2021-2022-Egitim-Ogretim-Donemi-1.pdf\"><img decoding=\"async\" class=\"aligncenter wp-image-1101\" src=\"https:\/\/kalite.ebyu.edu.tr\/wp-content\/uploads\/2021\/03\/dddd.png\" alt=\"\" width=\"63\" height=\"77\" \/><\/a><\/td>\n<\/tr>\n<tr>\n<td width=\"415\">\u00d6\u011frenci Memnuniyet Anketi De\u011ferlendirme Raporu<\/td>\n<td width=\"189\"><a href=\"https:\/\/kalite.ebyu.edu.tr\/wp-content\/uploads\/2022\/11\/Ogrenci-Memnuniyet-AnketI-Degerlendirme-Raporu-2021-2022-Egitim-Ogretim-Donemi-1.pdf\"><img decoding=\"async\" class=\"aligncenter wp-image-1101\" src=\"https:\/\/kalite.ebyu.edu.tr\/wp-content\/uploads\/2021\/03\/dddd.png\" alt=\"\" width=\"61\" height=\"73\" \/><\/a><\/td>\n<\/tr>\n<\/tbody>\n<\/table>\n","protected":false},"excerpt":{"rendered":"<p>Akademik Personel Memnuniyet Anketi De\u011ferlendirme Raporu \u0130dari Personel Memnuniyet Anketi De\u011ferlendirme Raporu \u00d6\u011frenci Memnuniyet Anketi De\u011ferlendirme Raporu<\/p>\n","protected":false},"author":13,"featured_media":0,"parent":0,"menu_order":0,"comment_status":"closed","ping_status":"closed","template":"","meta":{"footnotes":""},"class_list":["post-2634","page","type-page","status-publish","hentry","entry"],"_links":{"self":[{"href":"https:\/\/kalite.ebyu.edu.tr\/index.php?rest_route=\/wp\/v2\/pages\/2634","targetHints":{"allow":["GET"]}}],"collection":[{"href":"https:\/\/kalite.ebyu.edu.tr\/index.php?rest_route=\/wp\/v2\/pages"}],"about":[{"href":"https:\/\/kalite.ebyu.edu.tr\/index.php?rest_route=\/wp\/v2\/types\/page"}],"author":[{"embeddable":true,"href":"https:\/\/kalite.ebyu.edu.tr\/index.php?rest_route=\/wp\/v2\/users\/13"}],"replies":[{"embeddable":true,"href":"https:\/\/kalite.ebyu.edu.tr\/index.php?rest_route=%2Fwp%2Fv2%2Fcomments&post=2634"}],"version-history":[{"count":8,"href":"https:\/\/kalite.ebyu.edu.tr\/index.php?rest_route=\/wp\/v2\/pages\/2634\/revisions"}],"predecessor-version":[{"id":2847,"href":"https:\/\/kalite.ebyu.edu.tr\/index.php?rest_route=\/wp\/v2\/pages\/2634\/revisions\/2847"}],"wp:attachment":[{"href":"https:\/\/kalite.ebyu.edu.tr\/index.php?rest_route=%2Fwp%2Fv2%2Fmedia&parent=2634"}],"curies":[{"name":"wp","href":"https:\/\/api.w.org\/{rel}","templated":true}]}}