{"id":2615,"date":"2022-04-06T15:48:16","date_gmt":"2022-04-06T12:48:16","guid":{"rendered":"https:\/\/kalite.ebyu.edu.tr\/?page_id=2615"},"modified":"2022-04-06T15:52:03","modified_gmt":"2022-04-06T12:52:03","slug":"yonetim-sistemi-komisyonu","status":"publish","type":"page","link":"https:\/\/kalite.ebyu.edu.tr\/?page_id=2615","title":{"rendered":"Y\u00f6netim Sistemi Komisyonu"},"content":{"rendered":"<table style=\"height: 148px\" width=\"665\">\n<tbody>\n<tr>\n<td width=\"302\">Nam\u0131k Kemal DEVEC\u0130<\/td>\n<td width=\"302\">Strateji Geli\u015ftirme Daire Ba\u015fkan\u0131<\/td>\n<\/tr>\n<tr>\n<td width=\"302\">Aykut G\u00d6KBARLAS<\/td>\n<td width=\"302\">\u00dcye<\/td>\n<\/tr>\n<\/tbody>\n<\/table>\n","protected":false},"excerpt":{"rendered":"<p>Nam\u0131k Kemal DEVEC\u0130 Strateji Geli\u015ftirme Daire Ba\u015fkan\u0131 Aykut G\u00d6KBARLAS \u00dcye<\/p>\n","protected":false},"author":13,"featured_media":0,"parent":0,"menu_order":0,"comment_status":"closed","ping_status":"closed","template":"","meta":{"footnotes":""},"class_list":["post-2615","page","type-page","status-publish","hentry","entry"],"_links":{"self":[{"href":"https:\/\/kalite.ebyu.edu.tr\/index.php?rest_route=\/wp\/v2\/pages\/2615","targetHints":{"allow":["GET"]}}],"collection":[{"href":"https:\/\/kalite.ebyu.edu.tr\/index.php?rest_route=\/wp\/v2\/pages"}],"about":[{"href":"https:\/\/kalite.ebyu.edu.tr\/index.php?rest_route=\/wp\/v2\/types\/page"}],"author":[{"embeddable":true,"href":"https:\/\/kalite.ebyu.edu.tr\/index.php?rest_route=\/wp\/v2\/users\/13"}],"replies":[{"embeddable":true,"href":"https:\/\/kalite.ebyu.edu.tr\/index.php?rest_route=%2Fwp%2Fv2%2Fcomments&post=2615"}],"version-history":[{"count":3,"href":"https:\/\/kalite.ebyu.edu.tr\/index.php?rest_route=\/wp\/v2\/pages\/2615\/revisions"}],"predecessor-version":[{"id":2619,"href":"https:\/\/kalite.ebyu.edu.tr\/index.php?rest_route=\/wp\/v2\/pages\/2615\/revisions\/2619"}],"wp:attachment":[{"href":"https:\/\/kalite.ebyu.edu.tr\/index.php?rest_route=%2Fwp%2Fv2%2Fmedia&parent=2615"}],"curies":[{"name":"wp","href":"https:\/\/api.w.org\/{rel}","templated":true}]}}