{"id":252,"date":"2018-09-02T21:53:25","date_gmt":"2018-09-02T18:53:25","guid":{"rendered":"http:\/\/kalite.ebyu.edu.tr\/?page_id=252"},"modified":"2021-04-05T11:05:03","modified_gmt":"2021-04-05T08:05:03","slug":"tarihce-2","status":"publish","type":"page","link":"https:\/\/kalite.ebyu.edu.tr\/?page_id=252","title":{"rendered":"Tarih\u00e7e"},"content":{"rendered":"<div class=\"fusion-one-half fusion-layout-column fusion-spacing-yes\">\n<div class=\"fusion-column-wrapper\"><\/div>\n<\/div>\n<div class=\"fusion-one-half fusion-layout-column fusion-column-last fusion-spacing-yes\">\n<div class=\"fusion-column-wrapper\">\n<p class=\"et-fb-mce-line-break-holder\"><img fetchpriority=\"high\" decoding=\"async\" class=\"alignnone size-full wp-image-327\" src=\"http:\/\/kalite.ebyu.edu.tr\/wp-content\/uploads\/2018\/09\/Yerle\u015fke.jpg\" alt=\"\" width=\"1920\" height=\"567\" \/><\/p>\n<\/div>\n<\/div>\n<p>&nbsp;<\/p>\n<p>Erzincan \u00dcniversitesinin temelleri, 1976\u2019da Milli E\u011fitim Bakanl\u0131\u011f\u0131na ba\u011fl\u0131 olarak kurulan ve daha sonra 41 say\u0131l\u0131 Kanun H\u00fckm\u00fcnde Kararname ile Atat\u00fcrk \u00dcniversitesine ba\u011flanan Erzincan Meslek Y\u00fcksekokulu ve ayn\u0131 tesis i\u00e7inde (eski E\u011fitim Enstit\u00fcs\u00fc) faaliyet g\u00f6steren Erzincan E\u011fitim Y\u00fcksekokulu ile at\u0131lm\u0131\u015ft\u0131r.<\/p>\n<p>&nbsp;<\/p>\n<p>11.07.1992\u2019de E\u011fitim Y\u00fcksekokulu Erzincan E\u011fitim Fak\u00fcltesine d\u00f6n\u00fc\u015ft\u00fcr\u00fclm\u00fc\u015f ve Atat\u00fcrk \u00dcniversitesi Rekt\u00f6rl\u00fc\u011f\u00fcne ba\u011fl\u0131 olarak ilk\u00f6\u011fretime y\u00f6nelik lisans d\u00fczeyinde \u00f6\u011fretim vermeye devam etmi\u015ftir.<\/p>\n<p>&nbsp;<\/p>\n<p>27.06.1987 tarih ve 3389 say\u0131l\u0131 Kanunla Erzincan Hukuk Fak\u00fcltesi kurulmu\u015ftur. Fak\u00fclte \u00f6\u011fretim faaliyetlerine 1991 y\u0131l\u0131nda Erzincan\u2019da ba\u015flam\u0131\u015f ancak 13 Mart 1992 depremi sonras\u0131nda Ankara \u00dcniversitesi Hukuk Fak\u00fcltesinde \u00f6\u011fretime devam etmek zorunda kalm\u0131\u015ft\u0131r. 1994\u2019te ise tekrar Erzincan\u2019da faaliyetlerine ba\u015flam\u0131\u015ft\u0131r.<\/p>\n<p>&nbsp;<\/p>\n<p>Sa\u011fl\u0131k Y\u00fcksekokulu 2.11.1996 tarihli Resmi Gazete\u2019de yay\u0131nlanan 10.10.1996 tarih ve 8655 say\u0131l\u0131 Bakanlar Kurulu Karar\u0131yla ve Sa\u011fl\u0131k Bakanl\u0131\u011f\u0131 ile Y\u00d6K aras\u0131nda imzalanan 22.11.1996 tarihli i\u015fbirli\u011fi protokol\u00fcyle kurulmu\u015ftur. 1999-2000 \u00f6\u011fretim y\u0131l\u0131nda da ilk \u00f6\u011frencilerini alarak e\u011fitim-\u00f6\u011fretime ba\u015flam\u0131\u015ft\u0131r.<\/p>\n<p>&nbsp;<\/p>\n<p>16.07.2003 tarihli Resmi Gazete\u2019de yay\u0131nlanan Bakanlar Kurulu Karar\u0131yla Fen-Edebiyat Fak\u00fcltesi kurulmu\u015f, 2004-2005 \u00f6\u011fretim y\u0131l\u0131nda da ilk \u00f6\u011frencilerini alm\u0131\u015ft\u0131r.<\/p>\n<p>&nbsp;<\/p>\n<p>1991-2004 y\u0131llar\u0131 aras\u0131nda yine Atat\u00fcrk \u00dcniversitesine ba\u011fl\u0131 olarak Erzincan \u0130lahiyat Meslek Y\u00fcksekokulu ile Refahiye, Tercan ve Kelkit\u2019te Meslek Y\u00fcksekokullar\u0131 a\u00e7\u0131larak \u00f6\u011fretime ba\u015flanm\u0131\u015ft\u0131r.<\/p>\n<p>&nbsp;<\/p>\n<p>Erzincan\u2019\u0131n Kemaliye il\u00e7esinde ise 5.06.1996 y\u0131l\u0131nda F\u0131rat \u00dcniversitesi\u2019ne ba\u011fl\u0131 olarak Kemaliye Hac\u0131 Ali Ak\u0131n Meslek Y\u00fcksekokulu a\u00e7\u0131lm\u0131\u015f, 2006 y\u0131l\u0131na kadar da ayn\u0131 \u00fcniversiteye ba\u011fl\u0131 olarak e\u011fitim-\u00f6\u011fretim faaliyetlerine devam etmi\u015ftir.<\/p>\n<p>&nbsp;<\/p>\n<p>01.03.2006 Tarih ve 5436 Say\u0131l\u0131 Kanunla Erzincan \u00dcniversitesi kurulmu\u015ftur&#8230;<\/p>\n<p>&nbsp;<\/p>\n<p>18 May\u0131s 2018 Tarihli Resmi Gazetede, 7141 Say\u0131l\u0131 Y\u00fcksek\u00f6\u011fretim Kanunu \u0130le Baz\u0131 Kanun Ve Kanun H\u00fckm\u00fcnde Kararnamelerde De\u011fi\u015fiklik Yap\u0131lmas\u0131na Dair Kanun ile yap\u0131lan de\u011fi\u015fiklik ile \u00dcniversitemizin ismi;<\/p>\n<p>&nbsp;<\/p>\n<p>&#8220;Erzincan Binali Y\u0131ld\u0131r\u0131m \u00dcniversitesi&#8221; olarak de\u011fi\u015ftirilmi\u015ftir.<\/p>\n<div class=\"fusion-one-half fusion-layout-column fusion-column-last fusion-spacing-yes\">\n<p>&nbsp;<\/p>\n<h2><\/h2>\n<\/div>\n","protected":false},"excerpt":{"rendered":"<p>&nbsp; Erzincan \u00dcniversitesinin temelleri, 1976\u2019da Milli E\u011fitim Bakanl\u0131\u011f\u0131na ba\u011fl\u0131 olarak kurulan ve daha sonra 41 say\u0131l\u0131 Kanun H\u00fckm\u00fcnde Kararname ile Atat\u00fcrk \u00dcniversitesine ba\u011flanan Erzincan Meslek Y\u00fcksekokulu ve ayn\u0131 tesis i\u00e7inde (eski E\u011fitim Enstit\u00fcs\u00fc) faaliyet g\u00f6steren Erzincan E\u011fitim Y\u00fcksekokulu ile at\u0131lm\u0131\u015ft\u0131r. &nbsp; 11.07.1992\u2019de E\u011fitim Y\u00fcksekokulu Erzincan E\u011fitim Fak\u00fcltesine d\u00f6n\u00fc\u015ft\u00fcr\u00fclm\u00fc\u015f ve Atat\u00fcrk \u00dcniversitesi Rekt\u00f6rl\u00fc\u011f\u00fcne ba\u011fl\u0131 olarak ilk\u00f6\u011fretime&hellip; <a class=\"more-link\" href=\"https:\/\/kalite.ebyu.edu.tr\/?page_id=252\">Okumaya devam et <span class=\"screen-reader-text\">Tarih\u00e7e<\/span><\/a><\/p>\n","protected":false},"author":14,"featured_media":0,"parent":0,"menu_order":0,"comment_status":"closed","ping_status":"closed","template":"","meta":{"footnotes":""},"class_list":["post-252","page","type-page","status-publish","hentry","entry"],"_links":{"self":[{"href":"https:\/\/kalite.ebyu.edu.tr\/index.php?rest_route=\/wp\/v2\/pages\/252","targetHints":{"allow":["GET"]}}],"collection":[{"href":"https:\/\/kalite.ebyu.edu.tr\/index.php?rest_route=\/wp\/v2\/pages"}],"about":[{"href":"https:\/\/kalite.ebyu.edu.tr\/index.php?rest_route=\/wp\/v2\/types\/page"}],"author":[{"embeddable":true,"href":"https:\/\/kalite.ebyu.edu.tr\/index.php?rest_route=\/wp\/v2\/users\/14"}],"replies":[{"embeddable":true,"href":"https:\/\/kalite.ebyu.edu.tr\/index.php?rest_route=%2Fwp%2Fv2%2Fcomments&post=252"}],"version-history":[{"count":23,"href":"https:\/\/kalite.ebyu.edu.tr\/index.php?rest_route=\/wp\/v2\/pages\/252\/revisions"}],"predecessor-version":[{"id":1290,"href":"https:\/\/kalite.ebyu.edu.tr\/index.php?rest_route=\/wp\/v2\/pages\/252\/revisions\/1290"}],"wp:attachment":[{"href":"https:\/\/kalite.ebyu.edu.tr\/index.php?rest_route=%2Fwp%2Fv2%2Fmedia&parent=252"}],"curies":[{"name":"wp","href":"https:\/\/api.w.org\/{rel}","templated":true}]}}