{"id":2512,"date":"2022-03-28T11:39:45","date_gmt":"2022-03-28T08:39:45","guid":{"rendered":"https:\/\/kalite.ebyu.edu.tr\/?page_id=2512"},"modified":"2026-04-09T13:41:22","modified_gmt":"2026-04-09T10:41:22","slug":"ebyu-kalite-ogrenci-toplulugu-yonergesi","status":"publish","type":"page","link":"https:\/\/kalite.ebyu.edu.tr\/?page_id=2512","title":{"rendered":"EBY\u00dc Kalite \u00d6d\u00fclleri"},"content":{"rendered":"<p>&nbsp;<\/p>\n<table>\n<tbody>\n<tr>\n<td width=\"415\">\n<h4><strong>EBY\u00dc Kalite \u00d6d\u00fclleri 2025<\/strong><\/h4>\n<\/td>\n<td width=\"189\"><a href=\"https:\/\/ebyu.edu.tr\/ebyu-de-20-yil-ve-kalite-odulleri-toreni-duzenlendi\/\"><img decoding=\"async\" class=\"aligncenter wp-image-3366\" src=\"https:\/\/kalite.ebyu.edu.tr\/wp-content\/uploads\/2023\/11\/web-ikon.png\" alt=\"\" width=\"67\" height=\"60\" srcset=\"https:\/\/kalite.ebyu.edu.tr\/wp-content\/uploads\/2023\/11\/web-ikon.png 561w, https:\/\/kalite.ebyu.edu.tr\/wp-content\/uploads\/2023\/11\/web-ikon-300x267.png 300w\" sizes=\"(max-width: 67px) 100vw, 67px\" \/><\/a><\/td>\n<\/tr>\n<tr>\n<td width=\"415\">\n<h4><strong>EBY\u00dc Kalite \u00d6d\u00fclleri 2024<\/strong><\/h4>\n<\/td>\n<td width=\"189\"><a href=\"https:\/\/ebyu.edu.tr\/ebyude-kalite-odulleri-ve-yilin-egiticisi-odul-toreni-duzenlendi\/\"><img decoding=\"async\" class=\"aligncenter wp-image-3366\" src=\"https:\/\/kalite.ebyu.edu.tr\/wp-content\/uploads\/2023\/11\/web-ikon.png\" alt=\"\" width=\"67\" height=\"60\" srcset=\"https:\/\/kalite.ebyu.edu.tr\/wp-content\/uploads\/2023\/11\/web-ikon.png 561w, https:\/\/kalite.ebyu.edu.tr\/wp-content\/uploads\/2023\/11\/web-ikon-300x267.png 300w\" sizes=\"(max-width: 67px) 100vw, 67px\" \/><\/a><\/td>\n<\/tr>\n<tr>\n<td width=\"415\">\n<h4><strong>EBY\u00dc Kalite \u00d6d\u00fclleri 2023<\/strong><\/h4>\n<\/td>\n<td width=\"189\"><a href=\"https:\/\/kalite.ebyu.edu.tr\/?p=3329\"><img decoding=\"async\" class=\"aligncenter wp-image-3366\" src=\"https:\/\/kalite.ebyu.edu.tr\/wp-content\/uploads\/2023\/11\/web-ikon.png\" alt=\"\" width=\"67\" height=\"60\" srcset=\"https:\/\/kalite.ebyu.edu.tr\/wp-content\/uploads\/2023\/11\/web-ikon.png 561w, https:\/\/kalite.ebyu.edu.tr\/wp-content\/uploads\/2023\/11\/web-ikon-300x267.png 300w\" sizes=\"(max-width: 67px) 100vw, 67px\" \/><\/a><\/td>\n<\/tr>\n<\/tbody>\n<\/table>\n<p>&nbsp;<\/p>\n<p>&nbsp;<\/p>\n","protected":false},"excerpt":{"rendered":"<p>&nbsp; EBY\u00dc Kalite \u00d6d\u00fclleri 2025 EBY\u00dc Kalite \u00d6d\u00fclleri 2024 EBY\u00dc Kalite \u00d6d\u00fclleri 2023 &nbsp; &nbsp;<\/p>\n","protected":false},"author":13,"featured_media":0,"parent":0,"menu_order":0,"comment_status":"closed","ping_status":"closed","template":"","meta":{"footnotes":""},"class_list":["post-2512","page","type-page","status-publish","hentry","entry"],"_links":{"self":[{"href":"https:\/\/kalite.ebyu.edu.tr\/index.php?rest_route=\/wp\/v2\/pages\/2512","targetHints":{"allow":["GET"]}}],"collection":[{"href":"https:\/\/kalite.ebyu.edu.tr\/index.php?rest_route=\/wp\/v2\/pages"}],"about":[{"href":"https:\/\/kalite.ebyu.edu.tr\/index.php?rest_route=\/wp\/v2\/types\/page"}],"author":[{"embeddable":true,"href":"https:\/\/kalite.ebyu.edu.tr\/index.php?rest_route=\/wp\/v2\/users\/13"}],"replies":[{"embeddable":true,"href":"https:\/\/kalite.ebyu.edu.tr\/index.php?rest_route=%2Fwp%2Fv2%2Fcomments&post=2512"}],"version-history":[{"count":8,"href":"https:\/\/kalite.ebyu.edu.tr\/index.php?rest_route=\/wp\/v2\/pages\/2512\/revisions"}],"predecessor-version":[{"id":4432,"href":"https:\/\/kalite.ebyu.edu.tr\/index.php?rest_route=\/wp\/v2\/pages\/2512\/revisions\/4432"}],"wp:attachment":[{"href":"https:\/\/kalite.ebyu.edu.tr\/index.php?rest_route=%2Fwp%2Fv2%2Fmedia&parent=2512"}],"curies":[{"name":"wp","href":"https:\/\/api.w.org\/{rel}","templated":true}]}}