{"id":250,"date":"2018-09-02T21:27:59","date_gmt":"2018-09-02T18:27:59","guid":{"rendered":"http:\/\/kalite.ebyu.edu.tr\/?page_id=250"},"modified":"2026-03-12T15:02:55","modified_gmt":"2026-03-12T12:02:55","slug":"kidr","status":"publish","type":"page","link":"https:\/\/kalite.ebyu.edu.tr\/?page_id=250","title":{"rendered":"Kurum \u0130\u00e7 De\u011ferlendirme Raporu"},"content":{"rendered":"<table>\n<tbody>\n<tr>\n<td width=\"302\"><strong>2024 K\u0130DR<\/strong><\/td>\n<td width=\"302\"><a href=\"https:\/\/kalite.ebyu.edu.tr\/wp-content\/uploads\/2025\/11\/kidr-1072-2024.pdf\"><img decoding=\"async\" class=\"aligncenter wp-image-2313\" src=\"https:\/\/kalite.ebyu.edu.tr\/wp-content\/uploads\/2021\/08\/egitim-ve-ogretim-politikasi.png\" alt=\"\" width=\"63\" height=\"77\" \/><\/a><\/td>\n<\/tr>\n<tr>\n<td width=\"302\"><strong>2023 K\u0130DR<\/strong><\/td>\n<td width=\"302\"><a href=\"https:\/\/kalite.ebyu.edu.tr\/wp-content\/uploads\/2024\/10\/KIDR-2023-pano-icerik.kapakli.pdf\"><img decoding=\"async\" class=\"aligncenter wp-image-2313\" src=\"https:\/\/kalite.ebyu.edu.tr\/wp-content\/uploads\/2021\/08\/egitim-ve-ogretim-politikasi.png\" alt=\"\" width=\"63\" height=\"77\" \/><\/a><\/td>\n<\/tr>\n<tr>\n<td width=\"302\"><strong>2022 K\u0130DR<\/strong><\/td>\n<td width=\"302\"><a href=\"https:\/\/kalite.ebyu.edu.tr\/wp-content\/uploads\/2023\/07\/KIDR-2022-PG-ekli.pdf\"><img decoding=\"async\" class=\"aligncenter wp-image-2313\" src=\"https:\/\/kalite.ebyu.edu.tr\/wp-content\/uploads\/2021\/08\/egitim-ve-ogretim-politikasi.png\" alt=\"\" width=\"63\" height=\"77\" \/><\/a><\/td>\n<\/tr>\n<tr>\n<td width=\"302\"><strong>2021 K\u0130DR<\/strong><\/td>\n<td width=\"302\"><a href=\"https:\/\/kalite.ebyu.edu.tr\/wp-content\/uploads\/2022\/08\/KIDR-2021-Baski-1.pdf\"><img decoding=\"async\" class=\"aligncenter wp-image-2313\" src=\"https:\/\/kalite.ebyu.edu.tr\/wp-content\/uploads\/2021\/08\/egitim-ve-ogretim-politikasi.png\" alt=\"\" width=\"63\" height=\"77\" \/><\/a><\/td>\n<\/tr>\n<tr>\n<td width=\"302\"><strong>2020 K\u0130DR<\/strong><\/td>\n<td width=\"302\"><a href=\"https:\/\/kalite.ebyu.edu.tr\/wp-content\/uploads\/2023\/06\/EBYU-KIDR-2020-Baski.pdf\"><img decoding=\"async\" class=\"aligncenter wp-image-2313\" src=\"https:\/\/kalite.ebyu.edu.tr\/wp-content\/uploads\/2021\/08\/egitim-ve-ogretim-politikasi.png\" alt=\"\" width=\"63\" height=\"77\" \/><\/a><\/td>\n<\/tr>\n<tr>\n<td width=\"302\"><strong>2019 K\u0130DR<\/strong><\/td>\n<td width=\"302\"><a href=\"https:\/\/kalite.ebyu.edu.tr\/wp-content\/uploads\/2021\/05\/IntrnalReportPublic2019.pdf\"><img decoding=\"async\" class=\"aligncenter wp-image-2313\" src=\"https:\/\/kalite.ebyu.edu.tr\/wp-content\/uploads\/2021\/08\/egitim-ve-ogretim-politikasi.png\" alt=\"\" width=\"63\" height=\"77\" \/><\/a><\/td>\n<\/tr>\n<tr>\n<td width=\"302\"><strong>2018 K\u0130DR<\/strong><\/td>\n<td width=\"302\"><a href=\"https:\/\/kalite.ebyu.edu.tr\/wp-content\/uploads\/2021\/05\/IntrnalReportPublic2018.pdf\"><img decoding=\"async\" class=\"aligncenter wp-image-2313\" src=\"https:\/\/kalite.ebyu.edu.tr\/wp-content\/uploads\/2021\/08\/egitim-ve-ogretim-politikasi.png\" alt=\"\" width=\"63\" height=\"77\" \/><\/a><\/td>\n<\/tr>\n<tr>\n<td width=\"302\"><strong>2017 K\u0130DR<\/strong><\/td>\n<td width=\"302\"><a href=\"https:\/\/kalite.ebyu.edu.tr\/wp-content\/uploads\/2021\/05\/IntrnalReportPublic2017.pdf\"><img decoding=\"async\" class=\"aligncenter wp-image-2313\" src=\"https:\/\/kalite.ebyu.edu.tr\/wp-content\/uploads\/2021\/08\/egitim-ve-ogretim-politikasi.png\" alt=\"\" width=\"63\" height=\"77\" \/><\/a><\/td>\n<\/tr>\n<tr>\n<td width=\"302\"><strong>2016 K\u0130DR<\/strong><\/td>\n<td width=\"302\"><a href=\"https:\/\/kalite.ebyu.edu.tr\/wp-content\/uploads\/2021\/05\/IntrnalReportPublic2016.pdf\"><img decoding=\"async\" class=\"aligncenter wp-image-2313\" src=\"https:\/\/kalite.ebyu.edu.tr\/wp-content\/uploads\/2021\/08\/egitim-ve-ogretim-politikasi.png\" alt=\"\" width=\"63\" height=\"77\" \/><\/a><\/td>\n<\/tr>\n<tr>\n<td width=\"302\"><strong>2015 K\u0130DR<\/strong><\/td>\n<td width=\"302\"><a href=\"https:\/\/kalite.ebyu.edu.tr\/wp-content\/uploads\/2021\/05\/IntrnalReportPublic2015.pdf\"><img decoding=\"async\" class=\"aligncenter wp-image-2313\" src=\"https:\/\/kalite.ebyu.edu.tr\/wp-content\/uploads\/2021\/08\/egitim-ve-ogretim-politikasi.png\" alt=\"\" width=\"63\" height=\"77\" \/><\/a><\/td>\n<\/tr>\n<\/tbody>\n<\/table>\n<p>&nbsp;<\/p>\n","protected":false},"excerpt":{"rendered":"<p>2024 K\u0130DR 2023 K\u0130DR 2022 K\u0130DR 2021 K\u0130DR 2020 K\u0130DR 2019 K\u0130DR 2018 K\u0130DR 2017 K\u0130DR 2016 K\u0130DR 2015 K\u0130DR &nbsp;<\/p>\n","protected":false},"author":14,"featured_media":0,"parent":0,"menu_order":0,"comment_status":"closed","ping_status":"closed","template":"","meta":{"footnotes":""},"class_list":["post-250","page","type-page","status-publish","hentry","entry"],"_links":{"self":[{"href":"https:\/\/kalite.ebyu.edu.tr\/index.php?rest_route=\/wp\/v2\/pages\/250","targetHints":{"allow":["GET"]}}],"collection":[{"href":"https:\/\/kalite.ebyu.edu.tr\/index.php?rest_route=\/wp\/v2\/pages"}],"about":[{"href":"https:\/\/kalite.ebyu.edu.tr\/index.php?rest_route=\/wp\/v2\/types\/page"}],"author":[{"embeddable":true,"href":"https:\/\/kalite.ebyu.edu.tr\/index.php?rest_route=\/wp\/v2\/users\/14"}],"replies":[{"embeddable":true,"href":"https:\/\/kalite.ebyu.edu.tr\/index.php?rest_route=%2Fwp%2Fv2%2Fcomments&post=250"}],"version-history":[{"count":28,"href":"https:\/\/kalite.ebyu.edu.tr\/index.php?rest_route=\/wp\/v2\/pages\/250\/revisions"}],"predecessor-version":[{"id":4269,"href":"https:\/\/kalite.ebyu.edu.tr\/index.php?rest_route=\/wp\/v2\/pages\/250\/revisions\/4269"}],"wp:attachment":[{"href":"https:\/\/kalite.ebyu.edu.tr\/index.php?rest_route=%2Fwp%2Fv2%2Fmedia&parent=250"}],"curies":[{"name":"wp","href":"https:\/\/api.w.org\/{rel}","templated":true}]}}