{"id":246,"date":"2018-09-02T21:26:36","date_gmt":"2018-09-02T18:26:36","guid":{"rendered":"http:\/\/kalite.ebyu.edu.tr\/?page_id=246"},"modified":"2026-03-18T14:08:37","modified_gmt":"2026-03-18T11:08:37","slug":"stratejik-planlar","status":"publish","type":"page","link":"https:\/\/kalite.ebyu.edu.tr\/?page_id=246","title":{"rendered":"Stratejik Plan"},"content":{"rendered":"<table>\n<tbody>\n<tr>\n<td width=\"302\">\n<h4><strong>2025-2029 Stratejik Plan\u0131<\/strong><\/h4>\n<\/td>\n<td width=\"302\">\n<h4><a href=\"https:\/\/kalite.ebyu.edu.tr\/wp-content\/uploads\/2026\/03\/Erzincan-Binali-Yildirim-Universitesi-2025-2029-Donemi-Stratejik-Plani.pdf\"><img decoding=\"async\" class=\"aligncenter wp-image-1101\" src=\"https:\/\/kalite.ebyu.edu.tr\/wp-content\/uploads\/2021\/03\/dddd.png\" alt=\"\" width=\"53\" height=\"66\" \/><\/a><\/h4>\n<\/td>\n<\/tr>\n<tr>\n<td width=\"302\">\n<h4><strong>2020-2024 Stratejik Plan\u0131<\/strong><\/h4>\n<\/td>\n<td width=\"302\">\n<h4><a href=\"https:\/\/strateji.ebyu.edu.tr\/wp-content\/uploads\/2019\/12\/Erzincan-Binali-Y%C4%B1ld%C4%B1r%C4%B1m-%C3%9Cniversitesi-2020-2024-Stratejik-Plan%C4%B1.pdf\"><img decoding=\"async\" class=\"aligncenter wp-image-1101\" src=\"https:\/\/kalite.ebyu.edu.tr\/wp-content\/uploads\/2021\/03\/dddd.png\" alt=\"\" width=\"53\" height=\"66\" \/><\/a><\/h4>\n<\/td>\n<\/tr>\n<tr>\n<td width=\"302\">\n<h4><strong>2015-2019 Stratejik Plan\u0131<\/strong><\/h4>\n<\/td>\n<td width=\"302\">\n<h4><a href=\"https:\/\/strateji.ebyu.edu.tr\/wp-content\/uploads\/2015\/06\/Stratejik-Plan2015-2019.pdf\"><img decoding=\"async\" class=\"aligncenter wp-image-1101\" src=\"https:\/\/kalite.ebyu.edu.tr\/wp-content\/uploads\/2021\/03\/dddd.png\" alt=\"\" width=\"53\" height=\"66\" \/><\/a><\/h4>\n<\/td>\n<\/tr>\n<tr>\n<td width=\"302\">\n<h4><strong>2010-2014 Stratejik Plan\u0131<\/strong><\/h4>\n<\/td>\n<td width=\"302\">\n<h4><a href=\"https:\/\/strateji.ebyu.edu.tr\/wp-content\/uploads\/2017\/01\/2010-2014-Y%C4%B1llar%C4%B1-Stratejik-Plan%C4%B1.pdf\"><img decoding=\"async\" class=\"aligncenter wp-image-1101\" src=\"https:\/\/kalite.ebyu.edu.tr\/wp-content\/uploads\/2021\/03\/dddd.png\" alt=\"\" width=\"53\" height=\"66\" \/><\/a><\/h4>\n<\/td>\n<\/tr>\n<\/tbody>\n<\/table>\n<p>&nbsp;<\/p>\n<p>&nbsp;<\/p>\n","protected":false},"excerpt":{"rendered":"<p>2025-2029 Stratejik Plan\u0131 2020-2024 Stratejik Plan\u0131 2015-2019 Stratejik Plan\u0131 2010-2014 Stratejik Plan\u0131 &nbsp; &nbsp;<\/p>\n","protected":false},"author":14,"featured_media":0,"parent":0,"menu_order":0,"comment_status":"closed","ping_status":"closed","template":"","meta":{"footnotes":""},"class_list":["post-246","page","type-page","status-publish","hentry","entry"],"_links":{"self":[{"href":"https:\/\/kalite.ebyu.edu.tr\/index.php?rest_route=\/wp\/v2\/pages\/246","targetHints":{"allow":["GET"]}}],"collection":[{"href":"https:\/\/kalite.ebyu.edu.tr\/index.php?rest_route=\/wp\/v2\/pages"}],"about":[{"href":"https:\/\/kalite.ebyu.edu.tr\/index.php?rest_route=\/wp\/v2\/types\/page"}],"author":[{"embeddable":true,"href":"https:\/\/kalite.ebyu.edu.tr\/index.php?rest_route=\/wp\/v2\/users\/14"}],"replies":[{"embeddable":true,"href":"https:\/\/kalite.ebyu.edu.tr\/index.php?rest_route=%2Fwp%2Fv2%2Fcomments&post=246"}],"version-history":[{"count":15,"href":"https:\/\/kalite.ebyu.edu.tr\/index.php?rest_route=\/wp\/v2\/pages\/246\/revisions"}],"predecessor-version":[{"id":4287,"href":"https:\/\/kalite.ebyu.edu.tr\/index.php?rest_route=\/wp\/v2\/pages\/246\/revisions\/4287"}],"wp:attachment":[{"href":"https:\/\/kalite.ebyu.edu.tr\/index.php?rest_route=%2Fwp%2Fv2%2Fmedia&parent=246"}],"curies":[{"name":"wp","href":"https:\/\/api.w.org\/{rel}","templated":true}]}}