{"id":232,"date":"2018-09-02T21:19:20","date_gmt":"2018-09-02T18:19:20","guid":{"rendered":"http:\/\/kalite.ebyu.edu.tr\/?page_id=232"},"modified":"2025-10-14T14:18:49","modified_gmt":"2025-10-14T11:18:49","slug":"komisyon-uyeleri","status":"publish","type":"page","link":"https:\/\/kalite.ebyu.edu.tr\/?page_id=232","title":{"rendered":"Kalite Koordinat\u00f6rl\u00fc\u011f\u00fc"},"content":{"rendered":"<table style=\"height: 415px\" width=\"1166\">\n<tbody>\n<tr>\n<td colspan=\"3\" width=\"605\">\n<h3><strong>Koordinat\u00f6r <\/strong><\/h3>\n<\/td>\n<\/tr>\n<tr>\n<td rowspan=\"6\" width=\"154\"><img fetchpriority=\"high\" decoding=\"async\" class=\"aligncenter size-full wp-image-2773\" src=\"https:\/\/kalite.ebyu.edu.tr\/wp-content\/uploads\/2022\/07\/ercan-hoca.jpeg\" alt=\"\" width=\"299\" height=\"299\" srcset=\"https:\/\/kalite.ebyu.edu.tr\/wp-content\/uploads\/2022\/07\/ercan-hoca.jpeg 299w, https:\/\/kalite.ebyu.edu.tr\/wp-content\/uploads\/2022\/07\/ercan-hoca-150x150.jpeg 150w\" sizes=\"(max-width: 299px) 100vw, 299px\" \/><\/td>\n<td colspan=\"2\" width=\"450\"><strong>Prof. Dr. Ali Ercan EK\u0130NC\u0130<\/strong><\/td>\n<\/tr>\n<tr>\n<td width=\"34\"><img decoding=\"async\" class=\"aligncenter wp-image-1024\" src=\"https:\/\/kalite.ebyu.edu.tr\/wp-content\/uploads\/2021\/03\/organizasyon-fff.png\" alt=\"\" width=\"48\" height=\"43\" \/><\/td>\n<td width=\"416\">Fizik B\u00f6l\u00fcm\u00fc, Fen Edebiyat Fak\u00fcltesi<\/td>\n<\/tr>\n<tr>\n<td width=\"34\"><img decoding=\"async\" class=\"aligncenter size-full wp-image-1026\" src=\"https:\/\/kalite.ebyu.edu.tr\/wp-content\/uploads\/2021\/03\/mektup.png\" alt=\"\" width=\"30\" height=\"28\" \/><\/td>\n<td width=\"416\"><span style=\"color: #3366ff\"><a style=\"color: #3366ff\" href=\"mailto:aeekinci@erzincan.edu.tr\">aeekinci@erzincan.edu.tr<\/a><\/span><\/td>\n<\/tr>\n<tr>\n<td width=\"34\"><img loading=\"lazy\" decoding=\"async\" class=\"aligncenter size-full wp-image-1027\" src=\"https:\/\/kalite.ebyu.edu.tr\/wp-content\/uploads\/2021\/03\/whatsup.png\" alt=\"\" width=\"32\" height=\"31\" \/><\/td>\n<td width=\"416\">+90 446 226 66 61<\/td>\n<\/tr>\n<tr>\n<td width=\"34\"><img loading=\"lazy\" decoding=\"async\" class=\"aligncenter size-full wp-image-1028\" src=\"https:\/\/kalite.ebyu.edu.tr\/wp-content\/uploads\/2021\/03\/gggg.png\" alt=\"\" width=\"34\" height=\"32\" \/><\/td>\n<td width=\"416\">EBY\u00dc, Rekt\u00f6rl\u00fck, Yaln\u0131zba\u011f Yerle\u015fkesi, Erzincan<\/td>\n<\/tr>\n<tr>\n<td colspan=\"2\" width=\"450\"><span style=\"color: #3366ff\"><a style=\"color: #3366ff\" href=\"https:\/\/avesis.ebyu.edu.tr\/aeekinci\"><strong>Ki\u015fisel Sayfas\u0131<\/strong><\/a><\/span><\/td>\n<\/tr>\n<\/tbody>\n<\/table>\n<hr \/>\n<table style=\"height: 447px\" width=\"1166\">\n<tbody>\n<tr>\n<td colspan=\"3\" width=\"604\">\n<h4><strong>Koordinat\u00f6r Yard\u0131mc\u0131s\u0131<\/strong><\/h4>\n<\/td>\n<\/tr>\n<tr>\n<td rowspan=\"6\" width=\"113\"><img loading=\"lazy\" decoding=\"async\" class=\"aligncenter size-full wp-image-2777\" src=\"https:\/\/kalite.ebyu.edu.tr\/wp-content\/uploads\/2022\/07\/kursat-hoca.jpeg\" alt=\"\" width=\"1200\" height=\"1600\" srcset=\"https:\/\/kalite.ebyu.edu.tr\/wp-content\/uploads\/2022\/07\/kursat-hoca.jpeg 1200w, https:\/\/kalite.ebyu.edu.tr\/wp-content\/uploads\/2022\/07\/kursat-hoca-225x300.jpeg 225w, https:\/\/kalite.ebyu.edu.tr\/wp-content\/uploads\/2022\/07\/kursat-hoca-768x1024.jpeg 768w, https:\/\/kalite.ebyu.edu.tr\/wp-content\/uploads\/2022\/07\/kursat-hoca-1152x1536.jpeg 1152w\" sizes=\"(max-width: 1200px) 100vw, 1200px\" \/><\/td>\n<td colspan=\"2\" width=\"491\"><strong>Dr. \u00d6\u011fr. \u00dcyesi M. K\u00fcr\u015fat \u00d6KS\u00dcZ<\/strong><\/td>\n<\/tr>\n<tr>\n<td width=\"28\"><img loading=\"lazy\" decoding=\"async\" class=\"aligncenter size-full wp-image-1033\" src=\"https:\/\/kalite.ebyu.edu.tr\/wp-content\/uploads\/2021\/03\/organizasyon-fff-1.png\" alt=\"\" width=\"29\" height=\"25\" \/><\/td>\n<td width=\"463\">Bilgisayar M\u00fchendisli\u011fi B\u00f6l\u00fcm\u00fc, M\u00fchendislik Fak\u00fcltesi<\/td>\n<\/tr>\n<tr>\n<td width=\"28\"><img loading=\"lazy\" decoding=\"async\" class=\"aligncenter size-full wp-image-1034\" src=\"https:\/\/kalite.ebyu.edu.tr\/wp-content\/uploads\/2021\/03\/mektup-1.png\" alt=\"\" width=\"30\" height=\"28\" \/><\/td>\n<td width=\"463\"><span style=\"color: #3366ff\"><a style=\"color: #3366ff\" href=\"mailto:mkoksuz@erzincan.edu.tr\">mkoksuz@erzincan.edu.tr<\/a><\/span><\/td>\n<\/tr>\n<tr>\n<td width=\"28\"><img loading=\"lazy\" decoding=\"async\" class=\"aligncenter size-full wp-image-1035\" src=\"https:\/\/kalite.ebyu.edu.tr\/wp-content\/uploads\/2021\/03\/whatsup-1.png\" alt=\"\" width=\"32\" height=\"31\" \/><\/td>\n<td width=\"463\">+90 446 226 66 61 \u2013 101 52<\/td>\n<\/tr>\n<tr>\n<td width=\"28\"><img loading=\"lazy\" decoding=\"async\" class=\"aligncenter size-full wp-image-1036\" src=\"https:\/\/kalite.ebyu.edu.tr\/wp-content\/uploads\/2021\/03\/gggg-1.png\" alt=\"\" width=\"34\" height=\"32\" \/><\/td>\n<td width=\"463\">EBY\u00dc, Rekt\u00f6rl\u00fck, Yaln\u0131zba\u011f Yerle\u015fkesi, Erzincan<\/td>\n<\/tr>\n<tr>\n<td colspan=\"2\" width=\"491\"><span style=\"color: #3366ff\"><a style=\"color: #3366ff\" href=\"https:\/\/avesis.ebyu.edu.tr\/mkoksuz\"><strong>Ki\u015fisel Sayfas\u0131<\/strong><\/a><\/span><\/td>\n<\/tr>\n<\/tbody>\n<\/table>\n<table style=\"height: 478px\" width=\"1162\">\n<tbody>\n<tr>\n<td colspan=\"3\" width=\"604\">\n<h4><strong>Uzman \u00dcye<\/strong><\/h4>\n<\/td>\n<\/tr>\n<tr>\n<td rowspan=\"6\" width=\"113\"><img loading=\"lazy\" decoding=\"async\" class=\"aligncenter size-full wp-image-3439\" src=\"https:\/\/kalite.ebyu.edu.tr\/wp-content\/uploads\/2023\/11\/gulsum-hoca-fotograf1.jpeg\" alt=\"\" width=\"1438\" height=\"2048\" srcset=\"https:\/\/kalite.ebyu.edu.tr\/wp-content\/uploads\/2023\/11\/gulsum-hoca-fotograf1.jpeg 1438w, https:\/\/kalite.ebyu.edu.tr\/wp-content\/uploads\/2023\/11\/gulsum-hoca-fotograf1-211x300.jpeg 211w, https:\/\/kalite.ebyu.edu.tr\/wp-content\/uploads\/2023\/11\/gulsum-hoca-fotograf1-719x1024.jpeg 719w, https:\/\/kalite.ebyu.edu.tr\/wp-content\/uploads\/2023\/11\/gulsum-hoca-fotograf1-768x1094.jpeg 768w, https:\/\/kalite.ebyu.edu.tr\/wp-content\/uploads\/2023\/11\/gulsum-hoca-fotograf1-1079x1536.jpeg 1079w\" sizes=\"(max-width: 1438px) 100vw, 1438px\" \/><\/td>\n<td colspan=\"2\" width=\"491\"><strong>Do\u00e7. Dr. G\u00fcls\u00fcn AYRAN\u00a0<\/strong><\/td>\n<\/tr>\n<tr>\n<td width=\"28\"><img loading=\"lazy\" decoding=\"async\" class=\"aligncenter size-full wp-image-1033\" src=\"https:\/\/kalite.ebyu.edu.tr\/wp-content\/uploads\/2021\/03\/organizasyon-fff-1.png\" alt=\"\" width=\"29\" height=\"25\" \/><\/td>\n<td width=\"463\">Sa\u011fl\u0131k Bilimleri Fak\u00fcltesi, Hem\u015firelik B\u00f6l\u00fcm\u00fc<\/td>\n<\/tr>\n<tr>\n<td width=\"28\"><img loading=\"lazy\" decoding=\"async\" class=\"aligncenter size-full wp-image-1034\" src=\"https:\/\/kalite.ebyu.edu.tr\/wp-content\/uploads\/2021\/03\/mektup-1.png\" alt=\"\" width=\"30\" height=\"28\" \/><\/td>\n<td width=\"463\">gayran@erzincan.edu.tr<\/td>\n<\/tr>\n<tr>\n<td width=\"28\"><img loading=\"lazy\" decoding=\"async\" class=\"aligncenter size-full wp-image-1035\" src=\"https:\/\/kalite.ebyu.edu.tr\/wp-content\/uploads\/2021\/03\/whatsup-1.png\" alt=\"\" width=\"32\" height=\"31\" \/><\/td>\n<td width=\"463\">+90 446 226 66 61 \u2013 101 52<\/td>\n<\/tr>\n<tr>\n<td width=\"28\"><img loading=\"lazy\" decoding=\"async\" class=\"aligncenter size-full wp-image-1036\" src=\"https:\/\/kalite.ebyu.edu.tr\/wp-content\/uploads\/2021\/03\/gggg-1.png\" alt=\"\" width=\"34\" height=\"32\" \/><\/td>\n<td width=\"463\">EBY\u00dc, Rekt\u00f6rl\u00fck, Yaln\u0131zba\u011f Yerle\u015fkesi, Erzincan<\/td>\n<\/tr>\n<tr>\n<td colspan=\"2\" width=\"491\"><a href=\"https:\/\/avesis.ebyu.edu.tr\/gayran\"><span style=\"color: #3366ff\"><strong>Ki\u015fisel Sayfas\u0131<\/strong><\/span><\/a><\/td>\n<\/tr>\n<\/tbody>\n<\/table>\n<p>&nbsp;<\/p>\n<table style=\"height: 456px\" width=\"1159\">\n<tbody>\n<tr>\n<td colspan=\"3\" width=\"604\">\n<h4><strong>Uzman \u00dcye<\/strong><\/h4>\n<\/td>\n<\/tr>\n<tr>\n<td rowspan=\"6\" width=\"113\"><img loading=\"lazy\" decoding=\"async\" class=\"aligncenter size-full wp-image-2659\" src=\"https:\/\/kalite.ebyu.edu.tr\/wp-content\/uploads\/2022\/06\/vb-2.jpg\" alt=\"\" width=\"664\" height=\"694\" srcset=\"https:\/\/kalite.ebyu.edu.tr\/wp-content\/uploads\/2022\/06\/vb-2.jpg 664w, https:\/\/kalite.ebyu.edu.tr\/wp-content\/uploads\/2022\/06\/vb-2-287x300.jpg 287w\" sizes=\"(max-width: 664px) 100vw, 664px\" \/><\/td>\n<td colspan=\"2\" width=\"491\"><strong>Dr. \u00d6\u011fr. \u00dcyesi Y. Volkan BAYSAL<\/strong><\/td>\n<\/tr>\n<tr>\n<td width=\"28\"><img loading=\"lazy\" decoding=\"async\" class=\"aligncenter size-full wp-image-1033\" src=\"https:\/\/kalite.ebyu.edu.tr\/wp-content\/uploads\/2021\/03\/organizasyon-fff-1.png\" alt=\"\" width=\"29\" height=\"25\" \/><\/td>\n<td width=\"463\">Kalite Koordinat\u00f6rl\u00fc\u011f\u00fc<\/td>\n<\/tr>\n<tr>\n<td width=\"28\"><img loading=\"lazy\" decoding=\"async\" class=\"aligncenter size-full wp-image-1034\" src=\"https:\/\/kalite.ebyu.edu.tr\/wp-content\/uploads\/2021\/03\/mektup-1.png\" alt=\"\" width=\"30\" height=\"28\" \/><\/td>\n<td width=\"463\">\u00a0<a href=\"mailto:aeekinci@erzincan.edu.tr\">yvolkan.baysal@erzincan.edu.tr\u00a0<\/a><\/td>\n<\/tr>\n<tr>\n<td width=\"28\"><img loading=\"lazy\" decoding=\"async\" class=\"aligncenter size-full wp-image-1035\" src=\"https:\/\/kalite.ebyu.edu.tr\/wp-content\/uploads\/2021\/03\/whatsup-1.png\" alt=\"\" width=\"32\" height=\"31\" \/><\/td>\n<td width=\"463\">+90 446 226 66 61 \u2013 101 52<\/td>\n<\/tr>\n<tr>\n<td width=\"28\"><img loading=\"lazy\" decoding=\"async\" class=\"aligncenter size-full wp-image-1036\" src=\"https:\/\/kalite.ebyu.edu.tr\/wp-content\/uploads\/2021\/03\/gggg-1.png\" alt=\"\" width=\"34\" height=\"32\" \/><\/td>\n<td width=\"463\">EBY\u00dc, Rekt\u00f6rl\u00fck, Yaln\u0131zba\u011f Yerle\u015fkesi, Erzincan<\/td>\n<\/tr>\n<tr>\n<td colspan=\"2\" width=\"491\"><a href=\"https:\/\/avesis.ebyu.edu.tr\/nursel.kuyrukluyildiz\"><span style=\"color: #3366ff\"><strong>Ki\u015fisel Sayfas\u0131\u00a0<\/strong><\/span><\/a><\/td>\n<\/tr>\n<\/tbody>\n<\/table>\n<table width=\"1166\">\n<tbody>\n<tr>\n<td colspan=\"3\" width=\"604\">\n<h4><strong>Uzman \u00dcye<\/strong><\/h4>\n<\/td>\n<\/tr>\n<\/tbody>\n<\/table>\n<table style=\"height: 456px\" width=\"1159\">\n<tbody>\n<tr>\n<td colspan=\"3\" width=\"604\"><\/td>\n<\/tr>\n<tr>\n<td rowspan=\"6\" width=\"113\"><img loading=\"lazy\" decoding=\"async\" class=\"aligncenter size-full wp-image-2776\" src=\"https:\/\/kalite.ebyu.edu.tr\/wp-content\/uploads\/2022\/07\/nursel-hoca.jpeg\" alt=\"\" width=\"1200\" height=\"1600\" srcset=\"https:\/\/kalite.ebyu.edu.tr\/wp-content\/uploads\/2022\/07\/nursel-hoca.jpeg 1200w, https:\/\/kalite.ebyu.edu.tr\/wp-content\/uploads\/2022\/07\/nursel-hoca-225x300.jpeg 225w, https:\/\/kalite.ebyu.edu.tr\/wp-content\/uploads\/2022\/07\/nursel-hoca-768x1024.jpeg 768w, https:\/\/kalite.ebyu.edu.tr\/wp-content\/uploads\/2022\/07\/nursel-hoca-1152x1536.jpeg 1152w\" sizes=\"(max-width: 1200px) 100vw, 1200px\" \/><\/td>\n<td colspan=\"2\" width=\"491\"><strong>\u00d6\u011fr. G\u00f6r. Nursel KUYRUKLUYILDIZ<\/strong><\/td>\n<\/tr>\n<tr>\n<td width=\"28\"><img loading=\"lazy\" decoding=\"async\" class=\"aligncenter size-full wp-image-1033\" src=\"https:\/\/kalite.ebyu.edu.tr\/wp-content\/uploads\/2021\/03\/organizasyon-fff-1.png\" alt=\"\" width=\"29\" height=\"25\" \/><\/td>\n<td width=\"463\">Kalite Koordinat\u00f6rl\u00fc\u011f\u00fc<\/td>\n<\/tr>\n<tr>\n<td width=\"28\"><img loading=\"lazy\" decoding=\"async\" class=\"aligncenter size-full wp-image-1034\" src=\"https:\/\/kalite.ebyu.edu.tr\/wp-content\/uploads\/2021\/03\/mektup-1.png\" alt=\"\" width=\"30\" height=\"28\" \/><\/td>\n<td width=\"463\">\u00a0<span style=\"color: #3366ff\"><a style=\"color: #3366ff\" href=\"mailto:nkuyrukluyildiz@erzincan.edu.tr\">nursel.kuyrukluyildiz@erzincan.edu.tr<\/a><\/span><\/td>\n<\/tr>\n<tr>\n<td width=\"28\"><img loading=\"lazy\" decoding=\"async\" class=\"aligncenter size-full wp-image-1035\" src=\"https:\/\/kalite.ebyu.edu.tr\/wp-content\/uploads\/2021\/03\/whatsup-1.png\" alt=\"\" width=\"32\" height=\"31\" \/><\/td>\n<td width=\"463\">+90 446 226 66 61 \u2013 101 53<\/td>\n<\/tr>\n<tr>\n<td width=\"28\"><img loading=\"lazy\" decoding=\"async\" class=\"aligncenter size-full wp-image-1036\" src=\"https:\/\/kalite.ebyu.edu.tr\/wp-content\/uploads\/2021\/03\/gggg-1.png\" alt=\"\" width=\"34\" height=\"32\" \/><\/td>\n<td width=\"463\">EBY\u00dc, Rekt\u00f6rl\u00fck, Yaln\u0131zba\u011f Yerle\u015fkesi, Erzincan<\/td>\n<\/tr>\n<tr>\n<td colspan=\"2\" width=\"491\"><a href=\"https:\/\/avesis.ebyu.edu.tr\/nursel.kuyrukluyildiz\"><span style=\"color: #3366ff\"><strong>Ki\u015fisel Sayfas\u0131<\/strong><\/span><\/a><\/td>\n<\/tr>\n<\/tbody>\n<\/table>\n<table width=\"1166\">\n<tbody>\n<tr>\n<td colspan=\"3\" width=\"604\">\n<h4><strong>Uzman \u00dcye<\/strong><\/h4>\n<\/td>\n<\/tr>\n<tr>\n<td rowspan=\"6\" width=\"113\"><\/td>\n<td colspan=\"2\" width=\"491\"><strong>\u00d6\u011fr. G\u00f6r. Elif \u00d6KS\u00dcZ<\/strong><\/td>\n<\/tr>\n<tr>\n<td width=\"28\"><img loading=\"lazy\" decoding=\"async\" class=\"aligncenter size-full wp-image-1033\" src=\"https:\/\/kalite.ebyu.edu.tr\/wp-content\/uploads\/2021\/03\/organizasyon-fff-1.png\" alt=\"\" width=\"29\" height=\"25\" \/><\/td>\n<td width=\"463\">\u00a0Kalite Koordinat\u00f6rl\u00fc\u011f\u00fc<\/td>\n<\/tr>\n<tr>\n<td width=\"28\"><img loading=\"lazy\" decoding=\"async\" class=\"aligncenter size-full wp-image-1034\" src=\"https:\/\/kalite.ebyu.edu.tr\/wp-content\/uploads\/2021\/03\/mektup-1.png\" alt=\"\" width=\"30\" height=\"28\" \/><\/td>\n<td width=\"463\"><span style=\"color: #3366ff\">elif.oksuz@erzincan.edu.tr\u00a0<\/span><\/td>\n<\/tr>\n<tr>\n<td width=\"28\"><img loading=\"lazy\" decoding=\"async\" class=\"aligncenter size-full wp-image-1035\" src=\"https:\/\/kalite.ebyu.edu.tr\/wp-content\/uploads\/2021\/03\/whatsup-1.png\" alt=\"\" width=\"32\" height=\"31\" \/><\/td>\n<td width=\"463\">+90 446 226 66 61 \u2013 101 53<\/td>\n<\/tr>\n<tr>\n<td width=\"28\"><img loading=\"lazy\" decoding=\"async\" class=\"aligncenter size-full wp-image-1036\" src=\"https:\/\/kalite.ebyu.edu.tr\/wp-content\/uploads\/2021\/03\/gggg-1.png\" alt=\"\" width=\"34\" height=\"32\" \/><\/td>\n<td width=\"463\">EBY\u00dc, Rekt\u00f6rl\u00fck, Yaln\u0131zba\u011f Yerle\u015fkesi, Erzincan<\/td>\n<\/tr>\n<tr>\n<td colspan=\"2\" width=\"491\"><a href=\"https:\/\/avesis.ebyu.edu.tr\/nilgun.tekay\"><strong>Ki\u015fisel Sayfas\u0131<\/strong><\/a><\/td>\n<\/tr>\n<\/tbody>\n<\/table>\n<p>&nbsp;<\/p>\n<p>&nbsp;<\/p>\n","protected":false},"excerpt":{"rendered":"<p>Koordinat\u00f6r Prof. Dr. Ali Ercan EK\u0130NC\u0130 Fizik B\u00f6l\u00fcm\u00fc, Fen Edebiyat Fak\u00fcltesi aeekinci@erzincan.edu.tr +90 446 226 66 61 EBY\u00dc, Rekt\u00f6rl\u00fck, Yaln\u0131zba\u011f Yerle\u015fkesi, Erzincan Ki\u015fisel Sayfas\u0131 Koordinat\u00f6r Yard\u0131mc\u0131s\u0131 Dr. \u00d6\u011fr. \u00dcyesi M. K\u00fcr\u015fat \u00d6KS\u00dcZ Bilgisayar M\u00fchendisli\u011fi B\u00f6l\u00fcm\u00fc, M\u00fchendislik Fak\u00fcltesi mkoksuz@erzincan.edu.tr +90 446 226 66 61 \u2013 101 52 EBY\u00dc, Rekt\u00f6rl\u00fck, Yaln\u0131zba\u011f Yerle\u015fkesi, Erzincan Ki\u015fisel Sayfas\u0131 Uzman \u00dcye&hellip; <a class=\"more-link\" href=\"https:\/\/kalite.ebyu.edu.tr\/?page_id=232\">Okumaya devam et <span class=\"screen-reader-text\">Kalite Koordinat\u00f6rl\u00fc\u011f\u00fc<\/span><\/a><\/p>\n","protected":false},"author":14,"featured_media":0,"parent":0,"menu_order":0,"comment_status":"closed","ping_status":"closed","template":"","meta":{"footnotes":""},"class_list":["post-232","page","type-page","status-publish","hentry","entry"],"_links":{"self":[{"href":"https:\/\/kalite.ebyu.edu.tr\/index.php?rest_route=\/wp\/v2\/pages\/232","targetHints":{"allow":["GET"]}}],"collection":[{"href":"https:\/\/kalite.ebyu.edu.tr\/index.php?rest_route=\/wp\/v2\/pages"}],"about":[{"href":"https:\/\/kalite.ebyu.edu.tr\/index.php?rest_route=\/wp\/v2\/types\/page"}],"author":[{"embeddable":true,"href":"https:\/\/kalite.ebyu.edu.tr\/index.php?rest_route=\/wp\/v2\/users\/14"}],"replies":[{"embeddable":true,"href":"https:\/\/kalite.ebyu.edu.tr\/index.php?rest_route=%2Fwp%2Fv2%2Fcomments&post=232"}],"version-history":[{"count":58,"href":"https:\/\/kalite.ebyu.edu.tr\/index.php?rest_route=\/wp\/v2\/pages\/232\/revisions"}],"predecessor-version":[{"id":4053,"href":"https:\/\/kalite.ebyu.edu.tr\/index.php?rest_route=\/wp\/v2\/pages\/232\/revisions\/4053"}],"wp:attachment":[{"href":"https:\/\/kalite.ebyu.edu.tr\/index.php?rest_route=%2Fwp%2Fv2%2Fmedia&parent=232"}],"curies":[{"name":"wp","href":"https:\/\/api.w.org\/{rel}","templated":true}]}}