{"id":2306,"date":"2021-08-27T16:15:00","date_gmt":"2021-08-27T13:15:00","guid":{"rendered":"https:\/\/kalite.ebyu.edu.tr\/?page_id=2306"},"modified":"2021-08-31T14:05:07","modified_gmt":"2021-08-31T11:05:07","slug":"uluslararasilasma-politikasi","status":"publish","type":"page","link":"https:\/\/kalite.ebyu.edu.tr\/?page_id=2306","title":{"rendered":"Uluslararas\u0131la\u015fma Politikas\u0131"},"content":{"rendered":"<p><img fetchpriority=\"high\" decoding=\"async\" class=\"aligncenter size-full wp-image-2334\" src=\"https:\/\/kalite.ebyu.edu.tr\/wp-content\/uploads\/2021\/08\/ulus-jpeg.jpg\" alt=\"\" width=\"1119\" height=\"1600\" srcset=\"https:\/\/kalite.ebyu.edu.tr\/wp-content\/uploads\/2021\/08\/ulus-jpeg.jpg 1119w, https:\/\/kalite.ebyu.edu.tr\/wp-content\/uploads\/2021\/08\/ulus-jpeg-210x300.jpg 210w, https:\/\/kalite.ebyu.edu.tr\/wp-content\/uploads\/2021\/08\/ulus-jpeg-716x1024.jpg 716w, https:\/\/kalite.ebyu.edu.tr\/wp-content\/uploads\/2021\/08\/ulus-jpeg-768x1098.jpg 768w, https:\/\/kalite.ebyu.edu.tr\/wp-content\/uploads\/2021\/08\/ulus-jpeg-1074x1536.jpg 1074w\" sizes=\"(max-width: 1119px) 100vw, 1119px\" \/><\/p>\n","protected":false},"excerpt":{"rendered":"","protected":false},"author":13,"featured_media":0,"parent":0,"menu_order":0,"comment_status":"closed","ping_status":"closed","template":"","meta":{"footnotes":""},"class_list":["post-2306","page","type-page","status-publish","hentry","entry"],"_links":{"self":[{"href":"https:\/\/kalite.ebyu.edu.tr\/index.php?rest_route=\/wp\/v2\/pages\/2306","targetHints":{"allow":["GET"]}}],"collection":[{"href":"https:\/\/kalite.ebyu.edu.tr\/index.php?rest_route=\/wp\/v2\/pages"}],"about":[{"href":"https:\/\/kalite.ebyu.edu.tr\/index.php?rest_route=\/wp\/v2\/types\/page"}],"author":[{"embeddable":true,"href":"https:\/\/kalite.ebyu.edu.tr\/index.php?rest_route=\/wp\/v2\/users\/13"}],"replies":[{"embeddable":true,"href":"https:\/\/kalite.ebyu.edu.tr\/index.php?rest_route=%2Fwp%2Fv2%2Fcomments&post=2306"}],"version-history":[{"count":4,"href":"https:\/\/kalite.ebyu.edu.tr\/index.php?rest_route=\/wp\/v2\/pages\/2306\/revisions"}],"predecessor-version":[{"id":2336,"href":"https:\/\/kalite.ebyu.edu.tr\/index.php?rest_route=\/wp\/v2\/pages\/2306\/revisions\/2336"}],"wp:attachment":[{"href":"https:\/\/kalite.ebyu.edu.tr\/index.php?rest_route=%2Fwp%2Fv2%2Fmedia&parent=2306"}],"curies":[{"name":"wp","href":"https:\/\/api.w.org\/{rel}","templated":true}]}}