{"id":2298,"date":"2021-08-27T16:13:34","date_gmt":"2021-08-27T13:13:34","guid":{"rendered":"https:\/\/kalite.ebyu.edu.tr\/?page_id=2298"},"modified":"2021-08-31T14:02:58","modified_gmt":"2021-08-31T11:02:58","slug":"egitim-ve-ogretim-politikasi","status":"publish","type":"page","link":"https:\/\/kalite.ebyu.edu.tr\/?page_id=2298","title":{"rendered":"E\u011fitim ve \u00d6\u011fretim Politikas\u0131"},"content":{"rendered":"<p><img fetchpriority=\"high\" decoding=\"async\" class=\"aligncenter size-full wp-image-2325\" src=\"https:\/\/kalite.ebyu.edu.tr\/wp-content\/uploads\/2021\/08\/egit-ogret-jpeg.jpg\" alt=\"\" width=\"1119\" height=\"1600\" srcset=\"https:\/\/kalite.ebyu.edu.tr\/wp-content\/uploads\/2021\/08\/egit-ogret-jpeg.jpg 1119w, https:\/\/kalite.ebyu.edu.tr\/wp-content\/uploads\/2021\/08\/egit-ogret-jpeg-210x300.jpg 210w, https:\/\/kalite.ebyu.edu.tr\/wp-content\/uploads\/2021\/08\/egit-ogret-jpeg-716x1024.jpg 716w, https:\/\/kalite.ebyu.edu.tr\/wp-content\/uploads\/2021\/08\/egit-ogret-jpeg-768x1098.jpg 768w, https:\/\/kalite.ebyu.edu.tr\/wp-content\/uploads\/2021\/08\/egit-ogret-jpeg-1074x1536.jpg 1074w\" sizes=\"(max-width: 1119px) 100vw, 1119px\" \/><\/p>\n","protected":false},"excerpt":{"rendered":"","protected":false},"author":13,"featured_media":0,"parent":0,"menu_order":0,"comment_status":"closed","ping_status":"closed","template":"","meta":{"footnotes":""},"class_list":["post-2298","page","type-page","status-publish","hentry","entry"],"_links":{"self":[{"href":"https:\/\/kalite.ebyu.edu.tr\/index.php?rest_route=\/wp\/v2\/pages\/2298","targetHints":{"allow":["GET"]}}],"collection":[{"href":"https:\/\/kalite.ebyu.edu.tr\/index.php?rest_route=\/wp\/v2\/pages"}],"about":[{"href":"https:\/\/kalite.ebyu.edu.tr\/index.php?rest_route=\/wp\/v2\/types\/page"}],"author":[{"embeddable":true,"href":"https:\/\/kalite.ebyu.edu.tr\/index.php?rest_route=\/wp\/v2\/users\/13"}],"replies":[{"embeddable":true,"href":"https:\/\/kalite.ebyu.edu.tr\/index.php?rest_route=%2Fwp%2Fv2%2Fcomments&post=2298"}],"version-history":[{"count":5,"href":"https:\/\/kalite.ebyu.edu.tr\/index.php?rest_route=\/wp\/v2\/pages\/2298\/revisions"}],"predecessor-version":[{"id":2327,"href":"https:\/\/kalite.ebyu.edu.tr\/index.php?rest_route=\/wp\/v2\/pages\/2298\/revisions\/2327"}],"wp:attachment":[{"href":"https:\/\/kalite.ebyu.edu.tr\/index.php?rest_route=%2Fwp%2Fv2%2Fmedia&parent=2298"}],"curies":[{"name":"wp","href":"https:\/\/api.w.org\/{rel}","templated":true}]}}