{"id":227,"date":"2018-09-02T21:17:43","date_gmt":"2018-09-02T18:17:43","guid":{"rendered":"http:\/\/kalite.ebyu.edu.tr\/?page_id=227"},"modified":"2023-12-01T13:38:18","modified_gmt":"2023-12-01T10:38:18","slug":"ic-kontrol-eylem-plani","status":"publish","type":"page","link":"https:\/\/kalite.ebyu.edu.tr\/?page_id=227","title":{"rendered":"\u0130\u00e7 Kontrol Eylem Plan\u0131"},"content":{"rendered":"<p>&nbsp;<\/p>\n<table style=\"height: 102px\" width=\"867\">\n<tbody>\n<tr>\n<td width=\"302\">Kamu \u0130\u00e7 Kontrol Standartlar\u0131na Uyum Eylem Plan\u0131<\/td>\n<td width=\"302\"><a href=\"https:\/\/strateji.ebyu.edu.tr\/universitemiz-kamu-ic-kontrol-standartlarina-uyum-eylem-plani\/\"><img decoding=\"async\" class=\"aligncenter wp-image-2313\" src=\"https:\/\/kalite.ebyu.edu.tr\/wp-content\/uploads\/2021\/08\/egitim-ve-ogretim-politikasi.png\" alt=\"\" width=\"60\" height=\"74\" \/><\/a><\/td>\n<\/tr>\n<\/tbody>\n<\/table>\n<p>&nbsp;<\/p>\n<table style=\"height: 83px\" width=\"874\">\n<tbody>\n<tr>\n<td width=\"302\">\u00dcniversitemize Ait De\u011ferlendirme Raporlar\u0131<\/td>\n<td style=\"text-align: center\" width=\"302\"><a href=\"https:\/\/strateji.ebyu.edu.tr\/universitemize-ait-degerlendirme-raporlari\/\"><img decoding=\"async\" class=\"aligncenter wp-image-2313\" src=\"https:\/\/kalite.ebyu.edu.tr\/wp-content\/uploads\/2021\/08\/egitim-ve-ogretim-politikasi.png\" alt=\"\" width=\"56\" height=\"69\" \/><\/a><\/td>\n<\/tr>\n<\/tbody>\n<\/table>\n","protected":false},"excerpt":{"rendered":"<p>&nbsp; Kamu \u0130\u00e7 Kontrol Standartlar\u0131na Uyum Eylem Plan\u0131 &nbsp; \u00dcniversitemize Ait De\u011ferlendirme Raporlar\u0131<\/p>\n","protected":false},"author":14,"featured_media":0,"parent":0,"menu_order":0,"comment_status":"closed","ping_status":"closed","template":"","meta":{"footnotes":""},"class_list":["post-227","page","type-page","status-publish","hentry","entry"],"_links":{"self":[{"href":"https:\/\/kalite.ebyu.edu.tr\/index.php?rest_route=\/wp\/v2\/pages\/227","targetHints":{"allow":["GET"]}}],"collection":[{"href":"https:\/\/kalite.ebyu.edu.tr\/index.php?rest_route=\/wp\/v2\/pages"}],"about":[{"href":"https:\/\/kalite.ebyu.edu.tr\/index.php?rest_route=\/wp\/v2\/types\/page"}],"author":[{"embeddable":true,"href":"https:\/\/kalite.ebyu.edu.tr\/index.php?rest_route=\/wp\/v2\/users\/14"}],"replies":[{"embeddable":true,"href":"https:\/\/kalite.ebyu.edu.tr\/index.php?rest_route=%2Fwp%2Fv2%2Fcomments&post=227"}],"version-history":[{"count":8,"href":"https:\/\/kalite.ebyu.edu.tr\/index.php?rest_route=\/wp\/v2\/pages\/227\/revisions"}],"predecessor-version":[{"id":3545,"href":"https:\/\/kalite.ebyu.edu.tr\/index.php?rest_route=\/wp\/v2\/pages\/227\/revisions\/3545"}],"wp:attachment":[{"href":"https:\/\/kalite.ebyu.edu.tr\/index.php?rest_route=%2Fwp%2Fv2%2Fmedia&parent=227"}],"curies":[{"name":"wp","href":"https:\/\/api.w.org\/{rel}","templated":true}]}}