{"id":1996,"date":"2021-06-30T11:19:34","date_gmt":"2021-06-30T08:19:34","guid":{"rendered":"https:\/\/kalite.ebyu.edu.tr\/?page_id=1996"},"modified":"2023-11-08T10:27:15","modified_gmt":"2023-11-08T07:27:15","slug":"yokak-dereceli-degerlendirme-anahtari-2019-2020-puanlari","status":"publish","type":"page","link":"https:\/\/kalite.ebyu.edu.tr\/?page_id=1996","title":{"rendered":"Y\u00d6KAK De\u011ferlendirme \u00d6l\u00e7\u00fctleri"},"content":{"rendered":"<table style=\"height: 121px\" width=\"916\">\n<tbody>\n<tr>\n<td width=\"302\">Y\u00d6KAK De\u011ferlendirme \u00d6l\u00e7\u00fctleri (S\u00fcr\u00fcm3.1)<\/td>\n<td width=\"302\"><a href=\"https:\/\/kalite.ebyu.edu.tr\/wp-content\/uploads\/2023\/11\/YOKAK_Degerlendirme_Olcutleri_3.1.pdf\"><img decoding=\"async\" class=\"aligncenter wp-image-3077 \" src=\"https:\/\/kalite.ebyu.edu.tr\/wp-content\/uploads\/2023\/07\/pdf-logo.png\" alt=\"\" width=\"59\" height=\"56\" \/><\/a><\/td>\n<\/tr>\n<\/tbody>\n<\/table>\n","protected":false},"excerpt":{"rendered":"<p>Y\u00d6KAK De\u011ferlendirme \u00d6l\u00e7\u00fctleri (S\u00fcr\u00fcm3.1)<\/p>\n","protected":false},"author":13,"featured_media":0,"parent":0,"menu_order":0,"comment_status":"closed","ping_status":"closed","template":"","meta":{"footnotes":""},"class_list":["post-1996","page","type-page","status-publish","hentry","entry"],"_links":{"self":[{"href":"https:\/\/kalite.ebyu.edu.tr\/index.php?rest_route=\/wp\/v2\/pages\/1996","targetHints":{"allow":["GET"]}}],"collection":[{"href":"https:\/\/kalite.ebyu.edu.tr\/index.php?rest_route=\/wp\/v2\/pages"}],"about":[{"href":"https:\/\/kalite.ebyu.edu.tr\/index.php?rest_route=\/wp\/v2\/types\/page"}],"author":[{"embeddable":true,"href":"https:\/\/kalite.ebyu.edu.tr\/index.php?rest_route=\/wp\/v2\/users\/13"}],"replies":[{"embeddable":true,"href":"https:\/\/kalite.ebyu.edu.tr\/index.php?rest_route=%2Fwp%2Fv2%2Fcomments&post=1996"}],"version-history":[{"count":10,"href":"https:\/\/kalite.ebyu.edu.tr\/index.php?rest_route=\/wp\/v2\/pages\/1996\/revisions"}],"predecessor-version":[{"id":3430,"href":"https:\/\/kalite.ebyu.edu.tr\/index.php?rest_route=\/wp\/v2\/pages\/1996\/revisions\/3430"}],"wp:attachment":[{"href":"https:\/\/kalite.ebyu.edu.tr\/index.php?rest_route=%2Fwp%2Fv2%2Fmedia&parent=1996"}],"curies":[{"name":"wp","href":"https:\/\/api.w.org\/{rel}","templated":true}]}}