{"id":1799,"date":"2021-06-28T16:24:18","date_gmt":"2021-06-28T13:24:18","guid":{"rendered":"https:\/\/kalite.ebyu.edu.tr\/?page_id=1799"},"modified":"2023-11-14T11:11:09","modified_gmt":"2023-11-14T08:11:09","slug":"toplumsal-katki-surecleri","status":"publish","type":"page","link":"https:\/\/kalite.ebyu.edu.tr\/?page_id=1799","title":{"rendered":"Toplumsal Katk\u0131 S\u00fcre\u00e7leri"},"content":{"rendered":"<h4><a href=\"https:\/\/toplumsalkatki.ebyu.edu.tr\/\"><strong>Toplumsal Katk\u0131 web sayfas\u0131na eri\u015fmek i\u00e7in t\u0131klay\u0131n\u0131z.<\/strong><\/a><\/h4>\n","protected":false},"excerpt":{"rendered":"<p>Toplumsal Katk\u0131 web sayfas\u0131na eri\u015fmek i\u00e7in t\u0131klay\u0131n\u0131z.<\/p>\n","protected":false},"author":13,"featured_media":0,"parent":0,"menu_order":0,"comment_status":"closed","ping_status":"closed","template":"","meta":{"footnotes":""},"class_list":["post-1799","page","type-page","status-publish","hentry","entry"],"_links":{"self":[{"href":"https:\/\/kalite.ebyu.edu.tr\/index.php?rest_route=\/wp\/v2\/pages\/1799","targetHints":{"allow":["GET"]}}],"collection":[{"href":"https:\/\/kalite.ebyu.edu.tr\/index.php?rest_route=\/wp\/v2\/pages"}],"about":[{"href":"https:\/\/kalite.ebyu.edu.tr\/index.php?rest_route=\/wp\/v2\/types\/page"}],"author":[{"embeddable":true,"href":"https:\/\/kalite.ebyu.edu.tr\/index.php?rest_route=\/wp\/v2\/users\/13"}],"replies":[{"embeddable":true,"href":"https:\/\/kalite.ebyu.edu.tr\/index.php?rest_route=%2Fwp%2Fv2%2Fcomments&post=1799"}],"version-history":[{"count":8,"href":"https:\/\/kalite.ebyu.edu.tr\/index.php?rest_route=\/wp\/v2\/pages\/1799\/revisions"}],"predecessor-version":[{"id":3490,"href":"https:\/\/kalite.ebyu.edu.tr\/index.php?rest_route=\/wp\/v2\/pages\/1799\/revisions\/3490"}],"wp:attachment":[{"href":"https:\/\/kalite.ebyu.edu.tr\/index.php?rest_route=%2Fwp%2Fv2%2Fmedia&parent=1799"}],"curies":[{"name":"wp","href":"https:\/\/api.w.org\/{rel}","templated":true}]}}