{"id":1797,"date":"2021-06-28T16:24:06","date_gmt":"2021-06-28T13:24:06","guid":{"rendered":"https:\/\/kalite.ebyu.edu.tr\/?page_id=1797"},"modified":"2021-06-29T12:00:09","modified_gmt":"2021-06-29T09:00:09","slug":"arastirma-gelistirme-belgeleri","status":"publish","type":"page","link":"https:\/\/kalite.ebyu.edu.tr\/?page_id=1797","title":{"rendered":"Ara\u015ft\u0131rma Geli\u015ftirme Belgeleri"},"content":{"rendered":"<p><strong>Kurumun ara\u015ft\u0131rma politikas\u0131, hedefleri ve stratejisi<\/strong><\/p>\n<p><a href=\"https:\/\/api.yokak.gov.tr\/Storage\/erzincan\/2020\/ProofFiles\/Kan%C4%B1t%20C1.1%20Y%C3%96K%20Doktora%20Burs%20Program%C4%B1%20Yaz%C4%B1s%C4%B1.pdf\">Kan\u0131t C1.1 Y\u00d6K Doktora Burs Program\u0131 Yaz\u0131s\u0131.pdf<\/a><br \/>\n<a href=\"https:\/\/api.yokak.gov.tr\/Storage\/erzincan\/2020\/ProofFiles\/Kan%C4%B1t%20C1.2%20%C3%96rnek%20Ara%C5%9Ft%C4%B1rma%20Geli%C5%9Ftirme%20Raporu%20ve%20Birim%20%C3%96z%20De%C4%9Ferlendirme%20Raporu.pdf\">Kan\u0131t C1.2 \u00d6rnek Ara\u015ft\u0131rma Geli\u015ftirme Raporu ve Birim \u00d6z De\u011ferlendirme Raporu.pdf<\/a><br \/>\n<a href=\"https:\/\/api.yokak.gov.tr\/Storage\/erzincan\/2020\/ProofFiles\/Kan%C4%B1t%20C1.3%20Y%C3%96K%20Program%20A%C3%A7ma%20Yaz%C4%B1s%C4%B1.pdf\">Kan\u0131t C1.3 Y\u00d6K Program A\u00e7ma Yaz\u0131s\u0131.pdf<\/a><\/p>\n<p>&#8212;&#8212;&#8212;&#8212;&#8212;&#8212;&#8212;&#8212;&#8212;&#8212;&#8212;&#8212;&#8212;&#8212;&#8212;&#8212;&#8212;&#8212;&#8212;&#8212;&#8212;&#8212;&#8212;&#8212;&#8212;&#8212;&#8212;&#8212;&#8212;&#8212;&#8212;&#8212;&#8212;&#8212;&#8212;&#8212;&#8212;&#8212;&#8212;&#8212;&#8212;&#8212;&#8212;&#8212;<\/p>\n<p><strong>Ara\u015ft\u0131rma kaynaklar\u0131<\/strong><\/p>\n<p><a href=\"https:\/\/api.yokak.gov.tr\/Storage\/erzincan\/2020\/ProofFiles\/Kan%C4%B1t%20C2.1%20K%C3%BCt%C3%BCphane%20Bilgi%20Formu.pdf\">Kan\u0131t C2.1 K\u00fct\u00fcphane Bilgi Formu.pdf<\/a><br \/>\n<a href=\"https:\/\/api.yokak.gov.tr\/Storage\/erzincan\/2020\/ProofFiles\/Kan%C4%B1t%20C2.2%20Merkezi%20Ara%C5%9Ft%C4%B1rma%20Laboratuvar%C4%B1%20Raporu.pdf\">Kan\u0131t C2.2 Merkezi Ara\u015ft\u0131rma Laboratuvar\u0131 Raporu.pdf<\/a><br \/>\n<a href=\"https:\/\/kalite.ebyu.edu.tr\/wp-content\/uploads\/2021\/06\/Kanit-C2.3-Arastirma-Gelistirme-Altyapisi-Laboratuvar-ve-Donanim-Sayilari.xlsx\">Kan\u0131t C2.3 Ara\u015ft\u0131rma-Geli\u015ftirme Altyap\u0131s\u0131 &#8211; Laboratuvar ve Donan\u0131m Say\u0131lar\u0131.xlsx<\/a><\/p>\n<p>&nbsp;<\/p>\n<h4><strong>\u00dcniversite i\u00e7i kaynaklar(BAP)<\/strong><\/h4>\n<p><a href=\"https:\/\/api.yokak.gov.tr\/Storage\/erzincan\/2020\/ProofFiles\/Kan%C4%B1t%20C2.4%20Proje%20B%C3%BCt%C3%A7e%20ve%20Harcama%20Tablosu.pdf\">Kan\u0131t C2.4 Proje B\u00fct\u00e7e ve Harcama Tablosu.pdf<\/a><\/p>\n<p>&#8212;&#8212;&#8212;&#8212;&#8212;&#8212;&#8212;&#8212;&#8212;&#8212;&#8212;&#8212;&#8212;&#8212;&#8212;&#8212;&#8212;&#8212;&#8212;&#8212;&#8212;&#8212;&#8212;&#8212;&#8212;&#8212;&#8212;&#8212;&#8212;&#8212;&#8212;&#8212;&#8212;&#8212;&#8212;&#8212;&#8212;&#8212;&#8212;&#8212;&#8212;&#8212;&#8212;&#8212;<\/p>\n<p>&nbsp;<\/p>\n<h4><strong>\u00dcniversite d\u0131\u015f\u0131 kaynaklara y\u00f6nelim (Destek birimleri, y\u00f6ntemleri)<\/strong><\/h4>\n<p><a href=\"https:\/\/api.yokak.gov.tr\/Storage\/erzincan\/2020\/ProofFiles\/Kan%C4%B1t%20C2.5%20EKEV%20Protokol%C3%BC.pdf\">Kan\u0131t C2.5 EKEV Protokol\u00fc.pdf<\/a><br \/>\n<a href=\"https:\/\/api.yokak.gov.tr\/Storage\/erzincan\/2020\/ProofFiles\/Kan%C4%B1t%20C2.6%20Kamu%20%C3%9Cniversite%20Sanayi%20%C4%B0%C5%9Fbirli%C4%9Fi%20Kapsam%C4%B1nda%20Yap%C4%B1lan%20Protokol%20ve%20S%C3%B6zle%C5%9Fmeler.pdf\">Kan\u0131t C2.6 Kamu \u00dcniversite Sanayi \u0130\u015fbirli\u011fi Kapsam\u0131nda Yap\u0131lan Protokol ve S\u00f6zle\u015fmeler.pdf<\/a><br \/>\n<a href=\"https:\/\/api.yokak.gov.tr\/Storage\/erzincan\/2020\/ProofFiles\/Kan%C4%B1t%20C2.7%20Kan%C4%B1t%20Ar-Ge,%20K%C3%9CS%C4%B0,%20E%C4%9Fitim%20ve%20Bilgilendirme%20Kapsam%C4%B1ndaki%20Faaliyetler.pdf\">Kan\u0131t C2.7 Kan\u0131t Ar-Ge, K\u00dcS\u0130, E\u011fitim ve Bilgilendirme Kapsam\u0131ndaki Faaliyetler.pdf <\/a><\/p>\n<p>&nbsp;<\/p>\n<p>&#8212;&#8212;&#8212;&#8212;&#8212;&#8212;&#8212;&#8212;&#8212;&#8212;&#8212;&#8212;&#8212;&#8212;&#8212;&#8212;&#8212;&#8212;&#8212;&#8212;&#8212;&#8212;&#8212;&#8212;&#8212;&#8212;&#8212;&#8212;&#8212;&#8212;&#8212;&#8212;&#8212;&#8212;&#8212;&#8212;&#8212;&#8212;&#8212;&#8212;&#8212;&#8212;&#8212;&#8212;<\/p>\n<p>&nbsp;<\/p>\n<h4><strong>\u00d6\u011fretim elemanlar\u0131n\u0131n ara\u015ft\u0131rma yetkinli\u011finin geli\u015ftirilmesi<\/strong><\/h4>\n<p><a href=\"https:\/\/api.yokak.gov.tr\/Storage\/erzincan\/2020\/ProofFiles\/Kan%C4%B1t%20C3.1%20Kan%C4%B1t%20Ar-Ge,%20K%C3%9CS%C4%B0,%20E%C4%9Fitim%20ve%20Bilgilendirme%20Kapsam%C4%B1ndaki%20Faaliyetler.pdf\">Kan\u0131t C3.1 Kan\u0131t Ar-Ge, K\u00dcS\u0130, E\u011fitim ve Bilgilendirme Kapsam\u0131ndaki Faaliyetler.pdf<\/a><\/p>\n<p>&nbsp;<\/p>\n<p>&#8212;&#8212;&#8212;&#8212;&#8212;&#8212;&#8212;&#8212;&#8212;&#8212;&#8212;&#8212;&#8212;&#8212;&#8212;&#8212;&#8212;&#8212;&#8212;&#8212;&#8212;&#8212;&#8212;&#8212;&#8212;&#8212;&#8212;&#8212;&#8212;&#8212;&#8212;&#8212;&#8212;&#8212;&#8212;&#8212;&#8212;&#8212;&#8212;&#8212;&#8212;&#8212;&#8212;&#8212;<\/p>\n<p>&nbsp;<\/p>\n<p>&nbsp;<\/p>\n","protected":false},"excerpt":{"rendered":"<p>Kurumun ara\u015ft\u0131rma politikas\u0131, hedefleri ve stratejisi Kan\u0131t C1.1 Y\u00d6K Doktora Burs Program\u0131 Yaz\u0131s\u0131.pdf Kan\u0131t C1.2 \u00d6rnek Ara\u015ft\u0131rma Geli\u015ftirme Raporu ve Birim \u00d6z De\u011ferlendirme Raporu.pdf Kan\u0131t C1.3 Y\u00d6K Program A\u00e7ma Yaz\u0131s\u0131.pdf &#8212;&#8212;&#8212;&#8212;&#8212;&#8212;&#8212;&#8212;&#8212;&#8212;&#8212;&#8212;&#8212;&#8212;&#8212;&#8212;&#8212;&#8212;&#8212;&#8212;&#8212;&#8212;&#8212;&#8212;&#8212;&#8212;&#8212;&#8212;&#8212;&#8212;&#8212;&#8212;&#8212;&#8212;&#8212;&#8212;&#8212;&#8212;&#8212;&#8212;&#8212;&#8212;&#8212;&#8212; Ara\u015ft\u0131rma kaynaklar\u0131 Kan\u0131t C2.1 K\u00fct\u00fcphane Bilgi Formu.pdf Kan\u0131t C2.2 Merkezi Ara\u015ft\u0131rma Laboratuvar\u0131 Raporu.pdf Kan\u0131t C2.3 Ara\u015ft\u0131rma-Geli\u015ftirme Altyap\u0131s\u0131 &#8211; Laboratuvar ve Donan\u0131m Say\u0131lar\u0131.xlsx &nbsp; \u00dcniversite&hellip; <a class=\"more-link\" href=\"https:\/\/kalite.ebyu.edu.tr\/?page_id=1797\">Okumaya devam et <span class=\"screen-reader-text\">Ara\u015ft\u0131rma Geli\u015ftirme Belgeleri<\/span><\/a><\/p>\n","protected":false},"author":13,"featured_media":0,"parent":0,"menu_order":0,"comment_status":"closed","ping_status":"closed","template":"","meta":{"footnotes":""},"class_list":["post-1797","page","type-page","status-publish","hentry","entry"],"_links":{"self":[{"href":"https:\/\/kalite.ebyu.edu.tr\/index.php?rest_route=\/wp\/v2\/pages\/1797","targetHints":{"allow":["GET"]}}],"collection":[{"href":"https:\/\/kalite.ebyu.edu.tr\/index.php?rest_route=\/wp\/v2\/pages"}],"about":[{"href":"https:\/\/kalite.ebyu.edu.tr\/index.php?rest_route=\/wp\/v2\/types\/page"}],"author":[{"embeddable":true,"href":"https:\/\/kalite.ebyu.edu.tr\/index.php?rest_route=\/wp\/v2\/users\/13"}],"replies":[{"embeddable":true,"href":"https:\/\/kalite.ebyu.edu.tr\/index.php?rest_route=%2Fwp%2Fv2%2Fcomments&post=1797"}],"version-history":[{"count":3,"href":"https:\/\/kalite.ebyu.edu.tr\/index.php?rest_route=\/wp\/v2\/pages\/1797\/revisions"}],"predecessor-version":[{"id":1874,"href":"https:\/\/kalite.ebyu.edu.tr\/index.php?rest_route=\/wp\/v2\/pages\/1797\/revisions\/1874"}],"wp:attachment":[{"href":"https:\/\/kalite.ebyu.edu.tr\/index.php?rest_route=%2Fwp%2Fv2%2Fmedia&parent=1797"}],"curies":[{"name":"wp","href":"https:\/\/api.w.org\/{rel}","templated":true}]}}