{"id":1795,"date":"2021-06-28T16:23:52","date_gmt":"2021-06-28T13:23:52","guid":{"rendered":"https:\/\/kalite.ebyu.edu.tr\/?page_id=1795"},"modified":"2021-06-29T16:40:12","modified_gmt":"2021-06-29T13:40:12","slug":"arastirma-gelistirme-surecleri","status":"publish","type":"page","link":"https:\/\/kalite.ebyu.edu.tr\/?page_id=1795","title":{"rendered":"Ara\u015ft\u0131rma Geli\u015ftirme S\u00fcre\u00e7leri"},"content":{"rendered":"<h4 style=\"text-align: center\">ARA\u015eTIRMA VE GEL\u0130\u015eT\u0130RME<\/h4>\n<p>&nbsp;<\/p>\n<h4><strong>C.1. Ara\u015ft\u0131rma Stratejisi<\/strong><\/h4>\n<p>&nbsp;<\/p>\n<p>\u00dcniversitenin misyonu, vizyonu ve hedefleri do\u011frultusunda <a href=\"https:\/\/kalite.ebyu.edu.tr\/wp-content\/uploads\/2021\/04\/EBYU-Arastirma-Gelistirme-Politikasi.pdf\">EBY\u00dc Ara\u015ft\u0131rma-Geli\u015ftirme Politikas\u0131<\/a> payda\u015flar\u0131n kat\u0131l\u0131m\u0131 ve katk\u0131lar\u0131yla revize edilmi\u015ftir. Ara\u015ft\u0131rma politikas\u0131na paralel olarak \u00fcniversitenin ara\u015ft\u0131rma stratejileri, hedefleri ve performans g\u00f6stergeleri EBY\u00dc <a href=\"https:\/\/strateji.ebyu.edu.tr\/wp-content\/uploads\/2019\/12\/Erzincan-Binali-Y%C4%B1ld%C4%B1r%C4%B1m-%C3%9Cniversitesi-2020-2024-Stratejik-Plan%C4%B1.pdf\">2020-2024 Stratejik Plan\u0131<\/a>\u2019nda belirtilmi\u015ftir. Erzincan Binali Y\u0131ld\u0131r\u0131m \u00dcniversitesi ara\u015ft\u0131rma faaliyetleri olduk\u00e7a geni\u015f bir yelpazede s\u00fcrd\u00fcr\u00fclmekle birlikte; yapay zeka teknolojileri, end\u00fcstriyel m\u00fchendislik teknolojileri, biyo\u00e7e\u015fitlili\u011fin ara\u015ft\u0131r\u0131lmas\u0131 ve korunmas\u0131, ak\u0131ll\u0131 ve yenilik\u00e7i malzemeler, u\u00e7ak teknolojileri ve yak\u0131tlar\u0131, t\u0131bbi ve aromatik bitkilerden \u00fcr\u00fcn geli\u015ftirme, kanser biyokimyas\u0131, yeni ve modern e\u011fitim teknikleri, g\u00f6\u00e7, ayr\u0131mc\u0131l\u0131k, ya\u015fl\u0131l\u0131k ve engellilik, insan kaynaklar\u0131, sa\u011fl\u0131k kurumlar\u0131 i\u015fletmecili\u011fi ve y\u00f6netimi, bili\u015fim hukuku ve g\u00f6\u00e7men hukuku, Alevilik, T\u00fcrk K\u00fclt\u00fcr\u00fc ve Tarihi ara\u015ft\u0131rma alanlar\u0131na \u00f6ncelik vermeyi planlamaktad\u0131r. <a href=\"https:\/\/ebyu.edu.tr\/wp-content\/uploads\/2017\/03\/Cilt1-T%C4%B1bbi-ve-Aromatik-Bitkiler-%C3%87al%C4%B1%C5%9Ftay%C4%B1-Kitap%C3%A7%C4%B1k.pdf\">T\u0131bbi ve aromatik bitkiler ile ilgili \u00e7al\u0131\u015ftay yap\u0131lm\u0131\u015f<\/a> ve di\u011fer \u00f6ncelikli alanlarda yap\u0131lacak ara\u015ft\u0131rma geli\u015ftirme faaliyetlerinin desteklenmesi ile ilgili stratejiler \u00fczerinde \u00e7al\u0131\u015f\u0131lmaya ba\u015flanm\u0131\u015ft\u0131r. T\u0131bbi ve aromatik bitkiler alan\u0131nda 8 ki\u015filik 100\/2000 Y\u00d6K doktora burs kontenjan\u0131 onaylanm\u0131\u015ft\u0131r.<\/p>\n<p>&nbsp;<\/p>\n<p>Ara\u015ft\u0131rma-Geli\u015ftirme s\u00fcre\u00e7leri ile ilgili veriler <a href=\"https:\/\/avesis.ebyu.edu.tr\/\">Akademik Veri Y\u00f6netim Sistemi<\/a> (AVES\u0130S) arac\u0131l\u0131\u011f\u0131 ile toplanmakta ve de\u011ferlendirilmektedir. <a href=\"https:\/\/kalite.ebyu.edu.tr\/?page_id=223\">EBY\u00dc-KYS organizasyon yap\u0131s\u0131n\u0131n<\/a> ana payda\u015flar\u0131ndan biri olan <a href=\"https:\/\/kalite.ebyu.edu.tr\/?page_id=1138\">Ara\u015ft\u0131rma ve Geli\u015ftirme Komisyonu<\/a>, \u00fcniversitenin ara\u015ft\u0131rma-geli\u015ftirme stratejilerinin ve s\u00fcre\u00e7lerinin s\u00fcrekli takibini yapmaktad\u0131r. Her y\u0131l sonunda al\u0131nan Birim \u00d6z De\u011ferlendirme Raporlar\u0131\u2019nda ara\u015ft\u0131rma ve geli\u015ftirme ile ilgili veriler komisyon taraf\u0131ndan de\u011ferlendirilmekte, g\u00fc\u00e7l\u00fc\/geli\u015fmeye a\u00e7\u0131k y\u00f6nleri ve \u00f6nerileri i\u00e7eren \u00f6n de\u011ferlendirme sonu\u00e7lar\u0131 birimlere g\u00f6nderilmektedir.<\/p>\n<p>&nbsp;<\/p>\n<p>\u00dcniversitenin ara\u015ft\u0131rma politikas\u0131na paralel olarak \u00c7ok Disiplinli \u00d6ncelikli Alanlar kapsam\u0131nda 2019 E\u011fitim-\u00d6\u011fretim y\u0131l\u0131nda uygulanmak \u00fczere Enstit\u00fcler taraf\u0131ndan lisans\u00fcst\u00fc seviyede &#8220;nanobilim ve nanoteknoloji&#8221; ile &#8220;genetik ve biyoteknoloji&#8221; disiplinleraras\u0131 lisans\u00fcst\u00fc programlar\u0131 a\u00e7\u0131lm\u0131\u015f ve \u00a0\u00f6\u011frenime ba\u015flam\u0131\u015ft\u0131r. \u00dcniversitede ger\u00e7ekle\u015ftirilen bilimsel faaliyetlerin uygulamaya aktar\u0131lmas\u0131 ve elde edilen \u00fcr\u00fcnlerin fikri ve s\u0131nai m\u00fclkiyet haklar\u0131n\u0131n g\u00fcvence alt\u0131na al\u0131nmas\u0131 amac\u0131yla &#8220;<a href=\"https:\/\/etto.ebyu.edu.tr\/\">Teknoloji Transfer Ofisi Uygulama ve Ara\u015ft\u0131rma Merkezi<\/a>&#8221; kurulmu\u015f ve \u00e7al\u0131\u015fmalara ba\u015flam\u0131\u015ft\u0131r. Bu kapsamda &#8220;<a href=\"https:\/\/etto.ebyu.edu.tr\/ebyu-fikri-ve-sinai-mulkiyet-haklarinin-yonetimi-yonergesi\/\">Erzincan Binali Y\u0131ld\u0131r\u0131m \u00dcniversitesi Fikri ve S\u0131nai M\u00fclkiyet Haklar\u0131n\u0131n Y\u00f6netimi Y\u00f6nergesi<\/a>&#8221; haz\u0131rlanm\u0131\u015f, 26.03.2019 tarihli ve 04\/13 say\u0131l\u0131 Senato Karar\u0131 ile y\u00fcr\u00fcrl\u00fc\u011fe girmi\u015ftir.<\/p>\n<p>&nbsp;<\/p>\n<p>\u00dcniversite anahtar performans g\u00f6stergelerini belirleyerek <a href=\"https:\/\/strateji.ebyu.edu.tr\/wp-content\/uploads\/2019\/12\/Erzincan-Binali-Y%C4%B1ld%C4%B1r%C4%B1m-%C3%9Cniversitesi-2020-2024-Stratejik-Plan%C4%B1.pdf\">2020-2024 Stratejik Plan\u0131<\/a>\u2019nda yay\u0131nlam\u0131\u015ft\u0131r. \u00dcniversitenin Ara\u015ft\u0131rma-Geli\u015ftirme faaliyetlerinin y\u00f6netimi ve izlenmesi Ara\u015ft\u0131rma ve Geli\u015ftirme Komisyonu taraf\u0131ndan yap\u0131lmaktad\u0131r. \u00dcniversitede ara\u015ft\u0131rma faaliyetlerinin y\u00fcr\u00fct\u00fcld\u00fc\u011f\u00fc birimler Fak\u00fclteler ve Enstit\u00fcler, Ara\u015ft\u0131rma Uygulama Merkezleri, Teknoloji Transfer Ofisi (TTO) ve Bilimsel Ara\u015ft\u0131rma Projeleri Koordinat\u00f6rl\u00fc\u011f\u00fc\u2019d\u00fcr (BAP).<\/p>\n<p>&nbsp;<\/p>\n<h4><strong>C.2. Ara\u015ft\u0131rma Kaynaklar\u0131<\/strong><\/h4>\n<p>&nbsp;<\/p>\n<p>Erzincan Binali Y\u0131ld\u0131r\u0131m \u00dcniversitesi\u00a0 ara\u015ft\u0131rmac\u0131lara bilimsel ara\u015ft\u0131rmalara temel te\u015fkil edecek altyap\u0131 ve yaz\u0131l\u0131 kaynaklar\u0131 sunmaktad\u0131r. Her y\u0131l aral\u0131k ay\u0131nda elektronik-bas\u0131l\u0131 kaynaklarla ve bu kaynaklar\u0131n kullan\u0131m\u0131 ile ilgili \u201cK\u00fct\u00fcphane Bilgi Formu\u201d, K\u00fct\u00fcphane ve Dok\u00fcmantasyon Daire Ba\u015fkanl\u0131\u011f\u0131 taraf\u0131ndan doldurulmakta ve Kalite Komisyonu\u2019na sunulmaktad\u0131r.<\/p>\n<p>&nbsp;<\/p>\n<p>Bilimsel ara\u015ft\u0131rmalarda kullan\u0131lacak altyap\u0131 ile ilgili \u201cMerkezi Ara\u015ft\u0131rma Laboratuvar\u0131 Raporu\u201d, Temel Bilimler Uygulama ve Ara\u015ft\u0131rma Merkezi taraf\u0131ndan haz\u0131rlanmakta ve her y\u0131l aral\u0131k ay\u0131nda \u00dcniversite Kalite Komisyonu\u2019na iletilmektedir.<\/p>\n<p>&nbsp;<\/p>\n<p>Erzincan Binali Y\u0131ld\u0131r\u0131m \u00dcniversitesi\u2019nde toplam 170 adet laboratuvar ile e\u011fitim-\u00f6\u011fretim ve ara\u015ft\u0131rma faaliyetleri y\u00fcr\u00fct\u00fclmektedir. Toplam laboratuvar alan\u0131 14304 m<sup>2<\/sup>, toplam donan\u0131m say\u0131s\u0131 ise 6507\u2019dir. 2020 y\u0131l\u0131 i\u00e7in ara\u015ft\u0131rma faaliyetlerine 1.437.982 TL b\u00fct\u00e7e ayr\u0131lm\u0131\u015f ve bu b\u00fct\u00e7enin 1.271.185 TL&#8217;si harcanm\u0131\u015ft\u0131r. 2020 y\u0131l\u0131 i\u00e7in birimlerin desteklenen projelerinin toplam b\u00fct\u00e7esi, ger\u00e7ekle\u015fen harcama tutarlar\u0131 ve 2012-2020 proje ba\u015flang\u0131\u00e7 y\u0131llar\u0131ndaki BAP Koordinasyon Birimi Ara\u015ft\u0131rma Geli\u015ftirme b\u00fct\u00e7esi kan\u0131tlarda sunulmaktad\u0131r. Projelere ayr\u0131lan b\u00fct\u00e7e ve harcama tutarlar\u0131nda son y\u0131llarda art\u0131\u015f ger\u00e7ekle\u015fmi\u015ftir.<\/p>\n<p>&nbsp;<\/p>\n<p>\u0130\u00e7 kaynaklar ve kullan\u0131m\u0131na ili\u015fkin s\u00fcre\u00e7ler Erzincan Binali Y\u0131ld\u0131r\u0131m \u00dcniversitesi <a href=\"https:\/\/bap.ebyu.edu.tr\/?page_id=416&amp;lang=tr\">Bilimsel Ara\u015ft\u0131rma Projeleri Uygulama Esaslar\u0131<\/a> \u00e7er\u00e7evesinde y\u00fcr\u00fct\u00fclmekte ve bu uygulama esaslar\u0131 do\u011frultusunda ara\u015ft\u0131rma-geli\u015ftirme faaliyetleri i\u00e7in mali destek sa\u011flanmaktad\u0131r. Bu kapsamda, her akademik birim i\u00e7in ayr\u0131 bir b\u00fct\u00e7e tahsis edilmemi\u015f olup \u00f6\u011fretim elemanlar\u0131n\u0131n proje m\u00fcracaatlar\u0131na ve \u00dcniversitenin \u00f6ncelikli ara\u015ft\u0131rma alanlar\u0131na ba\u011fl\u0131 olarak da\u011f\u0131l\u0131m yap\u0131lmaktad\u0131r. Projeler i\u00e7in gerekli olan b\u00fct\u00e7enin b\u00fcy\u00fck k\u0131sm\u0131 <a href=\"http:\/\/www.ekev24.org.tr\/\">Erzincan K\u00fclt\u00fcr E\u011fitim Vakf\u0131<\/a> (EKEV) ile imzalanan protokol \u00e7er\u00e7evesinde d\u0131\u015f kaynak olarak sa\u011flanmaktad\u0131r. Bununla birlikte, di\u011fer d\u0131\u015f kaynakl\u0131 fonlar (T\u00dcB\u0130TAK ve AB) da ara\u015ft\u0131rma-geli\u015ftirme faaliyetleri i\u00e7in kullan\u0131lmaktad\u0131r. 2020 y\u0131l\u0131nda <a href=\"https:\/\/avesis.ebyu.edu.tr\/arama?Bulunan%20Kay%C4%B1t%20T%C3%BCrleri%5b0%5d=Projeler&amp;Alt%20T%C3%BCr%5b0%5d=T%C3%9CB%C4%B0TAK%20Projesi&amp;Y%C4%B1l%5bmin%5d=2020&amp;Y%C4%B1l%5bmax%5d=2020\">T\u00dcB\u0130TAK taraf\u0131ndan desteklenen proje say\u0131s\u0131 5<\/a> ve bu projelerin toplam b\u00fct\u00e7esi ise 729.935 TL\u2019dir.<\/p>\n<p>&nbsp;<\/p>\n<p>\u00dcniversitede Sosyal, Fen ve Sa\u011fl\u0131k Bilimleri olmak \u00fczere 3 farkl\u0131 enstit\u00fcde doktora programlar\u0131 y\u00fcr\u00fct\u00fclmektedir. Fen Bilimleri Enstit\u00fcs\u00fcnde 7, Sosyal Bilimler Enstit\u00fcs\u00fcnde 11 ve Sa\u011fl\u0131k Bilimleri Enstit\u00fcs\u00fcnde 5 olmak \u00fczere toplamda <a href=\"https:\/\/api.yokak.gov.tr\/Storage\/erzincan\/2019\/ProofFiles\/2.7.%20Doktora%20Programlar%C4%B1.pdf\">23 doktora program\u0131<\/a> aktif olarak y\u00fcr\u00fct\u00fclmektedir. Doktora \u00f6\u011frenci say\u0131s\u0131 her ge\u00e7en y\u0131l art\u0131\u015f g\u00f6stermekte olup 2020 y\u0131l\u0131 itibariyle 202 doktora \u00f6\u011frencisi vard\u0131r. 2020 y\u0131l\u0131nda doktora programlar\u0131ndan mezun olan \u00f6\u011frenci say\u0131s\u0131 ise 20\u2019dir.<\/p>\n<p>&nbsp;<\/p>\n<p><a href=\"https:\/\/projekoordinasyon.ebyu.edu.tr\/\">Proje Koordinasyon ve E\u011fitim Koordinat\u00f6rl\u00fc\u011f\u00fc<\/a> taraf\u0131ndan ara\u015ft\u0131rma-geli\u015ftirme faaliyetleri \u00e7er\u00e7evesinde baz\u0131 kurum ve kurulu\u015flarla stratejik ortakl\u0131klar ve i\u015f birlikleri yap\u0131lm\u0131\u015ft\u0131r. Ayr\u0131ca, 2018 y\u0131l\u0131 sonras\u0131nda Proje Koordinasyon ve E\u011fitim Koordinat\u00f6rl\u00fc\u011f\u00fc taraf\u0131ndan bir\u00e7ok e\u011fitim, bilgilendirme vb. faaliyetler ger\u00e7ekle\u015ftirilmi\u015ftir.<\/p>\n<p>&nbsp;<\/p>\n<h4><strong>C.3. Ara\u015ft\u0131rma Yetkinli\u011fi<\/strong><\/h4>\n<p>&nbsp;<\/p>\n<p>Kurumun \u201cAra\u015ft\u0131rma ve Geli\u015ftirme Faaliyetlerinin Say\u0131s\u0131n\u0131 ve Niteli\u011fini Art\u0131rmak\u201d amac\u0131na y\u00f6nelik\u00a0 hedefler ve bu hedeflere y\u00f6nelik belirlenen performans g\u00f6stergeleri 2020-2024 Stratejik Plan\u0131\u2019nda ifade edilmi\u015ftir (<a href=\"https:\/\/strateji.ebyu.edu.tr\/wp-content\/uploads\/2019\/12\/Erzincan-Binali-Y%C4%B1ld%C4%B1r%C4%B1m-%C3%9Cniversitesi-2020-2024-Stratejik-Plan%C4%B1.pdf\">2020-2024 Stratejik Plan\u0131<\/a>, sayfa 84-86).\u00a0 \u00dcniversitenin akademik personel atama ve y\u00fckseltme kriterleri bu hedefler dikkate al\u0131narak revize edilmi\u015f ve \u201c<a href=\"https:\/\/www.yok.gov.tr\/Documents\/Akademik\/AtanmaKriterleri\/erzincan_binali_yildirim_kriter.pdf\">Erzincan Binali Y\u0131ld\u0131r\u0131m \u00dcniversitesi \u00d6\u011fretim \u00dcyeli\u011fine Atanma ve Y\u00fckseltilme Uygulama Esaslar\u0131<\/a>\u201d 07.01.2021 tarihinde \u00dcniversite internet sayfas\u0131nda yay\u0131nlanm\u0131\u015ft\u0131r.<\/p>\n<p>&nbsp;<\/p>\n<p>\u00d6\u011fretim elemanlar\u0131n\u0131n ara\u015ft\u0131rma yetkinli\u011finin geli\u015ftirilmesi amac\u0131yla ara\u015ft\u0131rmac\u0131lara y\u00f6nelik e\u011fitimler d\u00fczenlenmekte ve t\u00fcm payda\u015flara <a href=\"https:\/\/projekoordinasyon.ebyu.edu.tr\/index.php\/category\/haberler\/?lang=tr\">internet sayfas\u0131<\/a> arac\u0131l\u0131\u011f\u0131 ile duyurulmaktad\u0131r. Erzincan Binali Y\u0131ld\u0131r\u0131m \u00dcniversitesi, 2006 y\u0131l\u0131nda ba\u015flat\u0131lan ve 2020 y\u0131l\u0131 itibariyle 43 \u00fcniversitenin \u00fcye oldu\u011fu <a href=\"https:\/\/api.yokak.gov.tr\/Storage\/erzincan\/2019\/ProofFiles\/3.4.%20%C3%9CN%C4%B0P%20Protokol.pdf\">\u00dcniversiteler Aras\u0131 \u0130\u015fbirli\u011fi Program\u0131<\/a> (\u00dcN\u0130P) \u00e7er\u00e7evesinde \u00f6\u011fretim eleman\u0131 yeti\u015ftirme faaliyetlerini s\u00fcrd\u00fcrmektedir. Ayr\u0131ca, akademik i\u015f birli\u011fi, \u00f6\u011frenci de\u011fi\u015fimi, ortak bilimsel projelerin ve ara\u015ft\u0131rma faaliyetlerin y\u00fcr\u00fct\u00fclmesi kapsam\u0131nda <a href=\"https:\/\/ebyu.edu.tr\/9-eylul-universitesi-ile-isbirligi-protokolu-imzalandi\/\">Dokuz Eyl\u00fcl \u00dcniversitesi ile i\u015f birli\u011fi protokol\u00fc<\/a> imzalanm\u0131\u015ft\u0131r. Ulusal ve uluslararas\u0131 i\u015f birlikleri \u00e7er\u00e7evesinde ise 2020 y\u0131l\u0131nda toplam <a href=\"https:\/\/avesis.ebyu.edu.tr\/raporlar\/yayinlar\/ulusal-ve-uluslararasi-is-birlikleri-ile-uretilen-yayinlar\">746 ortak akademik \u00e7al\u0131\u015fma<\/a> yap\u0131lm\u0131\u015ft\u0131r.<\/p>\n<p>&nbsp;<\/p>\n<p>\u00dcniversitede ger\u00e7ekle\u015ftirilen bilimsel faaliyetlerin uygulamaya aktar\u0131lmas\u0131 ve elde edilen \u00fcr\u00fcnlerin fikri ve s\u0131nai m\u00fclkiyet haklar\u0131n\u0131n g\u00fcvence alt\u0131na al\u0131nmas\u0131 amac\u0131yla &#8220;<a href=\"https:\/\/etto.ebyu.edu.tr\/ebyu-fikri-ve-sinai-mulkiyet-haklarinin-yonetimi-yonergesi\/\">Erzincan Binali Y\u0131ld\u0131r\u0131m \u00dcniversitesi Fikri ve S\u0131nai M\u00fclkiyet Haklar\u0131n\u0131n Y\u00f6netimi Y\u00f6nergesi<\/a>&#8221; haz\u0131rlanm\u0131\u015f, 26.03.2019 tarihli ve 04\/13 say\u0131l\u0131 Senato Karar\u0131 ile y\u00fcr\u00fcrl\u00fc\u011fe girmi\u015ftir. Patent ofisinin kurulmas\u0131na y\u00f6nelik s\u00fcre\u00e7 ise devam etmektedir. Ayr\u0131ca, \u00dcniversitenin giri\u015fimcilik ekosistemini desteklemek amac\u0131yla \u201c<a href=\"https:\/\/www.resmigazete.gov.tr\/eskiler\/2019\/04\/20190408-1.htm\">Erzincan Binali Y\u0131ld\u0131r\u0131m \u00dcniversitesi Teknoloji Transfer Ofisi Uygulama ve Ara\u015ft\u0131rma Merkezi Y\u00f6netmeli\u011fi<\/a>\u201d 08.04.2019 tarih 30739 say\u0131l\u0131 Resm\u00ee Gazete\u2019de yay\u0131nlanarak y\u00fcr\u00fcrl\u00fc\u011fe girmi\u015ftir. Y\u00f6netmelik do\u011frultusunda <a href=\"https:\/\/etto.ebyu.edu.tr\">EBY\u00dc Teknoloji Transfer Ofisi Uygulama ve Ara\u015ft\u0131rma Merkezi M\u00fcd\u00fcrl\u00fc\u011f\u00fc<\/a> (EBY\u00dc-TTOUAM) kurulmu\u015f ve \u00e7al\u0131\u015fmalar\u0131na ba\u015flam\u0131\u015ft\u0131r. EBY\u00dc-TTOUAM, yasal \u00e7er\u00e7eve i\u00e7erisinde faaliyetlerini daha etkin bir \u015fekilde y\u00fcr\u00fctebilmesi ve payda\u015flar\u0131 ile i\u015f birli\u011fi s\u00fcre\u00e7lerinin geli\u015ftirilebilmesi i\u00e7in Erzincan TTO Anonim \u015eirketi (ETTO) isimli \u00dcniversite ve sanayi aras\u0131nda ara y\u00fcz olacak bir birim olu\u015fturulmas\u0131n\u0131 hedeflemektedir. Bu do\u011frultuda Y\u00fcksek \u00d6\u011fretim Kurumu\u2019na 2020 y\u0131l\u0131 i\u00e7erisinde ba\u015fvuru yap\u0131lm\u0131\u015f ve onay s\u00fcreci beklenmektedir. Erzincan TTO\u2019nun, mevcut kadrosu ile T\u00dcB\u0130TAK\u2019\u0131n TTO\u2019lar i\u00e7in tan\u0131mlad\u0131\u011f\u0131 destek mod\u00fclleri kapsam\u0131nda b\u00fct\u00fcnle\u015fik bir yakla\u015f\u0131mla EBY\u00dc akademisyenlerine, ara\u015ft\u0131rmac\u0131lar\u0131na, \u00f6\u011frencilerine ve i\u015f birlikleri s\u00fcrecinde belirlenecek firmalara hizmet vermesi ama\u00e7lanmaktad\u0131r.<\/p>\n<p>&nbsp;<\/p>\n<p>\u00dcniversite-Sanayi i\u015f birli\u011fini sa\u011flamak, uluslararas\u0131 pazarlarda rekabet edebilen ihracata dayal\u0131, ileri teknoloji odakl\u0131 ve y\u00fcksek katma de\u011ferli \u00fcretimi te\u015fvik etmek amac\u0131yla, Erzincan\u2019da Teknoloji Geli\u015ftirme B\u00f6lgesi (Teknopark) projesi i\u00e7in Vali Mehmet Makas, Belediye Ba\u015fkan\u0131 Bekir Aksun ve EBY\u00dc Rekt\u00f6r\u00fc Prof. Dr. Ak\u0131n Levent taraf\u0131ndan <a href=\"https:\/\/www.haberturk.com\/erzincan-haberleri\/86144941-erzincanda-teknopark-projesi-icin-ilk-imzalar-atildi\">ilk imzalar at\u0131lm\u0131\u015ft\u0131r<\/a>. Bu kapsamdaki \u00e7al\u0131\u015fmalar EBY\u00dc taraf\u0131ndan y\u00fcr\u00fct\u00fclmektedir.<\/p>\n<p>&nbsp;<\/p>\n<h4><strong>C.4. Ara\u015ft\u0131rma Performans\u0131<\/strong><\/h4>\n<p>&nbsp;<\/p>\n<p>Akademik personelin ara\u015ft\u0131rma-geli\u015ftirme performans\u0131 AVES\u0130S Kurumsal Raporlar mod\u00fcl\u00fc kullan\u0131larak izlenmektedir. Ayr\u0131ca, ara\u015ft\u0131rma b\u00fct\u00e7e performans\u0131n\u0131 izlemeye ili\u015fkin tan\u0131ml\u0131 s\u00fcre\u00e7ler ve uygulamalar y\u0131llara, birimlere ve alanlara g\u00f6re <a href=\"https:\/\/api.yokak.gov.tr\/Storage\/erzincan\/2019\/ProofFiles\/4.6.1.%20BAPS%C4%B0S%20Ekran%20G%C3%B6r%C3%BCnt%C3%BCs%C3%BC.pdf\">BAPS\u0130S otomasyonu<\/a> \u00fczerinden takip edilmektedir. Her takvim y\u0131l\u0131nda ara\u015ft\u0131rma-geli\u015ftirme hedeflerine ula\u015f\u0131l\u0131p ula\u015f\u0131lmad\u0131\u011f\u0131 <a href=\"https:\/\/api.yokak.gov.tr\/Storage\/erzincan\/2019\/ProofFiles\/4.3.%20Birim%20%C3%96zde%C4%9Ferlendirme%20Rapor%20%C3%96rne%C4%9Fi%20-%20Ara%C5%9Ft%C4%B1rma%20K%C4%B1sm%C4%B1.pdf\">Birim \u00d6z De\u011ferlendirme Raporlar\u0131<\/a> arac\u0131l\u0131\u011f\u0131 ile izlenmektedir. Birim \u00d6z De\u011ferlendirme Raporlar\u0131 Ara\u015ft\u0131rma-Geli\u015ftirme Komisyonu taraf\u0131ndan de\u011ferlendirilerek birimlere <a href=\"https:\/\/api.yokak.gov.tr\/Storage\/erzincan\/2019\/ProofFiles\/4.4.%20Birim%20%C3%96zde%C4%9Ferlendirme%20Geri%20Bildirimleri.xlsx\">geri bildirimler<\/a> yap\u0131lmaktad\u0131r. Ancak, 2020 y\u0131l\u0131 Birim \u00d6z De\u011ferlendirme Raporlar\u0131 yaz\u0131m ve de\u011ferlendirme s\u00fcreci COVID-19 pandemi ko\u015fullar\u0131 nedeniyle y\u00fcr\u00fct\u00fclememi\u015ftir.<\/p>\n<p>&nbsp;<\/p>\n<p>\u00dcniversite, uluslararas\u0131 \u00f6l\u00e7ekteki ara\u015ft\u0131rma ve geli\u015ftirme performans\u0131n\u0131 uluslararas\u0131 s\u0131ralama kurulu\u015flar\u0131n\u0131n (Scimago, U.S.NEWS, Webometrics, URAP vb.) yay\u0131nlad\u0131\u011f\u0131 raporlar arac\u0131l\u0131\u011f\u0131 ile takip etmektedir. Bu ba\u011flamda, Erzincan Binali Y\u0131ld\u0131r\u0131m \u00dcniversitesi, <a href=\"https:\/\/www.usnews.com\/education\/best-global-universities\/erzincan-university-529318\">U.S. NEWS &amp; World Report<\/a> taraf\u0131ndan yap\u0131lan s\u0131ralamaya 2020 y\u0131l\u0131nda ilk kez girmi\u015f, D\u00fcnyada 971. ve Asya \u00fcniversiteleri i\u00e7erisinde de 238. s\u0131rada yer alm\u0131\u015ft\u0131r. T\u00fcrkiye\u2019deki 209 \u00dcniversiteden 46\u2019s\u0131n\u0131n de\u011ferlendirilmeye al\u0131nd\u0131\u011f\u0131 bu s\u0131ralamaya g\u00f6re de 16. s\u0131rada yer alma ba\u015far\u0131s\u0131n\u0131 g\u00f6stermi\u015ftir.<\/p>\n<p>&nbsp;<\/p>\n<p>Ara\u015ft\u0131rma-Geli\u015ftirmeyi te\u015fvik etmek ve desteklemek i\u00e7in, Y\u00d6K taraf\u0131ndan sa\u011flanan akademik te\u015fvik sisteminin yan\u0131 s\u0131ra Erzincan K\u00fclt\u00fcr E\u011fitim Vakf\u0131 (EKEV) taraf\u0131ndan desteklenen Erzincan Binali Y\u0131ld\u0131r\u0131m \u00dcniversitesi <a href=\"https:\/\/ebyu.edu.tr\/akademik-bilim-sanat-ve-spor-odulleri-sahiplerini-buldu\/\">Akademik Bilim, Sanat ve Spor \u00d6d\u00fclleri<\/a> verilmektedir. 2020 y\u0131l\u0131nda \u00fcniversitemizdeki farkl\u0131 alan ve disiplinlerden 16 \u00f6\u011fretim \u00fcyesi \u00f6d\u00fcl almaya hak kazanm\u0131\u015ft\u0131r.\u00a0 Bununla birlikte, akademik personelin ara\u015ft\u0131rma-geli\u015ftirme performans\u0131n\u0131 y\u00fckseltmek amac\u0131yla \u00dcniversite Vakf\u0131 taraf\u0131ndan &#8220;makale te\u015fvik&#8221;, &#8220;yurt d\u0131\u015f\u0131 akademik kariyer destek&#8221;, &#8220;akademik performans&#8221; ve &#8220;bilim, sanat, k\u00fclt\u00fcr ve spor faaliyetleri&#8221; olmak \u00fczere 4 ayr\u0131 kategoride te\u015fvik program\u0131 haz\u0131rlanmaktad\u0131r.<\/p>\n","protected":false},"excerpt":{"rendered":"<p>ARA\u015eTIRMA VE GEL\u0130\u015eT\u0130RME &nbsp; C.1. Ara\u015ft\u0131rma Stratejisi &nbsp; \u00dcniversitenin misyonu, vizyonu ve hedefleri do\u011frultusunda EBY\u00dc Ara\u015ft\u0131rma-Geli\u015ftirme Politikas\u0131 payda\u015flar\u0131n kat\u0131l\u0131m\u0131 ve katk\u0131lar\u0131yla revize edilmi\u015ftir. Ara\u015ft\u0131rma politikas\u0131na paralel olarak \u00fcniversitenin ara\u015ft\u0131rma stratejileri, hedefleri ve performans g\u00f6stergeleri EBY\u00dc 2020-2024 Stratejik Plan\u0131\u2019nda belirtilmi\u015ftir. Erzincan Binali Y\u0131ld\u0131r\u0131m \u00dcniversitesi ara\u015ft\u0131rma faaliyetleri olduk\u00e7a geni\u015f bir yelpazede s\u00fcrd\u00fcr\u00fclmekle birlikte; yapay zeka teknolojileri, end\u00fcstriyel&hellip; <a class=\"more-link\" href=\"https:\/\/kalite.ebyu.edu.tr\/?page_id=1795\">Okumaya devam et <span class=\"screen-reader-text\">Ara\u015ft\u0131rma Geli\u015ftirme S\u00fcre\u00e7leri<\/span><\/a><\/p>\n","protected":false},"author":13,"featured_media":0,"parent":0,"menu_order":0,"comment_status":"closed","ping_status":"closed","template":"","meta":{"footnotes":""},"class_list":["post-1795","page","type-page","status-publish","hentry","entry"],"_links":{"self":[{"href":"https:\/\/kalite.ebyu.edu.tr\/index.php?rest_route=\/wp\/v2\/pages\/1795","targetHints":{"allow":["GET"]}}],"collection":[{"href":"https:\/\/kalite.ebyu.edu.tr\/index.php?rest_route=\/wp\/v2\/pages"}],"about":[{"href":"https:\/\/kalite.ebyu.edu.tr\/index.php?rest_route=\/wp\/v2\/types\/page"}],"author":[{"embeddable":true,"href":"https:\/\/kalite.ebyu.edu.tr\/index.php?rest_route=\/wp\/v2\/users\/13"}],"replies":[{"embeddable":true,"href":"https:\/\/kalite.ebyu.edu.tr\/index.php?rest_route=%2Fwp%2Fv2%2Fcomments&post=1795"}],"version-history":[{"count":4,"href":"https:\/\/kalite.ebyu.edu.tr\/index.php?rest_route=\/wp\/v2\/pages\/1795\/revisions"}],"predecessor-version":[{"id":1973,"href":"https:\/\/kalite.ebyu.edu.tr\/index.php?rest_route=\/wp\/v2\/pages\/1795\/revisions\/1973"}],"wp:attachment":[{"href":"https:\/\/kalite.ebyu.edu.tr\/index.php?rest_route=%2Fwp%2Fv2%2Fmedia&parent=1795"}],"curies":[{"name":"wp","href":"https:\/\/api.w.org\/{rel}","templated":true}]}}