{"id":1793,"date":"2021-06-28T16:23:37","date_gmt":"2021-06-28T13:23:37","guid":{"rendered":"https:\/\/kalite.ebyu.edu.tr\/?page_id=1793"},"modified":"2026-03-31T15:24:09","modified_gmt":"2026-03-31T12:24:09","slug":"egitim-ogretim-belgeleri","status":"publish","type":"page","link":"https:\/\/kalite.ebyu.edu.tr\/?page_id=1793","title":{"rendered":"E\u011fitim \u00d6\u011fretim Belgeleri"},"content":{"rendered":"<p>&nbsp;<\/p>\n<table>\n<tbody>\n<tr>\n<td width=\"415\">\u00d6\u011fretim Eleman\u0131 Ders De\u011ferlendirme Raporu<\/td>\n<td width=\"189\"><strong><a href=\"https:\/\/kalite.ebyu.edu.tr\/wp-content\/uploads\/2025\/08\/Ogretim-Elemani-Ders-Degerlendirme-Raporu-Formu-2024-2025_Bahar-1.xlsx\"><img decoding=\"async\" class=\"aligncenter wp-image-1197\" src=\"https:\/\/kalite.ebyu.edu.tr\/wp-content\/uploads\/2021\/04\/excel-logo.jpg\" alt=\"\" width=\"81\" height=\"61\" srcset=\"https:\/\/kalite.ebyu.edu.tr\/wp-content\/uploads\/2021\/04\/excel-logo.jpg 866w, https:\/\/kalite.ebyu.edu.tr\/wp-content\/uploads\/2021\/04\/excel-logo-300x225.jpg 300w, https:\/\/kalite.ebyu.edu.tr\/wp-content\/uploads\/2021\/04\/excel-logo-768x576.jpg 768w\" sizes=\"(max-width: 81px) 100vw, 81px\" \/><\/a><\/strong><\/td>\n<\/tr>\n<tr>\n<td width=\"415\">Bo\u0308lu\u0308m Eg\u0306itim-O\u0308g\u0306retim Deg\u0306erlendirme Raporu<\/td>\n<td width=\"189\"><strong><a href=\"https:\/\/kalite.ebyu.edu.tr\/wp-content\/uploads\/2025\/02\/Bolum-Egitim-Ogretim-Degerlendirme-Raporu-Formu-2024-2025_Guz-1.xlsx\"><img decoding=\"async\" class=\"aligncenter wp-image-1197\" src=\"https:\/\/kalite.ebyu.edu.tr\/wp-content\/uploads\/2021\/04\/excel-logo.jpg\" alt=\"\" width=\"81\" height=\"61\" srcset=\"https:\/\/kalite.ebyu.edu.tr\/wp-content\/uploads\/2021\/04\/excel-logo.jpg 866w, https:\/\/kalite.ebyu.edu.tr\/wp-content\/uploads\/2021\/04\/excel-logo-300x225.jpg 300w, https:\/\/kalite.ebyu.edu.tr\/wp-content\/uploads\/2021\/04\/excel-logo-768x576.jpg 768w\" sizes=\"(max-width: 81px) 100vw, 81px\" \/><\/a><\/strong><\/td>\n<\/tr>\n<tr>\n<td width=\"415\">Birim Eg\u0306itim-O\u0308g\u0306retim Deg\u0306erlendirme Raporu<\/td>\n<td width=\"189\"><a href=\"https:\/\/kalite.ebyu.edu.tr\/wp-content\/uploads\/2025\/02\/Birim-Egitim-Ogretim-Degerlendirme-Raporu-Formu-2024-2025_Guz.xlsx\"><img decoding=\"async\" class=\"aligncenter wp-image-1197\" src=\"https:\/\/kalite.ebyu.edu.tr\/wp-content\/uploads\/2021\/04\/excel-logo.jpg\" alt=\"\" width=\"81\" height=\"61\" srcset=\"https:\/\/kalite.ebyu.edu.tr\/wp-content\/uploads\/2021\/04\/excel-logo.jpg 866w, https:\/\/kalite.ebyu.edu.tr\/wp-content\/uploads\/2021\/04\/excel-logo-300x225.jpg 300w, https:\/\/kalite.ebyu.edu.tr\/wp-content\/uploads\/2021\/04\/excel-logo-768x576.jpg 768w\" sizes=\"(max-width: 81px) 100vw, 81px\" \/><\/a><\/td>\n<\/tr>\n<\/tbody>\n<\/table>\n<p>&nbsp;<\/p>\n<table>\n<tbody>\n<tr>\n<td width=\"415\">O\u0308g\u0306retim Eleman\u0131 Ders Deg\u0306erlendirme Raporu-Toplant\u0131 Kayd\u0131<\/td>\n<td width=\"189\"><a href=\"https:\/\/youtu.be\/wrmxc6uNXW0\"><img decoding=\"async\" class=\"aligncenter wp-image-3093 \" src=\"https:\/\/kalite.ebyu.edu.tr\/wp-content\/uploads\/2023\/07\/pngwing.com_-150x150.png\" alt=\"\" width=\"70\" height=\"70\" srcset=\"https:\/\/kalite.ebyu.edu.tr\/wp-content\/uploads\/2023\/07\/pngwing.com_-150x150.png 150w, https:\/\/kalite.ebyu.edu.tr\/wp-content\/uploads\/2023\/07\/pngwing.com_-300x300.png 300w, https:\/\/kalite.ebyu.edu.tr\/wp-content\/uploads\/2023\/07\/pngwing.com_.png 512w\" sizes=\"(max-width: 70px) 100vw, 70px\" \/><\/a><\/td>\n<\/tr>\n<tr>\n<td width=\"415\">Bo\u0308lu\u0308m Eg\u0306itim-O\u0308g\u0306retim Deg\u0306erlendirme Raporu-Toplant\u0131 Kayd\u0131<\/td>\n<td width=\"189\"><a href=\"https:\/\/youtu.be\/8Ta5Ev0zCXE\"><img decoding=\"async\" class=\"aligncenter wp-image-3093 \" src=\"https:\/\/kalite.ebyu.edu.tr\/wp-content\/uploads\/2023\/07\/pngwing.com_-150x150.png\" alt=\"\" width=\"70\" height=\"70\" srcset=\"https:\/\/kalite.ebyu.edu.tr\/wp-content\/uploads\/2023\/07\/pngwing.com_-150x150.png 150w, https:\/\/kalite.ebyu.edu.tr\/wp-content\/uploads\/2023\/07\/pngwing.com_-300x300.png 300w, https:\/\/kalite.ebyu.edu.tr\/wp-content\/uploads\/2023\/07\/pngwing.com_.png 512w\" sizes=\"(max-width: 70px) 100vw, 70px\" \/><\/a><\/td>\n<\/tr>\n<tr>\n<td width=\"415\">Birim Eg\u0306itim-O\u0308g\u0306retim Deg\u0306erlendirme Raporu-Toplant\u0131 Kayd\u0131<\/td>\n<td width=\"189\"><a href=\"https:\/\/youtu.be\/vqwxl5EuX0I\"><img decoding=\"async\" class=\"aligncenter wp-image-3093 \" src=\"https:\/\/kalite.ebyu.edu.tr\/wp-content\/uploads\/2023\/07\/pngwing.com_-150x150.png\" alt=\"\" width=\"70\" height=\"70\" srcset=\"https:\/\/kalite.ebyu.edu.tr\/wp-content\/uploads\/2023\/07\/pngwing.com_-150x150.png 150w, https:\/\/kalite.ebyu.edu.tr\/wp-content\/uploads\/2023\/07\/pngwing.com_-300x300.png 300w, https:\/\/kalite.ebyu.edu.tr\/wp-content\/uploads\/2023\/07\/pngwing.com_.png 512w\" sizes=\"(max-width: 70px) 100vw, 70px\" \/><\/a><\/td>\n<\/tr>\n<\/tbody>\n<\/table>\n<p>&nbsp;<\/p>\n<table>\n<tbody>\n<tr>\n<td width=\"415\">E\u011fitim \u00d6\u011fretim Kalite S\u00fcre\u00e7leri Uygulama Takvimi<\/p>\n<p>&nbsp;<\/td>\n<td width=\"189\">\n<h4 style=\"font-family: -apple-system, BlinkMacSystemFont, 'Segoe UI', Roboto, Oxygen-Sans, Ubuntu, Cantarell, 'Helvetica Neue', sans-serif;font-weight: var(--heading--font-weight-strong);font-size: var(--heading--font-size-h4);letter-spacing: normal;line-height: var(--heading--line-height-h4)\"><a href=\"https:\/\/kalite.ebyu.edu.tr\/wp-content\/uploads\/2026\/03\/Egitim-Ogretim-Kalite-Surecleri-Uygulama-Takvimi.pdf\"><img decoding=\"async\" class=\"aligncenter wp-image-2313\" src=\"https:\/\/kalite.ebyu.edu.tr\/wp-content\/uploads\/2021\/08\/egitim-ve-ogretim-politikasi.png\" alt=\"\" width=\"53\" height=\"65\" \/><\/a><\/h4>\n<\/td>\n<\/tr>\n<tr>\n<td width=\"415\">\u00d6\u011fretim Eleman\u0131 Ders Da\u011f\u0131l\u0131m Dengesi \u0130\u015f Y\u00fck\u00fc Kay\u0131t ve \u0130zleme Formu<\/td>\n<td width=\"189\">\n<h4 style=\"font-family: -apple-system, BlinkMacSystemFont, 'Segoe UI', Roboto, Oxygen-Sans, Ubuntu, Cantarell, 'Helvetica Neue', sans-serif;font-weight: var(--heading--font-weight-strong);font-size: var(--heading--font-size-h4);letter-spacing: normal;line-height: var(--heading--line-height-h4)\"><a href=\"https:\/\/kalite.ebyu.edu.tr\/wp-content\/uploads\/2026\/03\/ogretim_elemani_ders_dagilim_dengesi_is_yuku_kayit_ve_izleme_formu.pdf\"><img decoding=\"async\" class=\"aligncenter wp-image-2313\" src=\"https:\/\/kalite.ebyu.edu.tr\/wp-content\/uploads\/2021\/08\/egitim-ve-ogretim-politikasi.png\" alt=\"\" width=\"53\" height=\"65\" \/><\/a><\/h4>\n<\/td>\n<\/tr>\n<tr>\n<td width=\"415\">Payda\u015f G\u00f6r\u00fc\u015fleri Belirleme Rehberi<\/td>\n<td width=\"189\">\n<h4 style=\"font-family: -apple-system, BlinkMacSystemFont, 'Segoe UI', Roboto, Oxygen-Sans, Ubuntu, Cantarell, 'Helvetica Neue', sans-serif;font-weight: var(--heading--font-weight-strong);font-size: var(--heading--font-size-h4);letter-spacing: normal;line-height: var(--heading--line-height-h4)\"><a href=\"https:\/\/kalite.ebyu.edu.tr\/wp-content\/uploads\/2026\/03\/Paydas-Gorusleri-Belirleme-Rehberi.pdf\"><img decoding=\"async\" class=\"aligncenter wp-image-2313\" src=\"https:\/\/kalite.ebyu.edu.tr\/wp-content\/uploads\/2021\/08\/egitim-ve-ogretim-politikasi.png\" alt=\"\" width=\"53\" height=\"65\" \/><\/a><\/h4>\n<\/td>\n<\/tr>\n<tr>\n<td width=\"415\">\u00d6\u011frenme \u00c7\u0131kt\u0131s\u0131 T\u00fcrleri<\/td>\n<td width=\"189\">\n<h4 style=\"font-family: -apple-system, BlinkMacSystemFont, 'Segoe UI', Roboto, Oxygen-Sans, Ubuntu, Cantarell, 'Helvetica Neue', sans-serif;font-weight: var(--heading--font-weight-strong);font-size: var(--heading--font-size-h4);letter-spacing: normal;line-height: var(--heading--line-height-h4)\"><a href=\"https:\/\/kalite.ebyu.edu.tr\/wp-content\/uploads\/2023\/07\/EK-1-Ogrenme-Ciktisi-Turu.pdf\"><strong><img decoding=\"async\" class=\"aligncenter wp-image-2313\" src=\"https:\/\/kalite.ebyu.edu.tr\/wp-content\/uploads\/2021\/08\/egitim-ve-ogretim-politikasi.png\" alt=\"\" width=\"53\" height=\"65\" \/><\/strong><\/a><\/h4>\n<\/td>\n<\/tr>\n<tr>\n<td width=\"415\">\u00d6\u011frenme Y\u00f6ntemleri<\/td>\n<td width=\"189\">\n<h4 style=\"font-family: -apple-system, BlinkMacSystemFont, 'Segoe UI', Roboto, Oxygen-Sans, Ubuntu, Cantarell, 'Helvetica Neue', sans-serif;font-weight: var(--heading--font-weight-strong);font-size: var(--heading--font-size-h4);letter-spacing: normal;line-height: var(--heading--line-height-h4)\"><a href=\"https:\/\/kalite.ebyu.edu.tr\/wp-content\/uploads\/2023\/07\/EK-2-Ogrenme-Yontemleri.pdf\"><img loading=\"lazy\" decoding=\"async\" class=\"aligncenter wp-image-2313\" style=\"font-size: 20px;font-weight: 400\" src=\"https:\/\/kalite.ebyu.edu.tr\/wp-content\/uploads\/2021\/08\/egitim-ve-ogretim-politikasi.png\" alt=\"\" width=\"53\" height=\"65\" \/><\/a><\/h4>\n<\/td>\n<\/tr>\n<tr>\n<td width=\"415\">\u00d6l\u00e7me De\u011ferlendirme Y\u00f6ntemleri<\/td>\n<td width=\"189\">\n<h4 style=\"font-family: -apple-system, BlinkMacSystemFont, 'Segoe UI', Roboto, Oxygen-Sans, Ubuntu, Cantarell, 'Helvetica Neue', sans-serif;font-weight: var(--heading--font-weight-strong);font-size: var(--heading--font-size-h4);letter-spacing: normal;line-height: var(--heading--line-height-h4)\"><a href=\"https:\/\/kalite.ebyu.edu.tr\/wp-content\/uploads\/2023\/07\/EK-3-Olcme-Degerlendirme-Yontemleri.pdf\"><img decoding=\"async\" class=\"aligncenter wp-image-2313\" src=\"https:\/\/kalite.ebyu.edu.tr\/wp-content\/uploads\/2021\/08\/egitim-ve-ogretim-politikasi.png\" alt=\"\" width=\"53\" height=\"65\" \/><\/a><\/h4>\n<\/td>\n<\/tr>\n<\/tbody>\n<\/table>\n<p>&nbsp;<\/p>\n<table>\n<tbody>\n<tr>\n<td width=\"415\">Bi\u00e7imlendirici Y\u00f6ntem ve Teknikleri Kontrol Listesi<\/td>\n<td width=\"189\">\n<h4 style=\"font-family: -apple-system, BlinkMacSystemFont, 'Segoe UI', Roboto, Oxygen-Sans, Ubuntu, Cantarell, 'Helvetica Neue', sans-serif;font-weight: var(--heading--font-weight-strong);font-size: var(--heading--font-size-h4);letter-spacing: normal;line-height: var(--heading--line-height-h4)\"><a href=\"https:\/\/kalite.ebyu.edu.tr\/wp-content\/uploads\/2026\/03\/Bicimlendirici-Yontem-ve-Teknikleri-Kontrol-Listesi.pdf\"><img decoding=\"async\" class=\"aligncenter wp-image-2313\" src=\"https:\/\/kalite.ebyu.edu.tr\/wp-content\/uploads\/2021\/08\/egitim-ve-ogretim-politikasi.png\" alt=\"\" width=\"53\" height=\"65\" \/><\/a><\/h4>\n<\/td>\n<\/tr>\n<tr>\n<td width=\"415\">Bi\u00e7imlendirici Belirtke Tablosu Kazan\u0131m-\u00d6l\u00e7me ve De\u011ferlendirme<\/td>\n<td width=\"189\">\n<h4 style=\"font-family: -apple-system, BlinkMacSystemFont, 'Segoe UI', Roboto, Oxygen-Sans, Ubuntu, Cantarell, 'Helvetica Neue', sans-serif;font-weight: var(--heading--font-weight-strong);font-size: var(--heading--font-size-h4);letter-spacing: normal;line-height: var(--heading--line-height-h4)\"><a href=\"https:\/\/kalite.ebyu.edu.tr\/wp-content\/uploads\/2026\/03\/Bicimlendirici-Belirtke-Tablosu-Kazanim-Olcme-ve-Degerlendirme.pdf\"><img decoding=\"async\" class=\"aligncenter wp-image-2313\" src=\"https:\/\/kalite.ebyu.edu.tr\/wp-content\/uploads\/2021\/08\/egitim-ve-ogretim-politikasi.png\" alt=\"\" width=\"53\" height=\"65\" \/><\/a><\/h4>\n<\/td>\n<\/tr>\n<tr>\n<td width=\"415\">Bi\u00e7imlendirici Seminer De\u011ferlendirme Formu<\/td>\n<td width=\"189\">\n<h4 style=\"font-family: -apple-system, BlinkMacSystemFont, 'Segoe UI', Roboto, Oxygen-Sans, Ubuntu, Cantarell, 'Helvetica Neue', sans-serif;font-weight: var(--heading--font-weight-strong);font-size: var(--heading--font-size-h4);letter-spacing: normal;line-height: var(--heading--line-height-h4)\"><a href=\"https:\/\/kalite.ebyu.edu.tr\/wp-content\/uploads\/2026\/03\/Bicimlendirici-Seminer-Degerlendirme-Formu.pdf\"><img decoding=\"async\" class=\"aligncenter wp-image-2313\" src=\"https:\/\/kalite.ebyu.edu.tr\/wp-content\/uploads\/2021\/08\/egitim-ve-ogretim-politikasi.png\" alt=\"\" width=\"53\" height=\"65\" \/><\/a><\/h4>\n<\/td>\n<\/tr>\n<tr>\n<td width=\"415\">Bi\u00e7imlendirici Program \u0130\u00e7erik Kontrol Listesi<\/td>\n<td width=\"189\">\n<h4 style=\"font-family: -apple-system, BlinkMacSystemFont, 'Segoe UI', Roboto, Oxygen-Sans, Ubuntu, Cantarell, 'Helvetica Neue', sans-serif;font-weight: var(--heading--font-weight-strong);font-size: var(--heading--font-size-h4);letter-spacing: normal;line-height: var(--heading--line-height-h4)\"><a href=\"https:\/\/kalite.ebyu.edu.tr\/wp-content\/uploads\/2026\/03\/Bicimlendirici-Program-Icerik-Kontrol-Listesi.pdf\"><img decoding=\"async\" class=\"aligncenter wp-image-2313\" src=\"https:\/\/kalite.ebyu.edu.tr\/wp-content\/uploads\/2021\/08\/egitim-ve-ogretim-politikasi.png\" alt=\"\" width=\"53\" height=\"65\" \/><\/a><\/h4>\n<\/td>\n<\/tr>\n<tr>\n<td width=\"415\">Yans\u0131t\u0131c\u0131 De\u011ferlendirme Formu<\/td>\n<td width=\"189\">\n<h4 style=\"font-family: -apple-system, BlinkMacSystemFont, 'Segoe UI', Roboto, Oxygen-Sans, Ubuntu, Cantarell, 'Helvetica Neue', sans-serif;font-weight: var(--heading--font-weight-strong);font-size: var(--heading--font-size-h4);letter-spacing: normal;line-height: var(--heading--line-height-h4)\"><a href=\"https:\/\/kalite.ebyu.edu.tr\/wp-content\/uploads\/2026\/03\/Yansitici-Degerlendirme-Formu.pdf\"><img decoding=\"async\" class=\"aligncenter wp-image-2313\" src=\"https:\/\/kalite.ebyu.edu.tr\/wp-content\/uploads\/2021\/08\/egitim-ve-ogretim-politikasi.png\" alt=\"\" width=\"53\" height=\"65\" \/><\/a><\/h4>\n<\/td>\n<\/tr>\n<tr>\n<td width=\"415\">Toplam De\u011ferlendirme Raporu \u00d6rne\u011fi<\/td>\n<td width=\"189\">\n<h4 style=\"font-family: -apple-system, BlinkMacSystemFont, 'Segoe UI', Roboto, Oxygen-Sans, Ubuntu, Cantarell, 'Helvetica Neue', sans-serif;font-weight: var(--heading--font-weight-strong);font-size: var(--heading--font-size-h4);letter-spacing: normal;line-height: var(--heading--line-height-h4)\"><a href=\"https:\/\/kalite.ebyu.edu.tr\/wp-content\/uploads\/2026\/03\/Toplam-Degerlendirme-Raporu-Ornegi.pdf\"><img decoding=\"async\" class=\"aligncenter wp-image-2313\" src=\"https:\/\/kalite.ebyu.edu.tr\/wp-content\/uploads\/2021\/08\/egitim-ve-ogretim-politikasi.png\" alt=\"\" width=\"53\" height=\"65\" \/><\/a><\/h4>\n<\/td>\n<\/tr>\n<\/tbody>\n<\/table>\n<p>&nbsp;<\/p>\n<table>\n<tbody>\n<tr>\n<td width=\"415\">\u0130htiya\u00e7 Analizinde Kullan\u0131labilecek Y\u00f6ntem Teknik ve Kaynaklar<\/td>\n<td width=\"189\">\n<h4 style=\"font-family: -apple-system, BlinkMacSystemFont, 'Segoe UI', Roboto, Oxygen-Sans, Ubuntu, Cantarell, 'Helvetica Neue', sans-serif;font-weight: var(--heading--font-weight-strong);font-size: var(--heading--font-size-h4);letter-spacing: normal;line-height: var(--heading--line-height-h4)\"><a href=\"https:\/\/kalite.ebyu.edu.tr\/wp-content\/uploads\/2026\/03\/ihtiyac_analizinde_kullanilabilecek_yontem_teknik_ve_kaynaklar.pdf\"><img decoding=\"async\" class=\"aligncenter wp-image-2313\" src=\"https:\/\/kalite.ebyu.edu.tr\/wp-content\/uploads\/2021\/08\/egitim-ve-ogretim-politikasi.png\" alt=\"\" width=\"53\" height=\"65\" \/><\/a><\/h4>\n<\/td>\n<\/tr>\n<tr>\n<td width=\"415\">\u0130htiya\u00e7 Analizi Ger\u00e7ekle\u015ftirme K\u0131lavuzu<\/td>\n<td width=\"189\">\n<h4 style=\"font-family: -apple-system, BlinkMacSystemFont, 'Segoe UI', Roboto, Oxygen-Sans, Ubuntu, Cantarell, 'Helvetica Neue', sans-serif;font-weight: var(--heading--font-weight-strong);font-size: var(--heading--font-size-h4);letter-spacing: normal;line-height: var(--heading--line-height-h4)\"><a href=\"https:\/\/kalite.ebyu.edu.tr\/wp-content\/uploads\/2026\/03\/Ihtiyac-Analizi-Gerceklestirme-Kilavuzu.pdf\"><img decoding=\"async\" class=\"aligncenter wp-image-2313\" src=\"https:\/\/kalite.ebyu.edu.tr\/wp-content\/uploads\/2021\/08\/egitim-ve-ogretim-politikasi.png\" alt=\"\" width=\"53\" height=\"65\" \/><\/a><\/h4>\n<\/td>\n<\/tr>\n<\/tbody>\n<\/table>\n<p>&nbsp;<\/p>\n<table>\n<tbody>\n<tr>\n<td width=\"415\">Programlar\u0131n Ders Da\u011f\u0131l\u0131m Dengesi K\u0131lavuzu<\/td>\n<td width=\"189\">\n<h4 style=\"font-family: -apple-system, BlinkMacSystemFont, 'Segoe UI', Roboto, Oxygen-Sans, Ubuntu, Cantarell, 'Helvetica Neue', sans-serif;font-weight: var(--heading--font-weight-strong);font-size: var(--heading--font-size-h4);letter-spacing: normal;line-height: var(--heading--line-height-h4)\"><a href=\"https:\/\/kalite.ebyu.edu.tr\/wp-content\/uploads\/2026\/03\/programlarin_ders_dagilim_dengesi_kilavuzu.pdf\"><img decoding=\"async\" class=\"aligncenter wp-image-2313\" src=\"https:\/\/kalite.ebyu.edu.tr\/wp-content\/uploads\/2021\/08\/egitim-ve-ogretim-politikasi.png\" alt=\"\" width=\"53\" height=\"65\" \/><\/a><\/h4>\n<\/td>\n<\/tr>\n<tr>\n<td width=\"415\">Program Geli\u015ftirme ve Program De\u011ferlendirme Komisyonlar\u0131 Uygulama Esaslar\u0131<\/td>\n<td width=\"189\">\n<h4 style=\"font-family: -apple-system, BlinkMacSystemFont, 'Segoe UI', Roboto, Oxygen-Sans, Ubuntu, Cantarell, 'Helvetica Neue', sans-serif;font-weight: var(--heading--font-weight-strong);font-size: var(--heading--font-size-h4);letter-spacing: normal;line-height: var(--heading--line-height-h4)\"><a href=\"https:\/\/kalite.ebyu.edu.tr\/wp-content\/uploads\/2026\/03\/program_gelistirme_ve_program_degerlendirme_komisyonlari_uygulama_esaslari.pdf\"><img decoding=\"async\" class=\"aligncenter wp-image-2313\" src=\"https:\/\/kalite.ebyu.edu.tr\/wp-content\/uploads\/2021\/08\/egitim-ve-ogretim-politikasi.png\" alt=\"\" width=\"53\" height=\"65\" \/><\/a><\/h4>\n<\/td>\n<\/tr>\n<tr>\n<td width=\"415\">\u00d6\u011fretim Program\u0131 Geli\u015ftirme PUK\u00d6 D\u00f6ng\u00fcs\u00fc<\/td>\n<td width=\"189\">\n<h4 style=\"font-family: -apple-system, BlinkMacSystemFont, 'Segoe UI', Roboto, Oxygen-Sans, Ubuntu, Cantarell, 'Helvetica Neue', sans-serif;font-weight: var(--heading--font-weight-strong);font-size: var(--heading--font-size-h4);letter-spacing: normal;line-height: var(--heading--line-height-h4)\"><a href=\"https:\/\/kalite.ebyu.edu.tr\/wp-content\/uploads\/2026\/03\/Ogretim-Programi-Gelistirme-PUKO-Dongusu.pdf\"><img decoding=\"async\" class=\"aligncenter wp-image-2313\" src=\"https:\/\/kalite.ebyu.edu.tr\/wp-content\/uploads\/2021\/08\/egitim-ve-ogretim-politikasi.png\" alt=\"\" width=\"53\" height=\"65\" \/><\/a><\/h4>\n<\/td>\n<\/tr>\n<tr>\n<td width=\"415\">Program Yeterlilikleri Haz\u0131rlama Rehberi<\/td>\n<td width=\"189\">\n<h4 style=\"font-family: -apple-system, BlinkMacSystemFont, 'Segoe UI', Roboto, Oxygen-Sans, Ubuntu, Cantarell, 'Helvetica Neue', sans-serif;font-weight: var(--heading--font-weight-strong);font-size: var(--heading--font-size-h4);letter-spacing: normal;line-height: var(--heading--line-height-h4)\"><a href=\"https:\/\/kalite.ebyu.edu.tr\/wp-content\/uploads\/2026\/03\/Program-Yeterlilikleri-Hazirlama-Rehberi.pdf\"><img decoding=\"async\" class=\"aligncenter wp-image-2313\" src=\"https:\/\/kalite.ebyu.edu.tr\/wp-content\/uploads\/2021\/08\/egitim-ve-ogretim-politikasi.png\" alt=\"\" width=\"53\" height=\"65\" \/><\/a><\/h4>\n<\/td>\n<\/tr>\n<tr>\n<td width=\"415\">Program Geli\u015ftirme ve De\u011ferlendirme D\u00f6ng\u00fcs\u00fc<\/td>\n<td width=\"189\">\n<h4 style=\"font-family: -apple-system, BlinkMacSystemFont, 'Segoe UI', Roboto, Oxygen-Sans, Ubuntu, Cantarell, 'Helvetica Neue', sans-serif;font-weight: var(--heading--font-weight-strong);font-size: var(--heading--font-size-h4);letter-spacing: normal;line-height: var(--heading--line-height-h4)\"><a href=\"https:\/\/kalite.ebyu.edu.tr\/wp-content\/uploads\/2026\/03\/Program-Gelistirme-ve-Degerlendirme-Dongusu.pdf\"><img decoding=\"async\" class=\"aligncenter wp-image-2313\" src=\"https:\/\/kalite.ebyu.edu.tr\/wp-content\/uploads\/2021\/08\/egitim-ve-ogretim-politikasi.png\" alt=\"\" width=\"53\" height=\"65\" \/><\/a><\/h4>\n<\/td>\n<\/tr>\n<tr>\n<td width=\"415\">OneDrive Klas\u00f6rlerinin Olu\u015fturulmas\u0131 ve Kullan\u0131m\u0131<\/td>\n<td width=\"189\">\n<h4 style=\"font-family: -apple-system, BlinkMacSystemFont, 'Segoe UI', Roboto, Oxygen-Sans, Ubuntu, Cantarell, 'Helvetica Neue', sans-serif;font-weight: var(--heading--font-weight-strong);font-size: var(--heading--font-size-h4);letter-spacing: normal;line-height: var(--heading--line-height-h4)\"><a href=\"https:\/\/kalite.ebyu.edu.tr\/wp-content\/uploads\/2026\/03\/OneDrive_klasorlerinin_olusturulmasi_ve_kullanimi.pdf\"><img decoding=\"async\" class=\"aligncenter wp-image-2313\" src=\"https:\/\/kalite.ebyu.edu.tr\/wp-content\/uploads\/2021\/08\/egitim-ve-ogretim-politikasi.png\" alt=\"\" width=\"53\" height=\"65\" \/><\/a><\/h4>\n<\/td>\n<\/tr>\n<tr>\n<td width=\"415\">Ders Bilgi Paketi Haz\u0131rlama Rehberi<\/td>\n<td width=\"189\">\n<h4 style=\"font-family: -apple-system, BlinkMacSystemFont, 'Segoe UI', Roboto, Oxygen-Sans, Ubuntu, Cantarell, 'Helvetica Neue', sans-serif;font-weight: var(--heading--font-weight-strong);font-size: var(--heading--font-size-h4);letter-spacing: normal;line-height: var(--heading--line-height-h4)\"><a href=\"https:\/\/kalite.ebyu.edu.tr\/wp-content\/uploads\/2026\/03\/Ders-Bilgi-Paketi-Hazirlama-Rehberi.pdf\"><img decoding=\"async\" class=\"aligncenter wp-image-2313\" src=\"https:\/\/kalite.ebyu.edu.tr\/wp-content\/uploads\/2021\/08\/egitim-ve-ogretim-politikasi.png\" alt=\"\" width=\"53\" height=\"65\" \/><\/a><\/h4>\n<\/td>\n<\/tr>\n<tr>\n<td width=\"415\">Ders G\u00f6revlendirme Y\u00f6nergesi<\/td>\n<td width=\"189\">\n<h4 style=\"font-family: -apple-system, BlinkMacSystemFont, 'Segoe UI', Roboto, Oxygen-Sans, Ubuntu, Cantarell, 'Helvetica Neue', sans-serif;font-weight: var(--heading--font-weight-strong);font-size: var(--heading--font-size-h4);letter-spacing: normal;line-height: var(--heading--line-height-h4)\"><a href=\"https:\/\/kalite.ebyu.edu.tr\/wp-content\/uploads\/2026\/03\/ders_gorevlendirme_yonergesi.pdf\"><img decoding=\"async\" class=\"aligncenter wp-image-2313\" src=\"https:\/\/kalite.ebyu.edu.tr\/wp-content\/uploads\/2021\/08\/egitim-ve-ogretim-politikasi.png\" alt=\"\" width=\"53\" height=\"65\" \/><\/a><\/h4>\n<\/td>\n<\/tr>\n<\/tbody>\n<\/table>\n<p>&nbsp;<\/p>\n<p>&nbsp;<\/p>\n","protected":false},"excerpt":{"rendered":"<p>&nbsp; \u00d6\u011fretim Eleman\u0131 Ders De\u011ferlendirme Raporu Bo\u0308lu\u0308m Eg\u0306itim-O\u0308g\u0306retim Deg\u0306erlendirme Raporu Birim Eg\u0306itim-O\u0308g\u0306retim Deg\u0306erlendirme Raporu &nbsp; O\u0308g\u0306retim Eleman\u0131 Ders Deg\u0306erlendirme Raporu-Toplant\u0131 Kayd\u0131 Bo\u0308lu\u0308m Eg\u0306itim-O\u0308g\u0306retim Deg\u0306erlendirme Raporu-Toplant\u0131 Kayd\u0131 Birim Eg\u0306itim-O\u0308g\u0306retim Deg\u0306erlendirme Raporu-Toplant\u0131 Kayd\u0131 &nbsp; E\u011fitim \u00d6\u011fretim Kalite S\u00fcre\u00e7leri Uygulama Takvimi &nbsp; \u00d6\u011fretim Eleman\u0131 Ders Da\u011f\u0131l\u0131m Dengesi \u0130\u015f Y\u00fck\u00fc Kay\u0131t ve \u0130zleme Formu Payda\u015f G\u00f6r\u00fc\u015fleri Belirleme Rehberi \u00d6\u011frenme&hellip; <a class=\"more-link\" href=\"https:\/\/kalite.ebyu.edu.tr\/?page_id=1793\">Okumaya devam et <span class=\"screen-reader-text\">E\u011fitim \u00d6\u011fretim Belgeleri<\/span><\/a><\/p>\n","protected":false},"author":13,"featured_media":0,"parent":0,"menu_order":0,"comment_status":"closed","ping_status":"closed","template":"","meta":{"footnotes":""},"class_list":["post-1793","page","type-page","status-publish","hentry","entry"],"_links":{"self":[{"href":"https:\/\/kalite.ebyu.edu.tr\/index.php?rest_route=\/wp\/v2\/pages\/1793","targetHints":{"allow":["GET"]}}],"collection":[{"href":"https:\/\/kalite.ebyu.edu.tr\/index.php?rest_route=\/wp\/v2\/pages"}],"about":[{"href":"https:\/\/kalite.ebyu.edu.tr\/index.php?rest_route=\/wp\/v2\/types\/page"}],"author":[{"embeddable":true,"href":"https:\/\/kalite.ebyu.edu.tr\/index.php?rest_route=\/wp\/v2\/users\/13"}],"replies":[{"embeddable":true,"href":"https:\/\/kalite.ebyu.edu.tr\/index.php?rest_route=%2Fwp%2Fv2%2Fcomments&post=1793"}],"version-history":[{"count":68,"href":"https:\/\/kalite.ebyu.edu.tr\/index.php?rest_route=\/wp\/v2\/pages\/1793\/revisions"}],"predecessor-version":[{"id":4352,"href":"https:\/\/kalite.ebyu.edu.tr\/index.php?rest_route=\/wp\/v2\/pages\/1793\/revisions\/4352"}],"wp:attachment":[{"href":"https:\/\/kalite.ebyu.edu.tr\/index.php?rest_route=%2Fwp%2Fv2%2Fmedia&parent=1793"}],"curies":[{"name":"wp","href":"https:\/\/api.w.org\/{rel}","templated":true}]}}