{"id":1739,"date":"2021-06-28T15:11:59","date_gmt":"2021-06-28T12:11:59","guid":{"rendered":"https:\/\/kalite.ebyu.edu.tr\/?page_id=1739"},"modified":"2021-07-01T10:13:11","modified_gmt":"2021-07-01T07:13:11","slug":"bahar-donemi-uzaktan-egitim-degerlendirme-raporu","status":"publish","type":"page","link":"https:\/\/kalite.ebyu.edu.tr\/?page_id=1739","title":{"rendered":"Uzaktan E\u011fitim De\u011ferlendirme Raporu (2020\/2021 Bahar D\u00f6nemi)"},"content":{"rendered":"<table style=\"height: 126px\" width=\"1024\">\n<tbody>\n<tr>\n<td width=\"274\">Bahar D\u00f6nemi Uzaktan E\u011fitim De\u011ferlendirme Raporu<\/td>\n<td width=\"274\"><a href=\"https:\/\/kalite.ebyu.edu.tr\/wp-content\/uploads\/2021\/06\/Bahar-Donemi-Uzaktan-Eg\u0306itim-Deg\u0306erlendirme-Raporu.pdf\"><img decoding=\"async\" class=\"aligncenter wp-image-1101\" src=\"https:\/\/kalite.ebyu.edu.tr\/wp-content\/uploads\/2021\/03\/dddd.png\" alt=\"\" width=\"57\" height=\"70\" \/><\/a><\/td>\n<\/tr>\n<\/tbody>\n<\/table>\n","protected":false},"excerpt":{"rendered":"<p>Bahar D\u00f6nemi Uzaktan E\u011fitim De\u011ferlendirme Raporu<\/p>\n","protected":false},"author":13,"featured_media":0,"parent":0,"menu_order":0,"comment_status":"closed","ping_status":"closed","template":"","meta":{"footnotes":""},"class_list":["post-1739","page","type-page","status-publish","hentry","entry"],"_links":{"self":[{"href":"https:\/\/kalite.ebyu.edu.tr\/index.php?rest_route=\/wp\/v2\/pages\/1739","targetHints":{"allow":["GET"]}}],"collection":[{"href":"https:\/\/kalite.ebyu.edu.tr\/index.php?rest_route=\/wp\/v2\/pages"}],"about":[{"href":"https:\/\/kalite.ebyu.edu.tr\/index.php?rest_route=\/wp\/v2\/types\/page"}],"author":[{"embeddable":true,"href":"https:\/\/kalite.ebyu.edu.tr\/index.php?rest_route=\/wp\/v2\/users\/13"}],"replies":[{"embeddable":true,"href":"https:\/\/kalite.ebyu.edu.tr\/index.php?rest_route=%2Fwp%2Fv2%2Fcomments&post=1739"}],"version-history":[{"count":6,"href":"https:\/\/kalite.ebyu.edu.tr\/index.php?rest_route=\/wp\/v2\/pages\/1739\/revisions"}],"predecessor-version":[{"id":2036,"href":"https:\/\/kalite.ebyu.edu.tr\/index.php?rest_route=\/wp\/v2\/pages\/1739\/revisions\/2036"}],"wp:attachment":[{"href":"https:\/\/kalite.ebyu.edu.tr\/index.php?rest_route=%2Fwp%2Fv2%2Fmedia&parent=1739"}],"curies":[{"name":"wp","href":"https:\/\/api.w.org\/{rel}","templated":true}]}}