{"id":1714,"date":"2021-06-28T15:02:48","date_gmt":"2021-06-28T12:02:48","guid":{"rendered":"https:\/\/kalite.ebyu.edu.tr\/?page_id=1714"},"modified":"2021-06-29T16:30:18","modified_gmt":"2021-06-29T13:30:18","slug":"surec","status":"publish","type":"page","link":"https:\/\/kalite.ebyu.edu.tr\/?page_id=1714","title":{"rendered":"Kalite G\u00fcvence Belgeleri"},"content":{"rendered":"<h4><strong>\u0130\u00e7 kalite g\u00fcvencesi mekanizmalar\u0131 (PUK\u00d6 \u00e7evrimleri, takvim, birimlerin yap\u0131s\u0131)<\/strong><\/h4>\n<p>&nbsp;<\/p>\n<p><a href=\"https:\/\/api.yokak.gov.tr\/Storage\/erzincan\/2020\/ProofFiles\/Kan%C4%B1t%20A2.2%20TSE%20D%C4%B1%C5%9F%20Tetkik%20Belgesi%20ve%20Onay%C4%B1.pdf\">Kan\u0131t A2.2 TSE D\u0131\u015f Tetkik Belgesi ve Onay\u0131.pdf<\/a><br \/>\n<a href=\"https:\/\/kalite.ebyu.edu.tr\/wp-content\/uploads\/2021\/06\/Kanit-A2.1-EBYU-Kalite-Yonetim-Takvimi.xlsx\">Kan\u0131t A2.1 EBY\u00dc Kalite Y\u00f6netim Takvimi.xlsx<\/a><\/p>\n<p>&nbsp;<\/p>\n<p>&#8212;&#8212;&#8212;&#8212;&#8212;&#8212;&#8212;&#8212;&#8212;&#8212;&#8212;&#8212;&#8212;&#8212;&#8212;&#8212;&#8212;&#8212;&#8212;&#8212;&#8212;&#8212;&#8212;&#8212;&#8212;&#8212;&#8212;&#8212;&#8212;&#8212;&#8212;&#8212;&#8212;&#8212;&#8212;&#8212;&#8212;&#8212;&#8212;&#8212;&#8212;&#8212;&#8212;&#8212;<\/p>\n<h4><strong>Liderlik ve kalite g\u00fcvencesi k\u00fclt\u00fcr\u00fc<\/strong><\/h4>\n<p>&nbsp;<\/p>\n<p><a href=\"https:\/\/api.yokak.gov.tr\/Storage\/erzincan\/2020\/ProofFiles\/Kan%C4%B1t%20A2.5%20Erzincan%20Binali%20Y%C4%B1ld%C4%B1r%C4%B1m%20%C3%9Cniversitesi%20Kalite%20G%C3%BCvencesi%20Sistemi%20Uygulama%20Rehberi.pdf\">Kan\u0131t A2.5 Erzincan Binali Y\u0131ld\u0131r\u0131m \u00dcniversitesi Kalite G\u00fcvencesi Sistemi Uygulama Rehberi.pdf<\/a><br \/>\n<a href=\"https:\/\/api.yokak.gov.tr\/Storage\/erzincan\/2020\/ProofFiles\/Kan%C4%B1t%20A2.3%20EBY%C3%9C%20Kalite%20El%20Kitab%C4%B1.pdf\">Kan\u0131t A2.3 EBY\u00dc Kalite El Kitab\u0131.pdf<\/a><br \/>\n<a href=\"https:\/\/api.yokak.gov.tr\/Storage\/erzincan\/2020\/ProofFiles\/Kan%C4%B1t%20A2.4%20Bilimsel,%20Sosyal%20ve%20Toplumsal%20Etkinlikler%20Program%C4%B1.pdf\">Kan\u0131t A2.4 Bilimsel, Sosyal ve Toplumsal Etkinlikler Program\u0131.pdf<\/a><\/p>\n<p>&nbsp;<\/p>\n<p>&#8212;&#8212;&#8212;&#8212;&#8212;&#8212;&#8212;&#8212;&#8212;&#8212;&#8212;&#8212;&#8212;&#8212;&#8212;&#8212;&#8212;&#8212;&#8212;&#8212;&#8212;&#8212;&#8212;&#8212;&#8212;&#8212;&#8212;&#8212;&#8212;&#8212;&#8212;&#8212;&#8212;&#8212;&#8212;&#8212;&#8212;&#8212;&#8212;&#8212;&#8212;&#8212;&#8212;&#8212;<\/p>\n<p>&nbsp;<\/p>\n<p><strong>\u0130\u00e7 ve d\u0131\u015f payda\u015flar\u0131n kalite g\u00fcvencesi, e\u011fitim ve \u00f6\u011fretim, ara\u015ft\u0131rma ve geli\u015ftirme, y\u00f6netim ve uluslararas\u0131la\u015fma s\u00fcre\u00e7lerine kat\u0131l\u0131m\u0131<\/strong><\/p>\n<p>&nbsp;<\/p>\n<p><a href=\"https:\/\/kalite.ebyu.edu.tr\/wp-content\/uploads\/2021\/06\/Kanit-A2.1-EBYU-Kalite-Yonetim-Takvimi.xlsx\">Kan\u0131t A3.1 EBY\u00dc Kalite Y\u00f6netim Takvimi.xlsx<\/a><br \/>\n<a href=\"https:\/\/api.yokak.gov.tr\/Storage\/erzincan\/2020\/ProofFiles\/Kan%C4%B1t%20A3.2%20%C3%96%C4%9Fretim%20S%C3%BCreci%20De%C4%9Ferlendirme%20Anketi.pdf\">Kan\u0131t A3.2 \u00d6\u011fretim S\u00fcreci De\u011ferlendirme Anketi.pdf<\/a><br \/>\n<a href=\"https:\/\/api.yokak.gov.tr\/Storage\/erzincan\/2020\/ProofFiles\/Kan%C4%B1t%20A3.3%20%C3%96%C4%9Frenci%20Temsilcisinin%20Senatoya%20Kat%C4%B1l%C4%B1m%C4%B1%20Karar%C4%B1.pdf\">Kan\u0131t A3.3 \u00d6\u011frenci Temsilcisinin Senatoya Kat\u0131l\u0131m\u0131 Karar\u0131.pdf<\/a><\/p>\n<p>&nbsp;<\/p>\n","protected":false},"excerpt":{"rendered":"<p>\u0130\u00e7 kalite g\u00fcvencesi mekanizmalar\u0131 (PUK\u00d6 \u00e7evrimleri, takvim, birimlerin yap\u0131s\u0131) &nbsp; Kan\u0131t A2.2 TSE D\u0131\u015f Tetkik Belgesi ve Onay\u0131.pdf Kan\u0131t A2.1 EBY\u00dc Kalite Y\u00f6netim Takvimi.xlsx &nbsp; &#8212;&#8212;&#8212;&#8212;&#8212;&#8212;&#8212;&#8212;&#8212;&#8212;&#8212;&#8212;&#8212;&#8212;&#8212;&#8212;&#8212;&#8212;&#8212;&#8212;&#8212;&#8212;&#8212;&#8212;&#8212;&#8212;&#8212;&#8212;&#8212;&#8212;&#8212;&#8212;&#8212;&#8212;&#8212;&#8212;&#8212;&#8212;&#8212;&#8212;&#8212;&#8212;&#8212;&#8212; Liderlik ve kalite g\u00fcvencesi k\u00fclt\u00fcr\u00fc &nbsp; Kan\u0131t A2.5 Erzincan Binali Y\u0131ld\u0131r\u0131m \u00dcniversitesi Kalite G\u00fcvencesi Sistemi Uygulama Rehberi.pdf Kan\u0131t A2.3 EBY\u00dc Kalite El Kitab\u0131.pdf Kan\u0131t A2.4 Bilimsel, Sosyal ve Toplumsal&hellip; <a class=\"more-link\" href=\"https:\/\/kalite.ebyu.edu.tr\/?page_id=1714\">Okumaya devam et <span class=\"screen-reader-text\">Kalite G\u00fcvence Belgeleri<\/span><\/a><\/p>\n","protected":false},"author":13,"featured_media":0,"parent":0,"menu_order":0,"comment_status":"closed","ping_status":"closed","template":"","meta":{"footnotes":""},"class_list":["post-1714","page","type-page","status-publish","hentry","entry"],"_links":{"self":[{"href":"https:\/\/kalite.ebyu.edu.tr\/index.php?rest_route=\/wp\/v2\/pages\/1714","targetHints":{"allow":["GET"]}}],"collection":[{"href":"https:\/\/kalite.ebyu.edu.tr\/index.php?rest_route=\/wp\/v2\/pages"}],"about":[{"href":"https:\/\/kalite.ebyu.edu.tr\/index.php?rest_route=\/wp\/v2\/types\/page"}],"author":[{"embeddable":true,"href":"https:\/\/kalite.ebyu.edu.tr\/index.php?rest_route=\/wp\/v2\/users\/13"}],"replies":[{"embeddable":true,"href":"https:\/\/kalite.ebyu.edu.tr\/index.php?rest_route=%2Fwp%2Fv2%2Fcomments&post=1714"}],"version-history":[{"count":8,"href":"https:\/\/kalite.ebyu.edu.tr\/index.php?rest_route=\/wp\/v2\/pages\/1714\/revisions"}],"predecessor-version":[{"id":1968,"href":"https:\/\/kalite.ebyu.edu.tr\/index.php?rest_route=\/wp\/v2\/pages\/1714\/revisions\/1968"}],"wp:attachment":[{"href":"https:\/\/kalite.ebyu.edu.tr\/index.php?rest_route=%2Fwp%2Fv2%2Fmedia&parent=1714"}],"curies":[{"name":"wp","href":"https:\/\/api.w.org\/{rel}","templated":true}]}}