{"id":1374,"date":"2021-04-07T16:30:06","date_gmt":"2021-04-07T13:30:06","guid":{"rendered":"https:\/\/kalite.ebyu.edu.tr\/?page_id=1374"},"modified":"2025-06-19T11:03:05","modified_gmt":"2025-06-19T08:03:05","slug":"kurumsal-geri-bildirim-raporu","status":"publish","type":"page","link":"https:\/\/kalite.ebyu.edu.tr\/?page_id=1374","title":{"rendered":"Birim \u00d6z De\u011ferlendirme Raporlar\u0131"},"content":{"rendered":"<table>\n<tbody>\n<tr>\n<td style=\"text-align: center\" colspan=\"2\" width=\"604\"><strong>Birim \u00d6z De\u011ferlendirme Raporlar\u0131 &#8211; 2024<\/strong><\/td>\n<\/tr>\n<tr>\n<td width=\"302\">Ali Cavit \u00c7elebio\u011flu Sivil Havac\u0131l\u0131k Y\u00fcksekokulu<\/td>\n<td width=\"302\"><a href=\"https:\/\/kalite.ebyu.edu.tr\/wp-content\/uploads\/2025\/06\/ALI-CAVIT-CELEBIOGLU-SIVIL-HAVACILIK-YUKSEKOKULU_2024.pdf\"><img decoding=\"async\" class=\"aligncenter wp-image-1101\" src=\"https:\/\/kalite.ebyu.edu.tr\/wp-content\/uploads\/2021\/03\/dddd.png\" alt=\"\" width=\"62\" height=\"76\" \/><\/a><\/td>\n<\/tr>\n<tr>\n<td width=\"302\">\n<div class=\"ekit_page_list_content\"><span class=\"elementor-icon-list-text\"><span class=\"ekit_page_list_title_title\">\u00c7ay\u0131rl\u0131 Meslek Y\u00fcksekokulu<\/span><\/span><\/div>\n<\/td>\n<td width=\"302\"><a href=\"https:\/\/kalite.ebyu.edu.tr\/wp-content\/uploads\/2025\/06\/CAYIRLI-MESLEK-YUKSEKOKULU_2024.pdf\"><img decoding=\"async\" class=\"aligncenter wp-image-1101\" src=\"https:\/\/kalite.ebyu.edu.tr\/wp-content\/uploads\/2021\/03\/dddd.png\" alt=\"\" width=\"62\" height=\"76\" \/><\/a><\/td>\n<\/tr>\n<tr>\n<td width=\"302\">\n<div class=\"ekit_page_list_content\"><span class=\"elementor-icon-list-text\"><span class=\"ekit_page_list_title_title\">Di\u015f Hekimli\u011fi Fak\u00fcltesi<\/span><\/span><\/div>\n<\/td>\n<td width=\"302\"><img decoding=\"async\" class=\"aligncenter wp-image-1101\" src=\"https:\/\/kalite.ebyu.edu.tr\/wp-content\/uploads\/2021\/03\/dddd.png\" alt=\"\" width=\"62\" height=\"76\" \/><\/td>\n<\/tr>\n<tr>\n<td width=\"302\">\n<div class=\"ekit_page_list_content\"><span class=\"elementor-icon-list-text\"><span class=\"ekit_page_list_title_title\">Eczac\u0131l\u0131k Fak\u00fcltesi<\/span><\/span><\/div>\n<\/td>\n<td width=\"302\"><a href=\"https:\/\/kalite.ebyu.edu.tr\/wp-content\/uploads\/2025\/06\/ECZACILIK-FAKULTESI_2024.pdf\"><img decoding=\"async\" class=\"aligncenter wp-image-1101\" src=\"https:\/\/kalite.ebyu.edu.tr\/wp-content\/uploads\/2021\/03\/dddd.png\" alt=\"\" width=\"62\" height=\"76\" \/><\/a><\/td>\n<\/tr>\n<tr>\n<td width=\"302\">\n<div class=\"ekit_page_list_content\"><span class=\"elementor-icon-list-text\"><span class=\"ekit_page_list_title_title\">E\u011fitim Fak\u00fcltesi<\/span><\/span><\/div>\n<\/td>\n<td width=\"302\"><a href=\"https:\/\/kalite.ebyu.edu.tr\/wp-content\/uploads\/2025\/06\/EGITIM-FAKULTESI_2024-1.pdf\"><img decoding=\"async\" class=\"aligncenter wp-image-1101\" src=\"https:\/\/kalite.ebyu.edu.tr\/wp-content\/uploads\/2021\/03\/dddd.png\" alt=\"\" width=\"62\" height=\"76\" \/><\/a><\/td>\n<\/tr>\n<tr>\n<td width=\"302\">\n<div class=\"ekit_page_list_content\"><span class=\"elementor-icon-list-text\"><span class=\"ekit_page_list_title_title\">Fen Edebiyat Fak\u00fcltesi<\/span><\/span><\/div>\n<\/td>\n<td width=\"302\"><a href=\"https:\/\/kalite.ebyu.edu.tr\/wp-content\/uploads\/2025\/06\/FEN-EDEBIYAT-FAKULTESI_2024.pdf\"><img decoding=\"async\" class=\"aligncenter wp-image-1101\" src=\"https:\/\/kalite.ebyu.edu.tr\/wp-content\/uploads\/2021\/03\/dddd.png\" alt=\"\" width=\"62\" height=\"76\" \/><\/a><\/td>\n<\/tr>\n<tr>\n<td width=\"302\">\n<div class=\"ekit_page_list_content\"><span class=\"elementor-icon-list-text\"><span class=\"ekit_page_list_title_title\">G\u00fczel Sanatlar Fak\u00fcltesi<\/span><\/span><\/div>\n<\/td>\n<td width=\"302\"><a href=\"https:\/\/kalite.ebyu.edu.tr\/wp-content\/uploads\/2025\/06\/Guzel-Sanatlar-Fakultesi_2024.pdf\"><img decoding=\"async\" class=\"aligncenter wp-image-1101\" src=\"https:\/\/kalite.ebyu.edu.tr\/wp-content\/uploads\/2021\/03\/dddd.png\" alt=\"\" width=\"62\" height=\"76\" \/><\/a><\/td>\n<\/tr>\n<tr>\n<td width=\"302\">\n<div class=\"ekit_page_list_content\"><span class=\"elementor-icon-list-text\"><span class=\"ekit_page_list_title_title\">Hukuk Fak\u00fcltesi<\/span><\/span><\/div>\n<\/td>\n<td width=\"302\"><a href=\"https:\/\/kalite.ebyu.edu.tr\/wp-content\/uploads\/2025\/06\/HUKUK-FAKULTESI_2024.pdf\"><img decoding=\"async\" class=\"aligncenter wp-image-1101\" src=\"https:\/\/kalite.ebyu.edu.tr\/wp-content\/uploads\/2021\/03\/dddd.png\" alt=\"\" width=\"62\" height=\"76\" \/><\/a><\/td>\n<\/tr>\n<tr>\n<td width=\"302\">\n<div class=\"ekit_page_list_content\"><span class=\"elementor-icon-list-text\"><span class=\"ekit_page_list_title_title\">\u0130ktisadi ve \u0130dari Bilimler Fak\u00fcltesi<\/span><\/span><\/div>\n<\/td>\n<td width=\"302\"><a href=\"https:\/\/kalite.ebyu.edu.tr\/wp-content\/uploads\/2025\/06\/IKTISADI-VE-IDARI-BILIMLER-FAKULTESI_2024.pdf\"><img decoding=\"async\" class=\"aligncenter wp-image-1101\" src=\"https:\/\/kalite.ebyu.edu.tr\/wp-content\/uploads\/2021\/03\/dddd.png\" alt=\"\" width=\"62\" height=\"76\" \/><\/a><\/td>\n<\/tr>\n<tr>\n<td width=\"302\">\n<div class=\"ekit_page_list_content\"><span class=\"elementor-icon-list-text\"><span class=\"ekit_page_list_title_title\">\u0130lahiyat Fak\u00fcltesi<\/span><\/span><\/div>\n<\/td>\n<td width=\"302\"><a href=\"https:\/\/kalite.ebyu.edu.tr\/wp-content\/uploads\/2025\/06\/ILAHIYAT-FAKULTESI_2024.pdf\"><img decoding=\"async\" class=\"aligncenter wp-image-1101\" src=\"https:\/\/kalite.ebyu.edu.tr\/wp-content\/uploads\/2021\/03\/dddd.png\" alt=\"\" width=\"62\" height=\"76\" \/><\/a><\/td>\n<\/tr>\n<tr>\n<td width=\"302\">\n<div class=\"ekit_page_list_content\"><span class=\"elementor-icon-list-text\"><span class=\"ekit_page_list_title_title\">\u0130li\u00e7 Dursun Y\u0131ld\u0131r\u0131m Meslek Y\u00fcksekokulu<\/span><\/span><\/div>\n<\/td>\n<td width=\"302\"><a href=\"https:\/\/kalite.ebyu.edu.tr\/wp-content\/uploads\/2025\/06\/ILIC-DURSUN-YILDIRIM-MESLEK-YUKSEKOKULU_2024.pdf\"><img decoding=\"async\" class=\"aligncenter wp-image-1101\" src=\"https:\/\/kalite.ebyu.edu.tr\/wp-content\/uploads\/2021\/03\/dddd.png\" alt=\"\" width=\"62\" height=\"76\" \/><\/a><\/td>\n<\/tr>\n<tr>\n<td width=\"302\">\n<div class=\"ekit_page_list_content\"><span class=\"elementor-icon-list-text\"><span class=\"ekit_page_list_title_title\">Kemah Meslek Y\u00fcksekokulu<\/span><\/span><\/div>\n<\/td>\n<td width=\"302\"><img decoding=\"async\" class=\"aligncenter wp-image-1101\" src=\"https:\/\/kalite.ebyu.edu.tr\/wp-content\/uploads\/2021\/03\/dddd.png\" alt=\"\" width=\"62\" height=\"76\" \/><\/td>\n<\/tr>\n<tr>\n<td width=\"302\">\n<div class=\"ekit_page_list_content\"><span class=\"elementor-icon-list-text\"><span class=\"ekit_page_list_title_title\">Kemaliye Hac\u0131 Ali Ak\u0131n Meslek Y\u00fcksekokulu<\/span><\/span><\/div>\n<\/td>\n<td width=\"302\"><img decoding=\"async\" class=\"aligncenter wp-image-1101\" src=\"https:\/\/kalite.ebyu.edu.tr\/wp-content\/uploads\/2021\/03\/dddd.png\" alt=\"\" width=\"62\" height=\"76\" \/><\/td>\n<\/tr>\n<tr>\n<td width=\"302\">\n<div class=\"ekit_page_list_content\"><span class=\"elementor-icon-list-text\"><span class=\"ekit_page_list_title_title\">Kemaliye Hac\u0131 Ali Ak\u0131n Uygulamal\u0131 Bilimler Y\u00fcksekokulu<\/span><\/span><\/div>\n<\/td>\n<td width=\"302\"><img decoding=\"async\" class=\"aligncenter wp-image-1101\" src=\"https:\/\/kalite.ebyu.edu.tr\/wp-content\/uploads\/2021\/03\/dddd.png\" alt=\"\" width=\"62\" height=\"76\" \/><\/td>\n<\/tr>\n<tr>\n<td width=\"302\">\n<div class=\"ekit_page_list_content\"><span class=\"elementor-icon-list-text\"><span class=\"ekit_page_list_title_title\">Meslek Y\u00fcksekokulu<\/span><\/span><\/div>\n<\/td>\n<td width=\"302\"><a href=\"https:\/\/kalite.ebyu.edu.tr\/wp-content\/uploads\/2025\/06\/MESLEK-YUKSEKOKULU_2024.pdf\"><img decoding=\"async\" class=\"aligncenter wp-image-1101\" src=\"https:\/\/kalite.ebyu.edu.tr\/wp-content\/uploads\/2021\/03\/dddd.png\" alt=\"\" width=\"62\" height=\"76\" \/><\/a><\/td>\n<\/tr>\n<tr>\n<td width=\"302\">\n<div class=\"ekit_page_list_content\">\n<div class=\"ekit_page_list_content\"><span class=\"elementor-icon-list-text\"><span class=\"ekit_page_list_title_title\">M\u00fchendislik-Mimarl\u0131k Fak\u00fcltesi<\/span><\/span><\/div>\n<\/div>\n<\/td>\n<td width=\"302\"><a href=\"https:\/\/kalite.ebyu.edu.tr\/wp-content\/uploads\/2025\/06\/Muhendislik-Mimarlik-Fakultesi_2024.pdf\"><img decoding=\"async\" class=\"aligncenter wp-image-1101\" src=\"https:\/\/kalite.ebyu.edu.tr\/wp-content\/uploads\/2021\/03\/dddd.png\" alt=\"\" width=\"62\" height=\"76\" \/><\/a><\/td>\n<\/tr>\n<tr>\n<td width=\"302\">\n<div class=\"ekit_page_list_content\"><span class=\"elementor-icon-list-text\"><span class=\"ekit_page_list_title_title\">Refahiye Bahar Y\u0131ld\u0131r\u0131m Sa\u011fl\u0131k Hizmetleri Meslek Y\u00fcksekokulu<\/span><\/span><\/div>\n<\/td>\n<td width=\"302\"><a href=\"https:\/\/kalite.ebyu.edu.tr\/wp-content\/uploads\/2025\/06\/Refahiye-Bahar-Yildirim-Saglik-Hizmetleri-Meslek-Yuksekokulu_2024.pdf\"><img decoding=\"async\" class=\"aligncenter wp-image-1101\" src=\"https:\/\/kalite.ebyu.edu.tr\/wp-content\/uploads\/2021\/03\/dddd.png\" alt=\"\" width=\"62\" height=\"76\" \/><\/a><\/td>\n<\/tr>\n<tr>\n<td width=\"302\"><span class=\"elementor-icon-list-text\"><span class=\"ekit_page_list_title_title\">Refahiye Meslek Y\u00fcksekokulu<\/span><\/span><\/td>\n<td width=\"302\"><a href=\"https:\/\/kalite.ebyu.edu.tr\/wp-content\/uploads\/2025\/06\/REFAHIYE-MESLEK-YUKSEKOKULU_2024.pdf\"><img decoding=\"async\" class=\"aligncenter wp-image-1101\" src=\"https:\/\/kalite.ebyu.edu.tr\/wp-content\/uploads\/2021\/03\/dddd.png\" alt=\"\" width=\"62\" height=\"76\" \/><\/a><\/td>\n<\/tr>\n<tr>\n<td width=\"302\">\n<div class=\"ekit_page_list_content\"><span class=\"elementor-icon-list-text\"><span class=\"ekit_page_list_title_title\">Sa\u011fl\u0131k Bilimleri Fak\u00fcltesi<\/span><\/span><\/div>\n<\/td>\n<td width=\"302\"><a href=\"https:\/\/kalite.ebyu.edu.tr\/wp-content\/uploads\/2025\/06\/SAGLIK-BILIMLERI-FAKULTESI_2024.pdf\"><img decoding=\"async\" class=\"aligncenter wp-image-1101\" src=\"https:\/\/kalite.ebyu.edu.tr\/wp-content\/uploads\/2021\/03\/dddd.png\" alt=\"\" width=\"62\" height=\"76\" \/><\/a><\/td>\n<\/tr>\n<tr>\n<td width=\"302\">\n<div class=\"ekit_page_list_content\"><span class=\"elementor-icon-list-text\"><span class=\"ekit_page_list_title_title\">Sa\u011fl\u0131k Hizmetleri Meslek Y\u00fcksekokulu<\/span><\/span><\/div>\n<\/td>\n<td width=\"302\"><a href=\"https:\/\/kalite.ebyu.edu.tr\/wp-content\/uploads\/2025\/06\/SAGLIK-HIZMETLERI-MESLEK-YUKSEKOKULU_2024.pdf\"><img decoding=\"async\" class=\"aligncenter wp-image-1101\" src=\"https:\/\/kalite.ebyu.edu.tr\/wp-content\/uploads\/2021\/03\/dddd.png\" alt=\"\" width=\"62\" height=\"76\" \/><\/a><\/td>\n<\/tr>\n<tr>\n<td width=\"302\">\n<div class=\"ekit_page_list_content\"><span class=\"elementor-icon-list-text\"><span class=\"ekit_page_list_title_title\">Spor Bilimleri Fak\u00fcltesi<\/span><\/span><\/div>\n<\/td>\n<td width=\"302\"><img decoding=\"async\" class=\"aligncenter wp-image-1101\" src=\"https:\/\/kalite.ebyu.edu.tr\/wp-content\/uploads\/2021\/03\/dddd.png\" alt=\"\" width=\"62\" height=\"76\" \/><\/td>\n<\/tr>\n<tr>\n<td width=\"302\">\n<div class=\"ekit_page_list_content\"><span class=\"elementor-icon-list-text\"><span class=\"ekit_page_list_title_title\">Tercan Meslek Y\u00fcksekokulu<\/span><\/span><\/div>\n<\/td>\n<td width=\"302\"><a href=\"https:\/\/kalite.ebyu.edu.tr\/wp-content\/uploads\/2025\/06\/TERCAN-MESLEK-YUKSEKOKULU_2024.pdf\"><img decoding=\"async\" class=\"aligncenter wp-image-1101\" src=\"https:\/\/kalite.ebyu.edu.tr\/wp-content\/uploads\/2021\/03\/dddd.png\" alt=\"\" width=\"62\" height=\"76\" \/><\/a><\/td>\n<\/tr>\n<tr>\n<td width=\"302\">\n<div class=\"ekit_page_list_content\"><span class=\"elementor-icon-list-text\"><span class=\"ekit_page_list_title_title\">T\u0131p Fak\u00fcltesi<\/span><\/span><\/div>\n<\/td>\n<td width=\"302\"><a href=\"https:\/\/kalite.ebyu.edu.tr\/wp-content\/uploads\/2025\/06\/TIP-FAKULTESI_2024.pdf\"><img decoding=\"async\" class=\"aligncenter wp-image-1101\" src=\"https:\/\/kalite.ebyu.edu.tr\/wp-content\/uploads\/2021\/03\/dddd.png\" alt=\"\" width=\"62\" height=\"76\" \/><\/a><\/td>\n<\/tr>\n<tr>\n<td width=\"302\">\n<div class=\"ekit_page_list_content\"><span class=\"elementor-icon-list-text\"><span class=\"ekit_page_list_title_title\">Turizm ve Otelcilik Meslek Y\u00fcksekokulu<\/span><\/span><\/div>\n<\/td>\n<td width=\"302\"><img decoding=\"async\" class=\"aligncenter wp-image-1101\" src=\"https:\/\/kalite.ebyu.edu.tr\/wp-content\/uploads\/2021\/03\/dddd.png\" alt=\"\" width=\"62\" height=\"76\" \/><\/td>\n<\/tr>\n<tr>\n<td width=\"302\">\n<div class=\"ekit_page_list_content\"><span class=\"elementor-icon-list-text\"><span class=\"ekit_page_list_title_title\">\u00dcz\u00fcml\u00fc Meslek Y\u00fcksekokulu<\/span><\/span><\/div>\n<\/td>\n<td width=\"302\"><a href=\"https:\/\/kalite.ebyu.edu.tr\/wp-content\/uploads\/2025\/06\/UZUMLU-MESLEK-YUKSEKOKULU_2024.pdf\"><img decoding=\"async\" class=\"aligncenter wp-image-1101\" src=\"https:\/\/kalite.ebyu.edu.tr\/wp-content\/uploads\/2021\/03\/dddd.png\" alt=\"\" width=\"62\" height=\"76\" \/><\/a><\/td>\n<\/tr>\n<tr>\n<td width=\"302\">\n<div class=\"ekit_page_list_content\"><span class=\"elementor-icon-list-text\"><span class=\"ekit_page_list_title_title\">Yabanc\u0131 Diller Y\u00fcksekokulu<\/span><\/span><\/div>\n<\/td>\n<td width=\"302\"><img decoding=\"async\" class=\"aligncenter wp-image-1101\" src=\"https:\/\/kalite.ebyu.edu.tr\/wp-content\/uploads\/2021\/03\/dddd.png\" alt=\"\" width=\"62\" height=\"76\" \/><\/td>\n<\/tr>\n<\/tbody>\n<\/table>\n<p>&nbsp;<\/p>\n<table>\n<tbody>\n<tr>\n<td style=\"text-align: center\" colspan=\"2\" width=\"604\"><strong>Birim \u00d6z De\u011ferlendirme Raporlar\u0131 &#8211; 2023<\/strong><\/td>\n<\/tr>\n<tr>\n<td width=\"302\">Adalet Meslek Y\u00fcksekokulu<\/td>\n<td width=\"302\"><a href=\"https:\/\/kalite.ebyu.edu.tr\/wp-content\/uploads\/2024\/03\/ADALET-MESLEK-YUKSEKOKULU_2023.pdf\"><img decoding=\"async\" class=\"aligncenter wp-image-1101\" src=\"https:\/\/kalite.ebyu.edu.tr\/wp-content\/uploads\/2021\/03\/dddd.png\" alt=\"\" width=\"62\" height=\"76\" \/><\/a><\/td>\n<\/tr>\n<tr>\n<td width=\"302\">Ali Cavit \u00c7elebio\u011flu Sivil Havac\u0131l\u0131k Y\u00fcksekokulu<\/td>\n<td width=\"302\"><a href=\"https:\/\/kalite.ebyu.edu.tr\/wp-content\/uploads\/2024\/03\/ALI-CAVIT-CELEBIOGLU-SIVIL-HAVACILIK-YUKSEKOKULU_2023.pdf\"><img decoding=\"async\" class=\"aligncenter wp-image-1101\" src=\"https:\/\/kalite.ebyu.edu.tr\/wp-content\/uploads\/2021\/03\/dddd.png\" alt=\"\" width=\"62\" height=\"76\" \/><\/a><\/td>\n<\/tr>\n<tr>\n<td width=\"302\">\u00c7ay\u0131rl\u0131 Meslek Y\u00fcksekokulu<\/td>\n<td width=\"302\"><a href=\"https:\/\/kalite.ebyu.edu.tr\/wp-content\/uploads\/2024\/03\/CAYIRLI-MESLEK-YUKSEKOKULU_2023.pdf\"><img decoding=\"async\" class=\"aligncenter wp-image-1101\" src=\"https:\/\/kalite.ebyu.edu.tr\/wp-content\/uploads\/2021\/03\/dddd.png\" alt=\"\" width=\"62\" height=\"76\" \/><\/a><\/td>\n<\/tr>\n<tr>\n<td width=\"302\">Di\u015f Hekimli\u011fi Fak\u00fcltesi<\/td>\n<td width=\"302\"><a href=\"https:\/\/kalite.ebyu.edu.tr\/wp-content\/uploads\/2024\/03\/DIS-HEKIMLIGI-FAKULTESI_2023.pdf\"><img decoding=\"async\" class=\"aligncenter wp-image-1101\" src=\"https:\/\/kalite.ebyu.edu.tr\/wp-content\/uploads\/2021\/03\/dddd.png\" alt=\"\" width=\"62\" height=\"76\" \/><\/a><\/td>\n<\/tr>\n<tr>\n<td width=\"302\">Eczac\u0131l\u0131k Fak\u00fcltesi<\/td>\n<td width=\"302\"><a href=\"https:\/\/kalite.ebyu.edu.tr\/wp-content\/uploads\/2024\/03\/ECZACILIK-FAKULTESI_2023.pdf\"><img decoding=\"async\" class=\"aligncenter wp-image-1101\" src=\"https:\/\/kalite.ebyu.edu.tr\/wp-content\/uploads\/2021\/03\/dddd.png\" alt=\"\" width=\"62\" height=\"76\" \/><\/a><\/td>\n<\/tr>\n<tr>\n<td width=\"302\">E\u011fitim Fak\u00fcltesi<\/td>\n<td width=\"302\"><a href=\"https:\/\/kalite.ebyu.edu.tr\/wp-content\/uploads\/2024\/03\/EGITIM-FAKULTESI_2023.pdf\"><img decoding=\"async\" class=\"aligncenter wp-image-1101\" src=\"https:\/\/kalite.ebyu.edu.tr\/wp-content\/uploads\/2021\/03\/dddd.png\" alt=\"\" width=\"62\" height=\"76\" \/><\/a><\/td>\n<\/tr>\n<tr>\n<td width=\"302\">Fen-Edebiyat Fak\u00fcltesi<\/td>\n<td width=\"302\"><a href=\"https:\/\/kalite.ebyu.edu.tr\/wp-content\/uploads\/2024\/03\/FEN-EDEBIYAT-FAKULTESI_2023.pdf\"><img decoding=\"async\" class=\"aligncenter wp-image-1101\" src=\"https:\/\/kalite.ebyu.edu.tr\/wp-content\/uploads\/2021\/03\/dddd.png\" alt=\"\" width=\"62\" height=\"76\" \/><\/a><\/td>\n<\/tr>\n<tr>\n<td width=\"302\">G\u00fczel Sanatlar Fak\u00fcltesi<\/td>\n<td width=\"302\"><a href=\"https:\/\/kalite.ebyu.edu.tr\/wp-content\/uploads\/2024\/03\/Guzel-Sanatlar-Fakultesi_2023.pdf\"><img decoding=\"async\" class=\"aligncenter wp-image-1101\" src=\"https:\/\/kalite.ebyu.edu.tr\/wp-content\/uploads\/2021\/03\/dddd.png\" alt=\"\" width=\"62\" height=\"76\" \/><\/a><\/td>\n<\/tr>\n<tr>\n<td width=\"302\">Hukuk Fak\u00fcltesi<\/td>\n<td width=\"302\"><a href=\"https:\/\/kalite.ebyu.edu.tr\/wp-content\/uploads\/2024\/03\/HUKUK-FAKULTESI_2023.pdf\"><img decoding=\"async\" class=\"aligncenter wp-image-1101\" src=\"https:\/\/kalite.ebyu.edu.tr\/wp-content\/uploads\/2021\/03\/dddd.png\" alt=\"\" width=\"62\" height=\"76\" \/><\/a><\/td>\n<\/tr>\n<tr>\n<td width=\"302\">\u0130ktisadi ve \u0130dari Bilimler Fak\u00fcltesi<\/td>\n<td width=\"302\"><a href=\"https:\/\/kalite.ebyu.edu.tr\/wp-content\/uploads\/2024\/03\/IKTISADI-VE-IDARI-BILIMLER-FAKULTESI_2023.pdf\"><img decoding=\"async\" class=\"aligncenter wp-image-1101\" src=\"https:\/\/kalite.ebyu.edu.tr\/wp-content\/uploads\/2021\/03\/dddd.png\" alt=\"\" width=\"62\" height=\"76\" \/><\/a><\/td>\n<\/tr>\n<tr>\n<td width=\"302\">\u0130lahiyat Fak\u00fcltesi<\/td>\n<td width=\"302\"><a href=\"https:\/\/kalite.ebyu.edu.tr\/wp-content\/uploads\/2024\/03\/ILAHIYAT-FAKULTESI_2023.pdf\"><img decoding=\"async\" class=\"aligncenter wp-image-1101\" src=\"https:\/\/kalite.ebyu.edu.tr\/wp-content\/uploads\/2021\/03\/dddd.png\" alt=\"\" width=\"62\" height=\"76\" \/><\/a><\/td>\n<\/tr>\n<tr>\n<td width=\"302\">\u0130li\u00e7 Dursun Y\u0131ld\u0131r\u0131m Meslek Y\u00fcksekokulu<\/td>\n<td width=\"302\"><a href=\"https:\/\/kalite.ebyu.edu.tr\/wp-content\/uploads\/2024\/03\/ILIC-DURSUN-YILDIRIM-MESLEK-YUKSEKOKULU_2023.pdf\"><img decoding=\"async\" class=\"aligncenter wp-image-1101\" src=\"https:\/\/kalite.ebyu.edu.tr\/wp-content\/uploads\/2021\/03\/dddd.png\" alt=\"\" width=\"62\" height=\"76\" \/><\/a><\/td>\n<\/tr>\n<tr>\n<td width=\"302\">Kemah Meslek Y\u00fcksekokulu<\/td>\n<td width=\"302\"><a href=\"https:\/\/kalite.ebyu.edu.tr\/wp-content\/uploads\/2024\/03\/KEMAH-MESLEK-YUKSEKOKULU_2023.pdf\"><img decoding=\"async\" class=\"aligncenter wp-image-1101\" src=\"https:\/\/kalite.ebyu.edu.tr\/wp-content\/uploads\/2021\/03\/dddd.png\" alt=\"\" width=\"62\" height=\"76\" \/><\/a><\/td>\n<\/tr>\n<tr>\n<td width=\"302\">Kemaliye Hac\u0131 Ali Ak\u0131n Meslek Y\u00fcksekokulu<\/td>\n<td width=\"302\"><a href=\"https:\/\/kalite.ebyu.edu.tr\/wp-content\/uploads\/2024\/03\/KEMALIYE-HACI-ALI-AKIN-MESLEK-YUKSEKOKULU_2023.pdf\"><img decoding=\"async\" class=\"aligncenter wp-image-1101\" src=\"https:\/\/kalite.ebyu.edu.tr\/wp-content\/uploads\/2021\/03\/dddd.png\" alt=\"\" width=\"62\" height=\"76\" \/><\/a><\/td>\n<\/tr>\n<tr>\n<td width=\"302\">Kemaliye Hac\u0131 Ali Ak\u0131n Uygulamal\u0131 Bilimler Y\u00fcksekokulu<\/td>\n<td width=\"302\"><a href=\"https:\/\/kalite.ebyu.edu.tr\/wp-content\/uploads\/2024\/03\/KEMALIYE-HACI-ALI-AKIN-UYGULAMALI-BILIMLER-YUKSEKOKULU_2023.pdf\"><img decoding=\"async\" class=\"aligncenter wp-image-1101\" src=\"https:\/\/kalite.ebyu.edu.tr\/wp-content\/uploads\/2021\/03\/dddd.png\" alt=\"\" width=\"62\" height=\"76\" \/><\/a><\/td>\n<\/tr>\n<tr>\n<td width=\"302\">Meslek Y\u00fcksekokulu<\/td>\n<td width=\"302\"><a href=\"https:\/\/kalite.ebyu.edu.tr\/wp-content\/uploads\/2024\/03\/MESLEK-YUKSEKOKULU_2023.pdf\"><img decoding=\"async\" class=\"aligncenter wp-image-1101\" src=\"https:\/\/kalite.ebyu.edu.tr\/wp-content\/uploads\/2021\/03\/dddd.png\" alt=\"\" width=\"62\" height=\"76\" \/><\/a><\/td>\n<\/tr>\n<tr>\n<td width=\"302\">M\u00fchendislik-Mimarl\u0131k Fak\u00fcltesi<\/td>\n<td width=\"302\"><a href=\"https:\/\/kalite.ebyu.edu.tr\/wp-content\/uploads\/2024\/03\/Muhendislik-Mimarlik-Fakultesi_2023.pdf\"><img decoding=\"async\" class=\"aligncenter wp-image-1101\" src=\"https:\/\/kalite.ebyu.edu.tr\/wp-content\/uploads\/2021\/03\/dddd.png\" alt=\"\" width=\"62\" height=\"76\" \/><\/a><\/td>\n<\/tr>\n<tr>\n<td width=\"302\">Refahiye Bahar Y\u0131ld\u0131r\u0131m Sa\u011fl\u0131k Hizmetleri Meslek Y\u00fcksekokulu<\/td>\n<td width=\"302\"><a href=\"https:\/\/kalite.ebyu.edu.tr\/wp-content\/uploads\/2024\/03\/Refahiye-Bahar-Yildirim-Saglik-Hizmetleri-Meslek-Yuksekokulu_2023.pdf\"><img decoding=\"async\" class=\"aligncenter wp-image-1101\" src=\"https:\/\/kalite.ebyu.edu.tr\/wp-content\/uploads\/2021\/03\/dddd.png\" alt=\"\" width=\"62\" height=\"76\" \/><\/a><\/td>\n<\/tr>\n<tr>\n<td width=\"302\">Refahiye Meslek Y\u00fcksekokulu<\/td>\n<td width=\"302\"><a href=\"https:\/\/kalite.ebyu.edu.tr\/wp-content\/uploads\/2024\/03\/REFAHIYE-MESLEK-YUKSEKOKULU_2023.pdf\"><img decoding=\"async\" class=\"aligncenter wp-image-1101\" src=\"https:\/\/kalite.ebyu.edu.tr\/wp-content\/uploads\/2021\/03\/dddd.png\" alt=\"\" width=\"62\" height=\"76\" \/><\/a><\/td>\n<\/tr>\n<tr>\n<td width=\"302\">Sa\u011fl\u0131k Bilimleri Fak\u00fcltesi<\/td>\n<td width=\"302\"><a href=\"https:\/\/kalite.ebyu.edu.tr\/wp-content\/uploads\/2024\/03\/SAGLIK-BILIMLERI-FAKULTESI_2023.pdf\"><img decoding=\"async\" class=\"aligncenter wp-image-1101\" src=\"https:\/\/kalite.ebyu.edu.tr\/wp-content\/uploads\/2021\/03\/dddd.png\" alt=\"\" width=\"62\" height=\"76\" \/><\/a><\/td>\n<\/tr>\n<tr>\n<td width=\"302\">Sa\u011fl\u0131k Hizmetleri Meslek Y\u00fcksekokulu<\/td>\n<td width=\"302\"><a href=\"https:\/\/kalite.ebyu.edu.tr\/wp-content\/uploads\/2024\/03\/SAGLIK-HIZMETLERI-MESLEK-YUKSEKOKULU_2023.pdf\"><img decoding=\"async\" class=\"aligncenter wp-image-1101\" src=\"https:\/\/kalite.ebyu.edu.tr\/wp-content\/uploads\/2021\/03\/dddd.png\" alt=\"\" width=\"62\" height=\"76\" \/><\/a><\/td>\n<\/tr>\n<tr>\n<td width=\"302\">Spor Bilimleri Fak\u00fcltesi<\/td>\n<td width=\"302\"><a href=\"https:\/\/kalite.ebyu.edu.tr\/wp-content\/uploads\/2024\/03\/Spor-Bilimleri-Fakultesi_2023.pdf\"><img decoding=\"async\" class=\"aligncenter wp-image-1101\" src=\"https:\/\/kalite.ebyu.edu.tr\/wp-content\/uploads\/2021\/03\/dddd.png\" alt=\"\" width=\"62\" height=\"76\" \/><\/a><\/td>\n<\/tr>\n<tr>\n<td width=\"302\">Tercan Meslek Y\u00fcksekokulu<\/td>\n<td width=\"302\"><a href=\"https:\/\/kalite.ebyu.edu.tr\/wp-content\/uploads\/2024\/03\/TERCAN-MESLEK-YUKSEKOKULU_2023.pdf\"><img decoding=\"async\" class=\"aligncenter wp-image-1101\" src=\"https:\/\/kalite.ebyu.edu.tr\/wp-content\/uploads\/2021\/03\/dddd.png\" alt=\"\" width=\"62\" height=\"76\" \/><\/a><\/td>\n<\/tr>\n<tr>\n<td width=\"302\">T\u0131p Fak\u00fcltesi<\/td>\n<td width=\"302\"><a href=\"https:\/\/kalite.ebyu.edu.tr\/wp-content\/uploads\/2024\/03\/TIP-FAKULTESI_2023.pdf\"><img decoding=\"async\" class=\"aligncenter wp-image-1101\" src=\"https:\/\/kalite.ebyu.edu.tr\/wp-content\/uploads\/2021\/03\/dddd.png\" alt=\"\" width=\"62\" height=\"76\" \/><\/a><\/td>\n<\/tr>\n<tr>\n<td width=\"302\">\u00dcz\u00fcml\u00fc Meslek Y\u00fcksekokulu<\/td>\n<td width=\"302\"><a href=\"https:\/\/kalite.ebyu.edu.tr\/wp-content\/uploads\/2024\/03\/UZUMLU-MESLEK-YUKSEKOKULU_2023.pdf\"><img decoding=\"async\" class=\"aligncenter wp-image-1101\" src=\"https:\/\/kalite.ebyu.edu.tr\/wp-content\/uploads\/2021\/03\/dddd.png\" alt=\"\" width=\"62\" height=\"76\" \/><\/a><\/td>\n<\/tr>\n<\/tbody>\n<\/table>\n<p>&nbsp;<\/p>\n","protected":false},"excerpt":{"rendered":"<p>Birim \u00d6z De\u011ferlendirme Raporlar\u0131 &#8211; 2024 Ali Cavit \u00c7elebio\u011flu Sivil Havac\u0131l\u0131k Y\u00fcksekokulu \u00c7ay\u0131rl\u0131 Meslek Y\u00fcksekokulu Di\u015f Hekimli\u011fi Fak\u00fcltesi Eczac\u0131l\u0131k Fak\u00fcltesi E\u011fitim Fak\u00fcltesi Fen Edebiyat Fak\u00fcltesi G\u00fczel Sanatlar Fak\u00fcltesi Hukuk Fak\u00fcltesi \u0130ktisadi ve \u0130dari Bilimler Fak\u00fcltesi \u0130lahiyat Fak\u00fcltesi \u0130li\u00e7 Dursun Y\u0131ld\u0131r\u0131m Meslek Y\u00fcksekokulu Kemah Meslek Y\u00fcksekokulu Kemaliye Hac\u0131 Ali Ak\u0131n Meslek Y\u00fcksekokulu Kemaliye Hac\u0131 Ali Ak\u0131n&hellip; <a class=\"more-link\" href=\"https:\/\/kalite.ebyu.edu.tr\/?page_id=1374\">Okumaya devam et <span class=\"screen-reader-text\">Birim \u00d6z De\u011ferlendirme Raporlar\u0131<\/span><\/a><\/p>\n","protected":false},"author":13,"featured_media":0,"parent":0,"menu_order":0,"comment_status":"closed","ping_status":"closed","template":"","meta":{"footnotes":""},"class_list":["post-1374","page","type-page","status-publish","hentry","entry"],"_links":{"self":[{"href":"https:\/\/kalite.ebyu.edu.tr\/index.php?rest_route=\/wp\/v2\/pages\/1374","targetHints":{"allow":["GET"]}}],"collection":[{"href":"https:\/\/kalite.ebyu.edu.tr\/index.php?rest_route=\/wp\/v2\/pages"}],"about":[{"href":"https:\/\/kalite.ebyu.edu.tr\/index.php?rest_route=\/wp\/v2\/types\/page"}],"author":[{"embeddable":true,"href":"https:\/\/kalite.ebyu.edu.tr\/index.php?rest_route=\/wp\/v2\/users\/13"}],"replies":[{"embeddable":true,"href":"https:\/\/kalite.ebyu.edu.tr\/index.php?rest_route=%2Fwp%2Fv2%2Fcomments&post=1374"}],"version-history":[{"count":8,"href":"https:\/\/kalite.ebyu.edu.tr\/index.php?rest_route=\/wp\/v2\/pages\/1374\/revisions"}],"predecessor-version":[{"id":3985,"href":"https:\/\/kalite.ebyu.edu.tr\/index.php?rest_route=\/wp\/v2\/pages\/1374\/revisions\/3985"}],"wp:attachment":[{"href":"https:\/\/kalite.ebyu.edu.tr\/index.php?rest_route=%2Fwp%2Fv2%2Fmedia&parent=1374"}],"curies":[{"name":"wp","href":"https:\/\/api.w.org\/{rel}","templated":true}]}}