{"id":1266,"date":"2021-04-05T09:54:09","date_gmt":"2021-04-05T06:54:09","guid":{"rendered":"https:\/\/kalite.ebyu.edu.tr\/?page_id=1266"},"modified":"2022-04-04T13:18:24","modified_gmt":"2022-04-04T10:18:24","slug":"ic-paydas-anketi-ozet-raporlari","status":"publish","type":"page","link":"https:\/\/kalite.ebyu.edu.tr\/?page_id=1266","title":{"rendered":"\u0130\u00e7 Payda\u015f Anketi \u00d6zet Raporlar\u0131 2020"},"content":{"rendered":"<table style=\"height: 275px\" width=\"973\">\n<tbody>\n<tr>\n<td width=\"378\">Akademik Personel Memnuniyet Anketi \u00d6zet Raporu<\/td>\n<td width=\"226\"><a href=\"https:\/\/kalite.ebyu.edu.tr\/wp-content\/uploads\/2021\/04\/2020-2021-EGITIM-OGRETIM-DONEMI-AKADEMIK-PERSONEL-MEMNUNIYET-ANKETI-SONUCLARI.pdf\"><img decoding=\"async\" class=\"aligncenter wp-image-1101\" src=\"https:\/\/kalite.ebyu.edu.tr\/wp-content\/uploads\/2021\/03\/dddd.png\" alt=\"\" width=\"67\" height=\"82\" \/><\/a><\/td>\n<\/tr>\n<tr>\n<td width=\"378\">\u0130dari Personel Memnuniyet Anketi \u00d6zet Raporu<\/td>\n<td width=\"226\"><a href=\"https:\/\/kalite.ebyu.edu.tr\/wp-content\/uploads\/2021\/04\/2020-2021-EGITIM-OGRETIM-DONEMI-IDARI-PERSONEL-MEMNUNIYET-ANKETI-SONUCLARI-1.pdf\"><img decoding=\"async\" class=\"aligncenter wp-image-1101\" src=\"https:\/\/kalite.ebyu.edu.tr\/wp-content\/uploads\/2021\/03\/dddd.png\" alt=\"\" width=\"66\" height=\"80\" \/><\/a><\/td>\n<\/tr>\n<tr>\n<td width=\"378\">\u00d6\u011frenci Memnuniyet Anketi \u00d6zet Raporu<\/td>\n<td width=\"226\"><a href=\"https:\/\/kalite.ebyu.edu.tr\/wp-content\/uploads\/2021\/04\/2020-2021-EGITIM-OGRETIM-DONEMI-OGRENCI-MEMNUNIYET-ANKETI-SONUCLARI.pdf\"><img decoding=\"async\" class=\"aligncenter wp-image-1101\" src=\"https:\/\/kalite.ebyu.edu.tr\/wp-content\/uploads\/2021\/03\/dddd.png\" alt=\"\" width=\"64\" height=\"78\" \/><\/a><\/td>\n<\/tr>\n<\/tbody>\n<\/table>\n","protected":false},"excerpt":{"rendered":"<p>Akademik Personel Memnuniyet Anketi \u00d6zet Raporu \u0130dari Personel Memnuniyet Anketi \u00d6zet Raporu \u00d6\u011frenci Memnuniyet Anketi \u00d6zet Raporu<\/p>\n","protected":false},"author":13,"featured_media":0,"parent":0,"menu_order":0,"comment_status":"closed","ping_status":"closed","template":"","meta":{"footnotes":""},"class_list":["post-1266","page","type-page","status-publish","hentry","entry"],"a3_pvc":{"activated":false,"total_views":0,"today_views":0},"_links":{"self":[{"href":"https:\/\/kalite.ebyu.edu.tr\/index.php?rest_route=\/wp\/v2\/pages\/1266","targetHints":{"allow":["GET"]}}],"collection":[{"href":"https:\/\/kalite.ebyu.edu.tr\/index.php?rest_route=\/wp\/v2\/pages"}],"about":[{"href":"https:\/\/kalite.ebyu.edu.tr\/index.php?rest_route=\/wp\/v2\/types\/page"}],"author":[{"embeddable":true,"href":"https:\/\/kalite.ebyu.edu.tr\/index.php?rest_route=\/wp\/v2\/users\/13"}],"replies":[{"embeddable":true,"href":"https:\/\/kalite.ebyu.edu.tr\/index.php?rest_route=%2Fwp%2Fv2%2Fcomments&post=1266"}],"version-history":[{"count":6,"href":"https:\/\/kalite.ebyu.edu.tr\/index.php?rest_route=\/wp\/v2\/pages\/1266\/revisions"}],"predecessor-version":[{"id":2589,"href":"https:\/\/kalite.ebyu.edu.tr\/index.php?rest_route=\/wp\/v2\/pages\/1266\/revisions\/2589"}],"wp:attachment":[{"href":"https:\/\/kalite.ebyu.edu.tr\/index.php?rest_route=%2Fwp%2Fv2%2Fmedia&parent=1266"}],"curies":[{"name":"wp","href":"https:\/\/api.w.org\/{rel}","templated":true}]}}