{"id":1238,"date":"2021-04-02T19:21:50","date_gmt":"2021-04-02T16:21:50","guid":{"rendered":"https:\/\/kalite.ebyu.edu.tr\/?page_id=1238"},"modified":"2023-11-09T17:50:36","modified_gmt":"2023-11-09T14:50:36","slug":"toplanti-tutanaklari","status":"publish","type":"page","link":"https:\/\/kalite.ebyu.edu.tr\/?page_id=1238","title":{"rendered":"Toplant\u0131 Tutanaklar\u0131"},"content":{"rendered":"<table style=\"height: 635px\" width=\"739\">\n<tbody>\n<tr>\n<td width=\"415\">K\u0130DR 2020 Haz\u0131rlama S\u00fcreci Toplant\u0131 Tutana\u011f\u0131 (2)<\/td>\n<td width=\"189\"><a href=\"https:\/\/kalite.ebyu.edu.tr\/wp-content\/uploads\/2021\/04\/Toplanti-Tutanagi-2.pdf\"><img decoding=\"async\" class=\"aligncenter wp-image-1101\" src=\"https:\/\/kalite.ebyu.edu.tr\/wp-content\/uploads\/2021\/03\/dddd.png\" alt=\"\" width=\"66\" height=\"80\" \/><\/a><\/td>\n<\/tr>\n<tr>\n<td width=\"415\">K\u0130DR 2020 Haz\u0131rlama S\u00fcreci Toplant\u0131 Tutana\u011f\u0131 (3)<\/td>\n<td width=\"189\"><a href=\"https:\/\/kalite.ebyu.edu.tr\/wp-content\/uploads\/2021\/04\/Toplanti-Tutanagi-3.pdf\"><img decoding=\"async\" class=\"aligncenter wp-image-1101\" src=\"https:\/\/kalite.ebyu.edu.tr\/wp-content\/uploads\/2021\/03\/dddd.png\" alt=\"\" width=\"66\" height=\"80\" \/><\/a><\/td>\n<\/tr>\n<tr>\n<td width=\"415\">K\u0130DR 2020 Haz\u0131rlama S\u00fcreci Toplant\u0131 Tutana\u011f\u0131 (4)<\/td>\n<td width=\"189\"><a href=\"https:\/\/kalite.ebyu.edu.tr\/wp-content\/uploads\/2021\/04\/Toplanti-Tutanagi-4.pdf\"><img decoding=\"async\" class=\"aligncenter wp-image-1101\" src=\"https:\/\/kalite.ebyu.edu.tr\/wp-content\/uploads\/2021\/03\/dddd.png\" alt=\"\" width=\"66\" height=\"80\" \/><\/a><\/td>\n<\/tr>\n<tr>\n<td width=\"415\">K\u0130DR 2020 Haz\u0131rlama S\u00fcreci Toplant\u0131 Tutana\u011f\u0131 (5)<\/td>\n<td width=\"189\"><a href=\"https:\/\/kalite.ebyu.edu.tr\/wp-content\/uploads\/2021\/04\/Toplanti-Tutanagi-5.pdf\"><img decoding=\"async\" class=\"aligncenter wp-image-1101\" src=\"https:\/\/kalite.ebyu.edu.tr\/wp-content\/uploads\/2021\/03\/dddd.png\" alt=\"\" width=\"66\" height=\"80\" \/><\/a><\/td>\n<\/tr>\n<tr>\n<td width=\"415\">K\u0130DR 2020 Haz\u0131rlama S\u00fcreci Toplant\u0131 Tutana\u011f\u0131 (6)<\/td>\n<td width=\"189\"><a href=\"https:\/\/kalite.ebyu.edu.tr\/wp-content\/uploads\/2021\/04\/Toplanti-Tutanagi-6.pdf\"><img decoding=\"async\" class=\"aligncenter wp-image-1101\" src=\"https:\/\/kalite.ebyu.edu.tr\/wp-content\/uploads\/2021\/03\/dddd.png\" alt=\"\" width=\"66\" height=\"80\" \/><\/a><\/td>\n<\/tr>\n<tr>\n<td width=\"415\">K\u0130DR 2020 Haz\u0131rlama S\u00fcreci Toplant\u0131 Tutana\u011f\u0131 (7)<\/td>\n<td width=\"189\"><a href=\"https:\/\/kalite.ebyu.edu.tr\/wp-content\/uploads\/2021\/04\/Toplanti-Tutanagi-7.pdf\"><img decoding=\"async\" class=\"aligncenter wp-image-1101\" src=\"https:\/\/kalite.ebyu.edu.tr\/wp-content\/uploads\/2021\/03\/dddd.png\" alt=\"\" width=\"66\" height=\"80\" \/><\/a><\/td>\n<\/tr>\n<\/tbody>\n<\/table>\n<table style=\"height: 697px\" width=\"738\">\n<tbody>\n<tr>\n<td width=\"415\">\u00dcst Y\u00f6netim Kalite Bilgilendirme ve Memnuniyet Anket De\u011ferlendirme Toplant\u0131s\u0131 (8)<\/td>\n<td width=\"189\"><a href=\"https:\/\/kalite.ebyu.edu.tr\/wp-content\/uploads\/2021\/07\/08-Ust-Yonetim.pdf\"><img decoding=\"async\" class=\"aligncenter wp-image-1101\" src=\"https:\/\/kalite.ebyu.edu.tr\/wp-content\/uploads\/2021\/03\/dddd.png\" alt=\"\" width=\"66\" height=\"80\" \/><\/a><\/td>\n<\/tr>\n<tr>\n<td width=\"415\">Turizm ve Otelcilik MYO Kalite Bilgilendirme ve Memnuniyet Anket De\u011ferlendirme Toplant\u0131s\u0131 (9)<\/td>\n<td width=\"189\"><a href=\"https:\/\/kalite.ebyu.edu.tr\/wp-content\/uploads\/2021\/07\/09-Turizm.pdf\"><img decoding=\"async\" class=\"aligncenter wp-image-1101\" src=\"https:\/\/kalite.ebyu.edu.tr\/wp-content\/uploads\/2021\/03\/dddd.png\" alt=\"\" width=\"66\" height=\"80\" \/><\/a><\/td>\n<\/tr>\n<tr>\n<td width=\"415\">Adalet MYO Kalite Bilgilendirme ve Memnuniyet Anket De\u011ferlendirme Toplant\u0131s\u0131 (10)<\/td>\n<td width=\"189\"><a href=\"https:\/\/kalite.ebyu.edu.tr\/wp-content\/uploads\/2021\/07\/10-Adalet-MYO.pdf\"><img decoding=\"async\" class=\"aligncenter wp-image-1101\" src=\"https:\/\/kalite.ebyu.edu.tr\/wp-content\/uploads\/2021\/03\/dddd.png\" alt=\"\" width=\"66\" height=\"80\" \/><\/a><\/td>\n<\/tr>\n<tr>\n<td width=\"415\">Hukuk Fak\u00fcltesi Kalite Bilgilendirme ve Memnuniyet Anket De\u011ferlendirme Toplant\u0131s\u0131 (11)<\/td>\n<td width=\"189\"><a href=\"https:\/\/kalite.ebyu.edu.tr\/wp-content\/uploads\/2021\/07\/11-Hukuk-Fakultesi.pdf\"><img decoding=\"async\" class=\"aligncenter wp-image-1101\" src=\"https:\/\/kalite.ebyu.edu.tr\/wp-content\/uploads\/2021\/03\/dddd.png\" alt=\"\" width=\"66\" height=\"80\" \/><\/a><\/td>\n<\/tr>\n<tr>\n<td width=\"415\">Fen Edebiyat Fak\u00fcltesi Kalite Bilgilendirme ve Memnuniyet Anket De\u011ferlendirme Toplant\u0131s\u0131 (12)<\/td>\n<td width=\"189\"><a href=\"https:\/\/kalite.ebyu.edu.tr\/wp-content\/uploads\/2021\/07\/12-Fen-Edebiyat-Fakultesi.pdf\"><img decoding=\"async\" class=\"aligncenter wp-image-1101\" src=\"https:\/\/kalite.ebyu.edu.tr\/wp-content\/uploads\/2021\/03\/dddd.png\" alt=\"\" width=\"66\" height=\"80\" \/><\/a><\/td>\n<\/tr>\n<tr>\n<td width=\"415\">Fen Bilimleri Enstit\u00fcs\u00fc &#8211; M\u00fchendislik Fak\u00fcltesi Kalite Bilgilendirme ve Memnuniyet Anket De\u011ferlendirme Toplant\u0131s\u0131 (13)<\/td>\n<td width=\"189\"><a href=\"https:\/\/kalite.ebyu.edu.tr\/wp-content\/uploads\/2021\/07\/13Fen-Bil.Ens_.-Muh.Fak_..pdf\"><img decoding=\"async\" class=\"aligncenter wp-image-1101\" src=\"https:\/\/kalite.ebyu.edu.tr\/wp-content\/uploads\/2021\/03\/dddd.png\" alt=\"\" width=\"66\" height=\"80\" \/><\/a><\/td>\n<\/tr>\n<\/tbody>\n<\/table>\n<table style=\"height: 689px\" width=\"738\">\n<tbody>\n<tr>\n<td width=\"415\">E\u011fitim Fak\u00fcltesi Kalite Bilgilendirme ve Memnuniyet Anket De\u011ferlendirme Toplant\u0131s\u0131 (14)<\/td>\n<td width=\"189\"><a href=\"https:\/\/kalite.ebyu.edu.tr\/wp-content\/uploads\/2021\/07\/14-Egittim-FAkultesi.pdf\"><img decoding=\"async\" class=\"aligncenter wp-image-1101\" src=\"https:\/\/kalite.ebyu.edu.tr\/wp-content\/uploads\/2021\/03\/dddd.png\" alt=\"\" width=\"66\" height=\"80\" \/><\/a><\/td>\n<\/tr>\n<tr>\n<td width=\"415\">Spor Bilimleri Fak\u00fcltesi Kalite Bilgilendirme ve Memnuniyet Anket De\u011ferlendirme Toplant\u0131s\u0131 (15)<\/td>\n<td width=\"189\"><a href=\"https:\/\/kalite.ebyu.edu.tr\/wp-content\/uploads\/2021\/07\/15-Spor-Bilimleri-Fakultesi.pdf\"><img decoding=\"async\" class=\"aligncenter wp-image-1101\" src=\"https:\/\/kalite.ebyu.edu.tr\/wp-content\/uploads\/2021\/03\/dddd.png\" alt=\"\" width=\"66\" height=\"80\" \/><\/a><\/td>\n<\/tr>\n<tr>\n<td width=\"415\">\u0130lahiyat Fak\u00fcltesi Kalite Bilgilendirme ve Memnuniyet Anket De\u011ferlendirme Toplant\u0131s\u0131 (16)<\/td>\n<td width=\"189\"><a href=\"https:\/\/kalite.ebyu.edu.tr\/wp-content\/uploads\/2021\/07\/16-Ilahiyat-Fakultesi.pdf\"><img decoding=\"async\" class=\"aligncenter wp-image-1101\" src=\"https:\/\/kalite.ebyu.edu.tr\/wp-content\/uploads\/2021\/03\/dddd.png\" alt=\"\" width=\"66\" height=\"80\" \/><\/a><\/td>\n<\/tr>\n<tr>\n<td width=\"415\">T\u0131p Fak\u00fcltesi Kalite Bilgilendirme ve Memnuniyet Anket De\u011ferlendirme Toplant\u0131s\u0131 (17)<\/td>\n<td width=\"189\"><a href=\"https:\/\/kalite.ebyu.edu.tr\/wp-content\/uploads\/2021\/07\/17-Tip-Fakultesi.pdf\"><img decoding=\"async\" class=\"aligncenter wp-image-1101\" src=\"https:\/\/kalite.ebyu.edu.tr\/wp-content\/uploads\/2021\/03\/dddd.png\" alt=\"\" width=\"66\" height=\"80\" \/><\/a><\/td>\n<\/tr>\n<tr>\n<td width=\"415\">Sa\u011fl\u0131k Bilimleri Enstit\u00fcs\u00fc &#8211; Sa\u011fl\u0131k Bilimleri Fak\u00fcltesi Kalite Bilgilendirme ve Memnuniyet Anket De\u011ferlendirme Toplant\u0131s\u0131 (18)<\/td>\n<td width=\"189\"><a href=\"https:\/\/kalite.ebyu.edu.tr\/wp-content\/uploads\/2021\/07\/18-Saglik-Bilimleri-Fakultesi-Saglik-Bilimleri-Enstitusu.pdf\"><img decoding=\"async\" class=\"aligncenter wp-image-1101\" src=\"https:\/\/kalite.ebyu.edu.tr\/wp-content\/uploads\/2021\/03\/dddd.png\" alt=\"\" width=\"66\" height=\"80\" \/><\/a><\/td>\n<\/tr>\n<tr>\n<td width=\"415\">\u0130li\u00e7 Dursun Y\u0131ld\u0131r\u0131m MYO Kalite Bilgilendirme ve Memnuniyet Anket De\u011ferlendirme Toplant\u0131s\u0131 (19)<\/td>\n<td width=\"189\"><a href=\"https:\/\/kalite.ebyu.edu.tr\/wp-content\/uploads\/2021\/07\/19-Ilic-Dursun-Yildirim-MYO.pdf\"><img decoding=\"async\" class=\"aligncenter wp-image-1101\" src=\"https:\/\/kalite.ebyu.edu.tr\/wp-content\/uploads\/2021\/03\/dddd.png\" alt=\"\" width=\"66\" height=\"80\" \/><\/a><\/td>\n<\/tr>\n<\/tbody>\n<\/table>\n<table style=\"height: 721px\" width=\"738\">\n<tbody>\n<tr>\n<td width=\"415\">Kemaliye Hac\u0131 Ali Ak\u0131n Uygulamal\u0131 Bilimler YO &#8211; Kemaliye Hac\u0131 Ali Ak\u0131n MYO Kalite Bilgilendirme ve Memnuniyet Anket De\u011ferlendirme Toplant\u0131s\u0131 (20)<\/td>\n<td width=\"189\"><a href=\"http:\/\/20 Kemaliye Hac\u0131 Ali Ak\u0131n Uygulamal\u0131 Bilimler YO\"><img decoding=\"async\" class=\"aligncenter wp-image-1101\" src=\"https:\/\/kalite.ebyu.edu.tr\/wp-content\/uploads\/2021\/03\/dddd.png\" alt=\"\" width=\"66\" height=\"80\" \/><\/a><\/td>\n<\/tr>\n<tr>\n<td width=\"415\">\u00dcz\u00fcml\u00fc MYO Kalite Bilgilendirme ve Memnuniyet Anket De\u011ferlendirme Toplant\u0131s\u0131 (21)<\/td>\n<td width=\"189\"><a href=\"https:\/\/kalite.ebyu.edu.tr\/wp-content\/uploads\/2021\/07\/21-Uzumlu-MYO.pdf\"><img decoding=\"async\" class=\"aligncenter wp-image-1101\" src=\"https:\/\/kalite.ebyu.edu.tr\/wp-content\/uploads\/2021\/03\/dddd.png\" alt=\"\" width=\"66\" height=\"80\" \/><\/a><\/td>\n<\/tr>\n<tr>\n<td width=\"415\">Tercan MYO Kalite Bilgilendirme ve Memnuniyet Anket De\u011ferlendirme Toplant\u0131s\u0131 (22)<\/td>\n<td width=\"189\"><a href=\"https:\/\/kalite.ebyu.edu.tr\/wp-content\/uploads\/2021\/07\/22-Tercan-MYO.pdf\"><img decoding=\"async\" class=\"aligncenter wp-image-1101\" src=\"https:\/\/kalite.ebyu.edu.tr\/wp-content\/uploads\/2021\/03\/dddd.png\" alt=\"\" width=\"66\" height=\"80\" \/><\/a><\/td>\n<\/tr>\n<tr>\n<td width=\"415\">\u00c7ay\u0131rl\u0131 MYO Kalite Bilgilendirme ve Memnuniyet Anket De\u011ferlendirme Toplant\u0131s\u0131 (23)<\/td>\n<td width=\"189\"><a href=\"https:\/\/kalite.ebyu.edu.tr\/wp-content\/uploads\/2021\/07\/23-Cayirli-MYO.pdf\"><img decoding=\"async\" class=\"aligncenter wp-image-1101\" src=\"https:\/\/kalite.ebyu.edu.tr\/wp-content\/uploads\/2021\/03\/dddd.png\" alt=\"\" width=\"66\" height=\"80\" \/><\/a><\/td>\n<\/tr>\n<tr>\n<td width=\"415\">\u0130ktisadi \u0130dari Birimler Fak\u00fcltesi Kalite Bilgilendirme ve Memnuniyet Anket De\u011ferlendirme Toplant\u0131s\u0131 (24)<\/td>\n<td width=\"189\"><a href=\"https:\/\/kalite.ebyu.edu.tr\/wp-content\/uploads\/2021\/07\/24-Iktisadi-Idari-Birimler-Fakultesi.pdf\"><img decoding=\"async\" class=\"aligncenter wp-image-1101\" src=\"https:\/\/kalite.ebyu.edu.tr\/wp-content\/uploads\/2021\/03\/dddd.png\" alt=\"\" width=\"66\" height=\"80\" \/><\/a><\/td>\n<\/tr>\n<tr>\n<td width=\"415\">Sivil Havac\u0131l\u0131k YO &#8211; Sosyal Bilimler Enstit\u00fcs\u00fc Kalite Bilgilendirme ve Memnuniyet Anket De\u011ferlendirme Toplant\u0131s\u0131 (25)<\/td>\n<td width=\"189\"><a href=\"https:\/\/kalite.ebyu.edu.tr\/wp-content\/uploads\/2021\/07\/25-Sivil-Havacilik-YO-Sosyal-Bilimler-Enstitusu.pdf\"><img decoding=\"async\" class=\"aligncenter wp-image-1101\" src=\"https:\/\/kalite.ebyu.edu.tr\/wp-content\/uploads\/2021\/03\/dddd.png\" alt=\"\" width=\"66\" height=\"80\" \/><\/a><\/td>\n<\/tr>\n<\/tbody>\n<\/table>\n<table style=\"height: 710px\" width=\"738\">\n<tbody>\n<tr>\n<td width=\"415\">Eczac\u0131l\u0131k Fak\u00fcltesi Kalite Bilgilendirme ve Memnuniyet Anket De\u011ferlendirme Toplant\u0131s\u0131 (26)<\/td>\n<td width=\"189\"><a href=\"https:\/\/kalite.ebyu.edu.tr\/wp-content\/uploads\/2021\/07\/26-Eczacilik-Fakultesi.pdf\"><img decoding=\"async\" class=\"aligncenter wp-image-1101\" src=\"https:\/\/kalite.ebyu.edu.tr\/wp-content\/uploads\/2021\/03\/dddd.png\" alt=\"\" width=\"66\" height=\"80\" \/><\/a><\/td>\n<\/tr>\n<tr>\n<td width=\"415\">Di\u015f Hekimli\u011fi Fak\u00fcltesi Kalite Bilgilendirme ve Memnuniyet Anket De\u011ferlendirme Toplant\u0131s\u0131 27<\/td>\n<td width=\"189\"><a href=\"https:\/\/kalite.ebyu.edu.tr\/wp-content\/uploads\/2021\/07\/27-Dis-Hekimligi-Fakultesi.pdf\"><img decoding=\"async\" class=\"aligncenter wp-image-1101\" src=\"https:\/\/kalite.ebyu.edu.tr\/wp-content\/uploads\/2021\/03\/dddd.png\" alt=\"\" width=\"66\" height=\"80\" \/><\/a><\/td>\n<\/tr>\n<tr>\n<td width=\"415\">Sa\u011fl\u0131k Hizmetleri MYO Kalite Bilgilendirme ve Memnuniyet Anket De\u011ferlendirme Toplant\u0131s\u0131 (28)<\/td>\n<td width=\"189\"><a href=\"https:\/\/kalite.ebyu.edu.tr\/wp-content\/uploads\/2021\/07\/28-Saglik-Hizmetleri-MYO.pdf\"><img decoding=\"async\" class=\"aligncenter wp-image-1101\" src=\"https:\/\/kalite.ebyu.edu.tr\/wp-content\/uploads\/2021\/03\/dddd.png\" alt=\"\" width=\"66\" height=\"80\" \/><\/a><\/td>\n<\/tr>\n<tr>\n<td width=\"415\">G\u00fczel Sanatlar Fak\u00fcltesi &#8211; Yabanc\u0131 Diller YO Kalite Bilgilendirme ve Memnuniyet Anket De\u011ferlendirme Toplant\u0131s\u0131 (29)<\/td>\n<td width=\"189\"><a href=\"https:\/\/kalite.ebyu.edu.tr\/wp-content\/uploads\/2021\/07\/29-Guzel-Sanatlar-Fakultesi-Yabanci-Diller-YO.pdf\"><img decoding=\"async\" class=\"aligncenter wp-image-1101\" src=\"https:\/\/kalite.ebyu.edu.tr\/wp-content\/uploads\/2021\/03\/dddd.png\" alt=\"\" width=\"66\" height=\"80\" \/><\/a><\/td>\n<\/tr>\n<tr>\n<td width=\"415\">Merkez MYO Kalite Bilgilendirme ve Memnuniyet Anket De\u011ferlendirme Toplant\u0131s\u0131 (30)<\/td>\n<td width=\"189\"><a href=\"https:\/\/kalite.ebyu.edu.tr\/wp-content\/uploads\/2021\/07\/30Merkez-Meslek-YO.pdf\"><img decoding=\"async\" class=\"aligncenter wp-image-1101\" src=\"https:\/\/kalite.ebyu.edu.tr\/wp-content\/uploads\/2021\/03\/dddd.png\" alt=\"\" width=\"66\" height=\"80\" \/><\/a><\/td>\n<\/tr>\n<tr>\n<td width=\"415\">Kemah MYO Kalite Bilgilendirme ve Memnuniyet Anket De\u011ferlendirme Toplant\u0131s\u0131 (31)<\/td>\n<td width=\"189\"><a href=\"https:\/\/kalite.ebyu.edu.tr\/wp-content\/uploads\/2021\/07\/31Kemah-MYO.pdf\"><img decoding=\"async\" class=\"aligncenter wp-image-1101\" src=\"https:\/\/kalite.ebyu.edu.tr\/wp-content\/uploads\/2021\/03\/dddd.png\" alt=\"\" width=\"66\" height=\"80\" \/><\/a><\/td>\n<\/tr>\n<\/tbody>\n<\/table>\n<table style=\"height: 435px\" width=\"737\">\n<tbody>\n<tr>\n<td width=\"415\">Refahiye MYO &#8211; Refahiye Sa\u011fl\u0131k Hizmetleri MYO Kalite Bilgilendirme ve Memnuniyet Anket De\u011ferlendirme Toplant\u0131s\u0131 (32)<\/td>\n<td width=\"189\"><a href=\"https:\/\/kalite.ebyu.edu.tr\/wp-content\/uploads\/2021\/07\/32Refahiye-MYO-Refahiye-Saglik-MYO.pdf\"><img decoding=\"async\" class=\"aligncenter wp-image-1101\" src=\"https:\/\/kalite.ebyu.edu.tr\/wp-content\/uploads\/2021\/03\/dddd.png\" alt=\"\" width=\"66\" height=\"80\" \/><\/a><\/td>\n<\/tr>\n<tr>\n<td width=\"415\">T\u00fcm \u0130dari Birimler Kalite Bilgilendirme ve Memnuniyet Anket De\u011ferlendirme Toplant\u0131s\u0131 (33)<\/td>\n<td width=\"189\"><a href=\"https:\/\/kalite.ebyu.edu.tr\/wp-content\/uploads\/2021\/07\/33-Idari-Birimler.pdf\"><img decoding=\"async\" class=\"aligncenter wp-image-1101\" src=\"https:\/\/kalite.ebyu.edu.tr\/wp-content\/uploads\/2021\/03\/dddd.png\" alt=\"\" width=\"66\" height=\"80\" \/><\/a><\/td>\n<\/tr>\n<tr>\n<td width=\"415\">Eczac\u0131l\u0131k Fak\u00fcltesi Y\u00f6netimi ile Akreditasyon S\u00fcre\u00e7lerine Y\u00f6nelik Toplant\u0131s\u0131 (34)<\/td>\n<td width=\"189\"><a href=\"https:\/\/kalite.ebyu.edu.tr\/wp-content\/uploads\/2021\/07\/34-Eczacilik-Fakultesi-2.pdf\"><img decoding=\"async\" class=\"aligncenter wp-image-1101\" src=\"https:\/\/kalite.ebyu.edu.tr\/wp-content\/uploads\/2021\/03\/dddd.png\" alt=\"\" width=\"66\" height=\"81\" \/><\/a><\/td>\n<\/tr>\n<tr>\n<td width=\"415\">EBY\u00dc Dan\u0131\u015fma Kurulu ile D\u0131\u015f Payda\u015f Toplant\u0131s\u0131 (35)<\/td>\n<td width=\"189\"><a href=\"https:\/\/kalite.ebyu.edu.tr\/wp-content\/uploads\/2021\/08\/35-DANISMA-KURULU.docx\"><img decoding=\"async\" class=\"aligncenter wp-image-1101\" src=\"https:\/\/kalite.ebyu.edu.tr\/wp-content\/uploads\/2021\/03\/dddd.png\" alt=\"\" width=\"66\" height=\"81\" \/><\/a><\/td>\n<\/tr>\n<tr>\n<td width=\"415\">Koordinat\u00f6rl\u00fckler ve Ara\u015ft\u0131rma ve Uygulama Merkezi M\u00fcd\u00fcrl\u00fckleri Kalite Toplant\u0131s\u0131 (36)<\/td>\n<td width=\"189\"><a href=\"https:\/\/kalite.ebyu.edu.tr\/wp-content\/uploads\/2021\/08\/36-UYGULAMA-ARASTIRMA-MERKEZLERI-VE-KOORDINATORLUKLER-taranmis.pdf\"><img decoding=\"async\" class=\"aligncenter wp-image-1101\" src=\"https:\/\/kalite.ebyu.edu.tr\/wp-content\/uploads\/2021\/03\/dddd.png\" alt=\"\" width=\"66\" height=\"81\" \/><\/a><\/td>\n<\/tr>\n<tr>\n<td width=\"415\">Toplant\u0131 Tutana\u011f\u0131 Formu<\/td>\n<td width=\"189\"><a href=\"https:\/\/kalite.ebyu.edu.tr\/wp-content\/uploads\/2022\/01\/Toplanti-Tutanagi-Formu.docx\"><img decoding=\"async\" class=\"aligncenter wp-image-3076\" src=\"https:\/\/kalite.ebyu.edu.tr\/wp-content\/uploads\/2023\/07\/word-logo.jpg\" alt=\"\" width=\"70\" height=\"67\" srcset=\"https:\/\/kalite.ebyu.edu.tr\/wp-content\/uploads\/2023\/07\/word-logo.jpg 768w, https:\/\/kalite.ebyu.edu.tr\/wp-content\/uploads\/2023\/07\/word-logo-300x287.jpg 300w\" sizes=\"(max-width: 70px) 100vw, 70px\" \/><\/a><\/td>\n<\/tr>\n<\/tbody>\n<\/table>\n<p>&nbsp;<\/p>\n","protected":false},"excerpt":{"rendered":"<p>K\u0130DR 2020 Haz\u0131rlama S\u00fcreci Toplant\u0131 Tutana\u011f\u0131 (2) K\u0130DR 2020 Haz\u0131rlama S\u00fcreci Toplant\u0131 Tutana\u011f\u0131 (3) K\u0130DR 2020 Haz\u0131rlama S\u00fcreci Toplant\u0131 Tutana\u011f\u0131 (4) K\u0130DR 2020 Haz\u0131rlama S\u00fcreci Toplant\u0131 Tutana\u011f\u0131 (5) K\u0130DR 2020 Haz\u0131rlama S\u00fcreci Toplant\u0131 Tutana\u011f\u0131 (6) K\u0130DR 2020 Haz\u0131rlama S\u00fcreci Toplant\u0131 Tutana\u011f\u0131 (7) \u00dcst Y\u00f6netim Kalite Bilgilendirme ve Memnuniyet Anket De\u011ferlendirme Toplant\u0131s\u0131 (8) Turizm ve Otelcilik&hellip; <a class=\"more-link\" href=\"https:\/\/kalite.ebyu.edu.tr\/?page_id=1238\">Okumaya devam et <span class=\"screen-reader-text\">Toplant\u0131 Tutanaklar\u0131<\/span><\/a><\/p>\n","protected":false},"author":13,"featured_media":0,"parent":0,"menu_order":0,"comment_status":"closed","ping_status":"closed","template":"","meta":{"footnotes":""},"class_list":["post-1238","page","type-page","status-publish","hentry","entry"],"_links":{"self":[{"href":"https:\/\/kalite.ebyu.edu.tr\/index.php?rest_route=\/wp\/v2\/pages\/1238","targetHints":{"allow":["GET"]}}],"collection":[{"href":"https:\/\/kalite.ebyu.edu.tr\/index.php?rest_route=\/wp\/v2\/pages"}],"about":[{"href":"https:\/\/kalite.ebyu.edu.tr\/index.php?rest_route=\/wp\/v2\/types\/page"}],"author":[{"embeddable":true,"href":"https:\/\/kalite.ebyu.edu.tr\/index.php?rest_route=\/wp\/v2\/users\/13"}],"replies":[{"embeddable":true,"href":"https:\/\/kalite.ebyu.edu.tr\/index.php?rest_route=%2Fwp%2Fv2%2Fcomments&post=1238"}],"version-history":[{"count":18,"href":"https:\/\/kalite.ebyu.edu.tr\/index.php?rest_route=\/wp\/v2\/pages\/1238\/revisions"}],"predecessor-version":[{"id":3474,"href":"https:\/\/kalite.ebyu.edu.tr\/index.php?rest_route=\/wp\/v2\/pages\/1238\/revisions\/3474"}],"wp:attachment":[{"href":"https:\/\/kalite.ebyu.edu.tr\/index.php?rest_route=%2Fwp%2Fv2%2Fmedia&parent=1238"}],"curies":[{"name":"wp","href":"https:\/\/api.w.org\/{rel}","templated":true}]}}