{"id":1155,"date":"2021-04-02T18:02:28","date_gmt":"2021-04-02T15:02:28","guid":{"rendered":"https:\/\/kalite.ebyu.edu.tr\/?page_id=1155"},"modified":"2021-07-09T11:48:48","modified_gmt":"2021-07-09T08:48:48","slug":"paydas-anketi-degerlendirme-raporu","status":"publish","type":"page","link":"https:\/\/kalite.ebyu.edu.tr\/?page_id=1155","title":{"rendered":"\u0130\u00e7 Payda\u015f Anketi De\u011ferlendirme Raporlar\u0131"},"content":{"rendered":"<table style=\"height: 354px\" width=\"877\">\n<tbody>\n<tr>\n<td width=\"415\">Akademik Personel Memnuniyet Anketi De\u011ferlendirme Raporu<\/td>\n<td width=\"189\"><a href=\"https:\/\/kalite.ebyu.edu.tr\/wp-content\/uploads\/2021\/07\/Akademik-Personel-Memnuniyet-Anketi-Degerlendirme-Raporu.pdf\"><img decoding=\"async\" class=\"aligncenter wp-image-1101\" src=\"https:\/\/kalite.ebyu.edu.tr\/wp-content\/uploads\/2021\/03\/dddd.png\" alt=\"\" width=\"60\" height=\"73\" \/><\/a><\/td>\n<\/tr>\n<tr>\n<td width=\"415\">\u0130dari Personel Memnuniyet Anketi De\u011ferlendirme Raporu<\/td>\n<td width=\"189\"><a href=\"https:\/\/kalite.ebyu.edu.tr\/wp-content\/uploads\/2021\/04\/Kanit-A1.11-2020-2021-Egitim-ve-Ogretim-Yili-Idari-Personel-Memnuniyet-Anketi-Degerlendirme-Raporu.pdf\"><img decoding=\"async\" class=\"aligncenter wp-image-1101\" src=\"https:\/\/kalite.ebyu.edu.tr\/wp-content\/uploads\/2021\/03\/dddd.png\" alt=\"\" width=\"63\" height=\"77\" \/><\/a><\/td>\n<\/tr>\n<tr>\n<td width=\"415\">\u00d6\u011frenci Memnuniyet Anketi De\u011ferlendirme Raporu<\/td>\n<td width=\"189\"><a href=\"https:\/\/kalite.ebyu.edu.tr\/wp-content\/uploads\/2021\/04\/Ogrenci-Memnuniyet-Anketi-Degerlendirme-Raporu.pdf\"><img decoding=\"async\" class=\"aligncenter wp-image-1101\" src=\"https:\/\/kalite.ebyu.edu.tr\/wp-content\/uploads\/2021\/03\/dddd.png\" alt=\"\" width=\"61\" height=\"73\" \/><\/a><\/td>\n<\/tr>\n<\/tbody>\n<\/table>\n","protected":false},"excerpt":{"rendered":"<p>Akademik Personel Memnuniyet Anketi De\u011ferlendirme Raporu \u0130dari Personel Memnuniyet Anketi De\u011ferlendirme Raporu \u00d6\u011frenci Memnuniyet Anketi De\u011ferlendirme Raporu<\/p>\n","protected":false},"author":13,"featured_media":0,"parent":0,"menu_order":0,"comment_status":"closed","ping_status":"closed","template":"","meta":{"footnotes":""},"class_list":["post-1155","page","type-page","status-publish","hentry","entry"],"a3_pvc":{"activated":false,"total_views":0,"today_views":0},"_links":{"self":[{"href":"https:\/\/kalite.ebyu.edu.tr\/index.php?rest_route=\/wp\/v2\/pages\/1155","targetHints":{"allow":["GET"]}}],"collection":[{"href":"https:\/\/kalite.ebyu.edu.tr\/index.php?rest_route=\/wp\/v2\/pages"}],"about":[{"href":"https:\/\/kalite.ebyu.edu.tr\/index.php?rest_route=\/wp\/v2\/types\/page"}],"author":[{"embeddable":true,"href":"https:\/\/kalite.ebyu.edu.tr\/index.php?rest_route=\/wp\/v2\/users\/13"}],"replies":[{"embeddable":true,"href":"https:\/\/kalite.ebyu.edu.tr\/index.php?rest_route=%2Fwp%2Fv2%2Fcomments&post=1155"}],"version-history":[{"count":7,"href":"https:\/\/kalite.ebyu.edu.tr\/index.php?rest_route=\/wp\/v2\/pages\/1155\/revisions"}],"predecessor-version":[{"id":2134,"href":"https:\/\/kalite.ebyu.edu.tr\/index.php?rest_route=\/wp\/v2\/pages\/1155\/revisions\/2134"}],"wp:attachment":[{"href":"https:\/\/kalite.ebyu.edu.tr\/index.php?rest_route=%2Fwp%2Fv2%2Fmedia&parent=1155"}],"curies":[{"name":"wp","href":"https:\/\/api.w.org\/{rel}","templated":true}]}}