{"id":1146,"date":"2021-04-02T17:57:07","date_gmt":"2021-04-02T14:57:07","guid":{"rendered":"https:\/\/kalite.ebyu.edu.tr\/?page_id=1146"},"modified":"2023-01-31T13:11:15","modified_gmt":"2023-01-31T10:11:15","slug":"uluslararasilasma","status":"publish","type":"page","link":"https:\/\/kalite.ebyu.edu.tr\/?page_id=1146","title":{"rendered":"Uluslararas\u0131la\u015fma Komisyonu"},"content":{"rendered":"<table style=\"height: 263px\" width=\"631\">\n<tbody>\n<tr>\n<td width=\"236\">Dr. \u00d6\u011fr. \u00dcyesi Emrah \u00d6ZBAY<\/td>\n<td width=\"232\">eozbay@erzincan.edu.tr<\/td>\n<\/tr>\n<tr>\n<td width=\"236\">\u00d6\u011fr. G\u00f6r. Aycan YILDIZ YILMAZ<\/td>\n<td width=\"232\">ayildiz@erzincan.edu.tr<\/td>\n<\/tr>\n<tr>\n<td width=\"236\">\u00d6\u011fr. G\u00f6r. Nihan \u00c7EL\u0130KER<\/td>\n<td width=\"232\">nceliker@erzincan.edu.tr<\/td>\n<\/tr>\n<\/tbody>\n<\/table>\n","protected":false},"excerpt":{"rendered":"<p>Dr. \u00d6\u011fr. \u00dcyesi Emrah \u00d6ZBAY eozbay@erzincan.edu.tr \u00d6\u011fr. G\u00f6r. Aycan YILDIZ YILMAZ ayildiz@erzincan.edu.tr \u00d6\u011fr. G\u00f6r. Nihan \u00c7EL\u0130KER nceliker@erzincan.edu.tr<\/p>\n","protected":false},"author":13,"featured_media":0,"parent":0,"menu_order":0,"comment_status":"closed","ping_status":"closed","template":"","meta":{"footnotes":""},"class_list":["post-1146","page","type-page","status-publish","hentry","entry"],"_links":{"self":[{"href":"https:\/\/kalite.ebyu.edu.tr\/index.php?rest_route=\/wp\/v2\/pages\/1146","targetHints":{"allow":["GET"]}}],"collection":[{"href":"https:\/\/kalite.ebyu.edu.tr\/index.php?rest_route=\/wp\/v2\/pages"}],"about":[{"href":"https:\/\/kalite.ebyu.edu.tr\/index.php?rest_route=\/wp\/v2\/types\/page"}],"author":[{"embeddable":true,"href":"https:\/\/kalite.ebyu.edu.tr\/index.php?rest_route=\/wp\/v2\/users\/13"}],"replies":[{"embeddable":true,"href":"https:\/\/kalite.ebyu.edu.tr\/index.php?rest_route=%2Fwp%2Fv2%2Fcomments&post=1146"}],"version-history":[{"count":6,"href":"https:\/\/kalite.ebyu.edu.tr\/index.php?rest_route=\/wp\/v2\/pages\/1146\/revisions"}],"predecessor-version":[{"id":2920,"href":"https:\/\/kalite.ebyu.edu.tr\/index.php?rest_route=\/wp\/v2\/pages\/1146\/revisions\/2920"}],"wp:attachment":[{"href":"https:\/\/kalite.ebyu.edu.tr\/index.php?rest_route=%2Fwp%2Fv2%2Fmedia&parent=1146"}],"curies":[{"name":"wp","href":"https:\/\/api.w.org\/{rel}","templated":true}]}}