{"id":1143,"date":"2021-04-02T17:56:17","date_gmt":"2021-04-02T14:56:17","guid":{"rendered":"https:\/\/kalite.ebyu.edu.tr\/?page_id=1143"},"modified":"2024-12-04T13:59:43","modified_gmt":"2024-12-04T10:59:43","slug":"toplumsal-katki","status":"publish","type":"page","link":"https:\/\/kalite.ebyu.edu.tr\/?page_id=1143","title":{"rendered":"Toplumsal Katk\u0131 Komisyonu"},"content":{"rendered":"<p>&nbsp;<\/p>\n<table width=\"678\">\n<tbody>\n<tr>\n<td width=\"302\"><strong>\u00dcnvan Ad Soyad<\/strong><\/td>\n<td width=\"295\"><strong>Birimi<\/strong><\/td>\n<td width=\"80\"><strong>G\u00f6revi<\/strong><\/td>\n<\/tr>\n<tr>\n<td width=\"302\">Do\u00e7. Dr. Selma TA\u015eKESEN<\/td>\n<td width=\"295\">E\u011fitim Fak\u00fcltesi<\/td>\n<td width=\"80\">Ba\u015fkan<\/td>\n<\/tr>\n<tr>\n<td width=\"302\">Do\u00e7. Dr. G\u00fcls\u00fcn AYRAN<\/td>\n<td width=\"295\">Sa\u011fl\u0131k Bilimleri Fak\u00fcltesi<\/td>\n<td width=\"80\">\u00dcye<\/td>\n<\/tr>\n<tr>\n<td width=\"302\">Do\u00e7. Dr. Serap UZUNER YURT<\/td>\n<td width=\"295\">E\u011fitim Fak\u00fcltesi<\/td>\n<td width=\"80\">\u00dcye<\/td>\n<\/tr>\n<tr>\n<td width=\"302\">Do\u00e7. Dr. Sibel TET\u0130K D\u00dcNDAR<\/td>\n<td width=\"295\">Spor Bilimleri Fak\u00fcltesi<\/td>\n<td width=\"80\">\u00dcye<\/td>\n<\/tr>\n<tr>\n<td width=\"302\">Dr. \u00d6\u011fr. \u00dcyesi Ahmet YAZAR<\/td>\n<td width=\"295\">\u0130ktisadi ve \u0130dari Bilimler Fak\u00fcltesi<\/td>\n<td width=\"80\">\u00dcye<\/td>\n<\/tr>\n<tr>\n<td width=\"302\">\u00d6\u011fr. G\u00f6r. G\u00fclhan NACAR<\/td>\n<td width=\"295\">Kemah MYO<\/td>\n<td width=\"80\">\u00dcye<\/td>\n<\/tr>\n<tr>\n<td width=\"302\">\u00d6\u011fr. G\u00f6r. \u0130brahim Kubilay ZALANK\u00d6Y<\/td>\n<td width=\"295\">\u0130ktisadi ve \u0130dari Bilimler Fak\u00fcltesi<\/td>\n<td width=\"80\">\u00dcye<\/td>\n<\/tr>\n<tr>\n<td width=\"302\">\u00d6\u011fr. G\u00f6r. Nursel KUYRUKLUYILDIZ<\/td>\n<td width=\"295\">Kalite Koordinat\u00f6rl\u00fc\u011f\u00fc<\/td>\n<td width=\"80\">\u00dcye<\/td>\n<\/tr>\n<tr>\n<td width=\"302\">Ar\u015f. G\u00f6r. Bilal KAYAO\u011eLU<\/td>\n<td width=\"295\">\u0130ktisadi ve \u0130dari Bilimler Fak\u00fcltesi<\/td>\n<td width=\"80\">\u00dcye<\/td>\n<\/tr>\n<tr>\n<td width=\"302\">Ar\u015f. G\u00f6r. Melek ERYENT\u00dc G\u00dcLER<\/td>\n<td width=\"295\">Fen-Edebiyat Fak\u00fcltesi<\/td>\n<td width=\"80\">\u00dcye<\/td>\n<\/tr>\n<tr>\n<td width=\"302\">Ar\u015f. G\u00f6r. Muhammed Akif YAL\u00c7IN<\/td>\n<td width=\"295\">Fen-Edebiyat Fak\u00fcltesi<\/td>\n<td width=\"80\">\u00dcye<\/td>\n<\/tr>\n<tr>\n<td width=\"302\">Ar\u015f. G\u00f6r. \u00d6mer Faruk KELE\u015e<\/td>\n<td width=\"295\">M\u00fchendislik-Mimarl\u0131k Fak\u00fcltesi<\/td>\n<td width=\"80\">\u00dcye<\/td>\n<\/tr>\n<tr>\n<td width=\"302\">Abdullah Y\u00fccel SEYHAN<\/td>\n<td width=\"295\">SKS Daire Ba\u015fkanl\u0131\u011f\u0131<\/td>\n<td width=\"80\">\u00dcye<\/td>\n<\/tr>\n<tr>\n<td width=\"302\">Esra \u015eAH\u0130N<\/td>\n<td width=\"295\">\u00d6\u011frenci Temsilcisi<\/td>\n<td width=\"80\">\u00dcye<\/td>\n<\/tr>\n<\/tbody>\n<\/table>\n","protected":false},"excerpt":{"rendered":"<p>&nbsp; \u00dcnvan Ad Soyad Birimi G\u00f6revi Do\u00e7. Dr. Selma TA\u015eKESEN E\u011fitim Fak\u00fcltesi Ba\u015fkan Do\u00e7. Dr. G\u00fcls\u00fcn AYRAN Sa\u011fl\u0131k Bilimleri Fak\u00fcltesi \u00dcye Do\u00e7. Dr. Serap UZUNER YURT E\u011fitim Fak\u00fcltesi \u00dcye Do\u00e7. Dr. Sibel TET\u0130K D\u00dcNDAR Spor Bilimleri Fak\u00fcltesi \u00dcye Dr. \u00d6\u011fr. \u00dcyesi Ahmet YAZAR \u0130ktisadi ve \u0130dari Bilimler Fak\u00fcltesi \u00dcye \u00d6\u011fr. G\u00f6r. G\u00fclhan NACAR Kemah MYO&hellip; <a class=\"more-link\" href=\"https:\/\/kalite.ebyu.edu.tr\/?page_id=1143\">Okumaya devam et <span class=\"screen-reader-text\">Toplumsal Katk\u0131 Komisyonu<\/span><\/a><\/p>\n","protected":false},"author":13,"featured_media":0,"parent":0,"menu_order":0,"comment_status":"closed","ping_status":"closed","template":"","meta":{"footnotes":""},"class_list":["post-1143","page","type-page","status-publish","hentry","entry"],"_links":{"self":[{"href":"https:\/\/kalite.ebyu.edu.tr\/index.php?rest_route=\/wp\/v2\/pages\/1143","targetHints":{"allow":["GET"]}}],"collection":[{"href":"https:\/\/kalite.ebyu.edu.tr\/index.php?rest_route=\/wp\/v2\/pages"}],"about":[{"href":"https:\/\/kalite.ebyu.edu.tr\/index.php?rest_route=\/wp\/v2\/types\/page"}],"author":[{"embeddable":true,"href":"https:\/\/kalite.ebyu.edu.tr\/index.php?rest_route=\/wp\/v2\/users\/13"}],"replies":[{"embeddable":true,"href":"https:\/\/kalite.ebyu.edu.tr\/index.php?rest_route=%2Fwp%2Fv2%2Fcomments&post=1143"}],"version-history":[{"count":10,"href":"https:\/\/kalite.ebyu.edu.tr\/index.php?rest_route=\/wp\/v2\/pages\/1143\/revisions"}],"predecessor-version":[{"id":3882,"href":"https:\/\/kalite.ebyu.edu.tr\/index.php?rest_route=\/wp\/v2\/pages\/1143\/revisions\/3882"}],"wp:attachment":[{"href":"https:\/\/kalite.ebyu.edu.tr\/index.php?rest_route=%2Fwp%2Fv2%2Fmedia&parent=1143"}],"curies":[{"name":"wp","href":"https:\/\/api.w.org\/{rel}","templated":true}]}}