{"id":1138,"date":"2021-04-02T17:50:46","date_gmt":"2021-04-02T14:50:46","guid":{"rendered":"https:\/\/kalite.ebyu.edu.tr\/?page_id=1138"},"modified":"2025-12-05T14:13:48","modified_gmt":"2025-12-05T11:13:48","slug":"arastirma-ve-gelistirme","status":"publish","type":"page","link":"https:\/\/kalite.ebyu.edu.tr\/?page_id=1138","title":{"rendered":"Ara\u015ft\u0131rma ve Geli\u015ftirme Komisyonu"},"content":{"rendered":"<table width=\"847\">\n<tbody>\n<tr>\n<td width=\"378\"><strong>Unvan Ad Soyad<\/strong><\/td>\n<td width=\"369\"><strong>Birimi<\/strong><\/td>\n<td width=\"101\"><strong>G\u00f6revi<\/strong><\/td>\n<\/tr>\n<tr>\n<td width=\"378\">Prof. Dr. Aykut ASTAM<\/td>\n<td width=\"369\">Fen-Edebiyat Fak\u00fcltesi<\/td>\n<td width=\"101\">Ba\u015fkan<\/td>\n<\/tr>\n<tr>\n<td width=\"378\">Prof. Dr. Fatih ORHAN<\/td>\n<td width=\"369\">Fen-Edebiyat Fak\u00fcltesi<\/td>\n<td width=\"101\">\u00dcye<\/td>\n<\/tr>\n<tr>\n<td width=\"378\">Prof. Dr. Vedat KARADEN\u0130Z<\/td>\n<td width=\"369\">BAP Koordinat\u00f6rl\u00fc\u011f\u00fc<\/td>\n<td width=\"101\">\u00dcye<\/td>\n<\/tr>\n<tr>\n<td width=\"378\">Do\u00e7. Dr. Alpaslan AKPINAR<\/td>\n<td width=\"369\">G\u00fczel Sanatlar Fak\u00fcltesi<\/td>\n<td width=\"101\">\u00dcye<\/td>\n<\/tr>\n<tr>\n<td width=\"378\">Do\u00e7. Dr. H. Alperen BULUT<\/td>\n<td width=\"369\">M\u00fchendislik-Mimarl\u0131k Fak\u00fcltesi<\/td>\n<td width=\"101\">\u00dcye<\/td>\n<\/tr>\n<tr>\n<td width=\"378\">Do\u00e7. Dr. K. Volkan \u00d6ZDOKUR<\/td>\n<td width=\"369\">Fen Bilimleri Enstit\u00fcs\u00fc<\/td>\n<td width=\"101\">\u00dcye<\/td>\n<\/tr>\n<tr>\n<td width=\"378\">Do\u00e7. Dr. Mert KARAO\u011eLAN<\/td>\n<td width=\"369\">M\u00fchendislik-Mimarl\u0131k Fak\u00fcltesi<\/td>\n<td width=\"101\">\u00dcye<\/td>\n<\/tr>\n<tr>\n<td width=\"378\">Do\u00e7. Dr. M\u00fcge MANGA<\/td>\n<td width=\"369\">\u0130ktisadi ve \u0130dari Bilimler Fak\u00fcltesi<\/td>\n<td width=\"101\">\u00dcye<\/td>\n<\/tr>\n<tr>\n<td width=\"378\">Do\u00e7. Dr. O\u011fuz Kaan ESENT\u00dcRK<\/td>\n<td width=\"369\">Spor Bilimleri Fak\u00fcltesi<\/td>\n<td width=\"101\">\u00dcye<\/td>\n<\/tr>\n<tr>\n<td width=\"378\">Do\u00e7. Dr. Salim Sercan SARI<\/td>\n<td width=\"369\">\u0130ktisadi ve \u0130dari Bilimler Fak\u00fcltesi<\/td>\n<td width=\"101\">\u00dcye<\/td>\n<\/tr>\n<tr>\n<td width=\"378\">Dr. \u00d6\u011fr. \u00dcyesi Emre YAVUZ<\/td>\n<td width=\"369\">Teknoloji Transfer Ofisi Uyg. ve Ara\u015f. Mer.<\/td>\n<td width=\"101\">\u00dcye<\/td>\n<\/tr>\n<tr>\n<td width=\"378\">Dr. \u00d6\u011fr. \u00dcyesi Ersan G\u00dcRSOY<\/td>\n<td width=\"369\">T\u0131p Fak\u00fcltesi<\/td>\n<td width=\"101\">\u00dcye<\/td>\n<\/tr>\n<tr>\n<td width=\"378\">Dr. \u00d6\u011fr. \u00dcyesi H. Arda DEVEC\u0130<\/td>\n<td width=\"369\">M\u00fchendislik-Mimarl\u0131k Fak\u00fcltesi<\/td>\n<td width=\"101\">\u00dcye<\/td>\n<\/tr>\n<tr>\n<td width=\"378\">Dr. \u00d6\u011fr. \u00dcyesi M. K\u00fcr\u015fat \u00d6KS\u00dcZ<\/td>\n<td width=\"369\">Kalite Koordinat\u00f6rl\u00fc\u011f\u00fc<\/td>\n<td width=\"101\">\u00dcye<\/td>\n<\/tr>\n<tr>\n<td width=\"378\">Dr. \u00d6\u011fr. \u00dcyesi Mert ELVER\u0130C\u0130<\/td>\n<td width=\"369\">Fen-Edebiyat Fak\u00fcltesi<\/td>\n<td width=\"101\">\u00dcye<\/td>\n<\/tr>\n<tr>\n<td width=\"378\">Dr. \u00d6\u011fr. \u00dcyesi Muharrem G\u00dcNE\u015e<\/td>\n<td width=\"369\">Proje Koordinasyon ve E\u011fitim Koordinat\u00f6rl\u00fc\u011f\u00fc<\/td>\n<td width=\"101\">\u00dcye<\/td>\n<\/tr>\n<tr>\n<td width=\"378\">Dr. \u00d6\u011fr. \u00dcyesi Oben KANBOLAT<\/td>\n<td width=\"369\">E\u011fitim Fak\u00fcltesi<\/td>\n<td width=\"101\">\u00dcye<\/td>\n<\/tr>\n<tr>\n<td width=\"378\">Dr. \u00d6\u011fr. \u00dcyesi S\u00fcmeyra TUNA YILDIRIM<\/td>\n<td width=\"369\">Eczac\u0131l\u0131k Fak\u00fcltesi<\/td>\n<td width=\"101\">\u00dcye<\/td>\n<\/tr>\n<tr>\n<td width=\"378\">Dr. \u00d6\u011fr. \u00dcyesi \u015eeng\u00fcl AL KILI\u00c7<\/td>\n<td width=\"369\">Hukuk Fak\u00fcltesi<\/td>\n<td width=\"101\">\u00dcye<\/td>\n<\/tr>\n<tr>\n<td width=\"378\">Dr. \u00d6\u011fr. \u00dcyesi Yasemin KORKUSUZ \u00d6ZT\u00dcRK<\/td>\n<td width=\"369\">Deprem Teknolojileri Enstit\u00fcs\u00fc<\/td>\n<td width=\"101\">\u00dcye<\/td>\n<\/tr>\n<tr>\n<td width=\"378\">\u00d6\u011fr. G\u00f6r. \u00c7i\u011fdem EDEN<\/td>\n<td width=\"369\">Doktora \u00d6\u011frenci Temsilcisi<\/td>\n<td width=\"101\">\u00dcye<\/td>\n<\/tr>\n<\/tbody>\n<\/table>\n","protected":false},"excerpt":{"rendered":"<p>Unvan Ad Soyad Birimi G\u00f6revi Prof. Dr. Aykut ASTAM Fen-Edebiyat Fak\u00fcltesi Ba\u015fkan Prof. Dr. Fatih ORHAN Fen-Edebiyat Fak\u00fcltesi \u00dcye Prof. Dr. Vedat KARADEN\u0130Z BAP Koordinat\u00f6rl\u00fc\u011f\u00fc \u00dcye Do\u00e7. Dr. Alpaslan AKPINAR G\u00fczel Sanatlar Fak\u00fcltesi \u00dcye Do\u00e7. Dr. H. Alperen BULUT M\u00fchendislik-Mimarl\u0131k Fak\u00fcltesi \u00dcye Do\u00e7. Dr. K. Volkan \u00d6ZDOKUR Fen Bilimleri Enstit\u00fcs\u00fc \u00dcye Do\u00e7. Dr. Mert KARAO\u011eLAN&hellip; <a class=\"more-link\" href=\"https:\/\/kalite.ebyu.edu.tr\/?page_id=1138\">Okumaya devam et <span class=\"screen-reader-text\">Ara\u015ft\u0131rma ve Geli\u015ftirme Komisyonu<\/span><\/a><\/p>\n","protected":false},"author":13,"featured_media":0,"parent":0,"menu_order":0,"comment_status":"closed","ping_status":"closed","template":"","meta":{"footnotes":""},"class_list":["post-1138","page","type-page","status-publish","hentry","entry"],"_links":{"self":[{"href":"https:\/\/kalite.ebyu.edu.tr\/index.php?rest_route=\/wp\/v2\/pages\/1138","targetHints":{"allow":["GET"]}}],"collection":[{"href":"https:\/\/kalite.ebyu.edu.tr\/index.php?rest_route=\/wp\/v2\/pages"}],"about":[{"href":"https:\/\/kalite.ebyu.edu.tr\/index.php?rest_route=\/wp\/v2\/types\/page"}],"author":[{"embeddable":true,"href":"https:\/\/kalite.ebyu.edu.tr\/index.php?rest_route=\/wp\/v2\/users\/13"}],"replies":[{"embeddable":true,"href":"https:\/\/kalite.ebyu.edu.tr\/index.php?rest_route=%2Fwp%2Fv2%2Fcomments&post=1138"}],"version-history":[{"count":13,"href":"https:\/\/kalite.ebyu.edu.tr\/index.php?rest_route=\/wp\/v2\/pages\/1138\/revisions"}],"predecessor-version":[{"id":1141,"href":"https:\/\/kalite.ebyu.edu.tr\/index.php?rest_route=\/wp\/v2\/pages\/1138\/revisions\/1141"}],"wp:attachment":[{"href":"https:\/\/kalite.ebyu.edu.tr\/index.php?rest_route=%2Fwp%2Fv2%2Fmedia&parent=1138"}],"curies":[{"name":"wp","href":"https:\/\/api.w.org\/{rel}","templated":true}]}}