{"id":1129,"date":"2021-04-02T16:28:41","date_gmt":"2021-04-02T13:28:41","guid":{"rendered":"https:\/\/kalite.ebyu.edu.tr\/?page_id=1129"},"modified":"2024-10-23T14:03:49","modified_gmt":"2024-10-23T11:03:49","slug":"egitim-ve-ogretim-komisyonu","status":"publish","type":"page","link":"https:\/\/kalite.ebyu.edu.tr\/?page_id=1129","title":{"rendered":"E\u011fitim ve \u00d6\u011fretim Komisyonu"},"content":{"rendered":"<p>&nbsp;<\/p>\n<table width=\"678\">\n<tbody>\n<tr>\n<td width=\"284\"><strong>\u00dcnvan Ad Soyad<\/strong><\/td>\n<td width=\"314\"><strong>Birimi<\/strong><\/td>\n<td width=\"80\"><strong>G\u00f6revi<\/strong><\/td>\n<\/tr>\n<tr>\n<td width=\"284\">Prof. Dr. Adem BA\u015eIB\u00dcY\u00dcK<\/td>\n<td width=\"314\">Rekt\u00f6r Yard\u0131mc\u0131s\u0131<\/td>\n<td width=\"80\">Ba\u015fkan<\/td>\n<\/tr>\n<tr>\n<td width=\"284\">Do\u00e7. Dr. Ersin T\u00dcRE<\/td>\n<td width=\"314\">E\u011fitim Fak\u00fcltesi<\/td>\n<td width=\"80\">\u00dcye<\/td>\n<\/tr>\n<tr>\n<td width=\"284\">Do\u00e7. Dr. G\u00fcls\u00fcn AYRAN<\/td>\n<td width=\"314\">Sa\u011fl\u0131k Bilimleri Fak\u00fcltesi<\/td>\n<td width=\"80\">\u00dcye<\/td>\n<\/tr>\n<tr>\n<td width=\"284\">Dr. \u00d6\u011fr. \u00dcyesi \u00c7a\u011fda\u015f ERBA\u015e<\/td>\n<td width=\"314\">Fen Bilimleri Enstit\u00fcs\u00fc<\/td>\n<td width=\"80\">\u00dcye<\/td>\n<\/tr>\n<tr>\n<td width=\"284\">Dr. \u00d6\u011fr. \u00dcyesi M. K\u00fcr\u015fat \u00d6KS\u00dcZ<\/td>\n<td width=\"314\">M\u00fchendislik-Mimarl\u0131k Fak\u00fcltesi<\/td>\n<td width=\"80\">\u00dcye<\/td>\n<\/tr>\n<tr>\n<td width=\"284\">Dr. \u00d6\u011fr. \u00dcyesi Mustafa K\u00d6RO\u011eLU<\/td>\n<td width=\"314\">\u00d6l\u00e7me ve De\u011ferlendirme Uyg. ve Ara\u015f. Mer.<\/td>\n<td width=\"80\">\u00dcye<\/td>\n<\/tr>\n<tr>\n<td width=\"284\">Dr. \u00d6\u011fr. \u00dcyesi Halil Han AKTA\u015e<\/td>\n<td width=\"314\">E\u011fitim Fak\u00fcltesi<\/td>\n<td width=\"80\">\u00dcye<\/td>\n<\/tr>\n<tr>\n<td width=\"284\">\u00d6\u011fr. G\u00f6r. Nursel KUYRUKLUYILDIZ<\/td>\n<td width=\"314\">Sa\u011fl\u0131k Hizmetleri MYO<\/td>\n<td width=\"80\">\u00dcye<\/td>\n<\/tr>\n<tr>\n<td width=\"284\">Murat G\u00dcLC\u00dc<\/td>\n<td width=\"314\">\u00d6\u011frenci \u0130\u015fleri Daire Ba\u015fkanl\u0131\u011f\u0131<\/td>\n<td width=\"80\">\u00dcye<\/td>\n<\/tr>\n<tr>\n<td width=\"284\">Eren YAL\u00c7IN<\/td>\n<td width=\"314\">\u00d6\u011frenci Temsilcisi<\/td>\n<td width=\"80\">\u00dcye<\/td>\n<\/tr>\n<\/tbody>\n<\/table>\n","protected":false},"excerpt":{"rendered":"<p>&nbsp; \u00dcnvan Ad Soyad Birimi G\u00f6revi Prof. Dr. Adem BA\u015eIB\u00dcY\u00dcK Rekt\u00f6r Yard\u0131mc\u0131s\u0131 Ba\u015fkan Do\u00e7. Dr. Ersin T\u00dcRE E\u011fitim Fak\u00fcltesi \u00dcye Do\u00e7. Dr. G\u00fcls\u00fcn AYRAN Sa\u011fl\u0131k Bilimleri Fak\u00fcltesi \u00dcye Dr. \u00d6\u011fr. \u00dcyesi \u00c7a\u011fda\u015f ERBA\u015e Fen Bilimleri Enstit\u00fcs\u00fc \u00dcye Dr. \u00d6\u011fr. \u00dcyesi M. K\u00fcr\u015fat \u00d6KS\u00dcZ M\u00fchendislik-Mimarl\u0131k Fak\u00fcltesi \u00dcye Dr. \u00d6\u011fr. \u00dcyesi Mustafa K\u00d6RO\u011eLU \u00d6l\u00e7me ve De\u011ferlendirme Uyg.&hellip; <a class=\"more-link\" href=\"https:\/\/kalite.ebyu.edu.tr\/?page_id=1129\">Okumaya devam et <span class=\"screen-reader-text\">E\u011fitim ve \u00d6\u011fretim Komisyonu<\/span><\/a><\/p>\n","protected":false},"author":13,"featured_media":0,"parent":0,"menu_order":0,"comment_status":"closed","ping_status":"closed","template":"","meta":{"footnotes":""},"class_list":["post-1129","page","type-page","status-publish","hentry","entry"],"_links":{"self":[{"href":"https:\/\/kalite.ebyu.edu.tr\/index.php?rest_route=\/wp\/v2\/pages\/1129","targetHints":{"allow":["GET"]}}],"collection":[{"href":"https:\/\/kalite.ebyu.edu.tr\/index.php?rest_route=\/wp\/v2\/pages"}],"about":[{"href":"https:\/\/kalite.ebyu.edu.tr\/index.php?rest_route=\/wp\/v2\/types\/page"}],"author":[{"embeddable":true,"href":"https:\/\/kalite.ebyu.edu.tr\/index.php?rest_route=\/wp\/v2\/users\/13"}],"replies":[{"embeddable":true,"href":"https:\/\/kalite.ebyu.edu.tr\/index.php?rest_route=%2Fwp%2Fv2%2Fcomments&post=1129"}],"version-history":[{"count":9,"href":"https:\/\/kalite.ebyu.edu.tr\/index.php?rest_route=\/wp\/v2\/pages\/1129\/revisions"}],"predecessor-version":[{"id":3863,"href":"https:\/\/kalite.ebyu.edu.tr\/index.php?rest_route=\/wp\/v2\/pages\/1129\/revisions\/3863"}],"wp:attachment":[{"href":"https:\/\/kalite.ebyu.edu.tr\/index.php?rest_route=%2Fwp%2Fv2%2Fmedia&parent=1129"}],"curies":[{"name":"wp","href":"https:\/\/api.w.org\/{rel}","templated":true}]}}