{"id":1125,"date":"2021-04-02T16:26:42","date_gmt":"2021-04-02T13:26:42","guid":{"rendered":"https:\/\/kalite.ebyu.edu.tr\/?page_id=1125"},"modified":"2021-04-09T14:25:15","modified_gmt":"2021-04-09T11:25:15","slug":"kalite-yonetim-sistemi-dongusu","status":"publish","type":"page","link":"https:\/\/kalite.ebyu.edu.tr\/?page_id=1125","title":{"rendered":"Kalite Y\u00f6netim Sistemi D\u00f6ng\u00fcs\u00fc"},"content":{"rendered":"<p><img fetchpriority=\"high\" decoding=\"async\" class=\"aligncenter size-full wp-image-1386\" src=\"https:\/\/kalite.ebyu.edu.tr\/wp-content\/uploads\/2021\/04\/dk.png\" alt=\"\" width=\"1039\" height=\"703\" srcset=\"https:\/\/kalite.ebyu.edu.tr\/wp-content\/uploads\/2021\/04\/dk.png 1039w, https:\/\/kalite.ebyu.edu.tr\/wp-content\/uploads\/2021\/04\/dk-300x203.png 300w, https:\/\/kalite.ebyu.edu.tr\/wp-content\/uploads\/2021\/04\/dk-1024x693.png 1024w, https:\/\/kalite.ebyu.edu.tr\/wp-content\/uploads\/2021\/04\/dk-768x520.png 768w\" sizes=\"(max-width: 1039px) 100vw, 1039px\" \/><\/p>\n","protected":false},"excerpt":{"rendered":"","protected":false},"author":13,"featured_media":0,"parent":0,"menu_order":0,"comment_status":"closed","ping_status":"closed","template":"","meta":{"footnotes":""},"class_list":["post-1125","page","type-page","status-publish","hentry","entry"],"_links":{"self":[{"href":"https:\/\/kalite.ebyu.edu.tr\/index.php?rest_route=\/wp\/v2\/pages\/1125","targetHints":{"allow":["GET"]}}],"collection":[{"href":"https:\/\/kalite.ebyu.edu.tr\/index.php?rest_route=\/wp\/v2\/pages"}],"about":[{"href":"https:\/\/kalite.ebyu.edu.tr\/index.php?rest_route=\/wp\/v2\/types\/page"}],"author":[{"embeddable":true,"href":"https:\/\/kalite.ebyu.edu.tr\/index.php?rest_route=\/wp\/v2\/users\/13"}],"replies":[{"embeddable":true,"href":"https:\/\/kalite.ebyu.edu.tr\/index.php?rest_route=%2Fwp%2Fv2%2Fcomments&post=1125"}],"version-history":[{"count":14,"href":"https:\/\/kalite.ebyu.edu.tr\/index.php?rest_route=\/wp\/v2\/pages\/1125\/revisions"}],"predecessor-version":[{"id":1391,"href":"https:\/\/kalite.ebyu.edu.tr\/index.php?rest_route=\/wp\/v2\/pages\/1125\/revisions\/1391"}],"wp:attachment":[{"href":"https:\/\/kalite.ebyu.edu.tr\/index.php?rest_route=%2Fwp%2Fv2%2Fmedia&parent=1125"}],"curies":[{"name":"wp","href":"https:\/\/api.w.org\/{rel}","templated":true}]}}