{"id":1072,"date":"2021-03-15T15:47:03","date_gmt":"2021-03-15T12:47:03","guid":{"rendered":"https:\/\/kalite.ebyu.edu.tr\/?page_id=1072"},"modified":"2026-02-11T14:20:42","modified_gmt":"2026-02-11T11:20:42","slug":"kalite-komisyonu","status":"publish","type":"page","link":"https:\/\/kalite.ebyu.edu.tr\/?page_id=1072","title":{"rendered":"Kalite Komisyonu"},"content":{"rendered":"<table width=\"690\">\n<tbody>\n<tr>\n<td colspan=\"3\" width=\"690\">\n<p style=\"text-align: center\"><strong>Erzincan Binali Y\u0131ld\u0131r\u0131m \u00dcniversitesi Kalite Komisyonu<\/strong><\/p>\n<\/td>\n<\/tr>\n<tr>\n<td width=\"293\"><strong>Ad Soyad<\/strong><\/td>\n<td width=\"304\"><strong>Birim<\/strong><\/td>\n<td width=\"93\"><strong>G\u00f6rev<\/strong><\/td>\n<\/tr>\n<tr>\n<td width=\"293\">Prof. Dr. Ak\u0131n LEVENT<\/td>\n<td width=\"304\">Rekt\u00f6r<\/td>\n<td width=\"93\">Ba\u015fkan<\/td>\n<\/tr>\n<tr>\n<td width=\"293\">Prof. Dr. A. Ercan EK\u0130NC\u0130<\/td>\n<td width=\"304\">Rekt\u00f6r Yard\u0131mc\u0131s\u0131 (Kalite Koordinat\u00f6r\u00fc)<\/td>\n<td width=\"93\">Ba\u015fkan V.<\/td>\n<\/tr>\n<tr>\n<td width=\"293\">Prof. Dr.\u00a0Adem BA\u015eIB\u00dcY\u00dcK<\/td>\n<td width=\"304\">Rekt\u00f6r Yard\u0131mc\u0131s\u0131<\/td>\n<td width=\"93\">\u00dcye<\/td>\n<\/tr>\n<tr>\n<td width=\"293\">Prof. Dr. \u00c7a\u011fr\u0131 \u00c7IRAK<\/td>\n<td width=\"304\">Rekt\u00f6r Yard\u0131mc\u0131s\u0131<\/td>\n<td width=\"93\">\u00dcye<\/td>\n<\/tr>\n<tr>\n<td width=\"293\">Do\u00e7. Dr. Mehmet Cihat \u00d6ZGENEL<\/td>\n<td width=\"304\">Genel Sekreter<\/td>\n<td width=\"93\">\u00dcye<\/td>\n<\/tr>\n<tr>\n<td width=\"293\">Prof. Dr. Aykut ASTAM<\/td>\n<td width=\"304\">Fen Edebiyat Fak\u00fcltesi<\/td>\n<td width=\"93\">\u00dcye<\/td>\n<\/tr>\n<tr>\n<td width=\"293\">Prof. Dr. Cem \u015eems T\u00dcMER<\/td>\n<td width=\"304\">\u00dcz\u00fcml\u00fc Meslek Y\u00fcksekokulu<\/td>\n<td width=\"93\">\u00dcye<\/td>\n<\/tr>\n<tr>\n<td width=\"293\">Prof. Dr. Esra D\u0130LEK<\/td>\n<td width=\"304\">Sa\u011fl\u0131k Bilimleri Fak\u00fcltesi<\/td>\n<td width=\"93\">\u00dcye<\/td>\n<\/tr>\n<tr>\n<td width=\"293\">Prof. Dr. Harun YILMAZ<\/td>\n<td width=\"304\">A.C.\u00c7. Sivil Havac\u0131l\u0131k Y\u00fcksekokulu<\/td>\n<td width=\"93\">\u00dcye<\/td>\n<\/tr>\n<tr>\n<td width=\"293\">Prof. Dr. Kenan \u0130NAN<\/td>\n<td width=\"304\">Fen-Edebiyat Fak\u00fcltesi<\/td>\n<td width=\"93\">\u00dcye<\/td>\n<\/tr>\n<tr>\n<td width=\"293\">Prof. Dr. K. Volkan \u00d6ZDOKUR<\/td>\n<td width=\"304\">Fen Bilimleri Enstit\u00fcs\u00fc<\/td>\n<td width=\"93\">\u00dcye<\/td>\n<\/tr>\n<tr>\n<td width=\"293\">Prof. Dr. Merg\u00fcl \u00c7OLAK<\/td>\n<td width=\"304\">Spor Bilimleri Fak\u00fcltesi<\/td>\n<td width=\"93\">\u00dcye<\/td>\n<\/tr>\n<tr>\n<td width=\"293\">Prof. Dr. \u00d6ztekin ALG\u00dcL<\/td>\n<td width=\"304\">Eczac\u0131l\u0131k Fak\u00fcltesi<\/td>\n<td width=\"93\">\u00dcye<\/td>\n<\/tr>\n<tr>\n<td width=\"293\">Prof. Dr. Selma TA\u015eKESEN<\/td>\n<td width=\"304\">E\u011fitim Fak\u00fcltesi<\/td>\n<td width=\"93\">\u00dcye<\/td>\n<\/tr>\n<tr>\n<td width=\"293\">Prof. Dr. \u015eevket \u00d6ZDEN<\/td>\n<td width=\"304\">Deprem Teknolojileri Enstit\u00fcs\u00fc<\/td>\n<td width=\"93\">\u00dcye<\/td>\n<\/tr>\n<tr>\n<td width=\"293\">Prof. Dr. Yunus BABACAN<\/td>\n<td width=\"304\">M\u00fchendislik-Mimarl\u0131k Fak\u00fcltesi<\/td>\n<td width=\"93\">\u00dcye<\/td>\n<\/tr>\n<tr>\n<td width=\"293\">Do\u00e7. Dr. Asl\u0131 \u00d6ZBEK B\u0130LG\u0130N<\/td>\n<td width=\"304\">T\u0131p Fak\u00fcltesi<\/td>\n<td width=\"93\">\u00dcye<\/td>\n<\/tr>\n<tr>\n<td width=\"293\">Do\u00e7. Dr. Ercan YA\u015eAR<\/td>\n<td width=\"304\">Hukuk Fak\u00fcltesi<\/td>\n<td width=\"93\">\u00dcye<\/td>\n<\/tr>\n<tr>\n<td width=\"293\">Do\u00e7. Dr. Esra \u00d6ZKAN P\u0130R<\/td>\n<td width=\"304\">\u0130ktisadi ve \u0130dari Bilimler Fak\u00fcltesi<\/td>\n<td width=\"93\">\u00dcye<\/td>\n<\/tr>\n<tr>\n<td width=\"293\">Do\u00e7. Dr. Fatih Yavuz ILGIN<\/td>\n<td width=\"304\">Meslek Y\u00fcksekokulu<\/td>\n<td width=\"93\">\u00dcye<\/td>\n<\/tr>\n<tr>\n<td width=\"293\">Do\u00e7. Dr. Halil \u0130brahim \u00d6ZT\u00dcRK<\/td>\n<td width=\"304\">\u0130li\u00e7 Dursun Y\u0131ld\u0131r\u0131m Meslek Y\u00fcksekokulu<\/td>\n<td width=\"93\">\u00dcye<\/td>\n<\/tr>\n<tr>\n<td width=\"293\">Do\u00e7. Dr. Mustafa K\u00d6RO\u011eLU<\/td>\n<td width=\"304\">\u00d6l\u00e7me ve De\u011ferlendirme Uyg. ve Ara\u015f. Mer.<\/td>\n<td width=\"93\">\u00dcye<\/td>\n<\/tr>\n<tr>\n<td width=\"293\">Dr. \u00d6\u011fr. \u00dcyesi Agah Oktay ERTAY<\/td>\n<td width=\"304\">Bilgi \u0130\u015flem Daire Ba\u015fkanl\u0131\u011f\u0131<\/td>\n<td width=\"93\">\u00dcye<\/td>\n<\/tr>\n<tr>\n<td width=\"293\">Dr. \u00d6\u011fr. \u00dcyesi Emrah \u00d6ZBAY<\/td>\n<td width=\"304\">Uluslararas\u0131 \u0130li\u015fkiler Koordinat\u00f6rl\u00fc\u011f\u00fc<\/td>\n<td width=\"93\">\u00dcye<\/td>\n<\/tr>\n<tr>\n<td width=\"293\">Dr. \u00d6\u011fr. \u00dcyesi Emre YAVUZ<\/td>\n<td width=\"304\">Teknoloji Transfer Ofisi Uyg. ve Ara\u015f. Mer.<\/td>\n<td width=\"93\">\u00dcye<\/td>\n<\/tr>\n<tr>\n<td width=\"293\">Dr. \u00d6\u011fr. \u00dcyesi M. K\u00fcr\u015fat \u00d6KS\u00dcZ<\/td>\n<td width=\"304\">Kalite Koordinat\u00f6rl\u00fc\u011f\u00fc<\/td>\n<td width=\"93\">\u00dcye<\/td>\n<\/tr>\n<tr>\n<td width=\"293\">Dr. \u00d6\u011fr. \u00dcyesi Merve BAYRAK\u00c7EKEN<\/td>\n<td width=\"304\">Di\u015f Hekimli\u011fi Fak\u00fcltesi<\/td>\n<td width=\"93\">\u00dcye<\/td>\n<\/tr>\n<tr>\n<td width=\"293\">Dr. \u00d6\u011fr. \u00dcyesi Nihat FIRAT<\/td>\n<td width=\"304\">\u0130lahiyat Fak\u00fcltesi<\/td>\n<td width=\"93\">\u00dcye<\/td>\n<\/tr>\n<tr>\n<td width=\"293\">Dr. \u00d6\u011fr. \u00dcyesi O\u011fuzhan \u00c7EL\u0130K<\/td>\n<td width=\"304\">Kariyer Geli\u015ftirme Uyg. ve Ara\u015f. Merkezi<\/td>\n<td width=\"93\">\u00dcye<\/td>\n<\/tr>\n<tr>\n<td width=\"293\">\u00d6\u011fr. G\u00f6r. Nursel KUYRUKLUYILDIZ<\/td>\n<td width=\"304\">Sa\u011fl\u0131k Hizmetleri Meslek Y\u00fcksekokulu<\/td>\n<td width=\"93\">\u00dcye<\/td>\n<\/tr>\n<tr>\n<td width=\"293\">Murat G\u00dcLC\u00dc<\/td>\n<td width=\"304\">\u00d6\u011frenci \u0130\u015fleri Daire Ba\u015fkanl\u0131\u011f\u0131<\/td>\n<td width=\"93\">\u00dcye<\/td>\n<\/tr>\n<tr>\n<td width=\"293\">Nam\u0131k Kemal DEVEC\u0130<\/td>\n<td width=\"304\">Strateji Geli\u015ftirme Daire Ba\u015fkanl\u0131\u011f\u0131<\/td>\n<td width=\"93\">\u00dcye<\/td>\n<\/tr>\n<tr>\n<td width=\"293\">Ne\u015fe TA\u015eKOLU<\/td>\n<td width=\"304\">Personel Daire Ba\u015fkanl\u0131\u011f\u0131<\/td>\n<td width=\"93\">\u00dcye<\/td>\n<\/tr>\n<tr>\n<td width=\"293\">Sel\u00e7uk TEKTA\u015e<\/td>\n<td width=\"304\">Sa\u011fl\u0131k K\u00fclt\u00fcr ve Spor Daire Ba\u015fkanl\u0131\u011f\u0131<\/td>\n<td width=\"93\">\u00dcye<\/td>\n<\/tr>\n<tr>\n<td width=\"293\">Canan ASLAN<\/td>\n<td width=\"304\">\u00d6\u011frenci Temsilcisi<\/td>\n<td width=\"93\">\u00dcye<\/td>\n<\/tr>\n<\/tbody>\n<\/table>\n<p>&nbsp;<\/p>\n","protected":false},"excerpt":{"rendered":"<p>Erzincan Binali Y\u0131ld\u0131r\u0131m \u00dcniversitesi Kalite Komisyonu Ad Soyad Birim G\u00f6rev Prof. Dr. Ak\u0131n LEVENT Rekt\u00f6r Ba\u015fkan Prof. Dr. A. Ercan EK\u0130NC\u0130 Rekt\u00f6r Yard\u0131mc\u0131s\u0131 (Kalite Koordinat\u00f6r\u00fc) Ba\u015fkan V. Prof. Dr.\u00a0Adem BA\u015eIB\u00dcY\u00dcK Rekt\u00f6r Yard\u0131mc\u0131s\u0131 \u00dcye Prof. Dr. \u00c7a\u011fr\u0131 \u00c7IRAK Rekt\u00f6r Yard\u0131mc\u0131s\u0131 \u00dcye Do\u00e7. Dr. Mehmet Cihat \u00d6ZGENEL Genel Sekreter \u00dcye Prof. Dr. Aykut ASTAM Fen Edebiyat Fak\u00fcltesi&hellip; <a class=\"more-link\" href=\"https:\/\/kalite.ebyu.edu.tr\/?page_id=1072\">Okumaya devam et <span class=\"screen-reader-text\">Kalite Komisyonu<\/span><\/a><\/p>\n","protected":false},"author":13,"featured_media":0,"parent":0,"menu_order":0,"comment_status":"closed","ping_status":"closed","template":"","meta":{"footnotes":""},"class_list":["post-1072","page","type-page","status-publish","hentry","entry"],"_links":{"self":[{"href":"https:\/\/kalite.ebyu.edu.tr\/index.php?rest_route=\/wp\/v2\/pages\/1072","targetHints":{"allow":["GET"]}}],"collection":[{"href":"https:\/\/kalite.ebyu.edu.tr\/index.php?rest_route=\/wp\/v2\/pages"}],"about":[{"href":"https:\/\/kalite.ebyu.edu.tr\/index.php?rest_route=\/wp\/v2\/types\/page"}],"author":[{"embeddable":true,"href":"https:\/\/kalite.ebyu.edu.tr\/index.php?rest_route=\/wp\/v2\/users\/13"}],"replies":[{"embeddable":true,"href":"https:\/\/kalite.ebyu.edu.tr\/index.php?rest_route=%2Fwp%2Fv2%2Fcomments&post=1072"}],"version-history":[{"count":30,"href":"https:\/\/kalite.ebyu.edu.tr\/index.php?rest_route=\/wp\/v2\/pages\/1072\/revisions"}],"predecessor-version":[{"id":4219,"href":"https:\/\/kalite.ebyu.edu.tr\/index.php?rest_route=\/wp\/v2\/pages\/1072\/revisions\/4219"}],"wp:attachment":[{"href":"https:\/\/kalite.ebyu.edu.tr\/index.php?rest_route=%2Fwp%2Fv2%2Fmedia&parent=1072"}],"curies":[{"name":"wp","href":"https:\/\/api.w.org\/{rel}","templated":true}]}}